{"id":6388,"date":"2025-09-16T10:37:07","date_gmt":"2025-09-16T02:37:07","guid":{"rendered":"https:\/\/theperfumebottles.com\/?post_type=product&#038;p=6388"},"modified":"2025-09-17T11:39:39","modified_gmt":"2025-09-17T03:39:39","slug":"bulk-white-skincare-bottle-and-cream-jars-with-diagonal-texture","status":"publish","type":"product","link":"https:\/\/theperfumebottles.com\/da\/vare\/bulk-white-skincare-bottle-and-cream-jars-with-diagonal-texture\/","title":{"rendered":"Hudplejeflasker og cremeglas i store m\u00e6ngder med diagonal tekstur"},"content":{"rendered":"<p>Forestil dig: En skinnende hvid hudplejeflaske med blide diagonale kanter. Kapslen er lige s\u00e5 enkel og sofistikeret: en tynd guldring pryder halsen, og en metallisk accent pryder toppen. Dette hudplejes\u00e6t indeholder pumpeflasker i forskellige st\u00f8rrelser og en krukke med ansigtscreme.<\/p>\n<h2>N\u00f8glespecifikationer<\/h2>\n<table style=\"border-collapse: collapse;margin-left: auto;margin-right: auto;width: 546.77pt\" border=\"0\" width=\"729\" cellspacing=\"0\" cellpadding=\"0\">\n<tbody>\n<tr style=\"height: 13.50pt\">\n<td class=\"et2\" style=\"height: 13.50pt;width: 117.75pt\" width=\"157\" height=\"18\">Kapacitet (ml)<\/td>\n<td class=\"et3\" style=\"width: 119.25pt\" width=\"159\">105<\/td>\n<td class=\"et3\" style=\"width: 119.25pt\" width=\"159\">40<\/td>\n<td class=\"et3\" style=\"width: 96.75pt\" width=\"129\">105<\/td>\n<td class=\"et3\" style=\"width: 93.75pt\" width=\"125\">125<\/td>\n<\/tr>\n<tr style=\"height: 13.50pt\">\n<td class=\"et2\" style=\"height: 13.50pt\" height=\"18\">Halsdiameter (mm)<\/td>\n<td class=\"et3\">51<\/td>\n<td class=\"et3\">20<\/td>\n<td class=\"et3\">20<\/td>\n<td class=\"et3\">20<\/td>\n<\/tr>\n<tr style=\"height: 13.50pt\">\n<td class=\"et2\" style=\"height: 13.50pt\" height=\"18\">Diameter (mm)<\/td>\n<td class=\"et3\">75<\/td>\n<td class=\"et3\">40<\/td>\n<td class=\"et3\">45<\/td>\n<td class=\"et3\">46<\/td>\n<\/tr>\n<tr style=\"height: 13.50pt\">\n<td class=\"et2\" style=\"height: 13.50pt\" height=\"18\">Flaskeh\u00f8jde (mm)<\/td>\n<td class=\"et3\">56<\/td>\n<td class=\"et3\">84<\/td>\n<td class=\"et3\">125<\/td>\n<td class=\"et3\">142<\/td>\n<\/tr>\n<tr style=\"height: 13.50pt\">\n<td class=\"et2\" style=\"height: 13.50pt\" height=\"18\">Materiale<\/td>\n<td class=\"et3\" colspan=\"4\">Krystal<\/td>\n<\/tr>\n<tr style=\"height: 13.50pt\">\n<td class=\"et2\" style=\"height: 13.50pt\" height=\"18\">brugerdefinerede indstillinger<\/td>\n<td class=\"et3\" colspan=\"4\">St\u00f8rrelse, farve, flaskeform, overfladebehandling, flaskeh\u00e6tte, tilbeh\u00f8r, logo<\/td>\n<\/tr>\n<tr style=\"height: 13.50pt\">\n<td class=\"et2\" style=\"height: 13.50pt\" height=\"18\">Ideel til<\/td>\n<td class=\"et3\" colspan=\"4\">Rensecreme, fugtighedscreme, essens, creme, hudplejes\u00e6t<\/td>\n<\/tr>\n<\/tbody>\n<\/table>\n<h2>Hvordan brands kan vinde hyldeplads uden et massivt reklamebudget<\/h2>\n<p>En ny \u00f8kologisk produktlinje tilbyder kun tre produkter: et serum, en dagcreme og en fugtighedslotion. De bruger disse hudplejeflasker til at opbevare serum og matchende sk\u00f8nhedscremeglas. Ingen prangende logoer, bare en ren hvid beholder med teksturerede sider og gulddetaljer. Detailk\u00f8bere var begejstrede. En k\u00f8ber kommenterede: &#034;Det ser dyrt ud, men det er slet ikke prangende.&#034; Inden for fire m\u00e5neder var linjen p\u00e5 lager i to store butiksk\u00e6der. \u00c5rsagen? Fordi kosmetikemballage af h\u00f8j kvalitet holder \u2013 det bliver en del af brugeroplevelsen.<\/p>\n<h2>Hvordan tilpasser man kosmetikemballage?<\/h2>\n<p>Vil du g\u00f8re denne beholder helt din egen? S\u00e5dan g\u00f8r du \u2013 uden at r\u00f8re ved emballagen:<\/p>\n<ul>\n<li>Juster vinklen p\u00e5 den diagonale struktur \u2013 stejlere linjer skaber en mere dynamisk fornemmelse. Bl\u00f8dere linjer skaber en mere afbalanceret fornemmelse.<\/li>\n<li>Tilf\u00f8j en intern UV-beskyttende bel\u00e6gning \u2013 giv ekstra beskyttelse mod ustabile aktive ingredienser i lotion eller serum.<\/li>\n<li>Tilpas logo og brandingelementer: Integrer sloganet i dit brandnavn, logo og flaskedesign.<\/li>\n<\/ul>\n<p>Disse tilpasningsmuligheder giver dig mulighed for at optimere ydeevnen og oplevelsen indefra.<\/p>","protected":false},"excerpt":{"rendered":"<p>Elegant hvid hudplejeflaske og sk\u00f8nhedscremekrukker med diagonal tekstur og gulddetaljer, perfekt til luksusemballage og engrosordrer.<\/p>","protected":false},"featured_media":6393,"comment_status":"closed","ping_status":"closed","template":"","meta":{"_acf_changed":false,"site-sidebar-layout":"default","site-content-layout":"","ast-site-content-layout":"default","site-content-style":"default","site-sidebar-style":"default","ast-global-header-display":"","ast-banner-title-visibility":"","ast-main-header-display":"","ast-hfb-above-header-display":"","ast-hfb-below-header-display":"","ast-hfb-mobile-header-display":"","site-post-title":"","ast-breadcrumbs-content":"","ast-featured-img":"","footer-sml-layout":"","ast-disable-related-posts":"","theme-transparent-header-meta":"default","adv-header-id-meta":"","stick-header-meta":"","header-above-stick-meta":"","header-main-stick-meta":"","header-below-stick-meta":"","astra-migrate-meta-layouts":"set","ast-page-background-enabled":"default","ast-page-background-meta":{"desktop":{"background-color":"var(--ast-global-color-5)","background-image":"","background-repeat":"repeat","background-position":"center center","background-size":"auto","background-attachment":"scroll","background-type":"","background-media":"","overlay-type":"","overlay-color":"","overlay-opacity":"","overlay-gradient":""},"tablet":{"background-color":"","background-image":"","background-repeat":"repeat","background-position":"center center","background-size":"auto","background-attachment":"scroll","background-type":"","background-media":"","overlay-type":"","overlay-color":"","overlay-opacity":"","overlay-gradient":""},"mobile":{"background-color":"","background-image":"","background-repeat":"repeat","background-position":"center center","background-size":"auto","background-attachment":"scroll","background-type":"","background-media":"","overlay-type":"","overlay-color":"","overlay-opacity":"","overlay-gradient":""}},"ast-content-background-meta":{"desktop":{"background-color":"var(--ast-global-color-4)","background-image":"","background-repeat":"repeat","background-position":"center center","background-size":"auto","background-attachment":"scroll","background-type":"","background-media":"","overlay-type":"","overlay-color":"","overlay-opacity":"","overlay-gradient":""},"tablet":{"background-color":"var(--ast-global-color-4)","background-image":"","background-repeat":"repeat","background-position":"center center","background-size":"auto","background-attachment":"scroll","background-type":"","background-media":"","overlay-type":"","overlay-color":"","overlay-opacity":"","overlay-gradient":""},"mobile":{"background-color":"var(--ast-global-color-4)","background-image":"","background-repeat":"repeat","background-position":"center center","background-size":"auto","background-attachment":"scroll","background-type":"","background-media":"","overlay-type":"","overlay-color":"","overlay-opacity":"","overlay-gradient":""}}},"product_brand":[],"product_cat":[72,236,62],"product_tag":[226,220],"class_list":{"0":"post-6388","1":"product","2":"type-product","3":"status-publish","4":"has-post-thumbnail","6":"product_cat-cosmetic-packaging","7":"product_cat-cosmetic-container-set","8":"product_cat-cosmetic-containers","9":"product_tag-clear-glass-roller-bottles","10":"product_tag-glass-roll-on-bottles","11":"desktop-align-left","12":"tablet-align-left","13":"mobile-align-left","15":"first","16":"instock","17":"shipping-taxable","18":"product-type-simple"},"acf":[],"jetpack_sharing_enabled":true,"_links":{"self":[{"href":"https:\/\/theperfumebottles.com\/da\/wp-json\/wp\/v2\/product\/6388","targetHints":{"allow":["GET"]}}],"collection":[{"href":"https:\/\/theperfumebottles.com\/da\/wp-json\/wp\/v2\/product"}],"about":[{"href":"https:\/\/theperfumebottles.com\/da\/wp-json\/wp\/v2\/types\/product"}],"replies":[{"embeddable":true,"href":"https:\/\/theperfumebottles.com\/da\/wp-json\/wp\/v2\/comments?post=6388"}],"wp:featuredmedia":[{"embeddable":true,"href":"https:\/\/theperfumebottles.com\/da\/wp-json\/wp\/v2\/media\/6393"}],"wp:attachment":[{"href":"https:\/\/theperfumebottles.com\/da\/wp-json\/wp\/v2\/media?parent=6388"}],"wp:term":[{"taxonomy":"product_brand","embeddable":true,"href":"https:\/\/theperfumebottles.com\/da\/wp-json\/wp\/v2\/product_brand?post=6388"},{"taxonomy":"product_cat","embeddable":true,"href":"https:\/\/theperfumebottles.com\/da\/wp-json\/wp\/v2\/product_cat?post=6388"},{"taxonomy":"product_tag","embeddable":true,"href":"https:\/\/theperfumebottles.com\/da\/wp-json\/wp\/v2\/product_tag?post=6388"}],"curies":[{"name":"wp","href":"https:\/\/api.w.org\/{rel}","templated":true}]}}