{"id":6446,"date":"2025-09-17T13:05:03","date_gmt":"2025-09-17T05:05:03","guid":{"rendered":"https:\/\/theperfumebottles.com\/?post_type=product&#038;p=6446"},"modified":"2025-09-17T17:14:51","modified_gmt":"2025-09-17T09:14:51","slug":"glass-cosmetic-containers-wholesale-skincare-packaging-set","status":"publish","type":"product","link":"https:\/\/theperfumebottles.com\/da\/vare\/glass-cosmetic-containers-wholesale-skincare-packaging-set\/","title":{"rendered":"Glas Kosmetikbeholdere Engros \u2013 Luksuri\u00f8st Gult Hudplejeemballages\u00e6t"},"content":{"rendered":"<p>Har du brug for kosmetikbeholdere i glas engros, der f\u00e5r dine hudplejeflasker til at skille sig ud? Vi fremstiller en pr\u00e6cis kollektion af glasflasker i gul med guldl\u00e5g \u2013 perfekte til lotion, creme, essens og hudplejes\u00e6t. Disse beholdere har UV-beskyttelse for at holde dine kosmetikformler friske. Storbestillinger f\u00e5r brugerdefinerede muligheder til dit brand.<\/p>\n<h2><strong data-spm-anchor-id=\"5176.28103460.0.i11.29ab2e31UBOO60\">N\u00f8glespecifikationer<\/strong><\/h2>\n<p>&nbsp;<\/p>\n<table style=\"border-collapse: collapse;width: 80%;margin-left: auto;margin-right: auto\" border=\"0\" width=\"939\" cellspacing=\"0\" cellpadding=\"0\">\n<tbody>\n<tr style=\"height: 27.00pt\">\n<td style=\"height: 27.00pt;width: 56.25pt\" width=\"75\" height=\"36\">Kapacitet (ml)<\/td>\n<td style=\"width: 96.00pt\" width=\"128\">Form<\/td>\n<td style=\"width: 96.00pt\" width=\"128\">Munddiameter (mm)<\/td>\n<td style=\"width: 102.75pt\" width=\"137\">Flaskediameter (mm)<\/td>\n<td style=\"width: 89.25pt\" width=\"119\">Flaskeh\u00f8jde (mm)<\/td>\n<td style=\"width: 156.00pt\" width=\"208\">H\u00f8jde med h\u00e6tte (mm)<\/td>\n<td class=\"et2\" style=\"width: 54.00pt\" width=\"72\">Brugerdefinerede indstillinger<\/td>\n<td class=\"et2\" style=\"width: 54.00pt\" width=\"72\">Ideel til<\/td>\n<\/tr>\n<tr style=\"height: 13.50pt\">\n<td style=\"height: 13.50pt\" height=\"18\">155<\/td>\n<td class=\"et3\" rowspan=\"3\">Lige sider<\/td>\n<td>20<\/td>\n<td>54<\/td>\n<td>142<\/td>\n<td>180<\/td>\n<td class=\"et3\" rowspan=\"4\">Flaskeform, farve, overfladebehandling, logo<\/td>\n<td class=\"et3\" rowspan=\"4\">Rensemiddel, essens, lotion, creme<\/td>\n<\/tr>\n<tr style=\"height: 13.50pt\">\n<td style=\"height: 13.50pt\" height=\"18\">115<\/td>\n<td>20<\/td>\n<td>54<\/td>\n<td>124<\/td>\n<td>157<\/td>\n<\/tr>\n<tr style=\"height: 13.50pt\">\n<td style=\"height: 13.50pt\" height=\"18\">50<\/td>\n<td>17<\/td>\n<td>46<\/td>\n<td>88<\/td>\n<td>120<\/td>\n<\/tr>\n<tr style=\"height: 13.50pt\">\n<td style=\"height: 13.50pt\" height=\"18\">36<\/td>\n<td class=\"et3\" rowspan=\"1\">Rund<\/td>\n<td>55<\/td>\n<td>83<\/td>\n<td>41<\/td>\n<td>50<\/td>\n<\/tr>\n<\/tbody>\n<\/table>\n<h2>Succeshistorie: Hvordan hudplejem\u00e6rket \u00f8ger salget med kosmetikbeholdere i glas<\/h2>\n<p>Et hudplejem\u00e6rke, der er blevet til st\u00f8rstedelen af \u200b\u200bvores glasbeholdere til kosmetik. De brugte 36 ml og 50 ml til serum og essens. Resultat? 200 % flere onlinebestillinger p\u00e5 3 m\u00e5neder. Du kan v\u00e6re foran.<\/p>\n<h2>Din tilpasningsh\u00e5ndbog<\/h2>\n<ol>\n<li><strong>Farvematchning:<\/strong> Tilf\u00f8j dit m\u00e6rkes farve til glasflasker \u2013 Gul er standard, men vi tilbyder brugerdefinerede muligheder.<\/li>\n<li><strong>Kasketstil:<\/strong> V\u00e6lg guld eller mat for en premium finish. Ingen ekstra omkostninger ved store ordrer.<\/li>\n<li><strong>M\u00e6rkning:<\/strong> Tilf\u00f8j dit logo til beholderen for \u00f8jeblikkelig brandgenkendelse.<\/li>\n<\/ol>","protected":false},"excerpt":{"rendered":"<p>Engros kosmetikbeholdere i glas, engros og hudplejeflasker til lotion, creme og serum. Specialfremstillede muligheder med UV-beskyttelse og bulkpriser for premium emballage.<\/p>","protected":false},"featured_media":6447,"comment_status":"closed","ping_status":"closed","template":"","meta":{"_acf_changed":false,"site-sidebar-layout":"default","site-content-layout":"","ast-site-content-layout":"default","site-content-style":"default","site-sidebar-style":"default","ast-global-header-display":"","ast-banner-title-visibility":"","ast-main-header-display":"","ast-hfb-above-header-display":"","ast-hfb-below-header-display":"","ast-hfb-mobile-header-display":"","site-post-title":"","ast-breadcrumbs-content":"","ast-featured-img":"","footer-sml-layout":"","ast-disable-related-posts":"","theme-transparent-header-meta":"default","adv-header-id-meta":"","stick-header-meta":"","header-above-stick-meta":"","header-main-stick-meta":"","header-below-stick-meta":"","astra-migrate-meta-layouts":"set","ast-page-background-enabled":"default","ast-page-background-meta":{"desktop":{"background-color":"var(--ast-global-color-5)","background-image":"","background-repeat":"repeat","background-position":"center center","background-size":"auto","background-attachment":"scroll","background-type":"","background-media":"","overlay-type":"","overlay-color":"","overlay-opacity":"","overlay-gradient":""},"tablet":{"background-color":"","background-image":"","background-repeat":"repeat","background-position":"center center","background-size":"auto","background-attachment":"scroll","background-type":"","background-media":"","overlay-type":"","overlay-color":"","overlay-opacity":"","overlay-gradient":""},"mobile":{"background-color":"","background-image":"","background-repeat":"repeat","background-position":"center center","background-size":"auto","background-attachment":"scroll","background-type":"","background-media":"","overlay-type":"","overlay-color":"","overlay-opacity":"","overlay-gradient":""}},"ast-content-background-meta":{"desktop":{"background-color":"var(--ast-global-color-4)","background-image":"","background-repeat":"repeat","background-position":"center center","background-size":"auto","background-attachment":"scroll","background-type":"","background-media":"","overlay-type":"","overlay-color":"","overlay-opacity":"","overlay-gradient":""},"tablet":{"background-color":"var(--ast-global-color-4)","background-image":"","background-repeat":"repeat","background-position":"center center","background-size":"auto","background-attachment":"scroll","background-type":"","background-media":"","overlay-type":"","overlay-color":"","overlay-opacity":"","overlay-gradient":""},"mobile":{"background-color":"var(--ast-global-color-4)","background-image":"","background-repeat":"repeat","background-position":"center center","background-size":"auto","background-attachment":"scroll","background-type":"","background-media":"","overlay-type":"","overlay-color":"","overlay-opacity":"","overlay-gradient":""}}},"product_brand":[],"product_cat":[72,236,62],"product_tag":[],"class_list":{"0":"post-6446","1":"product","2":"type-product","3":"status-publish","4":"has-post-thumbnail","6":"product_cat-cosmetic-packaging","7":"product_cat-cosmetic-container-set","8":"product_cat-cosmetic-containers","9":"desktop-align-left","10":"tablet-align-left","11":"mobile-align-left","13":"first","14":"instock","15":"shipping-taxable","16":"product-type-simple"},"acf":[],"jetpack_sharing_enabled":true,"_links":{"self":[{"href":"https:\/\/theperfumebottles.com\/da\/wp-json\/wp\/v2\/product\/6446","targetHints":{"allow":["GET"]}}],"collection":[{"href":"https:\/\/theperfumebottles.com\/da\/wp-json\/wp\/v2\/product"}],"about":[{"href":"https:\/\/theperfumebottles.com\/da\/wp-json\/wp\/v2\/types\/product"}],"replies":[{"embeddable":true,"href":"https:\/\/theperfumebottles.com\/da\/wp-json\/wp\/v2\/comments?post=6446"}],"wp:featuredmedia":[{"embeddable":true,"href":"https:\/\/theperfumebottles.com\/da\/wp-json\/wp\/v2\/media\/6447"}],"wp:attachment":[{"href":"https:\/\/theperfumebottles.com\/da\/wp-json\/wp\/v2\/media?parent=6446"}],"wp:term":[{"taxonomy":"product_brand","embeddable":true,"href":"https:\/\/theperfumebottles.com\/da\/wp-json\/wp\/v2\/product_brand?post=6446"},{"taxonomy":"product_cat","embeddable":true,"href":"https:\/\/theperfumebottles.com\/da\/wp-json\/wp\/v2\/product_cat?post=6446"},{"taxonomy":"product_tag","embeddable":true,"href":"https:\/\/theperfumebottles.com\/da\/wp-json\/wp\/v2\/product_tag?post=6446"}],"curies":[{"name":"wp","href":"https:\/\/api.w.org\/{rel}","templated":true}]}}