{"id":6455,"date":"2025-09-18T16:44:11","date_gmt":"2025-09-18T08:44:11","guid":{"rendered":"https:\/\/theperfumebottles.com\/?post_type=product&#038;p=6455"},"modified":"2026-03-26T14:53:28","modified_gmt":"2026-03-26T06:53:28","slug":"glass-skincare-packaging-set-for-brands-bulk","status":"publish","type":"product","link":"https:\/\/theperfumebottles.com\/da\/vare\/glass-skincare-packaging-set-for-brands-bulk\/","title":{"rendered":"30-125ml glas hudplejeemballages\u00e6t til m\u00e6rkevarebulk"},"content":{"rendered":"<p>\u00d8nsker du glasbeholdere til hudplejeprodukter, der udstr\u00e5ler luksus uden at spr\u00e6nge budgettet? Vi fremstiller en pr\u00e6cis kollektion af glasflasker i sort graduering med elegante l\u00e5g \u2013 perfekte til emballage til lotion, creme, serum og \u00e6teriske olier. Disse beholdere holder dine kosmetiske formler friske med UV-beskyttelse. Storbestillinger f\u00e5r brugerdefinerede muligheder, der matcher dit brands vibe.<\/p>\n<h2><strong data-spm-anchor-id=\"5176.28103460.0.i18.29ab2e31QyfPr1\">N\u00f8glespecifikationer<\/strong><\/h2>\n<table style=\"border-collapse: collapse; width: 80%; margin-left: auto; margin-right: auto;\" border=\"0\" width=\"648\" cellspacing=\"0\" cellpadding=\"0\">\n<tbody>\n<tr style=\"height: 13.50pt;\">\n<td style=\"height: 13.5pt; text-align: center;\" width=\"72\" height=\"18\">Kapacitet (ml)<\/td>\n<td style=\"width: 54pt; text-align: center;\" width=\"72\">Form<\/td>\n<td style=\"width: 54pt; text-align: center;\" width=\"72\">Munddiameter (mm)<\/td>\n<td style=\"width: 54pt; text-align: center;\" width=\"72\">Flaskediameter (mm)<\/td>\n<td style=\"width: 54pt; text-align: center;\" width=\"72\">Flaskeh\u00f8jde (mm)<\/td>\n<td style=\"width: 54pt; text-align: center;\" width=\"72\">Totalh\u00f8jde med h\u00e6tte (mm)<\/td>\n<td style=\"width: 54pt; text-align: center;\" width=\"72\">Farve<\/td>\n<td style=\"width: 54pt; text-align: center;\" width=\"72\">Brugerdefinerede indstillinger<\/td>\n<td style=\"width: 54pt; text-align: center;\" width=\"72\">Brug<\/td>\n<\/tr>\n<tr style=\"height: 13.50pt;\">\n<td style=\"height: 13.5pt; text-align: center;\" height=\"18\">125<\/td>\n<td class=\"et2\" style=\"text-align: center;\" rowspan=\"4\">Lige sider<\/td>\n<td style=\"text-align: center;\">20<\/td>\n<td style=\"text-align: center;\">41&#215;41<\/td>\n<td style=\"text-align: center;\">130<\/td>\n<td style=\"text-align: center;\">180<\/td>\n<td class=\"et2\" style=\"text-align: center;\" rowspan=\"6\">Sort gradient<\/td>\n<td class=\"et2\" style=\"text-align: center;\" rowspan=\"6\">Overfladebehandling, farve, st\u00f8rrelse, form, betr\u00e6k, tilbeh\u00f8r<\/td>\n<td class=\"et2\" style=\"text-align: center;\" rowspan=\"6\">Lotioner, cremer, essenser osv.<\/td>\n<\/tr>\n<tr style=\"height: 13.50pt;\">\n<td style=\"height: 13.5pt; text-align: center;\" height=\"18\">105<\/td>\n<td style=\"text-align: center;\">20<\/td>\n<td style=\"text-align: center;\">41&#215;41<\/td>\n<td style=\"text-align: center;\">150<\/td>\n<td style=\"text-align: center;\">160<\/td>\n<\/tr>\n<tr style=\"height: 13.50pt;\">\n<td style=\"height: 13.5pt; text-align: center;\" height=\"18\">50<\/td>\n<td style=\"text-align: center;\">20<\/td>\n<td style=\"text-align: center;\">37&#215;37<\/td>\n<td style=\"text-align: center;\">88<\/td>\n<td style=\"text-align: center;\">120<\/td>\n<\/tr>\n<tr style=\"height: 13.50pt;\">\n<td style=\"height: 13.5pt; text-align: center;\" height=\"18\">30<\/td>\n<td style=\"text-align: center;\">20<\/td>\n<td style=\"text-align: center;\">37&#215;37<\/td>\n<td style=\"text-align: center;\">75<\/td>\n<td style=\"text-align: center;\">105<\/td>\n<\/tr>\n<tr style=\"height: 13.50pt;\">\n<td style=\"height: 13.5pt; text-align: center;\" height=\"18\">40<\/td>\n<td class=\"et2\" style=\"text-align: center;\" rowspan=\"2\">Firkant<\/td>\n<td style=\"text-align: center;\">49<\/td>\n<td style=\"text-align: center;\">64&#215;64<\/td>\n<td style=\"text-align: center;\">40<\/td>\n<td style=\"text-align: center;\">52<\/td>\n<\/tr>\n<tr style=\"height: 13.50pt;\">\n<td style=\"height: 13.5pt; text-align: center;\" height=\"18\">30<\/td>\n<td style=\"text-align: center;\">49<\/td>\n<td style=\"text-align: center;\">60&#215;60<\/td>\n<td style=\"text-align: center;\">37<\/td>\n<td style=\"text-align: center;\">50<\/td>\n<\/tr>\n<\/tbody>\n<\/table>\n<h2>Succeshistorie<\/h2>\n<p>Vores sorte hudplejeemballage i glas er udvalgt af et luksuri\u00f8st koreansk sk\u00f8nhedsprodukt. L\u00e5gene er designet i en ergonomisk, specialst\u00f8bt form, der passer til kundens personlige behov, og de har ogs\u00e5 galvaniserede halse. Derudover kommer dette s\u00e6t med en r\u00e6kke pumpehoveder og dr\u00e5ber i forskellige st\u00f8rrelser, hvilket g\u00f8r det til en alsidig glasbeholder, n\u00e5r det kommer til hudplejeprodukter.<\/p>\n<p>Salget oplevede en v\u00e6kst p\u00e5 36 procent p\u00e5 kun to m\u00e5neder efter lanceringen, hvilket f\u00f8rte til yderligere ordre p\u00e5 65.000 s\u00e6t for at muligg\u00f8re v\u00e6kst b\u00e5de online og offline.<\/p>\n<h2>Din tilpasningsh\u00e5ndbog<\/h2>\n<ol>\n<li><strong>Farvematchning:<\/strong> Skift sorte gradienter ud med brugerdefinerede nuancer, der matcher din brandpalet \u2013 ingen ekstra omkostninger for store m\u00e6ngder.<\/li>\n<li><strong>CAP-stilarter:<\/strong> V\u00e6lg Gold Accent eller Mat Cap for en f\u00f8rsteklasses finish p\u00e5 dine glasflasker.<\/li>\n<li><strong>Etiketintegration:<\/strong> Tilf\u00f8j dit logo til en beholder - \u00f8jeblikkelig brandgenkendelse til kosmetikemballage.<\/li>\n<\/ol>","protected":false},"excerpt":{"rendered":"<p>Boost salget med brugerdefineret hudplejeemballage i sort gradueret glas til cremer og serum. Premium, holdbar engrosemballage, der sikrer friskhed og elegance.<\/p>","protected":false},"featured_media":6456,"comment_status":"closed","ping_status":"closed","template":"","meta":{"_acf_changed":false,"site-sidebar-layout":"default","site-content-layout":"","ast-site-content-layout":"default","site-content-style":"default","site-sidebar-style":"default","ast-global-header-display":"","ast-banner-title-visibility":"","ast-main-header-display":"","ast-hfb-above-header-display":"","ast-hfb-below-header-display":"","ast-hfb-mobile-header-display":"","site-post-title":"","ast-breadcrumbs-content":"","ast-featured-img":"","footer-sml-layout":"","ast-disable-related-posts":"","theme-transparent-header-meta":"default","adv-header-id-meta":"","stick-header-meta":"","header-above-stick-meta":"","header-main-stick-meta":"","header-below-stick-meta":"","astra-migrate-meta-layouts":"set","ast-page-background-enabled":"default","ast-page-background-meta":{"desktop":{"background-color":"var(--ast-global-color-5)","background-image":"","background-repeat":"repeat","background-position":"center center","background-size":"auto","background-attachment":"scroll","background-type":"","background-media":"","overlay-type":"","overlay-color":"","overlay-opacity":"","overlay-gradient":""},"tablet":{"background-color":"","background-image":"","background-repeat":"repeat","background-position":"center center","background-size":"auto","background-attachment":"scroll","background-type":"","background-media":"","overlay-type":"","overlay-color":"","overlay-opacity":"","overlay-gradient":""},"mobile":{"background-color":"","background-image":"","background-repeat":"repeat","background-position":"center center","background-size":"auto","background-attachment":"scroll","background-type":"","background-media":"","overlay-type":"","overlay-color":"","overlay-opacity":"","overlay-gradient":""}},"ast-content-background-meta":{"desktop":{"background-color":"var(--ast-global-color-4)","background-image":"","background-repeat":"repeat","background-position":"center center","background-size":"auto","background-attachment":"scroll","background-type":"","background-media":"","overlay-type":"","overlay-color":"","overlay-opacity":"","overlay-gradient":""},"tablet":{"background-color":"var(--ast-global-color-4)","background-image":"","background-repeat":"repeat","background-position":"center center","background-size":"auto","background-attachment":"scroll","background-type":"","background-media":"","overlay-type":"","overlay-color":"","overlay-opacity":"","overlay-gradient":""},"mobile":{"background-color":"var(--ast-global-color-4)","background-image":"","background-repeat":"repeat","background-position":"center center","background-size":"auto","background-attachment":"scroll","background-type":"","background-media":"","overlay-type":"","overlay-color":"","overlay-opacity":"","overlay-gradient":""}}},"product_brand":[],"product_cat":[236,62,72],"product_tag":[],"class_list":{"0":"post-6455","1":"product","2":"type-product","3":"status-publish","4":"has-post-thumbnail","6":"product_cat-cosmetic-container-set","7":"product_cat-cosmetic-containers","8":"product_cat-cosmetic-packaging","9":"desktop-align-left","10":"tablet-align-left","11":"mobile-align-left","13":"first","14":"instock","15":"shipping-taxable","16":"product-type-simple"},"acf":[],"jetpack_sharing_enabled":true,"_links":{"self":[{"href":"https:\/\/theperfumebottles.com\/da\/wp-json\/wp\/v2\/product\/6455","targetHints":{"allow":["GET"]}}],"collection":[{"href":"https:\/\/theperfumebottles.com\/da\/wp-json\/wp\/v2\/product"}],"about":[{"href":"https:\/\/theperfumebottles.com\/da\/wp-json\/wp\/v2\/types\/product"}],"replies":[{"embeddable":true,"href":"https:\/\/theperfumebottles.com\/da\/wp-json\/wp\/v2\/comments?post=6455"}],"wp:featuredmedia":[{"embeddable":true,"href":"https:\/\/theperfumebottles.com\/da\/wp-json\/wp\/v2\/media\/6456"}],"wp:attachment":[{"href":"https:\/\/theperfumebottles.com\/da\/wp-json\/wp\/v2\/media?parent=6455"}],"wp:term":[{"taxonomy":"product_brand","embeddable":true,"href":"https:\/\/theperfumebottles.com\/da\/wp-json\/wp\/v2\/product_brand?post=6455"},{"taxonomy":"product_cat","embeddable":true,"href":"https:\/\/theperfumebottles.com\/da\/wp-json\/wp\/v2\/product_cat?post=6455"},{"taxonomy":"product_tag","embeddable":true,"href":"https:\/\/theperfumebottles.com\/da\/wp-json\/wp\/v2\/product_tag?post=6455"}],"curies":[{"name":"wp","href":"https:\/\/api.w.org\/{rel}","templated":true}]}}