{"id":6477,"date":"2025-09-18T17:19:24","date_gmt":"2025-09-18T09:19:24","guid":{"rendered":"https:\/\/theperfumebottles.com\/?post_type=product&#038;p=6477"},"modified":"2026-03-26T15:44:04","modified_gmt":"2026-03-26T07:44:04","slug":"black-glass-skincare-bottles-and-jars-sets-wholesale","status":"publish","type":"product","link":"https:\/\/theperfumebottles.com\/da\/vare\/black-glass-skincare-bottles-and-jars-sets-wholesale\/","title":{"rendered":"15ml \u2013 125ml sorte glas hudplejeflasker og krukker s\u00e6t engros"},"content":{"rendered":"<p>Stop med at n\u00f8jes med kedelig emballage. Vi fremstiller en pr\u00e6cis kollektion af sorte glasflasker og -krukker designet til hudplejem\u00e6rker, der kr\u00e6ver luksus uden kompromis. Glasbeholdere holder din creme, lotion og essens frisk \u2013 ingen UV-skader, ingen \u00f8del\u00e6ggelse. Storbestillinger f\u00e5r specialfremstillede l\u00e5g, der matcher dit brands vibe.<\/p>\n<h2><strong data-spm-anchor-id=\"5176.28103460.0.i9.29ab2e31KYNL5F\">N\u00f8glespecifikationer<\/strong><\/h2>\n<table style=\"border-collapse: collapse; width: 80%; margin-left: auto; margin-right: auto;\" border=\"0\" width=\"648\" cellspacing=\"0\" cellpadding=\"0\">\n<tbody>\n<tr style=\"height: 13.50pt;\">\n<td style=\"height: 13.5pt; width: 54pt; text-align: center;\" width=\"72\" height=\"18\">Kapacitet (ml)<\/td>\n<td style=\"width: 54pt; text-align: center;\" width=\"72\">Form<\/td>\n<td style=\"width: 54pt; text-align: center;\" width=\"72\">Munddiameter (mm)<\/td>\n<td style=\"width: 54pt; text-align: center;\" width=\"72\">Flaskediameter (mm)<\/td>\n<td style=\"width: 54pt; text-align: center;\" width=\"72\">H\u00f8jde (mm)<\/td>\n<td style=\"width: 54pt; text-align: center;\" width=\"72\">H\u00f8jde med h\u00e6tte (mm)<\/td>\n<td style=\"width: 54pt; text-align: center;\" width=\"72\">Farve<\/td>\n<td style=\"width: 54pt; text-align: center;\" width=\"72\">Brugerdefineret indstilling<\/td>\n<td style=\"width: 54pt; text-align: center;\" width=\"72\">Ideel til<\/td>\n<\/tr>\n<tr style=\"height: 13.50pt;\">\n<td style=\"height: 13.5pt; text-align: center;\" height=\"18\">125<\/td>\n<td class=\"et2\" style=\"text-align: center;\" rowspan=\"3\">Lige sider<\/td>\n<td style=\"text-align: center;\">20<\/td>\n<td style=\"text-align: center;\">53<\/td>\n<td style=\"text-align: center;\">142<\/td>\n<td style=\"text-align: center;\">180<\/td>\n<td class=\"et2\" style=\"text-align: center;\" rowspan=\"5\">Sort<\/td>\n<td class=\"et2\" style=\"text-align: center;\" rowspan=\"5\">Overfladebehandling, farve, logo, tilbeh\u00f8r<\/td>\n<td class=\"et2\" style=\"text-align: center;\" rowspan=\"5\">Hudplejes\u00e6t, rensemiddel, essensvand, essenslotion\/creme<\/td>\n<\/tr>\n<tr style=\"height: 13.50pt;\">\n<td style=\"height: 13.5pt; text-align: center;\" height=\"18\">105<\/td>\n<td style=\"text-align: center;\">20<\/td>\n<td style=\"text-align: center;\">47<\/td>\n<td style=\"text-align: center;\">127<\/td>\n<td style=\"text-align: center;\">165<\/td>\n<\/tr>\n<tr style=\"height: 13.50pt;\">\n<td style=\"height: 13.5pt; text-align: center;\" height=\"18\">45<\/td>\n<td style=\"text-align: center;\">20<\/td>\n<td style=\"text-align: center;\">41<\/td>\n<td style=\"text-align: center;\">86<\/td>\n<td style=\"text-align: center;\">120<\/td>\n<\/tr>\n<tr style=\"height: 13.50pt;\">\n<td style=\"height: 13.5pt; text-align: center;\" height=\"18\">40<\/td>\n<td class=\"et2\" rowspan=\"2\">Rund<\/td>\n<td style=\"text-align: center;\">52<\/td>\n<td style=\"text-align: center;\">64<\/td>\n<td style=\"text-align: center;\">42<\/td>\n<td style=\"text-align: center;\">70<\/td>\n<\/tr>\n<tr style=\"height: 13.50pt;\">\n<td style=\"height: 13.5pt; text-align: center;\" height=\"18\">15<\/td>\n<td style=\"text-align: center;\">47<\/td>\n<td style=\"text-align: center;\">58<\/td>\n<td style=\"text-align: center;\">32<\/td>\n<td style=\"text-align: center;\">60<\/td>\n<\/tr>\n<\/tbody>\n<\/table>\n<h2>Succeshistorie<\/h2>\n<p>Et af de europ\u00e6iske hudplejem\u00e6rker har besluttet at bruge vores f\u00f8rsteklasses sorte hudplejekrukke- og flaskes\u00e6t. Flaskerne er produceret med en h\u00f8jglans UV-finish, som sammen med den vakuumbelagte metalh\u00e6tte skaber en sl\u00e5ende kontrast og en eksklusiv f\u00f8lelse, der passer til kundens individuelle behov. Flasken er silketrykt med m\u00e6rkelogoet, hvis s\u00f8lvfarve ogs\u00e5 afspejler designet og bidrager til den samlede effekt.<\/p>\n<p>Siden lanceringen af \u200b\u200bdet nye s\u00e6t med kosmetikflasker og -krukker er salget steget med 32 % p\u00e5 bare to m\u00e5neder, og yderligere 55.000 s\u00e6t blev bestilt for at im\u00f8dekomme distribut\u00f8rernes stigende eftersp\u00f8rgsel.<\/p>\n<h2>Din tilpasningsmulighed<\/h2>\n<ol>\n<li><strong>Alternativer til h\u00e6ttefinish:<\/strong> Leverer blanke, matte, b\u00f8rstede metal- eller spejlblanke overflader, der er galvaniseret, s\u00e5 de passer til forskellige m\u00e6rkestilarter.<\/li>\n<li><strong>Dekorationsteknikker:<\/strong> Silketryk, varmpr\u00e6gning, gradientspr\u00f8jtning eller etikettering kan kombineres i flere lag for at skabe brandingeffekter.<\/li>\n<li><strong>Sekund\u00e6r emballagedesign:<\/strong> Tilf\u00f8j en detailpr\u00e6sentation til produktet ved at designe brugerdefinerede kartoner, magnetiske \u00e6sker eller skuffelignende emballage.<\/li>\n<\/ol>","protected":false},"excerpt":{"rendered":"<p>F\u00f8rsteklasses hudplejeflasker og -krukker til dit kosmetikflaskes\u00e6t. Brugerdefinerede sorte glasbeholdere. Engros i l\u00f8s v\u00e6gt. Lysblokerende, l\u00e6kagesikker emballage.<\/p>","protected":false},"featured_media":6478,"comment_status":"closed","ping_status":"closed","template":"","meta":{"_acf_changed":false,"site-sidebar-layout":"default","site-content-layout":"","ast-site-content-layout":"default","site-content-style":"default","site-sidebar-style":"default","ast-global-header-display":"","ast-banner-title-visibility":"","ast-main-header-display":"","ast-hfb-above-header-display":"","ast-hfb-below-header-display":"","ast-hfb-mobile-header-display":"","site-post-title":"","ast-breadcrumbs-content":"","ast-featured-img":"","footer-sml-layout":"","ast-disable-related-posts":"","theme-transparent-header-meta":"default","adv-header-id-meta":"","stick-header-meta":"","header-above-stick-meta":"","header-main-stick-meta":"","header-below-stick-meta":"","astra-migrate-meta-layouts":"set","ast-page-background-enabled":"default","ast-page-background-meta":{"desktop":{"background-color":"var(--ast-global-color-5)","background-image":"","background-repeat":"repeat","background-position":"center center","background-size":"auto","background-attachment":"scroll","background-type":"","background-media":"","overlay-type":"","overlay-color":"","overlay-opacity":"","overlay-gradient":""},"tablet":{"background-color":"","background-image":"","background-repeat":"repeat","background-position":"center center","background-size":"auto","background-attachment":"scroll","background-type":"","background-media":"","overlay-type":"","overlay-color":"","overlay-opacity":"","overlay-gradient":""},"mobile":{"background-color":"","background-image":"","background-repeat":"repeat","background-position":"center center","background-size":"auto","background-attachment":"scroll","background-type":"","background-media":"","overlay-type":"","overlay-color":"","overlay-opacity":"","overlay-gradient":""}},"ast-content-background-meta":{"desktop":{"background-color":"var(--ast-global-color-4)","background-image":"","background-repeat":"repeat","background-position":"center center","background-size":"auto","background-attachment":"scroll","background-type":"","background-media":"","overlay-type":"","overlay-color":"","overlay-opacity":"","overlay-gradient":""},"tablet":{"background-color":"var(--ast-global-color-4)","background-image":"","background-repeat":"repeat","background-position":"center center","background-size":"auto","background-attachment":"scroll","background-type":"","background-media":"","overlay-type":"","overlay-color":"","overlay-opacity":"","overlay-gradient":""},"mobile":{"background-color":"var(--ast-global-color-4)","background-image":"","background-repeat":"repeat","background-position":"center center","background-size":"auto","background-attachment":"scroll","background-type":"","background-media":"","overlay-type":"","overlay-color":"","overlay-opacity":"","overlay-gradient":""}}},"product_brand":[],"product_cat":[236,62,72],"product_tag":[],"class_list":{"0":"post-6477","1":"product","2":"type-product","3":"status-publish","4":"has-post-thumbnail","6":"product_cat-cosmetic-container-set","7":"product_cat-cosmetic-containers","8":"product_cat-cosmetic-packaging","9":"desktop-align-left","10":"tablet-align-left","11":"mobile-align-left","13":"first","14":"instock","15":"shipping-taxable","16":"product-type-simple"},"acf":[],"jetpack_sharing_enabled":true,"_links":{"self":[{"href":"https:\/\/theperfumebottles.com\/da\/wp-json\/wp\/v2\/product\/6477","targetHints":{"allow":["GET"]}}],"collection":[{"href":"https:\/\/theperfumebottles.com\/da\/wp-json\/wp\/v2\/product"}],"about":[{"href":"https:\/\/theperfumebottles.com\/da\/wp-json\/wp\/v2\/types\/product"}],"replies":[{"embeddable":true,"href":"https:\/\/theperfumebottles.com\/da\/wp-json\/wp\/v2\/comments?post=6477"}],"wp:featuredmedia":[{"embeddable":true,"href":"https:\/\/theperfumebottles.com\/da\/wp-json\/wp\/v2\/media\/6478"}],"wp:attachment":[{"href":"https:\/\/theperfumebottles.com\/da\/wp-json\/wp\/v2\/media?parent=6477"}],"wp:term":[{"taxonomy":"product_brand","embeddable":true,"href":"https:\/\/theperfumebottles.com\/da\/wp-json\/wp\/v2\/product_brand?post=6477"},{"taxonomy":"product_cat","embeddable":true,"href":"https:\/\/theperfumebottles.com\/da\/wp-json\/wp\/v2\/product_cat?post=6477"},{"taxonomy":"product_tag","embeddable":true,"href":"https:\/\/theperfumebottles.com\/da\/wp-json\/wp\/v2\/product_tag?post=6477"}],"curies":[{"name":"wp","href":"https:\/\/api.w.org\/{rel}","templated":true}]}}