{"id":6517,"date":"2025-09-22T12:52:43","date_gmt":"2025-09-22T04:52:43","guid":{"rendered":"https:\/\/theperfumebottles.com\/?post_type=product&#038;p=6517"},"modified":"2025-09-22T13:28:19","modified_gmt":"2025-09-22T05:28:19","slug":"wholesale-5ml-9ml-refill-perfume-bottles","status":"publish","type":"product","link":"https:\/\/theperfumebottles.com\/da\/vare\/wholesale-5ml-9ml-refill-perfume-bottles\/","title":{"rendered":"Engros 5ml 9ml refill parfumeflasker"},"content":{"rendered":"<h2>Opdag vores f\u00f8rsteklasses genopfyldelige parfumeforst\u00f8ver<\/h2>\n<p>Vores innovative refill-parfumeflaske er designet til at im\u00f8dekomme kravene fra moderne rejser og tilbyder bekvemmelighed, stil og overlegen ydeevne. Denne mini- og b\u00e6rbare forst\u00f8ver er perfekt til dem, der er p\u00e5 farten, og er et ideelt valg til din produktlinje.<\/p>\n<h2>N\u00f8glespecifikationer:<\/h2>\n<table style=\"border-collapse: collapse; width: 486.77pt; margin-left: auto; margin-right: auto;\" border=\"0\" width=\"649\" cellspacing=\"0\" cellpadding=\"0\">\n<tbody>\n<tr style=\"height: 13.50pt;\">\n<td style=\"height: 13.50pt; width: 94.50pt;\" width=\"126\" height=\"18\">Funktion<\/td>\n<td style=\"width: 392.25pt;\" width=\"523\">Detalje<\/td>\n<\/tr>\n<tr style=\"height: 13.50pt;\">\n<td style=\"height: 13.50pt;\" height=\"18\">Materiale<\/td>\n<td>PCTG + Ren kobber Anti-l\u00e6kage base, Galvaniseret aluminiumsskal<\/td>\n<\/tr>\n<tr style=\"height: 13.50pt;\">\n<td style=\"height: 13.50pt;\" height=\"18\">Kapacitet<\/td>\n<td>5 ml (1,8*8,7 cm), 9 ml (2,2*10 cm)<\/td>\n<\/tr>\n<tr style=\"height: 13.50pt;\">\n<td style=\"height: 13.50pt;\" height=\"18\">Form<\/td>\n<td>Cylindrisk<\/td>\n<\/tr>\n<tr style=\"height: 13.50pt;\">\n<td style=\"height: 13.50pt;\" height=\"18\">Fyldningsmetode<\/td>\n<td>Bundfyldning<\/td>\n<\/tr>\n<tr style=\"height: 13.50pt;\">\n<td style=\"height: 13.50pt;\" height=\"18\">Indre flaske<\/td>\n<td>Klar, h\u00f8j gennemsigtighed, god forsegling, ikke-flygtig<\/td>\n<\/tr>\n<tr style=\"height: 13.50pt;\">\n<td style=\"height: 13.50pt;\" height=\"18\">Brug<\/td>\n<td>Dispensering af parfume, alkohol, toiletvand<\/td>\n<\/tr>\n<\/tbody>\n<\/table>\n<h2>Succeshistorie:<\/h2>\n<p>Et boutique-duftm\u00e6rke integrerede for nylig vores 5 ml parfumeflaske i sin rejsekollektion. Han rapporterede en stigning p\u00e5 40 % i salget af sine rejseformede s\u00f8ges\u00e6t i l\u00f8bet af f\u00f8rste kvartal, hvilket f\u00f8rte til brugervenlighed og en premium f\u00f8lelse af flasken. Kunderne elskede at have deres yndlingsparfume i en b\u00e6rbar og refleksiv aromaflaske.<\/p>\n<h2>Tilpasning og engrosmulighed:<\/h2>\n<p>Som en stor producent og engrosleverand\u00f8r forst\u00e5r vi dit behov for unik branding. Vi tilbyder et bredt udvalg af brugerdefinerede muligheder for dine refillflasker til parfumer, herunder forskellige farvemuligheder, overfladefinish og specifik kapacitet. Uanset om du har brug for en lille ordre eller en engrosvolumen, er vi her for at underst\u00f8tte visionen for dit brand. V\u00e6lg os som din p\u00e5lidelige leverand\u00f8r af glasparfumeflasker og innovativ atmosf\u00e6re.<\/p>\n<h2>F\u00e5 din gratis pr\u00f8ve i dag!<\/h2>\n<p>Kvalitet ivrig efter at se f\u00f8rste gang? Gratis pr\u00f8ver er tilg\u00e6ngelige for kvalificerede engrosforesp\u00f8rgsler. <a href=\"https:\/\/theperfumebottles.com\/da\/contact\/\">Kontakt os<\/a> i dag for at dr\u00f8fte dine tilpasningskrav, forsendelses- og distributionsmuligheder. Elit\u00e9r dit brand med vores f\u00f8rsteklasses sprayflaskel\u00f8sninger.<\/p>","protected":false},"excerpt":{"rendered":"<p>Oplev vores h\u00f8je kvalitet <strong>genopfyldning af parfumeflaske<\/strong>, perfekt til rejser og ideel til m\u00e6rker, der s\u00f8ger engros b\u00e6rbare forst\u00f8vere med brugerdefinerede muligheder.<\/p>","protected":false},"featured_media":6520,"comment_status":"closed","ping_status":"closed","template":"","meta":{"_acf_changed":false,"site-sidebar-layout":"default","site-content-layout":"","ast-site-content-layout":"default","site-content-style":"default","site-sidebar-style":"default","ast-global-header-display":"","ast-banner-title-visibility":"","ast-main-header-display":"","ast-hfb-above-header-display":"","ast-hfb-below-header-display":"","ast-hfb-mobile-header-display":"","site-post-title":"","ast-breadcrumbs-content":"","ast-featured-img":"","footer-sml-layout":"","ast-disable-related-posts":"","theme-transparent-header-meta":"default","adv-header-id-meta":"","stick-header-meta":"","header-above-stick-meta":"","header-main-stick-meta":"","header-below-stick-meta":"","astra-migrate-meta-layouts":"set","ast-page-background-enabled":"default","ast-page-background-meta":{"desktop":{"background-color":"var(--ast-global-color-5)","background-image":"","background-repeat":"repeat","background-position":"center center","background-size":"auto","background-attachment":"scroll","background-type":"","background-media":"","overlay-type":"","overlay-color":"","overlay-opacity":"","overlay-gradient":""},"tablet":{"background-color":"","background-image":"","background-repeat":"repeat","background-position":"center center","background-size":"auto","background-attachment":"scroll","background-type":"","background-media":"","overlay-type":"","overlay-color":"","overlay-opacity":"","overlay-gradient":""},"mobile":{"background-color":"","background-image":"","background-repeat":"repeat","background-position":"center center","background-size":"auto","background-attachment":"scroll","background-type":"","background-media":"","overlay-type":"","overlay-color":"","overlay-opacity":"","overlay-gradient":""}},"ast-content-background-meta":{"desktop":{"background-color":"var(--ast-global-color-4)","background-image":"","background-repeat":"repeat","background-position":"center center","background-size":"auto","background-attachment":"scroll","background-type":"","background-media":"","overlay-type":"","overlay-color":"","overlay-opacity":"","overlay-gradient":""},"tablet":{"background-color":"var(--ast-global-color-4)","background-image":"","background-repeat":"repeat","background-position":"center center","background-size":"auto","background-attachment":"scroll","background-type":"","background-media":"","overlay-type":"","overlay-color":"","overlay-opacity":"","overlay-gradient":""},"mobile":{"background-color":"var(--ast-global-color-4)","background-image":"","background-repeat":"repeat","background-position":"center center","background-size":"auto","background-attachment":"scroll","background-type":"","background-media":"","overlay-type":"","overlay-color":"","overlay-opacity":"","overlay-gradient":""}}},"product_brand":[],"product_cat":[72,90,41],"product_tag":[],"class_list":{"0":"post-6517","1":"product","2":"type-product","3":"status-publish","4":"has-post-thumbnail","6":"product_cat-cosmetic-packaging","7":"product_cat-refillable-perfume-bottles","8":"product_cat-perfume-bottles","9":"desktop-align-left","10":"tablet-align-left","11":"mobile-align-left","13":"first","14":"instock","15":"shipping-taxable","16":"product-type-simple"},"acf":[],"jetpack_sharing_enabled":true,"_links":{"self":[{"href":"https:\/\/theperfumebottles.com\/da\/wp-json\/wp\/v2\/product\/6517","targetHints":{"allow":["GET"]}}],"collection":[{"href":"https:\/\/theperfumebottles.com\/da\/wp-json\/wp\/v2\/product"}],"about":[{"href":"https:\/\/theperfumebottles.com\/da\/wp-json\/wp\/v2\/types\/product"}],"replies":[{"embeddable":true,"href":"https:\/\/theperfumebottles.com\/da\/wp-json\/wp\/v2\/comments?post=6517"}],"wp:featuredmedia":[{"embeddable":true,"href":"https:\/\/theperfumebottles.com\/da\/wp-json\/wp\/v2\/media\/6520"}],"wp:attachment":[{"href":"https:\/\/theperfumebottles.com\/da\/wp-json\/wp\/v2\/media?parent=6517"}],"wp:term":[{"taxonomy":"product_brand","embeddable":true,"href":"https:\/\/theperfumebottles.com\/da\/wp-json\/wp\/v2\/product_brand?post=6517"},{"taxonomy":"product_cat","embeddable":true,"href":"https:\/\/theperfumebottles.com\/da\/wp-json\/wp\/v2\/product_cat?post=6517"},{"taxonomy":"product_tag","embeddable":true,"href":"https:\/\/theperfumebottles.com\/da\/wp-json\/wp\/v2\/product_tag?post=6517"}],"curies":[{"name":"wp","href":"https:\/\/api.w.org\/{rel}","templated":true}]}}