{"id":7026,"date":"2025-11-11T14:11:22","date_gmt":"2025-11-11T06:11:22","guid":{"rendered":"https:\/\/theperfumebottles.com\/?post_type=product&#038;p=7026"},"modified":"2025-11-11T14:23:34","modified_gmt":"2025-11-11T06:23:34","slug":"perfume-refill-bottle-bulk-order","status":"publish","type":"product","link":"https:\/\/theperfumebottles.com\/da\/vare\/perfume-refill-bottle-bulk-order\/","title":{"rendered":"5 ml parfume refillflaske til daglig brug i bulk"},"content":{"rendered":"<p>Du er\u200d\u200d\u200d\u200d\u200d\u200d p\u00e5 udkig efter en parfumeflaske, der perfekt kan \u00f8ge dit brands visuelle tiltr\u00e6kningskraft. Vores refill-parfumeflaske p\u00e5 5 ml er helt sikkert den rette! Den er lavet til at lade din duft v\u00e6re centrum for opm\u00e6rksomheden og stadig tilbyde p\u00e6n og praktisk sk\u00f8nhed til dine kunder. Det er sv\u00e6rt at modst\u00e5 den stil og funktion, der g\u00e5r h\u00e5nd i h\u00e5nd i dette emballageprodukt.<\/p>\n<h2>N\u00f8glespecifikationer<\/h2>\n<table style=\"border-collapse: collapse;width: 80%;margin-left: auto;margin-right: auto\" border=\"0\" width=\"144\" cellspacing=\"0\" cellpadding=\"0\">\n<tbody>\n<tr style=\"height: 13.50pt\">\n<td style=\"height: 13.5pt;width: 54pt;text-align: center\" width=\"72\" height=\"18\">Funktion<\/td>\n<td style=\"width: 54pt;text-align: center\" width=\"72\">Detaljer<\/td>\n<\/tr>\n<tr style=\"height: 13.50pt\">\n<td style=\"height: 13.5pt;text-align: center\" height=\"18\">Kapacitet<\/td>\n<td style=\"text-align: center\">5 ml<\/td>\n<\/tr>\n<tr style=\"height: 13.50pt\">\n<td style=\"height: 13.5pt;text-align: center\" height=\"18\">Dimensioner<\/td>\n<td style=\"text-align: center\">1,7 * 8,1 cm<\/td>\n<\/tr>\n<tr style=\"height: 13.50pt\">\n<td style=\"height: 13.5pt;text-align: center\" height=\"18\">Materiale<\/td>\n<td style=\"text-align: center\">Aluminium med gennemsigtigt glasvindue<\/td>\n<\/tr>\n<tr style=\"height: 13.50pt\">\n<td style=\"height: 13.5pt;text-align: center\" height=\"18\">Farvemuligheder<\/td>\n<td style=\"text-align: center\">Bl\u00e5, gr\u00f8n, r\u00f8d, gul, lilla<\/td>\n<\/tr>\n<tr style=\"height: 13.50pt\">\n<td style=\"height: 13.5pt;text-align: center\" height=\"18\">Bedst til<\/td>\n<td style=\"text-align: center\">Parfume, \u00e6teriske olier, duftspray<\/td>\n<\/tr>\n<\/tbody>\n<\/table>\n<h2>Successag<\/h2>\n<p>Et fransk parfumem\u00e6rke kontaktede os for at f\u00e5 tilpasset denne parfume-refill-flaske i aluminium til deres b\u00e6rbare serie med et gennemsigtigt vindue, s\u00e5 man nemt kan se den resterende m\u00e6ngde. Flasken bruger en anodiseringsproces til at opn\u00e5 en r\u00e6kke levende farver og er indgraveret med brandets logo.<\/p>\n<p>Efter lanceringen af den nye emballage steg salget af m\u00e6rkets b\u00e6rbare serie med 38%.<\/p>\n<h2>Tilpas din flaske<\/h2>\n<ol>\n<li><strong>Valg af materiale\u200d\u200d\u200d\u200d\u200d\u200d og kapacitet:<\/strong> Kombinationen af en ydre aluminiumsskal og en indre glas- eller plastflaske giver et produkt, der b\u00e5de er let i v\u00e6gt og st\u00e6rkt. Kapaciteter p\u00e5 5 ml, 8 ml og 10 ml er tilg\u00e6ngelige for at kunne d\u00e6kke forskellige situationer (rejse, hverdag osv.).<\/li>\n<li><strong>Design af dyse:<\/strong> Du kan v\u00e6lge en fin t\u00e5gedyse, der kan forfines yderligere for en finere forst\u00f8vning; eller blot v\u00e6lge en roterende l\u00e5semekanisme for at forhindre utilsigtet spr\u00f8jtning og for at g\u00f8re enheden mere b\u00e6rbar.<\/li>\n<li><strong>Vinduets form og gennemsigtighed:<\/strong> Der er tilpassede vinduer i forskellige former (stribe, oval, hjerte osv.) med variabel gennemsigtighed, s\u00e5 de b\u00e5de er smarte og \u200d\u200d\u200d\u200d\u200d\u200dnyttige.<\/li>\n<\/ol>","protected":false},"excerpt":{"rendered":"<p>Letv\u00e6gts parfume refill-flaske med klart vinduesdesign. Perfekt refill-parfumeflaske til rejser, nem at have med og fylde op n\u00e5r som helst.<\/p>","protected":false},"featured_media":7027,"comment_status":"open","ping_status":"closed","template":"","meta":{"_acf_changed":false,"site-sidebar-layout":"default","site-content-layout":"","ast-site-content-layout":"default","site-content-style":"default","site-sidebar-style":"default","ast-global-header-display":"","ast-banner-title-visibility":"","ast-main-header-display":"","ast-hfb-above-header-display":"","ast-hfb-below-header-display":"","ast-hfb-mobile-header-display":"","site-post-title":"","ast-breadcrumbs-content":"","ast-featured-img":"","footer-sml-layout":"","ast-disable-related-posts":"","theme-transparent-header-meta":"default","adv-header-id-meta":"","stick-header-meta":"","header-above-stick-meta":"","header-main-stick-meta":"","header-below-stick-meta":"","astra-migrate-meta-layouts":"set","ast-page-background-enabled":"default","ast-page-background-meta":{"desktop":{"background-color":"var(--ast-global-color-5)","background-image":"","background-repeat":"repeat","background-position":"center center","background-size":"auto","background-attachment":"scroll","background-type":"","background-media":"","overlay-type":"","overlay-color":"","overlay-opacity":"","overlay-gradient":""},"tablet":{"background-color":"","background-image":"","background-repeat":"repeat","background-position":"center center","background-size":"auto","background-attachment":"scroll","background-type":"","background-media":"","overlay-type":"","overlay-color":"","overlay-opacity":"","overlay-gradient":""},"mobile":{"background-color":"","background-image":"","background-repeat":"repeat","background-position":"center center","background-size":"auto","background-attachment":"scroll","background-type":"","background-media":"","overlay-type":"","overlay-color":"","overlay-opacity":"","overlay-gradient":""}},"ast-content-background-meta":{"desktop":{"background-color":"var(--ast-global-color-4)","background-image":"","background-repeat":"repeat","background-position":"center center","background-size":"auto","background-attachment":"scroll","background-type":"","background-media":"","overlay-type":"","overlay-color":"","overlay-opacity":"","overlay-gradient":""},"tablet":{"background-color":"var(--ast-global-color-4)","background-image":"","background-repeat":"repeat","background-position":"center center","background-size":"auto","background-attachment":"scroll","background-type":"","background-media":"","overlay-type":"","overlay-color":"","overlay-opacity":"","overlay-gradient":""},"mobile":{"background-color":"var(--ast-global-color-4)","background-image":"","background-repeat":"repeat","background-position":"center center","background-size":"auto","background-attachment":"scroll","background-type":"","background-media":"","overlay-type":"","overlay-color":"","overlay-opacity":"","overlay-gradient":""}}},"product_brand":[],"product_cat":[72,90],"product_tag":[],"class_list":{"0":"post-7026","1":"product","2":"type-product","3":"status-publish","4":"has-post-thumbnail","6":"product_cat-cosmetic-packaging","7":"product_cat-refillable-perfume-bottles","8":"desktop-align-left","9":"tablet-align-left","10":"mobile-align-left","12":"first","13":"instock","14":"shipping-taxable","15":"product-type-simple"},"acf":[],"jetpack_sharing_enabled":true,"_links":{"self":[{"href":"https:\/\/theperfumebottles.com\/da\/wp-json\/wp\/v2\/product\/7026","targetHints":{"allow":["GET"]}}],"collection":[{"href":"https:\/\/theperfumebottles.com\/da\/wp-json\/wp\/v2\/product"}],"about":[{"href":"https:\/\/theperfumebottles.com\/da\/wp-json\/wp\/v2\/types\/product"}],"replies":[{"embeddable":true,"href":"https:\/\/theperfumebottles.com\/da\/wp-json\/wp\/v2\/comments?post=7026"}],"wp:featuredmedia":[{"embeddable":true,"href":"https:\/\/theperfumebottles.com\/da\/wp-json\/wp\/v2\/media\/7027"}],"wp:attachment":[{"href":"https:\/\/theperfumebottles.com\/da\/wp-json\/wp\/v2\/media?parent=7026"}],"wp:term":[{"taxonomy":"product_brand","embeddable":true,"href":"https:\/\/theperfumebottles.com\/da\/wp-json\/wp\/v2\/product_brand?post=7026"},{"taxonomy":"product_cat","embeddable":true,"href":"https:\/\/theperfumebottles.com\/da\/wp-json\/wp\/v2\/product_cat?post=7026"},{"taxonomy":"product_tag","embeddable":true,"href":"https:\/\/theperfumebottles.com\/da\/wp-json\/wp\/v2\/product_tag?post=7026"}],"curies":[{"name":"wp","href":"https:\/\/api.w.org\/{rel}","templated":true}]}}