{"id":7031,"date":"2025-11-11T15:55:53","date_gmt":"2025-11-11T07:55:53","guid":{"rendered":"https:\/\/theperfumebottles.com\/?post_type=product&#038;p=7031"},"modified":"2025-11-11T17:29:30","modified_gmt":"2025-11-11T09:29:30","slug":"10ml-double-end-perfume-bottles-wholesaler","status":"publish","type":"product","link":"https:\/\/theperfumebottles.com\/da\/vare\/10ml-double-end-perfume-bottles-wholesaler\/","title":{"rendered":"10 ml dobbelte parfumeflasker til rejseduft i bulk"},"content":{"rendered":"<p>Uden at miste stilen, \u00f8nsker du en parfumekrukke, der kan udf\u00f8re to funktioner p\u00e5 samme tid. Vores 10 ml parfumeflasker med dobbelt ende er pr\u00e6cis dem, der leverer \u2013 designet til sk\u00f8nhed og daglig bekvemmelighed. En af disse 2-i-1 glasflasker vil fuldst\u00e6ndig \u00e6ndre din duftoplevelse, og du vil blive forbl\u00f8ffet.<\/p>\n<h2>N\u00f8glespecifikationer<\/h2>\n<table style=\"border-collapse: collapse;width: 80%;margin-left: auto;margin-right: auto\" border=\"0\" width=\"144\" cellspacing=\"0\" cellpadding=\"0\">\n<tbody>\n<tr style=\"height: 13.50pt\">\n<td style=\"height: 13.5pt;width: 54pt;text-align: center\" width=\"72\" height=\"18\">Funktion<\/td>\n<td style=\"width: 54pt;text-align: center\" width=\"72\">Detaljer<\/td>\n<\/tr>\n<tr style=\"height: 13.50pt\">\n<td style=\"height: 13.5pt;text-align: center\" height=\"18\">Kapacitet<\/td>\n<td style=\"text-align: center\">10 ml<\/td>\n<\/tr>\n<tr style=\"height: 13.50pt\">\n<td style=\"height: 13.5pt;text-align: center\" height=\"18\">Dimensioner<\/td>\n<td style=\"text-align: center\">1,9 * 10,5 cm<\/td>\n<\/tr>\n<tr style=\"height: 13.50pt\">\n<td style=\"height: 13.5pt;text-align: center\" height=\"18\">Glasmuligheder<\/td>\n<td style=\"text-align: center\">Klar eller ravgul<\/td>\n<\/tr>\n<tr style=\"height: 13.50pt\">\n<td style=\"height: 13.5pt;text-align: center\" height=\"18\">H\u00e6ttefarver<\/td>\n<td style=\"text-align: center\">Sort, s\u00f8lv, guld (kan tilpasses)<\/td>\n<\/tr>\n<tr style=\"height: 13.50pt\">\n<td style=\"height: 13.5pt;text-align: center\" height=\"18\">Forst\u00f8vertyper<\/td>\n<td style=\"text-align: center\">Spray &amp; Roll-on (dobbelt hoved)<\/td>\n<\/tr>\n<tr style=\"height: 13.50pt\">\n<td style=\"height: 13.5pt;text-align: center\" height=\"18\">Bedst til<\/td>\n<td style=\"text-align: center\">Parfume, \u00e6teriske olier, kropsspray<\/td>\n<\/tr>\n<\/tbody>\n<\/table>\n<h2>Successag<\/h2>\n<p>Vi blev kontaktet af et spansk parfumem\u00e6rke for at personligg\u00f8re denne parfume-refillflaske med dobbelt ende, hvor den ene ende er en fin spraydyse, og den anden er en rollerball i rustfrit st\u00e5l til pr\u00e6cis p\u00e5f\u00f8ring. De valgte en gradueret ravfarvet finish, og de lasergraverede m\u00e6rkelogoet p\u00e5 metall\u00e5get. S\u00e5ledes var deres minimalistiske, men luksuri\u00f8se \u00e6stetik perfekt til dem.<\/p>\n<p>Denne lille smarte id\u00e9 var meget efterspurgt af kunderne, og som f\u00f8lge heraf er salget af produkter i rejsest\u00f8rrelse steget med 30 % efter lanceringen.<\/p>\n<h2>Tilpas din flaske<\/h2>\n<ol>\n<li><strong>Tilpasning af flaskefarve:<\/strong> V\u00e6lg mellem klare, brune, graduerede eller matterede farver, der passer til dit brands parfumelinje eller s\u00e6sonbestemte tema.<\/li>\n<li><strong>H\u00e6ttemateriale og farve:<\/strong> Har forskellige metaludseende som galvaniseret guld, s\u00f8lv, sort og rosaguld, der opgraderer produktets overordnede niveau.<\/li>\n<li><strong>Kombination af spr\u00f8jte og rullekugledyse:<\/strong> En personlig enkelt spr\u00f8jtedyse, dobbelthoveddesign eller aftagelig struktur for nem p\u00e5fyldning og multifunktionel brug.<\/li>\n<\/ol>","protected":false},"excerpt":{"rendered":"<p>Stilfulde parfumeflasker med dobbelt ende lavet af et holdbart 2-i-1-glasdesign, perfekt til at opbevare to dufte i \u00e9n kompakt og l\u00e6kagesikker beholder.<\/p>","protected":false},"featured_media":7033,"comment_status":"open","ping_status":"closed","template":"","meta":{"_acf_changed":false,"site-sidebar-layout":"default","site-content-layout":"","ast-site-content-layout":"default","site-content-style":"default","site-sidebar-style":"default","ast-global-header-display":"","ast-banner-title-visibility":"","ast-main-header-display":"","ast-hfb-above-header-display":"","ast-hfb-below-header-display":"","ast-hfb-mobile-header-display":"","site-post-title":"","ast-breadcrumbs-content":"","ast-featured-img":"","footer-sml-layout":"","ast-disable-related-posts":"","theme-transparent-header-meta":"default","adv-header-id-meta":"","stick-header-meta":"","header-above-stick-meta":"","header-main-stick-meta":"","header-below-stick-meta":"","astra-migrate-meta-layouts":"set","ast-page-background-enabled":"default","ast-page-background-meta":{"desktop":{"background-color":"var(--ast-global-color-5)","background-image":"","background-repeat":"repeat","background-position":"center center","background-size":"auto","background-attachment":"scroll","background-type":"","background-media":"","overlay-type":"","overlay-color":"","overlay-opacity":"","overlay-gradient":""},"tablet":{"background-color":"","background-image":"","background-repeat":"repeat","background-position":"center center","background-size":"auto","background-attachment":"scroll","background-type":"","background-media":"","overlay-type":"","overlay-color":"","overlay-opacity":"","overlay-gradient":""},"mobile":{"background-color":"","background-image":"","background-repeat":"repeat","background-position":"center center","background-size":"auto","background-attachment":"scroll","background-type":"","background-media":"","overlay-type":"","overlay-color":"","overlay-opacity":"","overlay-gradient":""}},"ast-content-background-meta":{"desktop":{"background-color":"var(--ast-global-color-4)","background-image":"","background-repeat":"repeat","background-position":"center center","background-size":"auto","background-attachment":"scroll","background-type":"","background-media":"","overlay-type":"","overlay-color":"","overlay-opacity":"","overlay-gradient":""},"tablet":{"background-color":"var(--ast-global-color-4)","background-image":"","background-repeat":"repeat","background-position":"center center","background-size":"auto","background-attachment":"scroll","background-type":"","background-media":"","overlay-type":"","overlay-color":"","overlay-opacity":"","overlay-gradient":""},"mobile":{"background-color":"var(--ast-global-color-4)","background-image":"","background-repeat":"repeat","background-position":"center center","background-size":"auto","background-attachment":"scroll","background-type":"","background-media":"","overlay-type":"","overlay-color":"","overlay-opacity":"","overlay-gradient":""}}},"product_brand":[],"product_cat":[72,90,41],"product_tag":[],"class_list":{"0":"post-7031","1":"product","2":"type-product","3":"status-publish","4":"has-post-thumbnail","6":"product_cat-cosmetic-packaging","7":"product_cat-refillable-perfume-bottles","8":"product_cat-perfume-bottles","9":"desktop-align-left","10":"tablet-align-left","11":"mobile-align-left","13":"first","14":"instock","15":"shipping-taxable","16":"product-type-simple"},"acf":[],"jetpack_sharing_enabled":true,"_links":{"self":[{"href":"https:\/\/theperfumebottles.com\/da\/wp-json\/wp\/v2\/product\/7031","targetHints":{"allow":["GET"]}}],"collection":[{"href":"https:\/\/theperfumebottles.com\/da\/wp-json\/wp\/v2\/product"}],"about":[{"href":"https:\/\/theperfumebottles.com\/da\/wp-json\/wp\/v2\/types\/product"}],"replies":[{"embeddable":true,"href":"https:\/\/theperfumebottles.com\/da\/wp-json\/wp\/v2\/comments?post=7031"}],"wp:featuredmedia":[{"embeddable":true,"href":"https:\/\/theperfumebottles.com\/da\/wp-json\/wp\/v2\/media\/7033"}],"wp:attachment":[{"href":"https:\/\/theperfumebottles.com\/da\/wp-json\/wp\/v2\/media?parent=7031"}],"wp:term":[{"taxonomy":"product_brand","embeddable":true,"href":"https:\/\/theperfumebottles.com\/da\/wp-json\/wp\/v2\/product_brand?post=7031"},{"taxonomy":"product_cat","embeddable":true,"href":"https:\/\/theperfumebottles.com\/da\/wp-json\/wp\/v2\/product_cat?post=7031"},{"taxonomy":"product_tag","embeddable":true,"href":"https:\/\/theperfumebottles.com\/da\/wp-json\/wp\/v2\/product_tag?post=7031"}],"curies":[{"name":"wp","href":"https:\/\/api.w.org\/{rel}","templated":true}]}}