{"id":7062,"date":"2025-11-20T11:41:58","date_gmt":"2025-11-20T03:41:58","guid":{"rendered":"https:\/\/theperfumebottles.com\/?post_type=product&#038;p=7062"},"modified":"2025-11-20T17:15:55","modified_gmt":"2025-11-20T09:15:55","slug":"2-in-1-spray-bottle-with-roller-ball-wholesale","status":"publish","type":"product","link":"https:\/\/theperfumebottles.com\/da\/vare\/2-in-1-spray-bottle-with-roller-ball-wholesale\/","title":{"rendered":"2 i 1 sprayflaske med rullekugle engros 10 ml"},"content":{"rendered":"<p>Den parfumeflaske, du \u00f8nsker, skal ikke kun v\u00e6re effektiv, men ogs\u00e5 flot. Vores sm\u00e5 10 ml glasrulleflasker er pr\u00e6cis, hvad du ledte efter \u2013 en \u00e6gte 2-i-1 sprayflaskeoplevelse, der passer perfekt til din duftlinje. Denne glasparfumeflaske vil uden tvivl f\u00e5 dit brand til at skinne, og det er noget, du ikke kan modst\u00e5.<\/p>\n<h2>N\u00f8glespecifikationer<\/h2>\n<table style=\"border-collapse: collapse;width: 80%;margin-left: auto;margin-right: auto\" border=\"0\" width=\"144\" cellspacing=\"0\" cellpadding=\"0\">\n<tbody>\n<tr style=\"height: 13.50pt\">\n<td style=\"height: 13.5pt;width: 54pt;text-align: center\" width=\"72\" height=\"18\">Funktion<\/td>\n<td style=\"width: 54pt;text-align: center\" width=\"72\">Detaljer<\/td>\n<\/tr>\n<tr style=\"height: 13.50pt\">\n<td style=\"height: 13.5pt;text-align: center\" height=\"18\">Kapacitet<\/td>\n<td style=\"text-align: center\">10 ml<\/td>\n<\/tr>\n<tr style=\"height: 13.50pt\">\n<td style=\"height: 13.5pt;text-align: center\" height=\"18\">Dimensioner<\/td>\n<td style=\"text-align: center\">1,6 * 10,0 cm<\/td>\n<\/tr>\n<tr style=\"height: 13.50pt\">\n<td style=\"height: 13.5pt;text-align: center\" height=\"18\">Farver<\/td>\n<td style=\"text-align: center\">S\u00f8lv, sort, guld (tilpasses)<\/td>\n<\/tr>\n<tr style=\"height: 13.50pt\">\n<td style=\"height: 13.5pt;text-align: center\" height=\"18\">Forst\u00f8ver<\/td>\n<td style=\"text-align: center\">Spr\u00f8jte- og rullespr\u00f8jte (dobbelt hoved)<\/td>\n<\/tr>\n<tr style=\"height: 13.50pt\">\n<td style=\"height: 13.5pt;text-align: center\" height=\"18\">Bedst til<\/td>\n<td style=\"text-align: center\">Parfume, \u00e6teriske olier, duftspray<\/td>\n<\/tr>\n<\/tbody>\n<\/table>\n<h2>Successag<\/h2>\n<p>Vi blev kontaktet af et canadisk duftfirma, der \u00f8nskede en b\u00e6rbar emballagel\u00f8sning, der kunne opbevare en fin parfumespray samt en blanding af naturlige olier. Vores l\u00f8sning var en 2-i-1 sprayflaske med et elegant metaludvendigt omr\u00e5de og en lille indbygget glasapplikator. Efter farvetilpasningen af \u200b\u200bflasken og opgraderingen af \u200b\u200bspraypumpen til en mildere sprayspray, afsl\u00f8rede m\u00e6rket en kollektion i rejsest\u00f8rrelse, som p\u00e5 ingen tid blev deres bedst s\u00e6lgende gave.<\/p>\n<p>Antallet af ordrer p\u00e5 store m\u00e6ngder er steget med 40 % p\u00e5 bare to m\u00e5neder.<\/p>\n<h2>Tilpas din 2-i-1 sprayflaske<\/h2>\n<ol>\n<li><strong>Justerbar galvaniseringsfarve:<\/strong> V\u00e6lg en farve p\u00e5 galvaniseringen, s\u00e5som guld, s\u00f8lv, rosaguld, gunmetal eller en anden, for at give dit brand et mere ensartet udseende.<\/li>\n<li><strong>Forskellige materialer til kuglelejet:<\/strong> Lever forskellige typer kuglelejer s\u00e5som glas, rustfrit st\u00e5l og keramik, der matcher teksturen af \u200b\u200b\u00e6teriske olier eller parfumer.<\/li>\n<li><strong>Branding og dekorativt m\u00f8nster:<\/strong> V\u00e6lg mellem silketryk, lasergravering, varmpr\u00e6gning og andre teknikker til at indikere dit brand og \u00f8ge brandgenkendelsen.<\/li>\n<\/ol>","protected":false},"excerpt":{"rendered":"<p>Alsidig 2-i-1 sprayflaske kombineret med rollerball, ideel til dufte eller olie. Levering direkte fra fabrikken med specialtilbeh\u00f8r. F\u00e5s til \u00f8jeblikkelig levering.<\/p>","protected":false},"featured_media":7063,"comment_status":"open","ping_status":"closed","template":"","meta":{"_acf_changed":false,"site-sidebar-layout":"default","site-content-layout":"","ast-site-content-layout":"default","site-content-style":"default","site-sidebar-style":"default","ast-global-header-display":"","ast-banner-title-visibility":"","ast-main-header-display":"","ast-hfb-above-header-display":"","ast-hfb-below-header-display":"","ast-hfb-mobile-header-display":"","site-post-title":"","ast-breadcrumbs-content":"","ast-featured-img":"","footer-sml-layout":"","ast-disable-related-posts":"","theme-transparent-header-meta":"default","adv-header-id-meta":"","stick-header-meta":"","header-above-stick-meta":"","header-main-stick-meta":"","header-below-stick-meta":"","astra-migrate-meta-layouts":"set","ast-page-background-enabled":"default","ast-page-background-meta":{"desktop":{"background-color":"var(--ast-global-color-5)","background-image":"","background-repeat":"repeat","background-position":"center center","background-size":"auto","background-attachment":"scroll","background-type":"","background-media":"","overlay-type":"","overlay-color":"","overlay-opacity":"","overlay-gradient":""},"tablet":{"background-color":"","background-image":"","background-repeat":"repeat","background-position":"center center","background-size":"auto","background-attachment":"scroll","background-type":"","background-media":"","overlay-type":"","overlay-color":"","overlay-opacity":"","overlay-gradient":""},"mobile":{"background-color":"","background-image":"","background-repeat":"repeat","background-position":"center center","background-size":"auto","background-attachment":"scroll","background-type":"","background-media":"","overlay-type":"","overlay-color":"","overlay-opacity":"","overlay-gradient":""}},"ast-content-background-meta":{"desktop":{"background-color":"var(--ast-global-color-4)","background-image":"","background-repeat":"repeat","background-position":"center center","background-size":"auto","background-attachment":"scroll","background-type":"","background-media":"","overlay-type":"","overlay-color":"","overlay-opacity":"","overlay-gradient":""},"tablet":{"background-color":"var(--ast-global-color-4)","background-image":"","background-repeat":"repeat","background-position":"center center","background-size":"auto","background-attachment":"scroll","background-type":"","background-media":"","overlay-type":"","overlay-color":"","overlay-opacity":"","overlay-gradient":""},"mobile":{"background-color":"var(--ast-global-color-4)","background-image":"","background-repeat":"repeat","background-position":"center center","background-size":"auto","background-attachment":"scroll","background-type":"","background-media":"","overlay-type":"","overlay-color":"","overlay-opacity":"","overlay-gradient":""}}},"product_brand":[],"product_cat":[72,90,41],"product_tag":[],"class_list":{"0":"post-7062","1":"product","2":"type-product","3":"status-publish","4":"has-post-thumbnail","6":"product_cat-cosmetic-packaging","7":"product_cat-refillable-perfume-bottles","8":"product_cat-perfume-bottles","9":"desktop-align-left","10":"tablet-align-left","11":"mobile-align-left","13":"first","14":"instock","15":"shipping-taxable","16":"product-type-simple"},"acf":[],"jetpack_sharing_enabled":true,"_links":{"self":[{"href":"https:\/\/theperfumebottles.com\/da\/wp-json\/wp\/v2\/product\/7062","targetHints":{"allow":["GET"]}}],"collection":[{"href":"https:\/\/theperfumebottles.com\/da\/wp-json\/wp\/v2\/product"}],"about":[{"href":"https:\/\/theperfumebottles.com\/da\/wp-json\/wp\/v2\/types\/product"}],"replies":[{"embeddable":true,"href":"https:\/\/theperfumebottles.com\/da\/wp-json\/wp\/v2\/comments?post=7062"}],"wp:featuredmedia":[{"embeddable":true,"href":"https:\/\/theperfumebottles.com\/da\/wp-json\/wp\/v2\/media\/7063"}],"wp:attachment":[{"href":"https:\/\/theperfumebottles.com\/da\/wp-json\/wp\/v2\/media?parent=7062"}],"wp:term":[{"taxonomy":"product_brand","embeddable":true,"href":"https:\/\/theperfumebottles.com\/da\/wp-json\/wp\/v2\/product_brand?post=7062"},{"taxonomy":"product_cat","embeddable":true,"href":"https:\/\/theperfumebottles.com\/da\/wp-json\/wp\/v2\/product_cat?post=7062"},{"taxonomy":"product_tag","embeddable":true,"href":"https:\/\/theperfumebottles.com\/da\/wp-json\/wp\/v2\/product_tag?post=7062"}],"curies":[{"name":"wp","href":"https:\/\/api.w.org\/{rel}","templated":true}]}}