{"id":2550,"date":"2025-03-06T08:49:54","date_gmt":"2025-03-06T08:49:54","guid":{"rendered":"https:\/\/theperfumebottles.com\/?post_type=product&#038;p=2550"},"modified":"2025-05-29T09:15:02","modified_gmt":"2025-05-29T01:15:02","slug":"glass-perfume-bottle-50ml-with-pump","status":"publish","type":"product","link":"https:\/\/theperfumebottles.com\/de\/produkt\/glass-perfume-bottle-50ml-with-pump\/","title":{"rendered":"Parf\u00fcmflasche aus Glas, 50 ml, mit Pumpe"},"content":{"rendered":"<h2>Premium-Parf\u00fcmflasche 50ml<\/h2>\n<p>Diese 50ml Glasparf\u00fcmflasche zeigt perfekt die reine Farbe des Dufts mit transparentem Glasmaterial, und die silberne Flaschenkappe ist sorgf\u00e4ltig poliert, pr\u00e4sentiert ein zur\u00fcckhaltendes und gl\u00e4nzendes modernes Gef\u00fchl.Die Flaschenm\u00fcndung nimmt ein glattes Zerst\u00e4uberdesign an, das den Duft gleichm\u00e4\u00dfig mit jedem Druck freigeben kann, und es f\u00fchlt sich glatt an und bleibt nicht stecken. Wir haben den Flakon wasserdicht gestaltet, damit Sie und Ihre Kunden ihn bedenkenlos verwenden k\u00f6nnen, unabh\u00e4ngig von einer holprigen Fahrt oder Temperaturschwankungen.<\/p>\n<h2>Vielseitige Anpassung an unterschiedliche Bed\u00fcrfnisse<\/h2>\n<p>Egal, ob es sich um ein hochwertiges Parf\u00fcm, eine Reisegr\u00f6\u00dfe, eine limitierte Auflage oder ein \u00e4therisches \u00d6l f\u00fcr die Aromatherapie oder eine Hautpflegeessenz handelt, dieser Flakon kann es problemlos aufnehmen. Die kleine Kapazit\u00e4t ist praktisch f\u00fcr die Lagerung auf dem Schminktisch, Einzelhandel Regale oder Geschenk-Boxen, so dass Ihr Produkt auffallen in jeder Szene.<\/p>\n<h2>Wichtige Spezifikationen<\/h2>\n<table>\n<thead>\n<tr>\n<th><strong>Attribut<\/strong><\/th>\n<th><strong>Details<\/strong><\/th>\n<\/tr>\n<\/thead>\n<tbody>\n<tr>\n<td>Modell<\/td>\n<td>PB-BF07<\/td>\n<\/tr>\n<tr>\n<td>Kapazit\u00e4t<\/td>\n<td>50 ml<\/td>\n<\/tr>\n<tr>\n<td>Material<\/td>\n<td>Kristallglas + Metall + PE<\/td>\n<\/tr>\n<tr>\n<td>Ma\u00dfe<\/td>\n<td>41 * <em>30 * <\/em>107 mm<\/td>\n<\/tr>\n<tr>\n<td>Dichtungstyp<\/td>\n<td>Spr\u00fchkopf (Zerst\u00e4uber)<\/td>\n<\/tr>\n<tr>\n<td>Farboptionen<\/td>\n<td>Transparentes Glas mit silberner Kappe<\/td>\n<\/tr>\n<tr>\n<td>Anpassung<\/td>\n<td>Gravuren, UV-Druck, Vereisung, usw.<\/td>\n<\/tr>\n<\/tbody>\n<\/table>\n<h2>Aufwertung Ihrer Parf\u00fcmverpackung<\/h2>\n<p>Hinterlassen Sie einen bleibenden Eindruck mit dieser 50ml Parf\u00fcmflasche. Suchen Sie nicht weiter - unsere Fabrik bietet eine stabile Versorgung, sichere Verpackung und ma\u00dfgeschneiderte L\u00f6sungen. W\u00e4hlen Sie unsere Parf\u00fcmflakons, um das Bed\u00fcrfnis Ihrer Kunden nach Luxus zu erf\u00fcllen. Kontaktieren Sie uns noch heute, um Ihr Konto einzurichten und ein gestaffeltes Angebot anzufordern!<\/p>","protected":false},"excerpt":{"rendered":"<p>Unser raffiniert gestaltetes <strong>50ml Parf\u00fcm Glasflasche<\/strong>\u00a0hat eine schlanke rechteckige Form mit scharfen geometrischen Linien und glatten Kanten.<\/p>","protected":false},"featured_media":2551,"comment_status":"open","ping_status":"closed","template":"","meta":{"_acf_changed":false,"site-sidebar-layout":"default","site-content-layout":"","ast-site-content-layout":"default","site-content-style":"default","site-sidebar-style":"default","ast-global-header-display":"","ast-banner-title-visibility":"","ast-main-header-display":"","ast-hfb-above-header-display":"","ast-hfb-below-header-display":"","ast-hfb-mobile-header-display":"","site-post-title":"","ast-breadcrumbs-content":"","ast-featured-img":"","footer-sml-layout":"","ast-disable-related-posts":"","theme-transparent-header-meta":"default","adv-header-id-meta":"","stick-header-meta":"","header-above-stick-meta":"","header-main-stick-meta":"","header-below-stick-meta":"","astra-migrate-meta-layouts":"set","ast-page-background-enabled":"default","ast-page-background-meta":{"desktop":{"background-color":"var(--ast-global-color-5)","background-image":"","background-repeat":"repeat","background-position":"center center","background-size":"auto","background-attachment":"scroll","background-type":"","background-media":"","overlay-type":"","overlay-color":"","overlay-opacity":"","overlay-gradient":""},"tablet":{"background-color":"","background-image":"","background-repeat":"repeat","background-position":"center center","background-size":"auto","background-attachment":"scroll","background-type":"","background-media":"","overlay-type":"","overlay-color":"","overlay-opacity":"","overlay-gradient":""},"mobile":{"background-color":"","background-image":"","background-repeat":"repeat","background-position":"center center","background-size":"auto","background-attachment":"scroll","background-type":"","background-media":"","overlay-type":"","overlay-color":"","overlay-opacity":"","overlay-gradient":""}},"ast-content-background-meta":{"desktop":{"background-color":"var(--ast-global-color-4)","background-image":"","background-repeat":"repeat","background-position":"center center","background-size":"auto","background-attachment":"scroll","background-type":"","background-media":"","overlay-type":"","overlay-color":"","overlay-opacity":"","overlay-gradient":""},"tablet":{"background-color":"var(--ast-global-color-4)","background-image":"","background-repeat":"repeat","background-position":"center center","background-size":"auto","background-attachment":"scroll","background-type":"","background-media":"","overlay-type":"","overlay-color":"","overlay-opacity":"","overlay-gradient":""},"mobile":{"background-color":"var(--ast-global-color-4)","background-image":"","background-repeat":"repeat","background-position":"center center","background-size":"auto","background-attachment":"scroll","background-type":"","background-media":"","overlay-type":"","overlay-color":"","overlay-opacity":"","overlay-gradient":""}}},"product_brand":[],"product_cat":[72,41],"product_tag":[89],"class_list":{"0":"post-2550","1":"product","2":"type-product","3":"status-publish","4":"has-post-thumbnail","6":"product_cat-cosmetic-packaging","7":"product_cat-perfume-bottles","8":"product_tag-perfume-bottle","9":"desktop-align-left","10":"tablet-align-left","11":"mobile-align-left","13":"first","14":"instock","15":"shipping-taxable","16":"product-type-simple"},"acf":[],"jetpack_sharing_enabled":true,"_links":{"self":[{"href":"https:\/\/theperfumebottles.com\/de\/wp-json\/wp\/v2\/product\/2550","targetHints":{"allow":["GET"]}}],"collection":[{"href":"https:\/\/theperfumebottles.com\/de\/wp-json\/wp\/v2\/product"}],"about":[{"href":"https:\/\/theperfumebottles.com\/de\/wp-json\/wp\/v2\/types\/product"}],"replies":[{"embeddable":true,"href":"https:\/\/theperfumebottles.com\/de\/wp-json\/wp\/v2\/comments?post=2550"}],"wp:featuredmedia":[{"embeddable":true,"href":"https:\/\/theperfumebottles.com\/de\/wp-json\/wp\/v2\/media\/2551"}],"wp:attachment":[{"href":"https:\/\/theperfumebottles.com\/de\/wp-json\/wp\/v2\/media?parent=2550"}],"wp:term":[{"taxonomy":"product_brand","embeddable":true,"href":"https:\/\/theperfumebottles.com\/de\/wp-json\/wp\/v2\/product_brand?post=2550"},{"taxonomy":"product_cat","embeddable":true,"href":"https:\/\/theperfumebottles.com\/de\/wp-json\/wp\/v2\/product_cat?post=2550"},{"taxonomy":"product_tag","embeddable":true,"href":"https:\/\/theperfumebottles.com\/de\/wp-json\/wp\/v2\/product_tag?post=2550"}],"curies":[{"name":"wp","href":"https:\/\/api.w.org\/{rel}","templated":true}]}}