{"id":2573,"date":"2025-03-10T06:34:47","date_gmt":"2025-03-10T06:34:47","guid":{"rendered":"https:\/\/theperfumebottles.com\/?post_type=product&#038;p=2573"},"modified":"2026-01-12T10:46:54","modified_gmt":"2026-01-12T02:46:54","slug":"custom-perfume-bottles-mens-cologne-bottles","status":"publish","type":"product","link":"https:\/\/theperfumebottles.com\/de\/produkt\/custom-perfume-bottles-mens-cologne-bottles\/","title":{"rendered":"Rechteckige, individuell gestaltete Glasparf\u00fcmflaschen (50 ml\/100 ml)"},"content":{"rendered":"<p>Exklusiver Flakon f\u00fcr M\u00e4nner, 50ml\/100ml doppelter Inhalt. Das kantig geschliffene Kristallglas ist so kristallklar wie Bernstein und wird mit einem mattschwarzen Metallverschluss kombiniert, um einen Kontrast zwischen H\u00e4rte und Weichheit zu schaffen. Der verdickte Flaschenboden steht fest auf dem Tisch und erf\u00fcllt m\u00fchelos die Anforderungen des Alltags oder der Reise. Von der visuellen Kunst des Schminktisches bis zum haptischen Niederschlag in der Hand, jedes Detail ist ein Gleichgewicht zwischen rationalem Design und emotionaler Erfahrung.<\/p>\n<h2>Wichtige Spezifikationen<\/h2>\n<table style=\"border-collapse: collapse;margin-left: auto;margin-right: auto;width: 443.27pt\" border=\"0\" width=\"591\" cellspacing=\"0\" cellpadding=\"0\">\n<tbody>\n<tr style=\"height: 17.25pt\">\n<td class=\"et2\" style=\"height: 17.25pt;width: 139.50pt\" width=\"186\" height=\"23\"><strong>Modell<\/strong><\/td>\n<td class=\"et2\" style=\"width: 139.50pt\" width=\"186\"><strong>PB-BF1001<\/strong><\/td>\n<td class=\"et2\" style=\"width: 164.25pt\" width=\"219\"><strong>PB-BF1002<\/strong><\/td>\n<\/tr>\n<tr style=\"height: 17.25pt\">\n<td class=\"et3\" style=\"height: 17.25pt;width: 139.50pt\" width=\"186\" height=\"23\"><strong>Kapazit\u00e4t<\/strong><\/td>\n<td class=\"et3\" style=\"width: 139.50pt\" width=\"186\">50 ml<\/td>\n<td class=\"et3\" style=\"width: 164.25pt\" width=\"219\">100 ml<\/td>\n<\/tr>\n<tr style=\"height: 17.25pt\">\n<td class=\"et3\" style=\"height: 17.25pt;width: 139.50pt\" width=\"186\" height=\"23\"><strong>Abmessungen (H\u00d7B\u00d7T)<\/strong><\/td>\n<td class=\"et3\" style=\"width: 139.50pt\" width=\"186\">82\u00d754\u00d729 mm<\/td>\n<td class=\"et3\" style=\"width: 164.25pt\" width=\"219\">107\u00d772\u00d731 mm<\/td>\n<\/tr>\n<tr style=\"height: 17.25pt\">\n<td class=\"et3\" style=\"height: 17.25pt;width: 139.50pt\" width=\"186\" height=\"23\"><strong>Kappenfarbe<\/strong><\/td>\n<td class=\"et3\" style=\"width: 139.50pt\" width=\"186\">Schwarz<\/td>\n<td class=\"et3\" style=\"width: 164.25pt\" width=\"219\">Schwarz<\/td>\n<\/tr>\n<tr style=\"height: 17.25pt\">\n<td class=\"et3\" style=\"height: 17.25pt;width: 139.50pt\" width=\"186\" height=\"23\"><strong>Material<\/strong><\/td>\n<td class=\"et3\" style=\"width: 139.50pt\" width=\"186\">Kristallglas<\/td>\n<td class=\"et3\" style=\"width: 164.25pt\" width=\"219\">Kristallglas<\/td>\n<\/tr>\n<tr style=\"height: 17.25pt\">\n<td class=\"et3\" style=\"height: 17.25pt;width: 139.50pt\" width=\"186\" height=\"23\"><strong>Dichtungstyp<\/strong><\/td>\n<td class=\"et3\" style=\"width: 139.50pt\" width=\"186\">Spr\u00fchdeckel<\/td>\n<td class=\"et3\" style=\"width: 164.25pt\" width=\"219\">Spr\u00fchdeckel<\/td>\n<\/tr>\n<\/tbody>\n<\/table>\n<h2>Werten Sie Ihre Duftmarke noch heute auf<\/h2>\n<p>Schaffen Sie unvergessliche Unboxing-Erlebnisse mit unseren individuellen Parf\u00fcmflaschen. W\u00e4hlen Sie aus unseren Standarddesigns oder arbeiten Sie mit unserem Team zusammen, um\u00a0<em>erstellen.<\/em>\u00a0Marken-Parf\u00fcmverpackungen. Besuchen Sie unsere Homepage, um nach verf\u00fcgbaren Modellen zu suchen, Muster anzufordern oder eine Anfrage zu stellen.\u00a0<em>Konto<\/em>\u00a0f\u00fcr Gro\u00dfhandelspreise. Ben\u00f6tigen Sie dringend Lagerbest\u00e4nde? Wir liefern sowohl Spotware als auch ma\u00dfgeschneiderte Chargen - fragen Sie jetzt an, um Ihren Auftrag zu sichern!<\/p>","protected":false},"excerpt":{"rendered":"<p>Exklusives Parf\u00fcmflasche f\u00fcr M\u00e4nner, 50ml\/100ml Dual-Kapazit\u00e4t. Das Winkelgeschnittene Kristallglas ist so klar wie Bernstein, und [\u2026]<\/p>","protected":false},"featured_media":2574,"comment_status":"open","ping_status":"closed","template":"","meta":{"_acf_changed":false,"site-sidebar-layout":"default","site-content-layout":"","ast-site-content-layout":"default","site-content-style":"default","site-sidebar-style":"default","ast-global-header-display":"","ast-banner-title-visibility":"","ast-main-header-display":"","ast-hfb-above-header-display":"","ast-hfb-below-header-display":"","ast-hfb-mobile-header-display":"","site-post-title":"","ast-breadcrumbs-content":"","ast-featured-img":"","footer-sml-layout":"","ast-disable-related-posts":"","theme-transparent-header-meta":"default","adv-header-id-meta":"","stick-header-meta":"","header-above-stick-meta":"","header-main-stick-meta":"","header-below-stick-meta":"","astra-migrate-meta-layouts":"set","ast-page-background-enabled":"default","ast-page-background-meta":{"desktop":{"background-color":"var(--ast-global-color-5)","background-image":"","background-repeat":"repeat","background-position":"center center","background-size":"auto","background-attachment":"scroll","background-type":"","background-media":"","overlay-type":"","overlay-color":"","overlay-opacity":"","overlay-gradient":""},"tablet":{"background-color":"","background-image":"","background-repeat":"repeat","background-position":"center center","background-size":"auto","background-attachment":"scroll","background-type":"","background-media":"","overlay-type":"","overlay-color":"","overlay-opacity":"","overlay-gradient":""},"mobile":{"background-color":"","background-image":"","background-repeat":"repeat","background-position":"center center","background-size":"auto","background-attachment":"scroll","background-type":"","background-media":"","overlay-type":"","overlay-color":"","overlay-opacity":"","overlay-gradient":""}},"ast-content-background-meta":{"desktop":{"background-color":"var(--ast-global-color-4)","background-image":"","background-repeat":"repeat","background-position":"center center","background-size":"auto","background-attachment":"scroll","background-type":"","background-media":"","overlay-type":"","overlay-color":"","overlay-opacity":"","overlay-gradient":""},"tablet":{"background-color":"var(--ast-global-color-4)","background-image":"","background-repeat":"repeat","background-position":"center center","background-size":"auto","background-attachment":"scroll","background-type":"","background-media":"","overlay-type":"","overlay-color":"","overlay-opacity":"","overlay-gradient":""},"mobile":{"background-color":"var(--ast-global-color-4)","background-image":"","background-repeat":"repeat","background-position":"center center","background-size":"auto","background-attachment":"scroll","background-type":"","background-media":"","overlay-type":"","overlay-color":"","overlay-opacity":"","overlay-gradient":""}}},"product_brand":[],"product_cat":[72,41],"product_tag":[],"class_list":{"0":"post-2573","1":"product","2":"type-product","3":"status-publish","4":"has-post-thumbnail","6":"product_cat-cosmetic-packaging","7":"product_cat-perfume-bottles","8":"desktop-align-left","9":"tablet-align-left","10":"mobile-align-left","12":"first","13":"instock","14":"shipping-taxable","15":"product-type-simple"},"acf":[],"jetpack_sharing_enabled":true,"_links":{"self":[{"href":"https:\/\/theperfumebottles.com\/de\/wp-json\/wp\/v2\/product\/2573","targetHints":{"allow":["GET"]}}],"collection":[{"href":"https:\/\/theperfumebottles.com\/de\/wp-json\/wp\/v2\/product"}],"about":[{"href":"https:\/\/theperfumebottles.com\/de\/wp-json\/wp\/v2\/types\/product"}],"replies":[{"embeddable":true,"href":"https:\/\/theperfumebottles.com\/de\/wp-json\/wp\/v2\/comments?post=2573"}],"wp:featuredmedia":[{"embeddable":true,"href":"https:\/\/theperfumebottles.com\/de\/wp-json\/wp\/v2\/media\/2574"}],"wp:attachment":[{"href":"https:\/\/theperfumebottles.com\/de\/wp-json\/wp\/v2\/media?parent=2573"}],"wp:term":[{"taxonomy":"product_brand","embeddable":true,"href":"https:\/\/theperfumebottles.com\/de\/wp-json\/wp\/v2\/product_brand?post=2573"},{"taxonomy":"product_cat","embeddable":true,"href":"https:\/\/theperfumebottles.com\/de\/wp-json\/wp\/v2\/product_cat?post=2573"},{"taxonomy":"product_tag","embeddable":true,"href":"https:\/\/theperfumebottles.com\/de\/wp-json\/wp\/v2\/product_tag?post=2573"}],"curies":[{"name":"wp","href":"https:\/\/api.w.org\/{rel}","templated":true}]}}