{"id":2588,"date":"2025-03-10T09:12:01","date_gmt":"2025-03-10T09:12:01","guid":{"rendered":"https:\/\/theperfumebottles.com\/?post_type=product&#038;p=2588"},"modified":"2025-05-28T18:09:05","modified_gmt":"2025-05-28T10:09:05","slug":"cologne-bottles-wholesale-custom-fragrance-packaging","status":"publish","type":"product","link":"https:\/\/theperfumebottles.com\/de\/produkt\/cologne-bottles-wholesale-custom-fragrance-packaging\/","title":{"rendered":"Gro\u00dfhandel mit K\u00f6lnischwasserflaschen (60 ml, 80 ml, 100 ml)"},"content":{"rendered":"<p>Unsere Glasparf\u00fcmflasche PB-BF13 ist ideal f\u00fcr den Gro\u00dfhandel mit Parf\u00fcmflaschen und wurde f\u00fcr Luxusparf\u00fcmmarken entwickelt. Er verf\u00fcgt \u00fcber eine raffinierte rechteckige Form mit klarem, dickem Kristallglas und einem markanten schwarzen, rechteckigen Verschluss. Mit den Ma\u00dfen 53x35x116 mm verbindet dieser Parf\u00fcmflakon Stabilit\u00e4t (durch einen massiven Boden) mit moderner \u00c4sthetik. Die speziell entworfene konkave Struktur an der Innenwand des Flakons l\u00e4sst nicht nur die Fl\u00fcssigkeit nat\u00fcrlicher flie\u00dfen, sondern verleiht dem Flakon auch eine tiefe visuelle Ebene. Erh\u00e4ltlich in den drei Gr\u00f6\u00dfen 60ml\/80ml\/100ml, eignet er sich f\u00fcr den t\u00e4glichen Gebrauch, als Reisegr\u00f6\u00dfe und in limitierter Auflage, um Ihren verschiedenen Bed\u00fcrfnissen gerecht zu werden.<\/p>\n<h2>Wichtige Spezifikationen<\/h2>\n<table style=\"border-collapse: collapse;margin-left: auto;margin-right: auto;width: 384.77pt\" border=\"0\" width=\"513\" cellspacing=\"0\" cellpadding=\"0\">\n<tbody>\n<tr style=\"height: 13.50pt\">\n<td style=\"height: 13.50pt;width: 127.50pt\" width=\"170\" height=\"18\">Attribut<\/td>\n<td style=\"width: 257.25pt\" width=\"343\">Details<\/td>\n<\/tr>\n<tr style=\"height: 13.50pt\">\n<td style=\"height: 13.50pt\" height=\"18\">Modell<\/td>\n<td>PB-BF13<\/td>\n<\/tr>\n<tr style=\"height: 13.50pt\">\n<td style=\"height: 13.50pt\" height=\"18\">Kapazit\u00e4tsoptionen<\/td>\n<td>60ml, 80ml, 100ml (2 oz Eau de Cologne Flasche)<\/td>\n<\/tr>\n<tr style=\"height: 13.50pt\">\n<td style=\"height: 13.50pt\" height=\"18\">Ma\u00dfe<\/td>\n<td>53 x 35 x 116 mm<\/td>\n<\/tr>\n<tr style=\"height: 13.50pt\">\n<td style=\"height: 13.50pt\" height=\"18\">Material<\/td>\n<td>Kristallglas, schwarze Spr\u00fchkappe<\/td>\n<\/tr>\n<tr style=\"height: 13.50pt\">\n<td style=\"height: 13.50pt\" height=\"18\">Farbe<\/td>\n<td>Transparentes Glas, mattschwarze Kappe<\/td>\n<\/tr>\n<tr style=\"height: 13.50pt\">\n<td style=\"height: 13.50pt\" height=\"18\">Dichtungstyp<\/td>\n<td>Spr\u00fchdeckel<\/td>\n<\/tr>\n<\/tbody>\n<\/table>\n<h2>Vielseitige Anwendungen f\u00fcr Parf\u00fcm-Branding<\/h2>\n<p>Diese leeren Parf\u00fcmflaschen sind f\u00fcr die Verpackung von Luxusparf\u00fcm, Parf\u00fcm oder Duftnebel gedacht. Geeignet f\u00fcr Reised\u00fcfte, limitierte Kollektionen oder Geschenksets f\u00fcr den Urlaub. Das universelle Design von M\u00e4nner- und Frauend\u00fcften kann nicht nur die Zartheit der blumigen Frauennoten zur Geltung bringen, sondern auch die Tiefe eines M\u00e4nnerparfums. Es eignet sich besonders f\u00fcr hochwertige Parf\u00fcmmarken, die einen Sinn f\u00fcr geschlechtsneutrale Grenzen verfolgen und eine elegante L\u00f6sung mit einem Flakon f\u00fcr mehrere Szenarien realisieren.<\/p>\n<h2>Partnerschaft mit einem vertrauensw\u00fcrdigen Hersteller<\/h2>\n<p>Werten Sie Ihre Parf\u00fcmlinie mit diesen hochwertigen Parf\u00fcmflaschen aus Glas auf. Egal, ob Sie K\u00f6lnischwasserflaschen im Gro\u00dfhandel, individuelles Branding oder 100ml-Spr\u00fchflaschen in Gro\u00dfbestellung ben\u00f6tigen, unsere Fabrik garantiert eine schnelle Abwicklung, sichere Verpackung und Exportkonformit\u00e4t. Wenden Sie sich noch heute an uns, um eine personalisierte Parf\u00fcmverpackung zu kreieren, die Ihre Kunden in ihren Bann zieht!<\/p>","protected":false},"excerpt":{"rendered":"<p>Unser Parf\u00fcmflakon Modell PB-BF13 aus Glas wurde f\u00fcr das Branding von Luxusparf\u00fcms entwickelt und zeichnet sich durch eine raffinierte rechteckige Form mit klarem, dickem Kristallglas und einem markanten schwarzen rechteckigen Verschluss aus.<\/p>","protected":false},"featured_media":2592,"comment_status":"open","ping_status":"closed","template":"","meta":{"_acf_changed":false,"site-sidebar-layout":"default","site-content-layout":"","ast-site-content-layout":"default","site-content-style":"default","site-sidebar-style":"default","ast-global-header-display":"","ast-banner-title-visibility":"","ast-main-header-display":"","ast-hfb-above-header-display":"","ast-hfb-below-header-display":"","ast-hfb-mobile-header-display":"","site-post-title":"","ast-breadcrumbs-content":"","ast-featured-img":"","footer-sml-layout":"","ast-disable-related-posts":"","theme-transparent-header-meta":"default","adv-header-id-meta":"","stick-header-meta":"","header-above-stick-meta":"","header-main-stick-meta":"","header-below-stick-meta":"","astra-migrate-meta-layouts":"set","ast-page-background-enabled":"default","ast-page-background-meta":{"desktop":{"background-color":"var(--ast-global-color-5)","background-image":"","background-repeat":"repeat","background-position":"center center","background-size":"auto","background-attachment":"scroll","background-type":"","background-media":"","overlay-type":"","overlay-color":"","overlay-opacity":"","overlay-gradient":""},"tablet":{"background-color":"","background-image":"","background-repeat":"repeat","background-position":"center center","background-size":"auto","background-attachment":"scroll","background-type":"","background-media":"","overlay-type":"","overlay-color":"","overlay-opacity":"","overlay-gradient":""},"mobile":{"background-color":"","background-image":"","background-repeat":"repeat","background-position":"center center","background-size":"auto","background-attachment":"scroll","background-type":"","background-media":"","overlay-type":"","overlay-color":"","overlay-opacity":"","overlay-gradient":""}},"ast-content-background-meta":{"desktop":{"background-color":"var(--ast-global-color-4)","background-image":"","background-repeat":"repeat","background-position":"center center","background-size":"auto","background-attachment":"scroll","background-type":"","background-media":"","overlay-type":"","overlay-color":"","overlay-opacity":"","overlay-gradient":""},"tablet":{"background-color":"var(--ast-global-color-4)","background-image":"","background-repeat":"repeat","background-position":"center center","background-size":"auto","background-attachment":"scroll","background-type":"","background-media":"","overlay-type":"","overlay-color":"","overlay-opacity":"","overlay-gradient":""},"mobile":{"background-color":"var(--ast-global-color-4)","background-image":"","background-repeat":"repeat","background-position":"center center","background-size":"auto","background-attachment":"scroll","background-type":"","background-media":"","overlay-type":"","overlay-color":"","overlay-opacity":"","overlay-gradient":""}}},"product_brand":[],"product_cat":[41,72],"product_tag":[],"class_list":{"0":"post-2588","1":"product","2":"type-product","3":"status-publish","4":"has-post-thumbnail","6":"product_cat-perfume-bottles","7":"product_cat-cosmetic-packaging","8":"desktop-align-left","9":"tablet-align-left","10":"mobile-align-left","12":"first","13":"instock","14":"shipping-taxable","15":"product-type-simple"},"acf":[],"jetpack_sharing_enabled":true,"_links":{"self":[{"href":"https:\/\/theperfumebottles.com\/de\/wp-json\/wp\/v2\/product\/2588","targetHints":{"allow":["GET"]}}],"collection":[{"href":"https:\/\/theperfumebottles.com\/de\/wp-json\/wp\/v2\/product"}],"about":[{"href":"https:\/\/theperfumebottles.com\/de\/wp-json\/wp\/v2\/types\/product"}],"replies":[{"embeddable":true,"href":"https:\/\/theperfumebottles.com\/de\/wp-json\/wp\/v2\/comments?post=2588"}],"wp:featuredmedia":[{"embeddable":true,"href":"https:\/\/theperfumebottles.com\/de\/wp-json\/wp\/v2\/media\/2592"}],"wp:attachment":[{"href":"https:\/\/theperfumebottles.com\/de\/wp-json\/wp\/v2\/media?parent=2588"}],"wp:term":[{"taxonomy":"product_brand","embeddable":true,"href":"https:\/\/theperfumebottles.com\/de\/wp-json\/wp\/v2\/product_brand?post=2588"},{"taxonomy":"product_cat","embeddable":true,"href":"https:\/\/theperfumebottles.com\/de\/wp-json\/wp\/v2\/product_cat?post=2588"},{"taxonomy":"product_tag","embeddable":true,"href":"https:\/\/theperfumebottles.com\/de\/wp-json\/wp\/v2\/product_tag?post=2588"}],"curies":[{"name":"wp","href":"https:\/\/api.w.org\/{rel}","templated":true}]}}