{"id":2622,"date":"2025-03-12T06:50:06","date_gmt":"2025-03-12T06:50:06","guid":{"rendered":"https:\/\/theperfumebottles.com\/?post_type=product&#038;p=2622"},"modified":"2025-05-30T09:44:39","modified_gmt":"2025-05-30T01:44:39","slug":"25ml-silver-topped-mini-fragrance-bottles","status":"publish","type":"product","link":"https:\/\/theperfumebottles.com\/de\/produkt\/25ml-silver-topped-mini-fragrance-bottles\/","title":{"rendered":"25 ml Mini-Parf\u00fcmfl\u00e4schchen mit silbernem Verschluss"},"content":{"rendered":"<p>Dieser rechteckige 25-ml-Glasflakon besticht durch sein stilvolles Design und seine hochwertige Verarbeitung und wurde speziell f\u00fcr moderne High-End-Marken entworfen. Das transparente Kristallglas mit abgeschr\u00e4gten Kanten wirkt schlicht und elegant und f\u00fchlt sich angenehm an. Der schwarze oder transparente Spr\u00fchkopf sowie der silberne Flaschenverschluss sind schlicht und edel. Dank des kompakten Flakons und des 13-mm-Flaschenhalses ist er leicht zu transportieren und l\u00e4sst sich problemlos in hochwertige Verpackungen integrieren. Geeignet f\u00fcr Parf\u00fcm, Eau de Cologne oder personalisierte D\u00fcfte, sowohl f\u00fcr Damen als auch f\u00fcr Herren.<\/p>\n<h2>Eine elegante Wahl f\u00fcr Reisen, ein Qualit\u00e4tspartner f\u00fcr Marken<\/h2>\n<p>Dieser Mini-Parf\u00fcmflakon ist kompakt und handlich \u2013 perfekt f\u00fcr Reisen, Probiersets oder individuell zusammengestellte Parfums. Sein elegantes Design wertet Geschenksets, Abo-Boxen und Pr\u00e4sentationen auf und eignet sich auch ideal als personalisiertes Duftgeschenk f\u00fcr Werbeaktionen, Hochzeiten oder andere Anl\u00e4sse.<\/p>\n<h2>Wichtige Spezifikationen<\/h2>\n<div class=\"hyc-common-markdown__table-wrapper\">\n<table>\n<thead>\n<tr>\n<th>Parameter<\/th>\n<th>Detail<\/th>\n<\/tr>\n<\/thead>\n<tbody>\n<tr>\n<td>Modell<\/td>\n<td>PB-BF1801<\/td>\n<\/tr>\n<tr>\n<td>Kapazit\u00e4t<\/td>\n<td>25 ml<\/td>\n<\/tr>\n<tr>\n<td>Ma\u00dfe<\/td>\n<td>52 x 21 x 68 mm<\/td>\n<\/tr>\n<tr>\n<td>Material<\/td>\n<td>Hochwertiges Kristallglas<\/td>\n<\/tr>\n<tr>\n<td>Optionen f\u00fcr die Kappe<\/td>\n<td>Schwarz, Transparent, Silber<\/td>\n<\/tr>\n<tr>\n<td>Dichtungstyp<\/td>\n<td>Spr\u00fchdeckel<\/td>\n<\/tr>\n<tr>\n<td>Form<\/td>\n<td>Rechteckig mit abgeschr\u00e4gten Kanten<\/td>\n<\/tr>\n<\/tbody>\n<\/table>\n<\/div>\n<h2>Arbeiten Sie mit vertrauensw\u00fcrdigen Lieferanten zusammen.<\/h2>\n<p>Als professioneller Hersteller von Parf\u00fcmflakons sind wir bestrebt, Gro\u00dfh\u00e4ndlern und Marken ein umfassendes Angebot an Unterst\u00fctzungsleistungen zu bieten:<\/p>\n<ul>\n<li><strong>Sofort lieferbar:<\/strong> Unterst\u00fctzung f\u00fcr Gro\u00dfbestellungen und schnelle Lieferung.<\/li>\n<li><strong>Personalisierte Anpassung:<\/strong> Individuell anpassbare Flaschenform, Farbe, Verschlussmethode und Mattierungsverfahren.<\/li>\n<li><strong>Verpackungsunterst\u00fctzung:<\/strong> Wir k\u00f6nnen Ihnen auch bei der Verpackungsgestaltung helfen! Gerne entwickeln wir f\u00fcr Sie eine individuelle Verpackungsl\u00f6sung.<\/li>\n<\/ul>\n<p>Sie m\u00f6chten einen einzigartigen Parf\u00fcmflakon gestalten? Sprechen Sie uns einfach an! Mit uns wird Ihr Parf\u00fcm noch stilvoller.<\/p>","protected":false},"excerpt":{"rendered":"<p>Entdecken Sie elegante 25-ml-Mini-Parf\u00fcmflakons mit silbernem Verschluss \u2013 hochwertige Glasverpackungen f\u00fcr Marken. Gro\u00dfbestellungen und individuelle Designs m\u00f6glich.<\/p>","protected":false},"featured_media":2625,"comment_status":"open","ping_status":"closed","template":"","meta":{"_acf_changed":false,"site-sidebar-layout":"default","site-content-layout":"","ast-site-content-layout":"default","site-content-style":"default","site-sidebar-style":"default","ast-global-header-display":"","ast-banner-title-visibility":"","ast-main-header-display":"","ast-hfb-above-header-display":"","ast-hfb-below-header-display":"","ast-hfb-mobile-header-display":"","site-post-title":"","ast-breadcrumbs-content":"","ast-featured-img":"","footer-sml-layout":"","ast-disable-related-posts":"","theme-transparent-header-meta":"default","adv-header-id-meta":"","stick-header-meta":"","header-above-stick-meta":"","header-main-stick-meta":"","header-below-stick-meta":"","astra-migrate-meta-layouts":"set","ast-page-background-enabled":"default","ast-page-background-meta":{"desktop":{"background-color":"var(--ast-global-color-5)","background-image":"","background-repeat":"repeat","background-position":"center center","background-size":"auto","background-attachment":"scroll","background-type":"","background-media":"","overlay-type":"","overlay-color":"","overlay-opacity":"","overlay-gradient":""},"tablet":{"background-color":"","background-image":"","background-repeat":"repeat","background-position":"center center","background-size":"auto","background-attachment":"scroll","background-type":"","background-media":"","overlay-type":"","overlay-color":"","overlay-opacity":"","overlay-gradient":""},"mobile":{"background-color":"","background-image":"","background-repeat":"repeat","background-position":"center center","background-size":"auto","background-attachment":"scroll","background-type":"","background-media":"","overlay-type":"","overlay-color":"","overlay-opacity":"","overlay-gradient":""}},"ast-content-background-meta":{"desktop":{"background-color":"var(--ast-global-color-4)","background-image":"","background-repeat":"repeat","background-position":"center center","background-size":"auto","background-attachment":"scroll","background-type":"","background-media":"","overlay-type":"","overlay-color":"","overlay-opacity":"","overlay-gradient":""},"tablet":{"background-color":"var(--ast-global-color-4)","background-image":"","background-repeat":"repeat","background-position":"center center","background-size":"auto","background-attachment":"scroll","background-type":"","background-media":"","overlay-type":"","overlay-color":"","overlay-opacity":"","overlay-gradient":""},"mobile":{"background-color":"var(--ast-global-color-4)","background-image":"","background-repeat":"repeat","background-position":"center center","background-size":"auto","background-attachment":"scroll","background-type":"","background-media":"","overlay-type":"","overlay-color":"","overlay-opacity":"","overlay-gradient":""}}},"product_brand":[],"product_cat":[41,72,74],"product_tag":[84],"class_list":{"0":"post-2622","1":"product","2":"type-product","3":"status-publish","4":"has-post-thumbnail","6":"product_cat-perfume-bottles","7":"product_cat-cosmetic-packaging","8":"product_cat-mini-perfume-bottles","9":"product_tag-fragrance-bottles","10":"desktop-align-left","11":"tablet-align-left","12":"mobile-align-left","14":"first","15":"instock","16":"shipping-taxable","17":"product-type-simple"},"acf":[],"jetpack_sharing_enabled":true,"_links":{"self":[{"href":"https:\/\/theperfumebottles.com\/de\/wp-json\/wp\/v2\/product\/2622","targetHints":{"allow":["GET"]}}],"collection":[{"href":"https:\/\/theperfumebottles.com\/de\/wp-json\/wp\/v2\/product"}],"about":[{"href":"https:\/\/theperfumebottles.com\/de\/wp-json\/wp\/v2\/types\/product"}],"replies":[{"embeddable":true,"href":"https:\/\/theperfumebottles.com\/de\/wp-json\/wp\/v2\/comments?post=2622"}],"wp:featuredmedia":[{"embeddable":true,"href":"https:\/\/theperfumebottles.com\/de\/wp-json\/wp\/v2\/media\/2625"}],"wp:attachment":[{"href":"https:\/\/theperfumebottles.com\/de\/wp-json\/wp\/v2\/media?parent=2622"}],"wp:term":[{"taxonomy":"product_brand","embeddable":true,"href":"https:\/\/theperfumebottles.com\/de\/wp-json\/wp\/v2\/product_brand?post=2622"},{"taxonomy":"product_cat","embeddable":true,"href":"https:\/\/theperfumebottles.com\/de\/wp-json\/wp\/v2\/product_cat?post=2622"},{"taxonomy":"product_tag","embeddable":true,"href":"https:\/\/theperfumebottles.com\/de\/wp-json\/wp\/v2\/product_tag?post=2622"}],"curies":[{"name":"wp","href":"https:\/\/api.w.org\/{rel}","templated":true}]}}