{"id":2806,"date":"2025-03-21T03:55:26","date_gmt":"2025-03-21T03:55:26","guid":{"rendered":"https:\/\/theperfumebottles.com\/?post_type=product&#038;p=2806"},"modified":"2025-05-29T10:24:39","modified_gmt":"2025-05-29T02:24:39","slug":"small-perfume-spray-bottle-30ml-50ml-perfume-oil-bottles","status":"publish","type":"product","link":"https:\/\/theperfumebottles.com\/de\/produkt\/small-perfume-spray-bottle-30ml-50ml-perfume-oil-bottles\/","title":{"rendered":"Kleine Parf\u00fcm-Spr\u00fchflaschen (30 ml, 50 ml) mit Holzdeckel"},"content":{"rendered":"<p>7. Wir pr\u00e4sentieren unsere kleine Parf\u00fcmspr\u00fchflasche-Serie, erh\u00e4ltlich in 30ml Parf\u00fcmflasche und 50ml Parf\u00fcm\u00f6lflasche-Gr\u00f6\u00dfen.Diese Kristallglasflasche ist f\u00fcr hochwertige Marken und Umweltsch\u00fctzer entworfen. Sie kombiniert einen handgemachten Holzdeckel mit einem modernen quadratischen Flaschenstil, der nat\u00fcrlich, umweltfreundlich und exquisit ist. Der nat\u00fcrliche Holzd deckel unterst\u00fctzt individuelle Firmenlogos, und die 30ml\/50ml Kapazit\u00e4t ist flexibel, um Reisen, Nischenparf\u00fcms oder Gro\u00dfbestellungen zu treffen.<\/p>\n<h2>Wichtige Spezifikationen<\/h2>\n<div class=\"hyc-common-markdown__table-wrapper\">\n<table>\n<thead>\n<tr>\n<th>Besonderheit<\/th>\n<th>PB-FZ0401<\/th>\n<th>PB-FZ0402<\/th>\n<\/tr>\n<\/thead>\n<tbody>\n<tr>\n<td>Material<\/td>\n<td>Kristallglas<\/td>\n<td>Kristallglas<\/td>\n<\/tr>\n<tr>\n<td>Kapazit\u00e4t<\/td>\n<td>30 ml<\/td>\n<td>50 ml<\/td>\n<\/tr>\n<tr>\n<td>Ma\u00dfe<\/td>\n<td>36 x 36 x 66 mm<\/td>\n<td>42 x 42 x 77 mm<\/td>\n<\/tr>\n<tr>\n<td>Kappe<\/td>\n<td>Naturbelassener Holzdeckel<\/td>\n<td>Naturbelassener Holzdeckel<\/td>\n<\/tr>\n<tr>\n<td>Farboptionen<\/td>\n<td>L\u00f6schen (anpassbar)<\/td>\n<td>L\u00f6schen (anpassbar)<\/td>\n<\/tr>\n<tr>\n<td>Anpassung<\/td>\n<td>Logo, Gravur, Oberfl\u00e4che<\/td>\n<td>Logo, Gravur, Oberfl\u00e4che<\/td>\n<\/tr>\n<tr>\n<td>Verf\u00fcgbarkeit von Mustern<\/td>\n<td>Bereitgestellt<\/td>\n<td>Bereitgestellt<\/td>\n<\/tr>\n<\/tbody>\n<\/table>\n<\/div>\n<h2>Warum sollten Sie diese Glasparf\u00fcmflaschen w\u00e4hlen?<\/h2>\n<p>Diese vielseitig einsetzbaren<strong>kleine Parf\u00fcmfl\u00e4schchen<\/strong>\u00a0sind ideal f\u00fcr Nischenmarken, Eigenmarken oder Gro\u00dfhandelspartner. Die dicke Glaskonstruktion sorgt f\u00fcr Langlebigkeit, w\u00e4hrend die quadratische Form und die Holzkappen f\u00fcr einen auff\u00e4lligen Auftritt im Regal sorgen. Erh\u00e4ltlich in<strong>30 ml<\/strong>\u00a0und<strong>50 ml<\/strong>\u00a0Gr\u00f6\u00dfen sind sie f\u00fcr \u00d6le, K\u00f6lnisch Wasser oder konzentrierte D\u00fcfte optimiert.<\/p>\n<h2>Perfekt f\u00fcr den Bedarf von Kunden und Gro\u00dfh\u00e4ndlern<\/h2>\n<p>8. Ob Sie leere 30ml-Parf\u00fcmflaschen f\u00fcr limitierte Editionen oder 50ml-Parf\u00fcm\u00f6lflaschen f\u00fcr Gro\u00dfbestellungen ben\u00f6tigen, diese Serie bietet flexible L\u00f6sungen. Schnelle Lieferung, ODM\/OEM-Unterst\u00fctzung und geringe Mindestbestellmengen machen es einfach, Ihr Markenwachstum zu skalieren. Verbessern Sie Ihr Parf\u00fcmpackaging mit unseren nachhaltigen, tragbaren Parf\u00fcmspr\u00fchflaschen-Designs. Fordern Sie heute Muster der 30ml-Parf\u00fcmflasche oder der 50ml-Parf\u00fcm\u00f6lflasche an und erleben Sie Luxus in jeder Details!<\/p>","protected":false},"excerpt":{"rendered":"<p>Erstklassige kleine Parf\u00fcm-Spr\u00fchflaschen mit Holzkappen - perfekt f\u00fcr Parf\u00fcm\u00f6le, individuelles Branding und Gro\u00dfbestellungen. Umweltfreundlich, tragbar und f\u00fcr das Branding geeignet.<\/p>","protected":false},"featured_media":2808,"comment_status":"open","ping_status":"closed","template":"","meta":{"_acf_changed":false,"site-sidebar-layout":"default","site-content-layout":"","ast-site-content-layout":"default","site-content-style":"default","site-sidebar-style":"default","ast-global-header-display":"","ast-banner-title-visibility":"","ast-main-header-display":"","ast-hfb-above-header-display":"","ast-hfb-below-header-display":"","ast-hfb-mobile-header-display":"","site-post-title":"","ast-breadcrumbs-content":"","ast-featured-img":"","footer-sml-layout":"","ast-disable-related-posts":"","theme-transparent-header-meta":"default","adv-header-id-meta":"","stick-header-meta":"","header-above-stick-meta":"","header-main-stick-meta":"","header-below-stick-meta":"","astra-migrate-meta-layouts":"set","ast-page-background-enabled":"default","ast-page-background-meta":{"desktop":{"background-color":"var(--ast-global-color-5)","background-image":"","background-repeat":"repeat","background-position":"center center","background-size":"auto","background-attachment":"scroll","background-type":"","background-media":"","overlay-type":"","overlay-color":"","overlay-opacity":"","overlay-gradient":""},"tablet":{"background-color":"","background-image":"","background-repeat":"repeat","background-position":"center center","background-size":"auto","background-attachment":"scroll","background-type":"","background-media":"","overlay-type":"","overlay-color":"","overlay-opacity":"","overlay-gradient":""},"mobile":{"background-color":"","background-image":"","background-repeat":"repeat","background-position":"center center","background-size":"auto","background-attachment":"scroll","background-type":"","background-media":"","overlay-type":"","overlay-color":"","overlay-opacity":"","overlay-gradient":""}},"ast-content-background-meta":{"desktop":{"background-color":"var(--ast-global-color-4)","background-image":"","background-repeat":"repeat","background-position":"center center","background-size":"auto","background-attachment":"scroll","background-type":"","background-media":"","overlay-type":"","overlay-color":"","overlay-opacity":"","overlay-gradient":""},"tablet":{"background-color":"var(--ast-global-color-4)","background-image":"","background-repeat":"repeat","background-position":"center center","background-size":"auto","background-attachment":"scroll","background-type":"","background-media":"","overlay-type":"","overlay-color":"","overlay-opacity":"","overlay-gradient":""},"mobile":{"background-color":"var(--ast-global-color-4)","background-image":"","background-repeat":"repeat","background-position":"center center","background-size":"auto","background-attachment":"scroll","background-type":"","background-media":"","overlay-type":"","overlay-color":"","overlay-opacity":"","overlay-gradient":""}}},"product_brand":[],"product_cat":[72,41],"product_tag":[],"class_list":{"0":"post-2806","1":"product","2":"type-product","3":"status-publish","4":"has-post-thumbnail","6":"product_cat-cosmetic-packaging","7":"product_cat-perfume-bottles","8":"desktop-align-left","9":"tablet-align-left","10":"mobile-align-left","12":"first","13":"instock","14":"shipping-taxable","15":"product-type-simple"},"acf":[],"jetpack_sharing_enabled":true,"_links":{"self":[{"href":"https:\/\/theperfumebottles.com\/de\/wp-json\/wp\/v2\/product\/2806","targetHints":{"allow":["GET"]}}],"collection":[{"href":"https:\/\/theperfumebottles.com\/de\/wp-json\/wp\/v2\/product"}],"about":[{"href":"https:\/\/theperfumebottles.com\/de\/wp-json\/wp\/v2\/types\/product"}],"replies":[{"embeddable":true,"href":"https:\/\/theperfumebottles.com\/de\/wp-json\/wp\/v2\/comments?post=2806"}],"wp:featuredmedia":[{"embeddable":true,"href":"https:\/\/theperfumebottles.com\/de\/wp-json\/wp\/v2\/media\/2808"}],"wp:attachment":[{"href":"https:\/\/theperfumebottles.com\/de\/wp-json\/wp\/v2\/media?parent=2806"}],"wp:term":[{"taxonomy":"product_brand","embeddable":true,"href":"https:\/\/theperfumebottles.com\/de\/wp-json\/wp\/v2\/product_brand?post=2806"},{"taxonomy":"product_cat","embeddable":true,"href":"https:\/\/theperfumebottles.com\/de\/wp-json\/wp\/v2\/product_cat?post=2806"},{"taxonomy":"product_tag","embeddable":true,"href":"https:\/\/theperfumebottles.com\/de\/wp-json\/wp\/v2\/product_tag?post=2806"}],"curies":[{"name":"wp","href":"https:\/\/api.w.org\/{rel}","templated":true}]}}