{"id":2905,"date":"2025-03-26T08:24:36","date_gmt":"2025-03-26T08:24:36","guid":{"rendered":"https:\/\/theperfumebottles.com\/?post_type=product&#038;p=2905"},"modified":"2025-05-28T18:28:24","modified_gmt":"2025-05-28T10:28:24","slug":"30ml-50ml-100ml-iceberg-unique-perfume-bottles-wholesale","status":"publish","type":"product","link":"https:\/\/theperfumebottles.com\/de\/produkt\/30ml-50ml-100ml-iceberg-unique-perfume-bottles-wholesale\/","title":{"rendered":"30 ml, 50 ml, 100 ml Iceberg Unique Parf\u00fcmflaschen im Gro\u00dfhandel"},"content":{"rendered":"<p>F\u00fcr Parf\u00fcmmarken und H\u00e4ndler, die auf der Suche nach einzigartigen Parf\u00fcmflaschen sind, die Eleganz mit Vielseitigkeit verbinden, bietet die Iceberg-Serie hochwertige Glasparf\u00fcmflaschen in den Gr\u00f6\u00dfen 30 ml, 50 ml und 100 ml. Diese leeren Parf\u00fcmflaschen wurden f\u00fcr den Gro\u00dfhandel mit Parf\u00fcmflaschen entwickelt und sind vollst\u00e4ndig anpassbar, um die Identit\u00e4t Ihrer Marke zu unterstreichen.<\/p>\n<table style=\"border-collapse: collapse;margin-left: auto;margin-right: auto;width: 202.53pt\" border=\"0\" width=\"270\" cellspacing=\"0\" cellpadding=\"0\">\n<tbody>\n<tr style=\"height: 15.00pt\">\n<td style=\"height: 15.00pt;width: 67.50pt\" width=\"90\" height=\"20\">\n<p><figure id=\"attachment_2906\" aria-describedby=\"caption-attachment-2906\" style=\"width: 300px\" class=\"wp-caption aligncenter\"><img fetchpriority=\"high\" decoding=\"async\" class=\"size-medium wp-image-2906\" src=\"https:\/\/theperfumebottles.com\/wp-content\/uploads\/2025\/03\/unique-perfume-bottles-HS0201-300x300.webp\" alt=\"einzigartige Parf\u00fcmflaschen\" width=\"300\" height=\"300\" srcset=\"https:\/\/theperfumebottles.com\/wp-content\/uploads\/2025\/03\/unique-perfume-bottles-HS0201-300x300.webp 300w, https:\/\/theperfumebottles.com\/wp-content\/uploads\/2025\/03\/unique-perfume-bottles-HS0201-150x150.webp 150w, https:\/\/theperfumebottles.com\/wp-content\/uploads\/2025\/03\/unique-perfume-bottles-HS0201-768x768.webp 768w, https:\/\/theperfumebottles.com\/wp-content\/uploads\/2025\/03\/unique-perfume-bottles-HS0201-12x12.webp 12w, https:\/\/theperfumebottles.com\/wp-content\/uploads\/2025\/03\/unique-perfume-bottles-HS0201-600x600.webp 600w, https:\/\/theperfumebottles.com\/wp-content\/uploads\/2025\/03\/unique-perfume-bottles-HS0201-100x100.webp 100w, https:\/\/theperfumebottles.com\/wp-content\/uploads\/2025\/03\/unique-perfume-bottles-HS0201.webp 1000w\" sizes=\"(max-width: 300px) 100vw, 300px\" \/><figcaption id=\"caption-attachment-2906\" class=\"wp-caption-text\">30 ml<\/figcaption><\/figure><\/td>\n<td style=\"width: 67.50pt\" width=\"90\">\n<p><figure id=\"attachment_2909\" aria-describedby=\"caption-attachment-2909\" style=\"width: 300px\" class=\"wp-caption aligncenter\"><img decoding=\"async\" class=\"size-medium wp-image-2909\" src=\"https:\/\/theperfumebottles.com\/wp-content\/uploads\/2025\/03\/perfume-bottles-wholesale-HS0202-300x300.webp\" alt=\"Gro\u00dfhandel mit Parf\u00fcmflaschen\" width=\"300\" height=\"300\" srcset=\"https:\/\/theperfumebottles.com\/wp-content\/uploads\/2025\/03\/perfume-bottles-wholesale-HS0202-300x300.webp 300w, https:\/\/theperfumebottles.com\/wp-content\/uploads\/2025\/03\/perfume-bottles-wholesale-HS0202-150x150.webp 150w, https:\/\/theperfumebottles.com\/wp-content\/uploads\/2025\/03\/perfume-bottles-wholesale-HS0202-768x768.webp 768w, https:\/\/theperfumebottles.com\/wp-content\/uploads\/2025\/03\/perfume-bottles-wholesale-HS0202-12x12.webp 12w, https:\/\/theperfumebottles.com\/wp-content\/uploads\/2025\/03\/perfume-bottles-wholesale-HS0202-600x600.webp 600w, https:\/\/theperfumebottles.com\/wp-content\/uploads\/2025\/03\/perfume-bottles-wholesale-HS0202-100x100.webp 100w, https:\/\/theperfumebottles.com\/wp-content\/uploads\/2025\/03\/perfume-bottles-wholesale-HS0202.webp 1000w\" sizes=\"(max-width: 300px) 100vw, 300px\" \/><figcaption id=\"caption-attachment-2909\" class=\"wp-caption-text\">50 ml<\/figcaption><\/figure><\/td>\n<td style=\"width: 67.50pt\" width=\"90\">\n<p><figure id=\"attachment_2910\" aria-describedby=\"caption-attachment-2910\" style=\"width: 300px\" class=\"wp-caption aligncenter\"><img decoding=\"async\" class=\"size-medium wp-image-2910\" src=\"https:\/\/theperfumebottles.com\/wp-content\/uploads\/2025\/03\/perfume-bottles-wholesale-HS0203-300x300.webp\" alt=\"Gro\u00dfhandel mit Parf\u00fcmflaschen\" width=\"300\" height=\"300\" srcset=\"https:\/\/theperfumebottles.com\/wp-content\/uploads\/2025\/03\/perfume-bottles-wholesale-HS0203-300x300.webp 300w, https:\/\/theperfumebottles.com\/wp-content\/uploads\/2025\/03\/perfume-bottles-wholesale-HS0203-150x150.webp 150w, https:\/\/theperfumebottles.com\/wp-content\/uploads\/2025\/03\/perfume-bottles-wholesale-HS0203-768x768.webp 768w, https:\/\/theperfumebottles.com\/wp-content\/uploads\/2025\/03\/perfume-bottles-wholesale-HS0203-12x12.webp 12w, https:\/\/theperfumebottles.com\/wp-content\/uploads\/2025\/03\/perfume-bottles-wholesale-HS0203-600x600.webp 600w, https:\/\/theperfumebottles.com\/wp-content\/uploads\/2025\/03\/perfume-bottles-wholesale-HS0203-100x100.webp 100w, https:\/\/theperfumebottles.com\/wp-content\/uploads\/2025\/03\/perfume-bottles-wholesale-HS0203.webp 1000w\" sizes=\"(max-width: 300px) 100vw, 300px\" \/><figcaption id=\"caption-attachment-2910\" class=\"wp-caption-text\">100 ml<\/figcaption><\/figure><\/td>\n<\/tr>\n<\/tbody>\n<\/table>\n<h2>Technische Spezifikationen<\/h2>\n<div class=\"hyc-common-markdown__table-wrapper\">\n<table>\n<thead>\n<tr>\n<th>Modell<\/th>\n<th>Kapazit\u00e4t<\/th>\n<th>Abmessungen (H*T)<\/th>\n<th>Material<\/th>\n<th>Farboptionen<\/th>\n<th>Dichtungstyp<\/th>\n<th>Anpassung<\/th>\n<\/tr>\n<\/thead>\n<tbody>\n<tr>\n<td>PB-HS0201<\/td>\n<td>30 ml<\/td>\n<td>46 * 73 mm<\/td>\n<td>Kristallglas<\/td>\n<td>Klarglas + Mattierte Kappe<\/td>\n<td>Spr\u00fchdeckel<\/td>\n<td>Deckel, Druck, T\u00f6nung<\/td>\n<\/tr>\n<tr>\n<td>PB-HS0202<\/td>\n<td>50 ml<\/td>\n<td>51 * 80 mm<\/td>\n<td>Kristallglas<\/td>\n<td>Klarglas + Mattierte Kappe<\/td>\n<td>Spr\u00fchdeckel<\/td>\n<td>Form, Gr\u00f6\u00dfe, Logo<\/td>\n<\/tr>\n<tr>\n<td>PB-HS0203<\/td>\n<td>100 ml<\/td>\n<td>59 * 94 mm<\/td>\n<td>Kristallglas<\/td>\n<td>Klarglas + Mattierte Kappe<\/td>\n<td>Spr\u00fchdeckel<\/td>\n<td>Vollst\u00e4ndiges Branding<\/td>\n<\/tr>\n<\/tbody>\n<\/table>\n<\/div>\n<h3><strong>Optionale Flaschenverschl\u00fcsse:<\/strong><\/h3>\n<p><img loading=\"lazy\" decoding=\"async\" class=\"size-medium wp-image-2961 aligncenter\" src=\"https:\/\/theperfumebottles.com\/wp-content\/uploads\/2025\/04\/perfume-bottle-tops-3-300x164.webp\" alt=\"Parf\u00fcmflaschenverschl\u00fcsse\" width=\"300\" height=\"164\" srcset=\"https:\/\/theperfumebottles.com\/wp-content\/uploads\/2025\/04\/perfume-bottle-tops-3-300x164.webp 300w, https:\/\/theperfumebottles.com\/wp-content\/uploads\/2025\/04\/perfume-bottle-tops-3-18x10.webp 18w, https:\/\/theperfumebottles.com\/wp-content\/uploads\/2025\/04\/perfume-bottle-tops-3-600x329.webp 600w, https:\/\/theperfumebottles.com\/wp-content\/uploads\/2025\/04\/perfume-bottle-tops-3.webp 750w\" sizes=\"(max-width: 300px) 100vw, 300px\" \/><\/p>\n<p><img loading=\"lazy\" decoding=\"async\" class=\"size-medium wp-image-2960\" src=\"https:\/\/theperfumebottles.com\/wp-content\/uploads\/2025\/04\/perfume-bottle-tops-2-300x145.webp\" alt=\"Parf\u00fcmflaschenverschl\u00fcsse\" width=\"300\" height=\"145\" srcset=\"https:\/\/theperfumebottles.com\/wp-content\/uploads\/2025\/04\/perfume-bottle-tops-2-300x145.webp 300w, https:\/\/theperfumebottles.com\/wp-content\/uploads\/2025\/04\/perfume-bottle-tops-2-18x9.webp 18w, https:\/\/theperfumebottles.com\/wp-content\/uploads\/2025\/04\/perfume-bottle-tops-2-600x290.webp 600w, https:\/\/theperfumebottles.com\/wp-content\/uploads\/2025\/04\/perfume-bottle-tops-2.webp 750w\" sizes=\"(max-width: 300px) 100vw, 300px\" \/><\/p>\n<p><img loading=\"lazy\" decoding=\"async\" class=\"size-medium wp-image-2959 aligncenter\" src=\"https:\/\/theperfumebottles.com\/wp-content\/uploads\/2025\/04\/perfume-bottle-tops-1-300x224.webp\" alt=\"Parf\u00fcmflaschenverschl\u00fcsse\" width=\"300\" height=\"224\" srcset=\"https:\/\/theperfumebottles.com\/wp-content\/uploads\/2025\/04\/perfume-bottle-tops-1-300x224.webp 300w, https:\/\/theperfumebottles.com\/wp-content\/uploads\/2025\/04\/perfume-bottle-tops-1-16x12.webp 16w, https:\/\/theperfumebottles.com\/wp-content\/uploads\/2025\/04\/perfume-bottle-tops-1-600x447.webp 600w, https:\/\/theperfumebottles.com\/wp-content\/uploads\/2025\/04\/perfume-bottle-tops-1.webp 746w\" sizes=\"(max-width: 300px) 100vw, 300px\" \/><\/p>\n<h2>Warum die Iceberg-Serie?<\/h2>\n<ul>\n<li><strong>Wirtschaftlich und effizient:<\/strong> Wir bieten Gro\u00dfverpackungsl\u00f6sungen an, die den Bed\u00fcrfnissen von neu gegr\u00fcndeten Marken und etablierten Unternehmen gerecht werden.<\/li>\n<li><strong>Anpassung an mehrere Szenarien:<\/strong> Reisepackungen, Aftershave oder hochwertige D\u00fcfte, die sich flexibel an eine Vielzahl von Produktlinien anpassen lassen.<\/li>\n<li><strong>Sorgf\u00e4ltig ausgew\u00e4hlte Materialien:<\/strong> bruchsicheres Glas + Anti-Kratz-Beschichtung, langlebig und sicher.<\/li>\n<\/ul>\n<h2>Anpassung Spotlight<\/h2>\n<ul>\n<li>\u200b<strong>M\u00fctzen-Materialien<\/strong>: Matte, metallische oder Holz-Effekt-Oberfl\u00e4chen.<\/li>\n<li>\u200b<strong>Oberfl\u00e4chenbehandlungen<\/strong>: Mattierte Farbverl\u00e4ufe, galvanische Akzente oder gl\u00e4nzende Sprays.<\/li>\n<li>\u200b<strong>Kapazit\u00e4tsflexibilit\u00e4t<\/strong>: Ideal f\u00fcr Nischen-Sampler mit 30 ml oder Flaggschiff-Kollektionen mit 100 ml.<\/li>\n<\/ul>\n<p>Werten Sie Ihre Parf\u00fcmlinie mit einzigartigen Parf\u00fcmflakons auf, die Sie begeistern werden. Die Iceberg-Serie vereint Eleganz und Anpassungsf\u00e4higkeit und ist damit die ultimative Wahl f\u00fcr Marken, die Wert auf luxuri\u00f6se Verpackungen und Effizienz im Gro\u00dfhandel legen.<\/p>\n<p><strong>Kontaktieren Sie uns noch heute, um Muster anzufordern oder Gro\u00dfauftr\u00e4ge zu besprechen!<\/strong><\/p>","protected":false},"excerpt":{"rendered":"<p>Entdecken Sie die einzigartigen Parf\u00fcmflaschen der Iceberg-Serie im Gro\u00dfhandel! Premium-Kristallglas, anpassbare Designs und Gro\u00dfverpackungsl\u00f6sungen f\u00fcr Luxus-Duftmarken.<\/p>","protected":false},"featured_media":2909,"comment_status":"open","ping_status":"closed","template":"","meta":{"_acf_changed":false,"site-sidebar-layout":"default","site-content-layout":"","ast-site-content-layout":"default","site-content-style":"default","site-sidebar-style":"default","ast-global-header-display":"","ast-banner-title-visibility":"","ast-main-header-display":"","ast-hfb-above-header-display":"","ast-hfb-below-header-display":"","ast-hfb-mobile-header-display":"","site-post-title":"","ast-breadcrumbs-content":"","ast-featured-img":"","footer-sml-layout":"","ast-disable-related-posts":"","theme-transparent-header-meta":"default","adv-header-id-meta":"","stick-header-meta":"","header-above-stick-meta":"","header-main-stick-meta":"","header-below-stick-meta":"","astra-migrate-meta-layouts":"set","ast-page-background-enabled":"default","ast-page-background-meta":{"desktop":{"background-color":"var(--ast-global-color-5)","background-image":"","background-repeat":"repeat","background-position":"center center","background-size":"auto","background-attachment":"scroll","background-type":"","background-media":"","overlay-type":"","overlay-color":"","overlay-opacity":"","overlay-gradient":""},"tablet":{"background-color":"","background-image":"","background-repeat":"repeat","background-position":"center center","background-size":"auto","background-attachment":"scroll","background-type":"","background-media":"","overlay-type":"","overlay-color":"","overlay-opacity":"","overlay-gradient":""},"mobile":{"background-color":"","background-image":"","background-repeat":"repeat","background-position":"center center","background-size":"auto","background-attachment":"scroll","background-type":"","background-media":"","overlay-type":"","overlay-color":"","overlay-opacity":"","overlay-gradient":""}},"ast-content-background-meta":{"desktop":{"background-color":"var(--ast-global-color-4)","background-image":"","background-repeat":"repeat","background-position":"center center","background-size":"auto","background-attachment":"scroll","background-type":"","background-media":"","overlay-type":"","overlay-color":"","overlay-opacity":"","overlay-gradient":""},"tablet":{"background-color":"var(--ast-global-color-4)","background-image":"","background-repeat":"repeat","background-position":"center center","background-size":"auto","background-attachment":"scroll","background-type":"","background-media":"","overlay-type":"","overlay-color":"","overlay-opacity":"","overlay-gradient":""},"mobile":{"background-color":"var(--ast-global-color-4)","background-image":"","background-repeat":"repeat","background-position":"center center","background-size":"auto","background-attachment":"scroll","background-type":"","background-media":"","overlay-type":"","overlay-color":"","overlay-opacity":"","overlay-gradient":""}}},"product_brand":[],"product_cat":[72,41],"product_tag":[],"class_list":{"0":"post-2905","1":"product","2":"type-product","3":"status-publish","4":"has-post-thumbnail","6":"product_cat-cosmetic-packaging","7":"product_cat-perfume-bottles","8":"desktop-align-left","9":"tablet-align-left","10":"mobile-align-left","12":"first","13":"instock","14":"shipping-taxable","15":"product-type-simple"},"acf":[],"jetpack_sharing_enabled":true,"_links":{"self":[{"href":"https:\/\/theperfumebottles.com\/de\/wp-json\/wp\/v2\/product\/2905","targetHints":{"allow":["GET"]}}],"collection":[{"href":"https:\/\/theperfumebottles.com\/de\/wp-json\/wp\/v2\/product"}],"about":[{"href":"https:\/\/theperfumebottles.com\/de\/wp-json\/wp\/v2\/types\/product"}],"replies":[{"embeddable":true,"href":"https:\/\/theperfumebottles.com\/de\/wp-json\/wp\/v2\/comments?post=2905"}],"wp:featuredmedia":[{"embeddable":true,"href":"https:\/\/theperfumebottles.com\/de\/wp-json\/wp\/v2\/media\/2909"}],"wp:attachment":[{"href":"https:\/\/theperfumebottles.com\/de\/wp-json\/wp\/v2\/media?parent=2905"}],"wp:term":[{"taxonomy":"product_brand","embeddable":true,"href":"https:\/\/theperfumebottles.com\/de\/wp-json\/wp\/v2\/product_brand?post=2905"},{"taxonomy":"product_cat","embeddable":true,"href":"https:\/\/theperfumebottles.com\/de\/wp-json\/wp\/v2\/product_cat?post=2905"},{"taxonomy":"product_tag","embeddable":true,"href":"https:\/\/theperfumebottles.com\/de\/wp-json\/wp\/v2\/product_tag?post=2905"}],"curies":[{"name":"wp","href":"https:\/\/api.w.org\/{rel}","templated":true}]}}