{"id":2915,"date":"2025-03-26T09:33:10","date_gmt":"2025-03-26T09:33:10","guid":{"rendered":"https:\/\/theperfumebottles.com\/?post_type=product&#038;p=2915"},"modified":"2025-05-27T15:12:42","modified_gmt":"2025-05-27T07:12:42","slug":"30ml-50ml-most-beautiful-perfume-bottles-with-ball-tops","status":"publish","type":"product","link":"https:\/\/theperfumebottles.com\/de\/produkt\/30ml-50ml-most-beautiful-perfume-bottles-with-ball-tops\/","title":{"rendered":"30 ml 50 ml Die sch\u00f6nsten Parf\u00fcmflakons mit Kugelverschluss"},"content":{"rendered":"<p>F\u00fcr Marken und H\u00e4ndler, die ihre Kunden mit wundersch\u00f6nen Parf\u00fcmflakons begeistern m\u00f6chten, bietet unsere exklusive Flakon-Serie (Modelle PB-GK0301 und PB-GK0302) die perfekte Kombination aus Eleganz, Langlebigkeit und Individualisierungsm\u00f6glichkeiten, um Ihre Duft-, Eau-de-Cologne- oder Aftershave-Linie aufzuwerten. Diese Glasflakons wurden f\u00fcr Premium-Branding entwickelt und setzen Ihre D\u00fcfte mit unvergleichlicher Raffinesse in Szene.<\/p>\n<h2>Wichtigste Spezifikationen auf einen Blick<\/h2>\n<div class=\"hyc-common-markdown__table-wrapper\">\n<table>\n<thead>\n<tr>\n<th>\u200b<strong>Modell<\/strong><\/th>\n<th>PB-GK0301<\/th>\n<th>PB-GK0302<\/th>\n<\/tr>\n<\/thead>\n<tbody>\n<tr>\n<td>\u200b<strong>Kapazit\u00e4t<\/strong><\/td>\n<td>50 ml<\/td>\n<td>100 ml<\/td>\n<\/tr>\n<tr>\n<td>\u200b<strong>Ma\u00dfe<\/strong><\/td>\n<td>39 \u00d7 49 \u00d7 119 mm<\/td>\n<td>45 \u00d7 55 \u00d7 130 mm<\/td>\n<\/tr>\n<tr>\n<td>\u200b<strong>Material<\/strong><\/td>\n<td>Kristallglas<\/td>\n<td>Kristallglas<\/td>\n<\/tr>\n<tr>\n<td>\u200b<strong>Kappenfarben<\/strong><\/td>\n<td>Blau\/Wei\u00df\/Benutzerdefiniert<\/td>\n<td>Blau\/Wei\u00df\/Benutzerdefiniert<\/td>\n<\/tr>\n<tr>\n<td>\u200b<strong>Dichtungstyp<\/strong><\/td>\n<td>Spr\u00fchdeckel<\/td>\n<td>Spr\u00fchdeckel<\/td>\n<\/tr>\n<\/tbody>\n<\/table>\n<\/div>\n<h2>Warum unsere Parf\u00fcmflakons zu Ihren Markenzielen passen<\/h2>\n<ul>\n<li>\u200b<strong>Individuelles Branding<\/strong>Verwandeln Sie leere Parf\u00fcmflakons in unverwechselbare Einzelst\u00fccke mit Logogravur, individuellen Verschlussfarben oder ma\u00dfgeschneiderter Etikettierung.<\/li>\n<li>\u200b<strong>Premium-Verpackung<\/strong>Das Design des Glask\u00f6rpers und des Zerst\u00e4ubers entspricht einer luxuri\u00f6sen \u00c4sthetik und ist ideal f\u00fcr hochwertige Duft-, Aftershave- oder Cologne-Linien.<\/li>\n<li>\u200b<strong>Masseneffizienz<\/strong>Als vertrauensw\u00fcrdiger Hersteller bieten wir wettbewerbsf\u00e4hige Preise f\u00fcr gro\u00dfe Mengen und sicheren Versand, um Gro\u00dfh\u00e4ndler und Startups zu unterst\u00fctzen.<\/li>\n<\/ul>\n<h2>Ideal f\u00fcr:<\/h2>\n<p>\u200b<strong>Luxusmarken<\/strong>Steigern Sie Ihr Niveau<strong>Duft<\/strong>\u00a0Linie mit<strong>elegante Verpackung<\/strong>\u00a0Das spiegelt h\u00f6chste Qualit\u00e4t wider.<br \/>\n<strong>Reisefreundlich:<\/strong> Die exquisite und kompakte 50-ml-Flasche passt problemlos in eine Handtasche und sorgt so f\u00fcr Eleganz unterwegs.<br \/>\n\u200b<strong>Eigenmarken<\/strong>: Erstellen<strong>einzigartig<\/strong>\u00a0Branding mit anpassbaren<strong>Container<\/strong>\u00a0f\u00fcr Nischenm\u00e4rkte.<\/p>\n<p><strong>Werden Sie noch heute unser Partner!<\/strong><br \/>\nHeben Sie sich in der wettbewerbsintensiven Duftstoffbranche ab mit<strong>wundersch\u00f6ne Parf\u00fcmflakons<\/strong>\u00a0Entworfen, um zu beeindrucken. Fordern Sie jetzt Muster an oder besprechen Sie Gro\u00dfbestellungen, um das Potenzial Ihrer Marke voll auszusch\u00f6pfen!<\/p>","protected":false},"excerpt":{"rendered":"<p>Entdecken Sie die sch\u00f6nsten Parf\u00fcmflakons f\u00fcr Luxusmarken. Hochwertige Kristallglasflakons mit 50 ml und 100 ml Fassungsverm\u00f6gen, individuell gestaltbare Verschl\u00fcsse und Gro\u00dfpackungen.<\/p>","protected":false},"featured_media":2918,"comment_status":"open","ping_status":"closed","template":"","meta":{"_acf_changed":false,"site-sidebar-layout":"default","site-content-layout":"","ast-site-content-layout":"default","site-content-style":"default","site-sidebar-style":"default","ast-global-header-display":"","ast-banner-title-visibility":"","ast-main-header-display":"","ast-hfb-above-header-display":"","ast-hfb-below-header-display":"","ast-hfb-mobile-header-display":"","site-post-title":"","ast-breadcrumbs-content":"","ast-featured-img":"","footer-sml-layout":"","ast-disable-related-posts":"","theme-transparent-header-meta":"default","adv-header-id-meta":"","stick-header-meta":"","header-above-stick-meta":"","header-main-stick-meta":"","header-below-stick-meta":"","astra-migrate-meta-layouts":"set","ast-page-background-enabled":"default","ast-page-background-meta":{"desktop":{"background-color":"var(--ast-global-color-5)","background-image":"","background-repeat":"repeat","background-position":"center center","background-size":"auto","background-attachment":"scroll","background-type":"","background-media":"","overlay-type":"","overlay-color":"","overlay-opacity":"","overlay-gradient":""},"tablet":{"background-color":"","background-image":"","background-repeat":"repeat","background-position":"center center","background-size":"auto","background-attachment":"scroll","background-type":"","background-media":"","overlay-type":"","overlay-color":"","overlay-opacity":"","overlay-gradient":""},"mobile":{"background-color":"","background-image":"","background-repeat":"repeat","background-position":"center center","background-size":"auto","background-attachment":"scroll","background-type":"","background-media":"","overlay-type":"","overlay-color":"","overlay-opacity":"","overlay-gradient":""}},"ast-content-background-meta":{"desktop":{"background-color":"var(--ast-global-color-4)","background-image":"","background-repeat":"repeat","background-position":"center center","background-size":"auto","background-attachment":"scroll","background-type":"","background-media":"","overlay-type":"","overlay-color":"","overlay-opacity":"","overlay-gradient":""},"tablet":{"background-color":"var(--ast-global-color-4)","background-image":"","background-repeat":"repeat","background-position":"center center","background-size":"auto","background-attachment":"scroll","background-type":"","background-media":"","overlay-type":"","overlay-color":"","overlay-opacity":"","overlay-gradient":""},"mobile":{"background-color":"var(--ast-global-color-4)","background-image":"","background-repeat":"repeat","background-position":"center center","background-size":"auto","background-attachment":"scroll","background-type":"","background-media":"","overlay-type":"","overlay-color":"","overlay-opacity":"","overlay-gradient":""}}},"product_brand":[],"product_cat":[72,41],"product_tag":[],"class_list":{"0":"post-2915","1":"product","2":"type-product","3":"status-publish","4":"has-post-thumbnail","6":"product_cat-cosmetic-packaging","7":"product_cat-perfume-bottles","8":"desktop-align-left","9":"tablet-align-left","10":"mobile-align-left","12":"first","13":"instock","14":"shipping-taxable","15":"product-type-simple"},"acf":[],"jetpack_sharing_enabled":true,"_links":{"self":[{"href":"https:\/\/theperfumebottles.com\/de\/wp-json\/wp\/v2\/product\/2915","targetHints":{"allow":["GET"]}}],"collection":[{"href":"https:\/\/theperfumebottles.com\/de\/wp-json\/wp\/v2\/product"}],"about":[{"href":"https:\/\/theperfumebottles.com\/de\/wp-json\/wp\/v2\/types\/product"}],"replies":[{"embeddable":true,"href":"https:\/\/theperfumebottles.com\/de\/wp-json\/wp\/v2\/comments?post=2915"}],"wp:featuredmedia":[{"embeddable":true,"href":"https:\/\/theperfumebottles.com\/de\/wp-json\/wp\/v2\/media\/2918"}],"wp:attachment":[{"href":"https:\/\/theperfumebottles.com\/de\/wp-json\/wp\/v2\/media?parent=2915"}],"wp:term":[{"taxonomy":"product_brand","embeddable":true,"href":"https:\/\/theperfumebottles.com\/de\/wp-json\/wp\/v2\/product_brand?post=2915"},{"taxonomy":"product_cat","embeddable":true,"href":"https:\/\/theperfumebottles.com\/de\/wp-json\/wp\/v2\/product_cat?post=2915"},{"taxonomy":"product_tag","embeddable":true,"href":"https:\/\/theperfumebottles.com\/de\/wp-json\/wp\/v2\/product_tag?post=2915"}],"curies":[{"name":"wp","href":"https:\/\/api.w.org\/{rel}","templated":true}]}}