{"id":2921,"date":"2025-03-27T04:16:02","date_gmt":"2025-03-27T04:16:02","guid":{"rendered":"https:\/\/theperfumebottles.com\/?post_type=product&#038;p=2921"},"modified":"2025-04-18T02:10:27","modified_gmt":"2025-04-18T02:10:27","slug":"best-perfume-bottles-with-orb-tops","status":"publish","type":"product","link":"https:\/\/theperfumebottles.com\/de\/produkt\/best-perfume-bottles-with-orb-tops\/","title":{"rendered":"30 ml, 50 ml, 100 ml Hochwertige Kristallparf\u00fcmflakons mit Kugelverschluss"},"content":{"rendered":"<p>Unsere Parf\u00fcmflakons der Orb-Serie sind wundersch\u00f6n und elegant und werden aus hochwertigem Kristallglas gefertigt. Sie sind gleicherma\u00dfen sch\u00f6n und praktisch. Perfekt f\u00fcr Premium- und Nischenparfums.<\/p>\n<table style=\"border-collapse: collapse; margin-left: auto; margin-right: auto; width: 202.53pt;\" border=\"0\" width=\"270\" cellspacing=\"0\" cellpadding=\"0\">\n<tbody>\n<tr style=\"height: 15.00pt;\">\n<td style=\"height: 15.00pt; width: 67.50pt;\" width=\"90\" height=\"20\">\n<p><figure id=\"attachment_2923\" aria-describedby=\"caption-attachment-2923\" style=\"width: 300px\" class=\"wp-caption aligncenter\"><img fetchpriority=\"high\" decoding=\"async\" class=\"size-medium wp-image-2923\" src=\"https:\/\/theperfumebottles.com\/wp-content\/uploads\/2025\/03\/best-perfume-bottles-GK0401-300x300.webp\" alt=\"die besten Parf\u00fcmflakons\" width=\"300\" height=\"300\" srcset=\"https:\/\/theperfumebottles.com\/wp-content\/uploads\/2025\/03\/best-perfume-bottles-GK0401-300x300.webp 300w, https:\/\/theperfumebottles.com\/wp-content\/uploads\/2025\/03\/best-perfume-bottles-GK0401-150x150.webp 150w, https:\/\/theperfumebottles.com\/wp-content\/uploads\/2025\/03\/best-perfume-bottles-GK0401-768x768.webp 768w, https:\/\/theperfumebottles.com\/wp-content\/uploads\/2025\/03\/best-perfume-bottles-GK0401-12x12.webp 12w, https:\/\/theperfumebottles.com\/wp-content\/uploads\/2025\/03\/best-perfume-bottles-GK0401-600x600.webp 600w, https:\/\/theperfumebottles.com\/wp-content\/uploads\/2025\/03\/best-perfume-bottles-GK0401-100x100.webp 100w, https:\/\/theperfumebottles.com\/wp-content\/uploads\/2025\/03\/best-perfume-bottles-GK0401.webp 1000w\" sizes=\"(max-width: 300px) 100vw, 300px\" \/><figcaption id=\"caption-attachment-2923\" class=\"wp-caption-text\">30 ml<\/figcaption><\/figure><\/td>\n<td style=\"width: 67.50pt;\" width=\"90\">\n<p><figure id=\"attachment_2926\" aria-describedby=\"caption-attachment-2926\" style=\"width: 300px\" class=\"wp-caption aligncenter\"><img decoding=\"async\" class=\"size-medium wp-image-2926\" src=\"https:\/\/theperfumebottles.com\/wp-content\/uploads\/2025\/03\/crystal-perfume-bottles-GK0402-300x300.webp\" alt=\"Kristall-Parf\u00fcmflakons\" width=\"300\" height=\"300\" srcset=\"https:\/\/theperfumebottles.com\/wp-content\/uploads\/2025\/03\/crystal-perfume-bottles-GK0402-300x300.webp 300w, https:\/\/theperfumebottles.com\/wp-content\/uploads\/2025\/03\/crystal-perfume-bottles-GK0402-150x150.webp 150w, https:\/\/theperfumebottles.com\/wp-content\/uploads\/2025\/03\/crystal-perfume-bottles-GK0402-768x768.webp 768w, https:\/\/theperfumebottles.com\/wp-content\/uploads\/2025\/03\/crystal-perfume-bottles-GK0402-12x12.webp 12w, https:\/\/theperfumebottles.com\/wp-content\/uploads\/2025\/03\/crystal-perfume-bottles-GK0402-600x600.webp 600w, https:\/\/theperfumebottles.com\/wp-content\/uploads\/2025\/03\/crystal-perfume-bottles-GK0402-100x100.webp 100w, https:\/\/theperfumebottles.com\/wp-content\/uploads\/2025\/03\/crystal-perfume-bottles-GK0402.webp 1024w\" sizes=\"(max-width: 300px) 100vw, 300px\" \/><figcaption id=\"caption-attachment-2926\" class=\"wp-caption-text\">50 ml<\/figcaption><\/figure><\/td>\n<td style=\"width: 67.50pt;\" width=\"90\">\n<p><figure id=\"attachment_2927\" aria-describedby=\"caption-attachment-2927\" style=\"width: 300px\" class=\"wp-caption aligncenter\"><img decoding=\"async\" class=\"size-medium wp-image-2927\" src=\"https:\/\/theperfumebottles.com\/wp-content\/uploads\/2025\/03\/crystal-perfume-bottles-GK0403-300x300.webp\" alt=\"Kristall-Parf\u00fcmflakons\" width=\"300\" height=\"300\" srcset=\"https:\/\/theperfumebottles.com\/wp-content\/uploads\/2025\/03\/crystal-perfume-bottles-GK0403-300x300.webp 300w, https:\/\/theperfumebottles.com\/wp-content\/uploads\/2025\/03\/crystal-perfume-bottles-GK0403-150x150.webp 150w, https:\/\/theperfumebottles.com\/wp-content\/uploads\/2025\/03\/crystal-perfume-bottles-GK0403-768x768.webp 768w, https:\/\/theperfumebottles.com\/wp-content\/uploads\/2025\/03\/crystal-perfume-bottles-GK0403-12x12.webp 12w, https:\/\/theperfumebottles.com\/wp-content\/uploads\/2025\/03\/crystal-perfume-bottles-GK0403-600x600.webp 600w, https:\/\/theperfumebottles.com\/wp-content\/uploads\/2025\/03\/crystal-perfume-bottles-GK0403-100x100.webp 100w, https:\/\/theperfumebottles.com\/wp-content\/uploads\/2025\/03\/crystal-perfume-bottles-GK0403.webp 1024w\" sizes=\"(max-width: 300px) 100vw, 300px\" \/><figcaption id=\"caption-attachment-2927\" class=\"wp-caption-text\">100 ml<\/figcaption><\/figure><\/td>\n<\/tr>\n<\/tbody>\n<\/table>\n<h2>Wichtige Spezifikationen<\/h2>\n<div class=\"hyc-common-markdown__table-wrapper\">\n<table>\n<thead>\n<tr>\n<th>Modell<\/th>\n<th>Kapazit\u00e4t<\/th>\n<th>Abmessungen (H*T)<\/th>\n<th>Optionen f\u00fcr die Kappe<\/th>\n<th>Dichtungstyp<\/th>\n<\/tr>\n<\/thead>\n<tbody>\n<tr>\n<td>PB-GK0401<\/td>\n<td>30 ml<\/td>\n<td>42 * 73 mm<\/td>\n<td>Gold\/Silber\/Schwarz<\/td>\n<td>Spr\u00fchdeckel<\/td>\n<\/tr>\n<tr>\n<td>PB-GK0402<\/td>\n<td>50 ml<\/td>\n<td>45 * 88 mm<\/td>\n<td>Gold\/Silber\/Schwarz<\/td>\n<td>Spr\u00fchdeckel<\/td>\n<\/tr>\n<tr>\n<td>PB-GK0403<\/td>\n<td>100 ml<\/td>\n<td>56 * 101 mm<\/td>\n<td>Gold\/Silber\/Schwarz<\/td>\n<td>Spr\u00fchdeckel<\/td>\n<\/tr>\n<\/tbody>\n<\/table>\n<\/div>\n<h2>Individualisierung: Machen Sie es zu Ihrem ganz pers\u00f6nlichen Produkt<\/h2>\n<p>Die leeren Parf\u00fcmflakons der Orb-Serie wurden f\u00fcr Marken entwickelt, die eine einzigartige Verpackung suchen, die zu ihrer Markenidentit\u00e4t passt:<\/p>\n<ul>\n<li>\u200b<strong>Kappenanpassung<\/strong>: W\u00e4hlen Sie die Oberfl\u00e4chenbeschaffenheit (matt, metallisch, mattiert) und das Material (Harz, Aluminium).<\/li>\n<li>\u200b<strong>Flaschenoberfl\u00e4che<\/strong>: W\u00e4hlen Sie zwischen UV-Beschichtung, Farbverlauf oder vollst\u00e4ndiger Transparenz.<\/li>\n<li>\u200b<strong>Markenbildung<\/strong>: Logos per Hei\u00dfpr\u00e4gung, Siebdruck oder Gravur hinzuf\u00fcgen.<\/li>\n<li>\u200b<strong>Farbabstimmung<\/strong>Passen Sie sowohl Flasche als auch Verschluss an die Farbpalette Ihrer Marke an.<\/li>\n<\/ul>\n<hr \/>\n<h2>Warum die Orb-Serie w\u00e4hlen?<\/h2>\n<p>Diese Kristallparf\u00fcmflakons sind mehr als nur leere Spr\u00fchflaschen \u2013 sie sind eine strategische Investition in das Premium-Image Ihrer Marke. Ideal f\u00fcr<strong>Sch\u00fcttgut<\/strong>\u00a0Bestellungen, die Orb-Serie bietet:<\/p>\n<ul>\n<li>\u200b<strong>Luxuri\u00f6ser Reiz<\/strong>Dickes Glas und ein kugelf\u00f6rmiges Kappen-Design sorgen in wettbewerbsintensiven M\u00e4rkten f\u00fcr Aufsehen.<\/li>\n<li>\u200b<strong>Haltbarkeit<\/strong>Kristallglas ist kratzfest und beh\u00e4lt seine Klarheit \u00fcber lange Zeit.<\/li>\n<li>\u200b<strong>Flexibilit\u00e4t<\/strong>Passen Sie die Form, den Hals oder den Boden des runden Parf\u00fcmflakons Ihren \u00e4sthetischen Bed\u00fcrfnissen an.<\/li>\n<\/ul>\n<h3><strong>F\u00fcr Marken, die h\u00f6chste Anspr\u00fcche stellen<\/strong><\/h3>\n<p>Ob Sie ein Nischenparf\u00fcmeur oder ein globales Luxushaus sind \u2013 die Flakons der Orb-Serie vereinen Eleganz und Funktionalit\u00e4t. Sie eignen sich perfekt f\u00fcr das Branding hochwertiger D\u00fcfte, Parfums oder Hautpflege\u00f6le und verwandeln allt\u00e4gliche Verpackungen in wirkungsvolle Marketinginstrumente.<\/p>\n<p><strong>Bestellen Sie noch heute in gro\u00dfen Mengen!<\/strong>\u00a0und lassen Sie Ihren Duft durch die besten Parf\u00fcmflakons auf dem Markt erstrahlen.<\/p>","protected":false},"excerpt":{"rendered":"<p>Entdecken Sie unsere sch\u00f6nsten Parf\u00fcmflakons \u2013 runde Kristallflakons mit kugelf\u00f6rmigen Verschl\u00fcssen. Individuell gestaltbare Luxus-Glasbeh\u00e4lter f\u00fcr Branding und Gro\u00dfbestellungen.<\/p>","protected":false},"featured_media":2926,"comment_status":"open","ping_status":"closed","template":"","meta":{"_acf_changed":false,"site-sidebar-layout":"default","site-content-layout":"","ast-site-content-layout":"default","site-content-style":"default","site-sidebar-style":"default","ast-global-header-display":"","ast-banner-title-visibility":"","ast-main-header-display":"","ast-hfb-above-header-display":"","ast-hfb-below-header-display":"","ast-hfb-mobile-header-display":"","site-post-title":"","ast-breadcrumbs-content":"","ast-featured-img":"","footer-sml-layout":"","ast-disable-related-posts":"","theme-transparent-header-meta":"default","adv-header-id-meta":"","stick-header-meta":"","header-above-stick-meta":"","header-main-stick-meta":"","header-below-stick-meta":"","astra-migrate-meta-layouts":"set","ast-page-background-enabled":"default","ast-page-background-meta":{"desktop":{"background-color":"var(--ast-global-color-5)","background-image":"","background-repeat":"repeat","background-position":"center center","background-size":"auto","background-attachment":"scroll","background-type":"","background-media":"","overlay-type":"","overlay-color":"","overlay-opacity":"","overlay-gradient":""},"tablet":{"background-color":"","background-image":"","background-repeat":"repeat","background-position":"center center","background-size":"auto","background-attachment":"scroll","background-type":"","background-media":"","overlay-type":"","overlay-color":"","overlay-opacity":"","overlay-gradient":""},"mobile":{"background-color":"","background-image":"","background-repeat":"repeat","background-position":"center center","background-size":"auto","background-attachment":"scroll","background-type":"","background-media":"","overlay-type":"","overlay-color":"","overlay-opacity":"","overlay-gradient":""}},"ast-content-background-meta":{"desktop":{"background-color":"var(--ast-global-color-4)","background-image":"","background-repeat":"repeat","background-position":"center center","background-size":"auto","background-attachment":"scroll","background-type":"","background-media":"","overlay-type":"","overlay-color":"","overlay-opacity":"","overlay-gradient":""},"tablet":{"background-color":"var(--ast-global-color-4)","background-image":"","background-repeat":"repeat","background-position":"center center","background-size":"auto","background-attachment":"scroll","background-type":"","background-media":"","overlay-type":"","overlay-color":"","overlay-opacity":"","overlay-gradient":""},"mobile":{"background-color":"var(--ast-global-color-4)","background-image":"","background-repeat":"repeat","background-position":"center center","background-size":"auto","background-attachment":"scroll","background-type":"","background-media":"","overlay-type":"","overlay-color":"","overlay-opacity":"","overlay-gradient":""}}},"product_brand":[],"product_cat":[41,72,91],"product_tag":[],"class_list":{"0":"post-2921","1":"product","2":"type-product","3":"status-publish","4":"has-post-thumbnail","6":"product_cat-perfume-bottles","7":"product_cat-cosmetic-packaging","8":"product_cat-custom-perfume-bottles","9":"desktop-align-left","10":"tablet-align-left","11":"mobile-align-left","13":"first","14":"instock","15":"shipping-taxable","16":"product-type-simple"},"acf":[],"jetpack_sharing_enabled":true,"_links":{"self":[{"href":"https:\/\/theperfumebottles.com\/de\/wp-json\/wp\/v2\/product\/2921","targetHints":{"allow":["GET"]}}],"collection":[{"href":"https:\/\/theperfumebottles.com\/de\/wp-json\/wp\/v2\/product"}],"about":[{"href":"https:\/\/theperfumebottles.com\/de\/wp-json\/wp\/v2\/types\/product"}],"replies":[{"embeddable":true,"href":"https:\/\/theperfumebottles.com\/de\/wp-json\/wp\/v2\/comments?post=2921"}],"wp:featuredmedia":[{"embeddable":true,"href":"https:\/\/theperfumebottles.com\/de\/wp-json\/wp\/v2\/media\/2926"}],"wp:attachment":[{"href":"https:\/\/theperfumebottles.com\/de\/wp-json\/wp\/v2\/media?parent=2921"}],"wp:term":[{"taxonomy":"product_brand","embeddable":true,"href":"https:\/\/theperfumebottles.com\/de\/wp-json\/wp\/v2\/product_brand?post=2921"},{"taxonomy":"product_cat","embeddable":true,"href":"https:\/\/theperfumebottles.com\/de\/wp-json\/wp\/v2\/product_cat?post=2921"},{"taxonomy":"product_tag","embeddable":true,"href":"https:\/\/theperfumebottles.com\/de\/wp-json\/wp\/v2\/product_tag?post=2921"}],"curies":[{"name":"wp","href":"https:\/\/api.w.org\/{rel}","templated":true}]}}