{"id":2943,"date":"2025-04-01T07:30:00","date_gmt":"2025-04-01T07:30:00","guid":{"rendered":"https:\/\/theperfumebottles.com\/?post_type=product&#038;p=2943"},"modified":"2025-04-18T01:46:50","modified_gmt":"2025-04-18T01:46:50","slug":"30ml-50ml-100ml-perfume-empty-spray-bottles-with-spherical-caps","status":"publish","type":"product","link":"https:\/\/theperfumebottles.com\/de\/produkt\/30ml-50ml-100ml-perfume-empty-spray-bottles-with-spherical-caps\/","title":{"rendered":"30 ml, 50 ml, 100 ml leere Parf\u00fcm-Spr\u00fchflaschen mit kugelf\u00f6rmigen Kappen"},"content":{"rendered":"<p>Unsere Parf\u00fcmflakon-Serie GK07 ist sowohl k\u00fcnstlerisch als auch praktisch, eignet sich f\u00fcr verschiedene Marken, und die Individualisierungsm\u00f6glichkeiten steigern den Markencharme.<\/p>\n<h2>Wichtige Spezifikationen<\/h2>\n<div class=\"hyc-common-markdown__table-wrapper\">\n<table>\n<thead>\n<tr>\n<th>Modell<\/th>\n<th>Kapazit\u00e4t<\/th>\n<th>Abmessungen (H*B)<\/th>\n<th>Farboptionen f\u00fcr die Kappe<\/th>\n<th>Anpassbare Funktionen<\/th>\n<\/tr>\n<\/thead>\n<tbody>\n<tr>\n<td>PB-GK0701<\/td>\n<td>30 ml<\/td>\n<td>38 * 89 mm<\/td>\n<td>Wei\u00df\/Schwarz\/Blau<\/td>\n<td>Rot, Lila, Gr\u00fcn usw.<\/td>\n<\/tr>\n<tr>\n<td>PB-GK0702<\/td>\n<td>50 ml<\/td>\n<td>42 * 98 mm<\/td>\n<td>Wei\u00df\/Schwarz\/Blau<\/td>\n<td>Gravierte Logos, Farbverlaufsglas<\/td>\n<\/tr>\n<tr>\n<td>PB-GK0703<\/td>\n<td>100 ml<\/td>\n<td>48 * 130 mm<\/td>\n<td>Wei\u00df\/Schwarz\/Blau<\/td>\n<td>Mattierte Textur, Marmoroptik<\/td>\n<\/tr>\n<\/tbody>\n<\/table>\n<\/div>\n<p><em>Alle Modelle verf\u00fcgen \u00fcber Schraubverschl\u00fcsse, ein Kaliber von 15 mm und runde Glasformen.<\/em><\/p>\n<h2>Individualisierung f\u00fcr einzigartiges Branding<\/h2>\n<p>Verwandle leere Parf\u00fcmflakons in erz\u00e4hlerische Meisterwerke:<\/p>\n<ul>\n<li>\u200b<strong>Gravierte Details<\/strong>: Verleihen Sie Ihren Produkten Dauerhaftigkeit mit laserge\u00e4tzten Logos oder Mustern.<\/li>\n<li>\u200b<strong>Farbflexibilit\u00e4t<\/strong>Entscheiden Sie sich f\u00fcr einen auff\u00e4lligen Damenparf\u00fcmflakon oder f\u00fcr dezente, mattierte Oberfl\u00e4chen.<\/li>\n<li>\u200b<strong>L\u00f6sungen f\u00fcr Sch\u00fcttgutverpackungen<\/strong>Ideal f\u00fcr Marken, die einheitliche, gro\u00dfvolumige Beh\u00e4lter ben\u00f6tigen.<\/li>\n<\/ul>\n<h2>Warum sollten Sie sich f\u00fcr diese Parf\u00fcmflakons entscheiden?<\/h2>\n<p>Diese Zerst\u00e4uberflaschen wurden f\u00fcr Luxusmarken und Private-Label-Hersteller entwickelt und vereinen Eleganz mit Funktionalit\u00e4t. Das kristallklare Glas und das kugelf\u00f6rmige Design machen das Auspacken zu einem besonderen Erlebnis, w\u00e4hrend Personalisierungsoptionen (Gravur, Farbverl\u00e4ufe) daf\u00fcr sorgen, dass Ihr Duft optimal zur Geltung kommt.<\/p>\n<p><strong>Ideal f\u00fcr<\/strong>:<\/p>\n<ul>\n<li>Hochwertige Parf\u00fcmmarken<\/li>\n<li>Nischenparf\u00fcmhersteller<\/li>\n<li>Individuell gestaltete Geschenksets oder limitierte Editionen<\/li>\n<\/ul>\n<p><strong>Gro\u00dfbestellungen &amp; OEM-Unterst\u00fctzung<\/strong>Als etablierter Hersteller von Glasverpackungen bieten wir Ihnen wettbewerbsf\u00e4hige Preise f\u00fcr Gro\u00dfabnehmer und ma\u00dfgeschneiderte Branding-L\u00f6sungen. Lassen Sie Ihren Duft in eleganten Flakons erstrahlen \u2013 kontaktieren Sie uns noch heute, um Ihre individuellen, leeren Parf\u00fcmzerst\u00e4uber zu gestalten.<\/p>","protected":false},"excerpt":{"rendered":"<p>Werten Sie Ihre Duftmarke mit individuell gestalteten Damenparf\u00fcmflakons und hochwertigen leeren Spr\u00fchflaschen auf. Gro\u00dfbestellungen, Kristallglas und Gravuren sind m\u00f6glich.<\/p>","protected":false},"featured_media":2945,"comment_status":"open","ping_status":"closed","template":"","meta":{"_acf_changed":false,"site-sidebar-layout":"default","site-content-layout":"","ast-site-content-layout":"default","site-content-style":"default","site-sidebar-style":"default","ast-global-header-display":"","ast-banner-title-visibility":"","ast-main-header-display":"","ast-hfb-above-header-display":"","ast-hfb-below-header-display":"","ast-hfb-mobile-header-display":"","site-post-title":"","ast-breadcrumbs-content":"","ast-featured-img":"","footer-sml-layout":"","ast-disable-related-posts":"","theme-transparent-header-meta":"default","adv-header-id-meta":"","stick-header-meta":"","header-above-stick-meta":"","header-main-stick-meta":"","header-below-stick-meta":"","astra-migrate-meta-layouts":"set","ast-page-background-enabled":"default","ast-page-background-meta":{"desktop":{"background-color":"var(--ast-global-color-5)","background-image":"","background-repeat":"repeat","background-position":"center center","background-size":"auto","background-attachment":"scroll","background-type":"","background-media":"","overlay-type":"","overlay-color":"","overlay-opacity":"","overlay-gradient":""},"tablet":{"background-color":"","background-image":"","background-repeat":"repeat","background-position":"center center","background-size":"auto","background-attachment":"scroll","background-type":"","background-media":"","overlay-type":"","overlay-color":"","overlay-opacity":"","overlay-gradient":""},"mobile":{"background-color":"","background-image":"","background-repeat":"repeat","background-position":"center center","background-size":"auto","background-attachment":"scroll","background-type":"","background-media":"","overlay-type":"","overlay-color":"","overlay-opacity":"","overlay-gradient":""}},"ast-content-background-meta":{"desktop":{"background-color":"var(--ast-global-color-4)","background-image":"","background-repeat":"repeat","background-position":"center center","background-size":"auto","background-attachment":"scroll","background-type":"","background-media":"","overlay-type":"","overlay-color":"","overlay-opacity":"","overlay-gradient":""},"tablet":{"background-color":"var(--ast-global-color-4)","background-image":"","background-repeat":"repeat","background-position":"center center","background-size":"auto","background-attachment":"scroll","background-type":"","background-media":"","overlay-type":"","overlay-color":"","overlay-opacity":"","overlay-gradient":""},"mobile":{"background-color":"var(--ast-global-color-4)","background-image":"","background-repeat":"repeat","background-position":"center center","background-size":"auto","background-attachment":"scroll","background-type":"","background-media":"","overlay-type":"","overlay-color":"","overlay-opacity":"","overlay-gradient":""}}},"product_brand":[],"product_cat":[72,91,41],"product_tag":[],"class_list":{"0":"post-2943","1":"product","2":"type-product","3":"status-publish","4":"has-post-thumbnail","6":"product_cat-cosmetic-packaging","7":"product_cat-custom-perfume-bottles","8":"product_cat-perfume-bottles","9":"desktop-align-left","10":"tablet-align-left","11":"mobile-align-left","13":"first","14":"instock","15":"shipping-taxable","16":"product-type-simple"},"acf":[],"jetpack_sharing_enabled":true,"_links":{"self":[{"href":"https:\/\/theperfumebottles.com\/de\/wp-json\/wp\/v2\/product\/2943","targetHints":{"allow":["GET"]}}],"collection":[{"href":"https:\/\/theperfumebottles.com\/de\/wp-json\/wp\/v2\/product"}],"about":[{"href":"https:\/\/theperfumebottles.com\/de\/wp-json\/wp\/v2\/types\/product"}],"replies":[{"embeddable":true,"href":"https:\/\/theperfumebottles.com\/de\/wp-json\/wp\/v2\/comments?post=2943"}],"wp:featuredmedia":[{"embeddable":true,"href":"https:\/\/theperfumebottles.com\/de\/wp-json\/wp\/v2\/media\/2945"}],"wp:attachment":[{"href":"https:\/\/theperfumebottles.com\/de\/wp-json\/wp\/v2\/media?parent=2943"}],"wp:term":[{"taxonomy":"product_brand","embeddable":true,"href":"https:\/\/theperfumebottles.com\/de\/wp-json\/wp\/v2\/product_brand?post=2943"},{"taxonomy":"product_cat","embeddable":true,"href":"https:\/\/theperfumebottles.com\/de\/wp-json\/wp\/v2\/product_cat?post=2943"},{"taxonomy":"product_tag","embeddable":true,"href":"https:\/\/theperfumebottles.com\/de\/wp-json\/wp\/v2\/product_tag?post=2943"}],"curies":[{"name":"wp","href":"https:\/\/api.w.org\/{rel}","templated":true}]}}