{"id":2950,"date":"2025-04-02T06:01:53","date_gmt":"2025-04-02T06:01:53","guid":{"rendered":"https:\/\/theperfumebottles.com\/?post_type=product&#038;p=2950"},"modified":"2025-05-29T09:58:38","modified_gmt":"2025-05-29T01:58:38","slug":"30ml-50ml-100ml-unique-perfume-bottles-with-mountain-base","status":"publish","type":"product","link":"https:\/\/theperfumebottles.com\/de\/produkt\/30ml-50ml-100ml-unique-perfume-bottles-with-mountain-base\/","title":{"rendered":"30 ml, 50 ml, 100 ml Einzigartige Parf\u00fcmflakons mit Bergmotiv"},"content":{"rendered":"<p>F\u00fcr Marken und Gro\u00dfh\u00e4ndler, die auf der Suche nach einer einzigartigen Parf\u00fcmflaschen-Gro\u00dfhandelsverpackung sind, die Kunstfertigkeit und Zweckm\u00e4\u00dfigkeit miteinander verbindet, definiert unsere Mountain Base Parf\u00fcmflaschen-Kollektion Eleganz neu. Diese leeren Parf\u00fcmflaschen aus Glas wurden f\u00fcr hochwertige Parf\u00fcms und Parf\u00fcmlinien entwickelt und bieten un\u00fcbertroffene Vielseitigkeit f\u00fcr Branding und individuelle Gestaltung.<\/p>\n<table style=\"border-collapse: collapse;margin-left: auto;margin-right: auto;width: 202.53pt\" border=\"0\" width=\"270\" cellspacing=\"0\" cellpadding=\"0\">\n<tbody>\n<tr style=\"height: 15.00pt\">\n<td style=\"height: 15.00pt;width: 67.50pt\" width=\"90\" height=\"20\">\n<p><figure id=\"attachment_2955\" aria-describedby=\"caption-attachment-2955\" style=\"width: 300px\" class=\"wp-caption aligncenter\"><img fetchpriority=\"high\" decoding=\"async\" class=\"size-medium wp-image-2955\" src=\"https:\/\/theperfumebottles.com\/wp-content\/uploads\/2025\/04\/unique-perfume-bottles-wholesale-HS0101-300x300.webp\" alt=\"einzigartige Parf\u00fcmflaschen\" width=\"300\" height=\"300\" srcset=\"https:\/\/theperfumebottles.com\/wp-content\/uploads\/2025\/04\/unique-perfume-bottles-wholesale-HS0101-300x300.webp 300w, https:\/\/theperfumebottles.com\/wp-content\/uploads\/2025\/04\/unique-perfume-bottles-wholesale-HS0101-150x150.webp 150w, https:\/\/theperfumebottles.com\/wp-content\/uploads\/2025\/04\/unique-perfume-bottles-wholesale-HS0101-768x768.webp 768w, https:\/\/theperfumebottles.com\/wp-content\/uploads\/2025\/04\/unique-perfume-bottles-wholesale-HS0101-12x12.webp 12w, https:\/\/theperfumebottles.com\/wp-content\/uploads\/2025\/04\/unique-perfume-bottles-wholesale-HS0101-600x600.webp 600w, https:\/\/theperfumebottles.com\/wp-content\/uploads\/2025\/04\/unique-perfume-bottles-wholesale-HS0101-100x100.webp 100w, https:\/\/theperfumebottles.com\/wp-content\/uploads\/2025\/04\/unique-perfume-bottles-wholesale-HS0101.webp 1024w\" sizes=\"(max-width: 300px) 100vw, 300px\" \/><figcaption id=\"caption-attachment-2955\" class=\"wp-caption-text\">30 ml<\/figcaption><\/figure><\/td>\n<td style=\"width: 67.50pt\" width=\"90\">\n<p><figure id=\"attachment_2956\" aria-describedby=\"caption-attachment-2956\" style=\"width: 300px\" class=\"wp-caption aligncenter\"><img decoding=\"async\" class=\"size-medium wp-image-2956\" src=\"https:\/\/theperfumebottles.com\/wp-content\/uploads\/2025\/04\/unique-perfume-bottles-wholesale-HS0102-300x300.webp\" alt=\"Gro\u00dfhandel mit einzigartigen Parf\u00fcmflaschen\" width=\"300\" height=\"300\" srcset=\"https:\/\/theperfumebottles.com\/wp-content\/uploads\/2025\/04\/unique-perfume-bottles-wholesale-HS0102-300x300.webp 300w, https:\/\/theperfumebottles.com\/wp-content\/uploads\/2025\/04\/unique-perfume-bottles-wholesale-HS0102-150x150.webp 150w, https:\/\/theperfumebottles.com\/wp-content\/uploads\/2025\/04\/unique-perfume-bottles-wholesale-HS0102-768x768.webp 768w, https:\/\/theperfumebottles.com\/wp-content\/uploads\/2025\/04\/unique-perfume-bottles-wholesale-HS0102-12x12.webp 12w, https:\/\/theperfumebottles.com\/wp-content\/uploads\/2025\/04\/unique-perfume-bottles-wholesale-HS0102-600x600.webp 600w, https:\/\/theperfumebottles.com\/wp-content\/uploads\/2025\/04\/unique-perfume-bottles-wholesale-HS0102-100x100.webp 100w, https:\/\/theperfumebottles.com\/wp-content\/uploads\/2025\/04\/unique-perfume-bottles-wholesale-HS0102.webp 1024w\" sizes=\"(max-width: 300px) 100vw, 300px\" \/><figcaption id=\"caption-attachment-2956\" class=\"wp-caption-text\">50 ml<\/figcaption><\/figure><\/td>\n<td style=\"width: 67.50pt\" width=\"90\">\n<p><figure id=\"attachment_2951\" aria-describedby=\"caption-attachment-2951\" style=\"width: 300px\" class=\"wp-caption aligncenter\"><img decoding=\"async\" class=\"size-medium wp-image-2951\" src=\"https:\/\/theperfumebottles.com\/wp-content\/uploads\/2025\/04\/unique-perfume-bottles-wholesale-HS0103-300x300.webp\" alt=\"Gro\u00dfhandel mit einzigartigen Parf\u00fcmflaschen\" width=\"300\" height=\"300\" srcset=\"https:\/\/theperfumebottles.com\/wp-content\/uploads\/2025\/04\/unique-perfume-bottles-wholesale-HS0103-300x300.webp 300w, https:\/\/theperfumebottles.com\/wp-content\/uploads\/2025\/04\/unique-perfume-bottles-wholesale-HS0103-150x150.webp 150w, https:\/\/theperfumebottles.com\/wp-content\/uploads\/2025\/04\/unique-perfume-bottles-wholesale-HS0103-768x768.webp 768w, https:\/\/theperfumebottles.com\/wp-content\/uploads\/2025\/04\/unique-perfume-bottles-wholesale-HS0103-12x12.webp 12w, https:\/\/theperfumebottles.com\/wp-content\/uploads\/2025\/04\/unique-perfume-bottles-wholesale-HS0103-600x600.webp 600w, https:\/\/theperfumebottles.com\/wp-content\/uploads\/2025\/04\/unique-perfume-bottles-wholesale-HS0103-100x100.webp 100w, https:\/\/theperfumebottles.com\/wp-content\/uploads\/2025\/04\/unique-perfume-bottles-wholesale-HS0103.webp 1024w\" sizes=\"(max-width: 300px) 100vw, 300px\" \/><figcaption id=\"caption-attachment-2951\" class=\"wp-caption-text\">100 ml<\/figcaption><\/figure><\/td>\n<\/tr>\n<\/tbody>\n<\/table>\n<h2>Wichtige Spezifikationen f\u00fcr Gro\u00dfhandelsk\u00e4ufer<\/h2>\n<div class=\"hyc-common-markdown__table-wrapper\">\n<table>\n<thead>\n<tr>\n<th>Modell<\/th>\n<th>Kapazit\u00e4t<\/th>\n<th>Abmessungen (H*\u00d8)<\/th>\n<th>Kaliber<\/th>\n<th>Glasform<\/th>\n<\/tr>\n<\/thead>\n<tbody>\n<tr>\n<td>PB-HS0101<\/td>\n<td>30 ml<\/td>\n<td>45 * 73 mm<\/td>\n<td>15 mm<\/td>\n<td>Rund mit Bergsockel<\/td>\n<\/tr>\n<tr>\n<td>PB-HS0102<\/td>\n<td>50 ml<\/td>\n<td>51 * 80 mm<\/td>\n<td>15 mm<\/td>\n<td>Rund mit Bergsockel<\/td>\n<\/tr>\n<tr>\n<td>PB-HS0103<\/td>\n<td>100 ml<\/td>\n<td>59 * 94 mm<\/td>\n<td>15 mm<\/td>\n<td>Rund mit Bergsockel<\/td>\n<\/tr>\n<\/tbody>\n<\/table>\n<\/div>\n<h2>Warum sollten Sie diese Flasche als Marke w\u00e4hlen?<\/h2>\n<h3>F\u00fcr Marken:<\/h3>\n<ol>\n<li>Verbessern Sie die Positionierung von Luxusprodukten durch elegantes Design.<\/li>\n<li>Leere Flaschen, die f\u00fcr eine individuelle Gravur, Mattierung oder farbiges Glas vorbereitet sind.<\/li>\n<li>Kompatibel mit Spr\u00fchzerst\u00e4ubern oder Tropfst\u00f6pseln f\u00fcr verschiedene Duftformate.<\/li>\n<\/ol>\n<h3>F\u00fcr Gro\u00dfhandelspartner:<\/h3>\n<ol>\n<li>Kosteng\u00fcnstige Gro\u00dfbestellungen f\u00fcr den Vertrieb einzigartiger Parf\u00fcmflaschen im Gro\u00dfhandel.<\/li>\n<li>Langlebige Glasbeh\u00e4lter gew\u00e4hrleisten einen sicheren weltweiten Versand.<\/li>\n<li>Rationalisierte Anpassung, um mehrere Marken mit einem Auftrag zu bedienen.<\/li>\n<\/ol>\n<h3>Anpassungsoptionen:<\/h3>\n<ul>\n<li><strong>Glas-Finish:<\/strong> Klare, gefrostete oder verlaufende Farbt\u00f6ne.<\/li>\n<li><strong>Flaschenverschluss-Design:<\/strong> Der mattschwarze Schraubverschluss (unaufdringliche Eleganz), der Verschluss mit Metallverzierungen (exquisiter Glanz) oder der umweltfreundliche Holzmaserungs-Verschluss (nat\u00fcrliche Textur) sind erh\u00e4ltlich, um dem vielf\u00e4ltigen Streben der Marke nach Stil und Qualit\u00e4t gerecht zu werden.<\/li>\n<li><strong>Marke Impressum:<\/strong> unterst\u00fctzt die Lasergravur (filigran und dauerhaft), den Siebdruck (leuchtende Farben) oder die Logopr\u00e4gung (dreidimensionale Textur), wodurch Ihr Markensymbol in der bewegendsten Haltung pr\u00e4sentiert werden kann.<\/li>\n<\/ul>\n<p>Optionale Oberteile:<\/p>\n<p><img loading=\"lazy\" decoding=\"async\" class=\"size-medium wp-image-2961 aligncenter\" src=\"https:\/\/theperfumebottles.com\/wp-content\/uploads\/2025\/04\/perfume-bottle-tops-3-300x164.webp\" alt=\"Parf\u00fcmflaschenverschl\u00fcsse\" width=\"300\" height=\"164\" srcset=\"https:\/\/theperfumebottles.com\/wp-content\/uploads\/2025\/04\/perfume-bottle-tops-3-300x164.webp 300w, https:\/\/theperfumebottles.com\/wp-content\/uploads\/2025\/04\/perfume-bottle-tops-3-18x10.webp 18w, https:\/\/theperfumebottles.com\/wp-content\/uploads\/2025\/04\/perfume-bottle-tops-3-600x329.webp 600w, https:\/\/theperfumebottles.com\/wp-content\/uploads\/2025\/04\/perfume-bottle-tops-3.webp 750w\" sizes=\"(max-width: 300px) 100vw, 300px\" \/><br \/>\n<img loading=\"lazy\" decoding=\"async\" class=\"size-medium wp-image-2960 aligncenter\" src=\"https:\/\/theperfumebottles.com\/wp-content\/uploads\/2025\/04\/perfume-bottle-tops-2-300x145.webp\" alt=\"Parf\u00fcmflaschenverschl\u00fcsse\" width=\"300\" height=\"145\" srcset=\"https:\/\/theperfumebottles.com\/wp-content\/uploads\/2025\/04\/perfume-bottle-tops-2-300x145.webp 300w, https:\/\/theperfumebottles.com\/wp-content\/uploads\/2025\/04\/perfume-bottle-tops-2-18x9.webp 18w, https:\/\/theperfumebottles.com\/wp-content\/uploads\/2025\/04\/perfume-bottle-tops-2-600x290.webp 600w, https:\/\/theperfumebottles.com\/wp-content\/uploads\/2025\/04\/perfume-bottle-tops-2.webp 750w\" sizes=\"(max-width: 300px) 100vw, 300px\" \/><br \/>\n<img loading=\"lazy\" decoding=\"async\" class=\"size-medium wp-image-2959 aligncenter\" src=\"https:\/\/theperfumebottles.com\/wp-content\/uploads\/2025\/04\/perfume-bottle-tops-1-300x224.webp\" alt=\"Parf\u00fcmflaschenverschl\u00fcsse\" width=\"300\" height=\"224\" srcset=\"https:\/\/theperfumebottles.com\/wp-content\/uploads\/2025\/04\/perfume-bottle-tops-1-300x224.webp 300w, https:\/\/theperfumebottles.com\/wp-content\/uploads\/2025\/04\/perfume-bottle-tops-1-16x12.webp 16w, https:\/\/theperfumebottles.com\/wp-content\/uploads\/2025\/04\/perfume-bottle-tops-1-600x447.webp 600w, https:\/\/theperfumebottles.com\/wp-content\/uploads\/2025\/04\/perfume-bottle-tops-1.webp 746w\" sizes=\"(max-width: 300px) 100vw, 300px\" \/><\/p>\n<h2>Bestellen Sie noch heute und verwandeln Sie Ihre Parf\u00fcmlinie<\/h2>\n<p>Ganz gleich, ob Sie ein Nischenparf\u00fcmeur oder ein Hersteller sind, der globale Marken beliefert, unsere Mountain Base Collection liefert einzigartige Parf\u00fcmverpackungen, die fesseln. Fordern Sie Muster an oder erkundigen Sie sich nach Gro\u00dfhandelspreisen, um unvergessliche Unboxing-Erlebnisse zu kreieren.<\/p>","protected":false},"excerpt":{"rendered":"<p>Entdecken Sie exquisite einzigartige Parf\u00fcmflaschen im Gro\u00dfhandel mit Mountain Base Designs. Erh\u00f6hen Sie Ihre Marke mit kundenspezifischen Kristallglasverpackungen f\u00fcr Luxusd\u00fcfte.<\/p>","protected":false},"featured_media":2956,"comment_status":"open","ping_status":"closed","template":"","meta":{"_acf_changed":false,"site-sidebar-layout":"default","site-content-layout":"","ast-site-content-layout":"default","site-content-style":"default","site-sidebar-style":"default","ast-global-header-display":"","ast-banner-title-visibility":"","ast-main-header-display":"","ast-hfb-above-header-display":"","ast-hfb-below-header-display":"","ast-hfb-mobile-header-display":"","site-post-title":"","ast-breadcrumbs-content":"","ast-featured-img":"","footer-sml-layout":"","ast-disable-related-posts":"","theme-transparent-header-meta":"default","adv-header-id-meta":"","stick-header-meta":"","header-above-stick-meta":"","header-main-stick-meta":"","header-below-stick-meta":"","astra-migrate-meta-layouts":"set","ast-page-background-enabled":"default","ast-page-background-meta":{"desktop":{"background-color":"var(--ast-global-color-5)","background-image":"","background-repeat":"repeat","background-position":"center center","background-size":"auto","background-attachment":"scroll","background-type":"","background-media":"","overlay-type":"","overlay-color":"","overlay-opacity":"","overlay-gradient":""},"tablet":{"background-color":"","background-image":"","background-repeat":"repeat","background-position":"center center","background-size":"auto","background-attachment":"scroll","background-type":"","background-media":"","overlay-type":"","overlay-color":"","overlay-opacity":"","overlay-gradient":""},"mobile":{"background-color":"","background-image":"","background-repeat":"repeat","background-position":"center center","background-size":"auto","background-attachment":"scroll","background-type":"","background-media":"","overlay-type":"","overlay-color":"","overlay-opacity":"","overlay-gradient":""}},"ast-content-background-meta":{"desktop":{"background-color":"var(--ast-global-color-4)","background-image":"","background-repeat":"repeat","background-position":"center center","background-size":"auto","background-attachment":"scroll","background-type":"","background-media":"","overlay-type":"","overlay-color":"","overlay-opacity":"","overlay-gradient":""},"tablet":{"background-color":"var(--ast-global-color-4)","background-image":"","background-repeat":"repeat","background-position":"center center","background-size":"auto","background-attachment":"scroll","background-type":"","background-media":"","overlay-type":"","overlay-color":"","overlay-opacity":"","overlay-gradient":""},"mobile":{"background-color":"var(--ast-global-color-4)","background-image":"","background-repeat":"repeat","background-position":"center center","background-size":"auto","background-attachment":"scroll","background-type":"","background-media":"","overlay-type":"","overlay-color":"","overlay-opacity":"","overlay-gradient":""}}},"product_brand":[],"product_cat":[41,72],"product_tag":[],"class_list":{"0":"post-2950","1":"product","2":"type-product","3":"status-publish","4":"has-post-thumbnail","6":"product_cat-perfume-bottles","7":"product_cat-cosmetic-packaging","8":"desktop-align-left","9":"tablet-align-left","10":"mobile-align-left","12":"first","13":"instock","14":"shipping-taxable","15":"product-type-simple"},"acf":[],"jetpack_sharing_enabled":true,"_links":{"self":[{"href":"https:\/\/theperfumebottles.com\/de\/wp-json\/wp\/v2\/product\/2950","targetHints":{"allow":["GET"]}}],"collection":[{"href":"https:\/\/theperfumebottles.com\/de\/wp-json\/wp\/v2\/product"}],"about":[{"href":"https:\/\/theperfumebottles.com\/de\/wp-json\/wp\/v2\/types\/product"}],"replies":[{"embeddable":true,"href":"https:\/\/theperfumebottles.com\/de\/wp-json\/wp\/v2\/comments?post=2950"}],"wp:featuredmedia":[{"embeddable":true,"href":"https:\/\/theperfumebottles.com\/de\/wp-json\/wp\/v2\/media\/2956"}],"wp:attachment":[{"href":"https:\/\/theperfumebottles.com\/de\/wp-json\/wp\/v2\/media?parent=2950"}],"wp:term":[{"taxonomy":"product_brand","embeddable":true,"href":"https:\/\/theperfumebottles.com\/de\/wp-json\/wp\/v2\/product_brand?post=2950"},{"taxonomy":"product_cat","embeddable":true,"href":"https:\/\/theperfumebottles.com\/de\/wp-json\/wp\/v2\/product_cat?post=2950"},{"taxonomy":"product_tag","embeddable":true,"href":"https:\/\/theperfumebottles.com\/de\/wp-json\/wp\/v2\/product_tag?post=2950"}],"curies":[{"name":"wp","href":"https:\/\/api.w.org\/{rel}","templated":true}]}}