{"id":2976,"date":"2025-04-07T08:03:03","date_gmt":"2025-04-07T08:03:03","guid":{"rendered":"https:\/\/theperfumebottles.com\/?post_type=product&#038;p=2976"},"modified":"2025-04-07T08:03:05","modified_gmt":"2025-04-07T08:03:05","slug":"30ml-50ml-100ml-green-perfume-bottles-for-men-ladies","status":"publish","type":"product","link":"https:\/\/theperfumebottles.com\/de\/produkt\/30ml-50ml-100ml-green-perfume-bottles-for-men-ladies\/","title":{"rendered":"Gr\u00fcne Parf\u00fcmflakons (30 ml, 50 ml, 100 ml) f\u00fcr Damen und Herren"},"content":{"rendered":"<p>Werten Sie Ihre Parf\u00fcmlinie mit unseren gr\u00fcnen Herrenparf\u00fcmflaschen und gr\u00fcnen Parf\u00fcmflaschen f\u00fcr Damen auf, die f\u00fcr Luxus und Vielseitigkeit geschaffen wurden. Mit ihrem Design aus Kristallglas und dem charakteristischen gr\u00fcnen Sockel vereinen diese Flakons Kunstfertigkeit und Funktionalit\u00e4t - perfekt f\u00fcr individuelle Parf\u00fcmverpackungen.<\/p>\n<table style=\"border-collapse: collapse; margin-left: auto; margin-right: auto; width: 162.03pt;\" border=\"0\" width=\"216\" cellspacing=\"0\" cellpadding=\"0\">\n<tbody>\n<tr style=\"height: 13.50pt;\">\n<td style=\"height: 13.50pt; width: 54.00pt;\" width=\"72\" height=\"18\">\n<p><figure id=\"attachment_2977\" aria-describedby=\"caption-attachment-2977\" style=\"width: 300px\" class=\"wp-caption aligncenter\"><img fetchpriority=\"high\" decoding=\"async\" class=\"size-medium wp-image-2977\" src=\"https:\/\/theperfumebottles.com\/wp-content\/uploads\/2025\/04\/mens-cologne-green-bottle-HS0301-300x300.webp\" alt=\"Herrenparf\u00fcm, gr\u00fcne Flasche\" width=\"300\" height=\"300\" srcset=\"https:\/\/theperfumebottles.com\/wp-content\/uploads\/2025\/04\/mens-cologne-green-bottle-HS0301-300x300.webp 300w, https:\/\/theperfumebottles.com\/wp-content\/uploads\/2025\/04\/mens-cologne-green-bottle-HS0301-150x150.webp 150w, https:\/\/theperfumebottles.com\/wp-content\/uploads\/2025\/04\/mens-cologne-green-bottle-HS0301-768x768.webp 768w, https:\/\/theperfumebottles.com\/wp-content\/uploads\/2025\/04\/mens-cologne-green-bottle-HS0301-12x12.webp 12w, https:\/\/theperfumebottles.com\/wp-content\/uploads\/2025\/04\/mens-cologne-green-bottle-HS0301-600x600.webp 600w, https:\/\/theperfumebottles.com\/wp-content\/uploads\/2025\/04\/mens-cologne-green-bottle-HS0301-100x100.webp 100w, https:\/\/theperfumebottles.com\/wp-content\/uploads\/2025\/04\/mens-cologne-green-bottle-HS0301.webp 1024w\" sizes=\"(max-width: 300px) 100vw, 300px\" \/><figcaption id=\"caption-attachment-2977\" class=\"wp-caption-text\">30ml HS0301<\/figcaption><\/figure><\/td>\n<td style=\"width: 54.00pt;\" width=\"72\">\n<p><figure id=\"attachment_2980\" aria-describedby=\"caption-attachment-2980\" style=\"width: 300px\" class=\"wp-caption alignnone\"><img decoding=\"async\" class=\"size-medium wp-image-2980\" src=\"https:\/\/theperfumebottles.com\/wp-content\/uploads\/2025\/04\/green-perfume-bottle-for-ladies-HS0302-300x300.webp\" alt=\"gr\u00fcner Parf\u00fcmflakon f\u00fcr Damen\" width=\"300\" height=\"300\" srcset=\"https:\/\/theperfumebottles.com\/wp-content\/uploads\/2025\/04\/green-perfume-bottle-for-ladies-HS0302-300x300.webp 300w, https:\/\/theperfumebottles.com\/wp-content\/uploads\/2025\/04\/green-perfume-bottle-for-ladies-HS0302-150x150.webp 150w, https:\/\/theperfumebottles.com\/wp-content\/uploads\/2025\/04\/green-perfume-bottle-for-ladies-HS0302-768x768.webp 768w, https:\/\/theperfumebottles.com\/wp-content\/uploads\/2025\/04\/green-perfume-bottle-for-ladies-HS0302-12x12.webp 12w, https:\/\/theperfumebottles.com\/wp-content\/uploads\/2025\/04\/green-perfume-bottle-for-ladies-HS0302-600x600.webp 600w, https:\/\/theperfumebottles.com\/wp-content\/uploads\/2025\/04\/green-perfume-bottle-for-ladies-HS0302-100x100.webp 100w, https:\/\/theperfumebottles.com\/wp-content\/uploads\/2025\/04\/green-perfume-bottle-for-ladies-HS0302.webp 1024w\" sizes=\"(max-width: 300px) 100vw, 300px\" \/><figcaption id=\"caption-attachment-2980\" class=\"wp-caption-text\">50ml HS0302<\/figcaption><\/figure><\/td>\n<td style=\"width: 54.00pt;\" width=\"72\">\n<p><figure id=\"attachment_2978\" aria-describedby=\"caption-attachment-2978\" style=\"width: 300px\" class=\"wp-caption aligncenter\"><img decoding=\"async\" class=\"size-medium wp-image-2978\" src=\"https:\/\/theperfumebottles.com\/wp-content\/uploads\/2025\/04\/green-bottle-cologne-mens-HS0303-300x300.webp\" alt=\"green bottle cologne f\u00fcr M\u00e4nner\" width=\"300\" height=\"300\" srcset=\"https:\/\/theperfumebottles.com\/wp-content\/uploads\/2025\/04\/green-bottle-cologne-mens-HS0303-300x300.webp 300w, https:\/\/theperfumebottles.com\/wp-content\/uploads\/2025\/04\/green-bottle-cologne-mens-HS0303-150x150.webp 150w, https:\/\/theperfumebottles.com\/wp-content\/uploads\/2025\/04\/green-bottle-cologne-mens-HS0303-768x768.webp 768w, https:\/\/theperfumebottles.com\/wp-content\/uploads\/2025\/04\/green-bottle-cologne-mens-HS0303-12x12.webp 12w, https:\/\/theperfumebottles.com\/wp-content\/uploads\/2025\/04\/green-bottle-cologne-mens-HS0303-600x600.webp 600w, https:\/\/theperfumebottles.com\/wp-content\/uploads\/2025\/04\/green-bottle-cologne-mens-HS0303-100x100.webp 100w, https:\/\/theperfumebottles.com\/wp-content\/uploads\/2025\/04\/green-bottle-cologne-mens-HS0303.webp 1024w\" sizes=\"(max-width: 300px) 100vw, 300px\" \/><figcaption id=\"caption-attachment-2978\" class=\"wp-caption-text\">100ml HS0303<\/figcaption><\/figure><\/td>\n<\/tr>\n<\/tbody>\n<\/table>\n<h2>Technische Spezifikationen<\/h2>\n<div class=\"hyc-common-markdown__table-wrapper\">\n<table>\n<thead>\n<tr>\n<th>Modell<\/th>\n<th>Kapazit\u00e4t<\/th>\n<th>Gr\u00f6\u00dfe (mm)<\/th>\n<th>Material<\/th>\n<th>Anwendungsfall<\/th>\n<\/tr>\n<\/thead>\n<tbody>\n<tr>\n<td>PB-HS0301<\/td>\n<td>30 ml<\/td>\n<td>46\u00d773<\/td>\n<td>Kristallglas<\/td>\n<td>Eau de Cologne f\u00fcr M\u00e4nner, K\u00f6rperspray<\/td>\n<\/tr>\n<tr>\n<td>PB-HS0302<\/td>\n<td>50 ml<\/td>\n<td>51\u00d780<\/td>\n<td>Kristallglas<\/td>\n<td>Damenparf\u00fcm, Unisex-Duft<\/td>\n<\/tr>\n<tr>\n<td>PB-HS0303<\/td>\n<td>100 ml<\/td>\n<td>59\u00d794<\/td>\n<td>Kristallglas<\/td>\n<td>Luxuri\u00f6se Geschenksets, nachf\u00fcllbarer Zerst\u00e4uber<\/td>\n<\/tr>\n<\/tbody>\n<\/table>\n<\/div>\n<h2>Warum sollten Sie diese gr\u00fcnen Glasflaschen w\u00e4hlen?<\/h2>\n<ol>\n<li>\u200b<strong>Luxus trifft auf Funktionalit\u00e4t<\/strong>\n<ul>\n<li>Parf\u00fcmflaschen aus Glas gew\u00e4hrleisten die Unversehrtheit des Duftes durch nicht reaktives Kristallglas.<\/li>\n<li>Der Pr\u00e4zisionszerst\u00e4uber sorgt f\u00fcr gleichm\u00e4\u00dfigen Spr\u00fchnebel f\u00fcr ein erstklassiges Erlebnis.<\/li>\n<\/ul>\n<\/li>\n<li>\u200b<strong>Signatur Gr\u00fcne \u00c4sthetik<\/strong>\n<ul>\n<li>Die K\u00e4ufer von Green Bottle Cologne f\u00fcr M\u00e4nner lieben die erdige, raffinierte Basis.<\/li>\n<li>Gr\u00fcnes Parf\u00fcm Flasche f\u00fcr Damen Optionen Paar Smaragdt\u00f6ne mit minimalistischen Transparenz.<\/li>\n<\/ul>\n<\/li>\n<li>\u200b<strong>Unendliche Anpassungsm\u00f6glichkeiten<\/strong>\n<ul>\n<li>Kreieren Sie einzigartige Designs: \u00c4ndern Sie die Verschlussfarben, gravieren Sie Logos ein oder w\u00e4hlen Sie leere Parf\u00fcmflaschen f\u00fcr DIY-Marken.<\/li>\n<li>Bei Gro\u00dfauftr\u00e4gen erhalten Sie Unterst\u00fctzung bei der Parf\u00fcmverpackung.<\/li>\n<\/ul>\n<\/li>\n<\/ol>\n<h2>Mit individuellem Branding auffallen<\/h2>\n<p>Als f\u00fchrender Hersteller von Parf\u00fcmflaschen aus Glas erm\u00f6glichen wir es Marken,:<\/p>\n<ul>\n<li>W\u00e4hlen Sie zwischen 30ml, 50ml oder 100ml Glasflaschen.<\/li>\n<li>F\u00fcgen Sie den Kappen matte\/gl\u00e4nzende Oberfl\u00e4chen hinzu oder f\u00e4rben Sie die transparente Basis individuell ein.<\/li>\n<li>Erstellen Sie ein Konto und profitieren Sie von exklusiven Mengenpreisen und Designberatungen.<\/li>\n<\/ul>\n<p><strong>Werten Sie Ihre Duftlinie noch heute auf<\/strong>-Verwandlung von Herren- und Damenparf\u00fcms in gr\u00fcnen Flaschen in Kunstwerke mit Sammlerwert. [Kontaktieren Sie uns, um Muster anzufordern oder Ihren eigenen Prototyp zu entwerfen!<\/p>","protected":false},"excerpt":{"rendered":"<p>Gr\u00fcne Premium-Parf\u00fcmflaschen f\u00fcr Herrend\u00fcfte und Damend\u00fcfte. Individuelle Gr\u00f6\u00dfen, Kristallglas und umweltfreundliche Designs. Ideal f\u00fcr Marken, die luxuri\u00f6se Parf\u00fcmverpackungen suchen.<\/p>","protected":false},"featured_media":2977,"comment_status":"open","ping_status":"closed","template":"","meta":{"_acf_changed":false,"site-sidebar-layout":"default","site-content-layout":"","ast-site-content-layout":"default","site-content-style":"default","site-sidebar-style":"default","ast-global-header-display":"","ast-banner-title-visibility":"","ast-main-header-display":"","ast-hfb-above-header-display":"","ast-hfb-below-header-display":"","ast-hfb-mobile-header-display":"","site-post-title":"","ast-breadcrumbs-content":"","ast-featured-img":"","footer-sml-layout":"","ast-disable-related-posts":"","theme-transparent-header-meta":"default","adv-header-id-meta":"","stick-header-meta":"","header-above-stick-meta":"","header-main-stick-meta":"","header-below-stick-meta":"","astra-migrate-meta-layouts":"set","ast-page-background-enabled":"default","ast-page-background-meta":{"desktop":{"background-color":"var(--ast-global-color-5)","background-image":"","background-repeat":"repeat","background-position":"center center","background-size":"auto","background-attachment":"scroll","background-type":"","background-media":"","overlay-type":"","overlay-color":"","overlay-opacity":"","overlay-gradient":""},"tablet":{"background-color":"","background-image":"","background-repeat":"repeat","background-position":"center center","background-size":"auto","background-attachment":"scroll","background-type":"","background-media":"","overlay-type":"","overlay-color":"","overlay-opacity":"","overlay-gradient":""},"mobile":{"background-color":"","background-image":"","background-repeat":"repeat","background-position":"center center","background-size":"auto","background-attachment":"scroll","background-type":"","background-media":"","overlay-type":"","overlay-color":"","overlay-opacity":"","overlay-gradient":""}},"ast-content-background-meta":{"desktop":{"background-color":"var(--ast-global-color-4)","background-image":"","background-repeat":"repeat","background-position":"center center","background-size":"auto","background-attachment":"scroll","background-type":"","background-media":"","overlay-type":"","overlay-color":"","overlay-opacity":"","overlay-gradient":""},"tablet":{"background-color":"var(--ast-global-color-4)","background-image":"","background-repeat":"repeat","background-position":"center center","background-size":"auto","background-attachment":"scroll","background-type":"","background-media":"","overlay-type":"","overlay-color":"","overlay-opacity":"","overlay-gradient":""},"mobile":{"background-color":"var(--ast-global-color-4)","background-image":"","background-repeat":"repeat","background-position":"center center","background-size":"auto","background-attachment":"scroll","background-type":"","background-media":"","overlay-type":"","overlay-color":"","overlay-opacity":"","overlay-gradient":""}}},"product_brand":[],"product_cat":[72,41],"product_tag":[],"class_list":{"0":"post-2976","1":"product","2":"type-product","3":"status-publish","4":"has-post-thumbnail","6":"product_cat-cosmetic-packaging","7":"product_cat-perfume-bottles","8":"desktop-align-left","9":"tablet-align-left","10":"mobile-align-left","12":"first","13":"instock","14":"shipping-taxable","15":"product-type-simple"},"acf":[],"jetpack_sharing_enabled":true,"_links":{"self":[{"href":"https:\/\/theperfumebottles.com\/de\/wp-json\/wp\/v2\/product\/2976","targetHints":{"allow":["GET"]}}],"collection":[{"href":"https:\/\/theperfumebottles.com\/de\/wp-json\/wp\/v2\/product"}],"about":[{"href":"https:\/\/theperfumebottles.com\/de\/wp-json\/wp\/v2\/types\/product"}],"replies":[{"embeddable":true,"href":"https:\/\/theperfumebottles.com\/de\/wp-json\/wp\/v2\/comments?post=2976"}],"wp:featuredmedia":[{"embeddable":true,"href":"https:\/\/theperfumebottles.com\/de\/wp-json\/wp\/v2\/media\/2977"}],"wp:attachment":[{"href":"https:\/\/theperfumebottles.com\/de\/wp-json\/wp\/v2\/media?parent=2976"}],"wp:term":[{"taxonomy":"product_brand","embeddable":true,"href":"https:\/\/theperfumebottles.com\/de\/wp-json\/wp\/v2\/product_brand?post=2976"},{"taxonomy":"product_cat","embeddable":true,"href":"https:\/\/theperfumebottles.com\/de\/wp-json\/wp\/v2\/product_cat?post=2976"},{"taxonomy":"product_tag","embeddable":true,"href":"https:\/\/theperfumebottles.com\/de\/wp-json\/wp\/v2\/product_tag?post=2976"}],"curies":[{"name":"wp","href":"https:\/\/api.w.org\/{rel}","templated":true}]}}