{"id":3076,"date":"2025-04-16T08:01:59","date_gmt":"2025-04-16T08:01:59","guid":{"rendered":"https:\/\/theperfumebottles.com\/?post_type=product&#038;p=3076"},"modified":"2025-04-16T08:02:00","modified_gmt":"2025-04-16T08:02:00","slug":"octagonal-luxury-crystal-perfume-bottle-with-gold-accent","status":"publish","type":"product","link":"https:\/\/theperfumebottles.com\/de\/produkt\/octagonal-luxury-crystal-perfume-bottle-with-gold-accent\/","title":{"rendered":"Achteckiger Luxus-Parf\u00fcmflakon aus Kristall mit Goldakzenten"},"content":{"rendered":"<p>Unsere Parf\u00fcmflaschen der Serie YX05 verbinden moderne geometrische Formen mit zeitloser Raffinesse. Unser luxuri\u00f6ser Kristall-Parf\u00fcmflakon ist genau das: Er ist so konzipiert, dass Ihr Parf\u00fcm in jedem Regal auff\u00e4llt. Ob Sie als Markeninhaber einen neuen Duft lancieren oder als H\u00e4ndler, Sie k\u00f6nnen sich darauf verlassen, dass dieser Parf\u00fcmflakon den Anspr\u00fcchen Ihrer Kunden an Qualit\u00e4t und Stil gerecht wird.<\/p>\n<h2>Wichtige Spezifikationen<\/h2>\n<div class=\"hyc-common-markdown__table-wrapper\">\n<table>\n<thead>\n<tr>\n<th>Parameter<\/th>\n<th>Details<\/th>\n<\/tr>\n<\/thead>\n<tbody>\n<tr>\n<td>Modell<\/td>\n<td>MH-YX05<\/td>\n<\/tr>\n<tr>\n<td>Kapazit\u00e4t<\/td>\n<td>100 ml (3,4 oz)<\/td>\n<\/tr>\n<tr>\n<td>Ma\u00dfe<\/td>\n<td>75mm x 34mm x 89mm<\/td>\n<\/tr>\n<tr>\n<td>Oberfl\u00e4chenoptionen<\/td>\n<td>Mattiert, Siebdruck, Hei\u00dfpr\u00e4gung, individuelle Farben\/Logos<\/td>\n<\/tr>\n<tr>\n<td>Verwendung<\/td>\n<td>Parf\u00fcms, Eau de Cologne, K\u00f6rpersprays, \u00d6le, Hydrolate<\/td>\n<\/tr>\n<tr>\n<td>Zertifizierungen<\/td>\n<td>CE, ISO, BSCI, REACH, MSDS<\/td>\n<\/tr>\n<tr>\n<td>Verpackung<\/td>\n<td>Individuell gestaltbare Kartons oder Holzpaletten f\u00fcr Gro\u00dfbestellungen<\/td>\n<\/tr>\n<tr>\n<td>Lieferzeit<\/td>\n<td>7-15 Tage (Lagerware); 30-45 Tage (Sonderanfertigung)<\/td>\n<\/tr>\n<\/tbody>\n<\/table>\n<\/div>\n<p>Die achteckige Flasche ist sch\u00f6n und praktisch zugleich und f\u00e4ngt das Licht perfekt ein. Das Fassungsverm\u00f6gen von 100 ml entspricht den markt\u00fcblichen Standards. Die schwarze Kappe mit goldenem Rand strahlt einen unaufdringlichen Luxus aus.<\/p>\n<p><strong>Robust und langlebig<\/strong>: Hergestellt aus dickem Glas, ist es langlebig und bequem zu halten, die Hervorhebung der Qualit\u00e4t des Produkts. Das Produkt hat die CE- und ISO-Zertifizierung erhalten.<\/p>\n<p><strong>Effizient und flexibel<\/strong>: Ob das Auftragsvolumen 500 oder <span class=\"wrapper\">50,000<\/span> St\u00fccke, unser Bestand und unsere Optionen k\u00f6nnen Ihnen helfen. Sie k\u00f6nnen zun\u00e4chst Muster bestellen und dann vertrauensvoll aufstocken.<\/p>\n<p>Der Parf\u00fcmflakon MH-YX05 ist ideal f\u00fcr die Kreation einpr\u00e4gsamer Marken. Vom ersten Spr\u00fchsto\u00df bis zum letzten Tropfen erfrischt er das Aussehen und das Aroma des Parf\u00fcms.<\/p>\n<h2>Passende Verpackungsvorschl\u00e4ge<\/h2>\n<p><strong>Geschenkpackung<\/strong>: W\u00e4hlen Sie eine schwarze oder dunkelblaue Schachtel. Drucken Sie ein einfaches Logo auf die Oberfl\u00e4che der Schachtel und binden Sie es mit einer Schleife in der gleichen Farbe. F\u00fcllen Sie die F\u00e4cher im Inneren der Parf\u00fcmflasche mit einem weichen Schwamm oder Flockmaterial.<\/p>\n<p><strong>F\u00fcllen<\/strong>: Verwenden Sie umweltfreundliche Materialien wie Bast oder geschreddertes Papier. Sie k\u00f6nnen die Parf\u00fcmflasche auch mit T\u00fcll umwickeln, um ihr einen feierlichen Charakter zu verleihen.<\/p>\n<p><strong>Handtaschen<\/strong>: Handtaschen aus Papier oder Vliesstoff mit Markenlogo und Slogan sind erh\u00e4ltlich. F\u00fcr High-End-Kunden k\u00f6nnen Lederhandtaschen individuell gestaltet werden.<\/p>\n<h2>Leitfaden verwenden<\/h2>\n<p>\ud83d\udc49 Bestellen Sie Proben, um das Spray zu testen.<\/p>\n<p>\ud83d\udc49 Passen Sie die Flaschenfarbe und die Markeninformationen an.<\/p>\n<p>\ud83d\udc49 Informieren Sie sich \u00fcber die M\u00f6glichkeiten des Gro\u00dfhandels, um eine kosteng\u00fcnstige L\u00f6sung zu finden.<\/p>\n<p>W\u00e4hlen Sie diesen Parf\u00fcmflakon f\u00fcr Ihre Kollektion und schaffen Sie gemeinsam eine unvergessliche Produkteinf\u00fchrung.<\/p>","protected":false},"excerpt":{"rendered":"<p>Unsere Parf\u00fcmflaschen der Serie YX05 verbinden moderne geometrische Formen mit zeitloser Raffinesse. Werten Sie Ihre Parf\u00fcmlinie mit unseren luxuri\u00f6sen Parf\u00fcmflaschen aus Kristall auf. 100ml achteckiges Glasdesign, CE\/ISO-zertifiziert, anpassbare Gro\u00dfbestellungen.<\/p>","protected":false},"featured_media":3080,"comment_status":"open","ping_status":"closed","template":"","meta":{"_acf_changed":false,"site-sidebar-layout":"default","site-content-layout":"","ast-site-content-layout":"default","site-content-style":"default","site-sidebar-style":"default","ast-global-header-display":"","ast-banner-title-visibility":"","ast-main-header-display":"","ast-hfb-above-header-display":"","ast-hfb-below-header-display":"","ast-hfb-mobile-header-display":"","site-post-title":"","ast-breadcrumbs-content":"","ast-featured-img":"","footer-sml-layout":"","ast-disable-related-posts":"","theme-transparent-header-meta":"default","adv-header-id-meta":"","stick-header-meta":"","header-above-stick-meta":"","header-main-stick-meta":"","header-below-stick-meta":"","astra-migrate-meta-layouts":"set","ast-page-background-enabled":"default","ast-page-background-meta":{"desktop":{"background-color":"var(--ast-global-color-5)","background-image":"","background-repeat":"repeat","background-position":"center center","background-size":"auto","background-attachment":"scroll","background-type":"","background-media":"","overlay-type":"","overlay-color":"","overlay-opacity":"","overlay-gradient":""},"tablet":{"background-color":"","background-image":"","background-repeat":"repeat","background-position":"center center","background-size":"auto","background-attachment":"scroll","background-type":"","background-media":"","overlay-type":"","overlay-color":"","overlay-opacity":"","overlay-gradient":""},"mobile":{"background-color":"","background-image":"","background-repeat":"repeat","background-position":"center center","background-size":"auto","background-attachment":"scroll","background-type":"","background-media":"","overlay-type":"","overlay-color":"","overlay-opacity":"","overlay-gradient":""}},"ast-content-background-meta":{"desktop":{"background-color":"var(--ast-global-color-4)","background-image":"","background-repeat":"repeat","background-position":"center center","background-size":"auto","background-attachment":"scroll","background-type":"","background-media":"","overlay-type":"","overlay-color":"","overlay-opacity":"","overlay-gradient":""},"tablet":{"background-color":"var(--ast-global-color-4)","background-image":"","background-repeat":"repeat","background-position":"center center","background-size":"auto","background-attachment":"scroll","background-type":"","background-media":"","overlay-type":"","overlay-color":"","overlay-opacity":"","overlay-gradient":""},"mobile":{"background-color":"var(--ast-global-color-4)","background-image":"","background-repeat":"repeat","background-position":"center center","background-size":"auto","background-attachment":"scroll","background-type":"","background-media":"","overlay-type":"","overlay-color":"","overlay-opacity":"","overlay-gradient":""}}},"product_brand":[],"product_cat":[72,91,41],"product_tag":[],"class_list":{"0":"post-3076","1":"product","2":"type-product","3":"status-publish","4":"has-post-thumbnail","6":"product_cat-cosmetic-packaging","7":"product_cat-custom-perfume-bottles","8":"product_cat-perfume-bottles","9":"desktop-align-left","10":"tablet-align-left","11":"mobile-align-left","13":"first","14":"instock","15":"shipping-taxable","16":"product-type-simple"},"acf":[],"jetpack_sharing_enabled":true,"_links":{"self":[{"href":"https:\/\/theperfumebottles.com\/de\/wp-json\/wp\/v2\/product\/3076","targetHints":{"allow":["GET"]}}],"collection":[{"href":"https:\/\/theperfumebottles.com\/de\/wp-json\/wp\/v2\/product"}],"about":[{"href":"https:\/\/theperfumebottles.com\/de\/wp-json\/wp\/v2\/types\/product"}],"replies":[{"embeddable":true,"href":"https:\/\/theperfumebottles.com\/de\/wp-json\/wp\/v2\/comments?post=3076"}],"wp:featuredmedia":[{"embeddable":true,"href":"https:\/\/theperfumebottles.com\/de\/wp-json\/wp\/v2\/media\/3080"}],"wp:attachment":[{"href":"https:\/\/theperfumebottles.com\/de\/wp-json\/wp\/v2\/media?parent=3076"}],"wp:term":[{"taxonomy":"product_brand","embeddable":true,"href":"https:\/\/theperfumebottles.com\/de\/wp-json\/wp\/v2\/product_brand?post=3076"},{"taxonomy":"product_cat","embeddable":true,"href":"https:\/\/theperfumebottles.com\/de\/wp-json\/wp\/v2\/product_cat?post=3076"},{"taxonomy":"product_tag","embeddable":true,"href":"https:\/\/theperfumebottles.com\/de\/wp-json\/wp\/v2\/product_tag?post=3076"}],"curies":[{"name":"wp","href":"https:\/\/api.w.org\/{rel}","templated":true}]}}