{"id":3112,"date":"2025-04-21T07:10:15","date_gmt":"2025-04-21T07:10:15","guid":{"rendered":"https:\/\/theperfumebottles.com\/?post_type=product&#038;p=3112"},"modified":"2025-05-26T15:53:47","modified_gmt":"2025-05-26T07:53:47","slug":"customizable-50ml-100ml-big-flat-perfume-bottles","status":"publish","type":"product","link":"https:\/\/theperfumebottles.com\/de\/produkt\/customizable-50ml-100ml-big-flat-perfume-bottles\/","title":{"rendered":"Individuell gestaltbare gro\u00dfe und flache Parf\u00fcmflakons in 50 ml und 100 ml"},"content":{"rendered":"<p>Unser Parf\u00fcmflakon PB-YX11 ist elegant und einfach, mit einer regelm\u00e4\u00dfigen rechteckigen Form, abgerundeten Ecken, klaren Konturen und glatten Gesamtlinien. Das transparente Glas hat eine glatte Oberfl\u00e4che und eine transparente Textur. Die Kappe ist UV-beschichtet mit Gold und Silber, und die Oberseite ist mit einer runden Dekoration verziert, so dass die gesamte einfache und exquisite modernen Stil.<\/p>\n<table style=\"border-collapse: collapse;margin-left: auto;margin-right: auto;width: 108.03pt\" border=\"0\" width=\"144\" cellspacing=\"0\" cellpadding=\"0\">\n<tbody>\n<tr style=\"height: 13.50pt\">\n<td style=\"height: 13.50pt;width: 54.00pt\" width=\"72\" height=\"18\">\n<p><figure id=\"attachment_3117\" aria-describedby=\"caption-attachment-3117\" style=\"width: 300px\" class=\"wp-caption aligncenter\"><img fetchpriority=\"high\" decoding=\"async\" class=\"wp-image-3117 size-medium\" src=\"https:\/\/theperfumebottles.com\/wp-content\/uploads\/2025\/04\/flat-perfume-bottle-YX1101-300x300.webp\" alt=\"flache Parf\u00fcmflasche\" width=\"300\" height=\"300\" srcset=\"https:\/\/theperfumebottles.com\/wp-content\/uploads\/2025\/04\/flat-perfume-bottle-YX1101-300x300.webp 300w, https:\/\/theperfumebottles.com\/wp-content\/uploads\/2025\/04\/flat-perfume-bottle-YX1101-150x150.webp 150w, https:\/\/theperfumebottles.com\/wp-content\/uploads\/2025\/04\/flat-perfume-bottle-YX1101-768x768.webp 768w, https:\/\/theperfumebottles.com\/wp-content\/uploads\/2025\/04\/flat-perfume-bottle-YX1101-12x12.webp 12w, https:\/\/theperfumebottles.com\/wp-content\/uploads\/2025\/04\/flat-perfume-bottle-YX1101-600x600.webp 600w, https:\/\/theperfumebottles.com\/wp-content\/uploads\/2025\/04\/flat-perfume-bottle-YX1101-100x100.webp 100w, https:\/\/theperfumebottles.com\/wp-content\/uploads\/2025\/04\/flat-perfume-bottle-YX1101.webp 1000w\" sizes=\"(max-width: 300px) 100vw, 300px\" \/><figcaption id=\"caption-attachment-3117\" class=\"wp-caption-text\">50ml flache Parf\u00fcmflasche<\/figcaption><\/figure><\/td>\n<td style=\"width: 54.00pt\" width=\"72\">\n<p><figure id=\"attachment_3113\" aria-describedby=\"caption-attachment-3113\" style=\"width: 300px\" class=\"wp-caption aligncenter\"><img decoding=\"async\" class=\"size-medium wp-image-3113\" src=\"https:\/\/theperfumebottles.com\/wp-content\/uploads\/2025\/04\/flat-perfume-bottle-YX1102-300x300.webp\" alt=\"flache Parf\u00fcmflasche\" width=\"300\" height=\"300\" srcset=\"https:\/\/theperfumebottles.com\/wp-content\/uploads\/2025\/04\/flat-perfume-bottle-YX1102-300x300.webp 300w, https:\/\/theperfumebottles.com\/wp-content\/uploads\/2025\/04\/flat-perfume-bottle-YX1102-150x150.webp 150w, https:\/\/theperfumebottles.com\/wp-content\/uploads\/2025\/04\/flat-perfume-bottle-YX1102-768x768.webp 768w, https:\/\/theperfumebottles.com\/wp-content\/uploads\/2025\/04\/flat-perfume-bottle-YX1102-12x12.webp 12w, https:\/\/theperfumebottles.com\/wp-content\/uploads\/2025\/04\/flat-perfume-bottle-YX1102-600x600.webp 600w, https:\/\/theperfumebottles.com\/wp-content\/uploads\/2025\/04\/flat-perfume-bottle-YX1102-100x100.webp 100w, https:\/\/theperfumebottles.com\/wp-content\/uploads\/2025\/04\/flat-perfume-bottle-YX1102.webp 1000w\" sizes=\"(max-width: 300px) 100vw, 300px\" \/><figcaption id=\"caption-attachment-3113\" class=\"wp-caption-text\">100ml flache Parf\u00fcmflasche<\/figcaption><\/figure><\/td>\n<\/tr>\n<\/tbody>\n<\/table>\n<h2>Spezifikation<\/h2>\n<table width=\"80%\">\n<tbody>\n<tr>\n<td width=\"131\">Spezifikation<\/td>\n<td width=\"249\">PB-YX1101<\/td>\n<td width=\"293\">PB-YX1102<\/td>\n<\/tr>\n<tr>\n<td>Kapazit\u00e4t<\/td>\n<td>50 ml<\/td>\n<td>100 ml<\/td>\n<\/tr>\n<tr>\n<td>Ma\u00dfe<\/td>\n<td>62mm * 22mm * 88mm, 15 mm<\/td>\n<td>74mm * 26mm * 110mm, Kaliber 15 mm<\/td>\n<\/tr>\n<tr>\n<td>Kaliber<\/td>\n<td>15 mm<\/td>\n<td>15 mm<\/td>\n<\/tr>\n<tr>\n<td>Glasfarbe<\/td>\n<td>Transparent, anpassbar<\/td>\n<td>Transparent, anpassbar<\/td>\n<\/tr>\n<tr>\n<td>Kappenfarben<\/td>\n<td>Gold, Silber, anpassbar<\/td>\n<td>Gold, Silber, anpassbar<\/td>\n<\/tr>\n<\/tbody>\n<\/table>\n<h2>Fallstudie<\/h2>\n<p>Eine bekannte Parf\u00fcmmarke w\u00e4hlte unser Modell PB-YX1102 als Verpackung f\u00fcr ihr neues Parf\u00fcm. Das Unternehmen hat die Farbe des Flaschenverschlusses und des Glases mit einer eleganten, mattierten Oberfl\u00e4che angepasst, so dass das Parf\u00fcm im Regal hervorsticht und h\u00f6here Verkaufszahlen erzielt werden.<\/p>\n<h2>Verpackungs-Tipps<\/h2>\n<p>Die besten Ergebnisse erzielen Sie, wenn Sie unser get\u00f6ntes Glas und unsere hochwertigen, mit Ihrem Firmenlogo bedruckten Papierschachteln verwenden. Dadurch wird nicht nur das Parf\u00fcm gesch\u00fctzt, sondern auch das Erlebnis des Auspackens f\u00fcr den Kunden verbessert.<\/p>","protected":false},"excerpt":{"rendered":"<p>Entdecken Sie unsere flachen Parf\u00fcmflaschen und gro\u00dfen Parf\u00fcmflaschen. Perfekt f\u00fcr den einzigartigen Duft Ihrer Marke in elegantem Glas mit verschiedenen individuellen M\u00f6glichkeiten.<\/p>","protected":false},"featured_media":3113,"comment_status":"open","ping_status":"closed","template":"","meta":{"_acf_changed":false,"site-sidebar-layout":"default","site-content-layout":"","ast-site-content-layout":"default","site-content-style":"default","site-sidebar-style":"default","ast-global-header-display":"","ast-banner-title-visibility":"","ast-main-header-display":"","ast-hfb-above-header-display":"","ast-hfb-below-header-display":"","ast-hfb-mobile-header-display":"","site-post-title":"","ast-breadcrumbs-content":"","ast-featured-img":"","footer-sml-layout":"","ast-disable-related-posts":"","theme-transparent-header-meta":"default","adv-header-id-meta":"","stick-header-meta":"","header-above-stick-meta":"","header-main-stick-meta":"","header-below-stick-meta":"","astra-migrate-meta-layouts":"set","ast-page-background-enabled":"default","ast-page-background-meta":{"desktop":{"background-color":"var(--ast-global-color-5)","background-image":"","background-repeat":"repeat","background-position":"center center","background-size":"auto","background-attachment":"scroll","background-type":"","background-media":"","overlay-type":"","overlay-color":"","overlay-opacity":"","overlay-gradient":""},"tablet":{"background-color":"","background-image":"","background-repeat":"repeat","background-position":"center center","background-size":"auto","background-attachment":"scroll","background-type":"","background-media":"","overlay-type":"","overlay-color":"","overlay-opacity":"","overlay-gradient":""},"mobile":{"background-color":"","background-image":"","background-repeat":"repeat","background-position":"center center","background-size":"auto","background-attachment":"scroll","background-type":"","background-media":"","overlay-type":"","overlay-color":"","overlay-opacity":"","overlay-gradient":""}},"ast-content-background-meta":{"desktop":{"background-color":"var(--ast-global-color-4)","background-image":"","background-repeat":"repeat","background-position":"center center","background-size":"auto","background-attachment":"scroll","background-type":"","background-media":"","overlay-type":"","overlay-color":"","overlay-opacity":"","overlay-gradient":""},"tablet":{"background-color":"var(--ast-global-color-4)","background-image":"","background-repeat":"repeat","background-position":"center center","background-size":"auto","background-attachment":"scroll","background-type":"","background-media":"","overlay-type":"","overlay-color":"","overlay-opacity":"","overlay-gradient":""},"mobile":{"background-color":"var(--ast-global-color-4)","background-image":"","background-repeat":"repeat","background-position":"center center","background-size":"auto","background-attachment":"scroll","background-type":"","background-media":"","overlay-type":"","overlay-color":"","overlay-opacity":"","overlay-gradient":""}}},"product_brand":[],"product_cat":[91,41],"product_tag":[],"class_list":{"0":"post-3112","1":"product","2":"type-product","3":"status-publish","4":"has-post-thumbnail","6":"product_cat-custom-perfume-bottles","7":"product_cat-perfume-bottles","8":"desktop-align-left","9":"tablet-align-left","10":"mobile-align-left","12":"first","13":"instock","14":"shipping-taxable","15":"product-type-simple"},"acf":[],"jetpack_sharing_enabled":true,"_links":{"self":[{"href":"https:\/\/theperfumebottles.com\/de\/wp-json\/wp\/v2\/product\/3112","targetHints":{"allow":["GET"]}}],"collection":[{"href":"https:\/\/theperfumebottles.com\/de\/wp-json\/wp\/v2\/product"}],"about":[{"href":"https:\/\/theperfumebottles.com\/de\/wp-json\/wp\/v2\/types\/product"}],"replies":[{"embeddable":true,"href":"https:\/\/theperfumebottles.com\/de\/wp-json\/wp\/v2\/comments?post=3112"}],"wp:featuredmedia":[{"embeddable":true,"href":"https:\/\/theperfumebottles.com\/de\/wp-json\/wp\/v2\/media\/3113"}],"wp:attachment":[{"href":"https:\/\/theperfumebottles.com\/de\/wp-json\/wp\/v2\/media?parent=3112"}],"wp:term":[{"taxonomy":"product_brand","embeddable":true,"href":"https:\/\/theperfumebottles.com\/de\/wp-json\/wp\/v2\/product_brand?post=3112"},{"taxonomy":"product_cat","embeddable":true,"href":"https:\/\/theperfumebottles.com\/de\/wp-json\/wp\/v2\/product_cat?post=3112"},{"taxonomy":"product_tag","embeddable":true,"href":"https:\/\/theperfumebottles.com\/de\/wp-json\/wp\/v2\/product_tag?post=3112"}],"curies":[{"name":"wp","href":"https:\/\/api.w.org\/{rel}","templated":true}]}}