{"id":3124,"date":"2025-04-22T04:03:56","date_gmt":"2025-04-22T04:03:56","guid":{"rendered":"https:\/\/theperfumebottles.com\/?post_type=product&#038;p=3124"},"modified":"2025-05-29T10:34:52","modified_gmt":"2025-05-29T02:34:52","slug":"customize-your-own-big-cologne-bottles-empty-perfume-bottles-100ml","status":"publish","type":"product","link":"https:\/\/theperfumebottles.com\/de\/produkt\/customize-your-own-big-cologne-bottles-empty-perfume-bottles-100ml\/","title":{"rendered":"Gestalten Sie Ihre eigenen gro\u00dfen Parf\u00fcmflakons \u2013 Leere 100-ml-Flakons"},"content":{"rendered":"<p>Egal, ob Sie Markeninhaber oder Gro\u00dfh\u00e4ndler sind, unsere PB-YX13 100-ml-Gro\u00dfflasche kann das Highlight Ihres Unternehmens sein. Elegantes Design + praktisches Fassungsverm\u00f6gen, eine Flasche erf\u00fcllt sowohl den gehobenen als auch den t\u00e4glichen Bedarf.<\/p>\n<h2>Spezifikation<\/h2>\n<p><img fetchpriority=\"high\" decoding=\"async\" class=\"wp-image-3125 aligncenter\" src=\"https:\/\/theperfumebottles.com\/wp-content\/uploads\/2025\/04\/big-cologne-bottles-sizes-yx13.webp\" alt=\"gro\u00dfe Parf\u00fcmflaschen\" width=\"500\" height=\"500\" srcset=\"https:\/\/theperfumebottles.com\/wp-content\/uploads\/2025\/04\/big-cologne-bottles-sizes-yx13.webp 1000w, https:\/\/theperfumebottles.com\/wp-content\/uploads\/2025\/04\/big-cologne-bottles-sizes-yx13-300x300.webp 300w, https:\/\/theperfumebottles.com\/wp-content\/uploads\/2025\/04\/big-cologne-bottles-sizes-yx13-150x150.webp 150w, https:\/\/theperfumebottles.com\/wp-content\/uploads\/2025\/04\/big-cologne-bottles-sizes-yx13-768x768.webp 768w, https:\/\/theperfumebottles.com\/wp-content\/uploads\/2025\/04\/big-cologne-bottles-sizes-yx13-12x12.webp 12w, https:\/\/theperfumebottles.com\/wp-content\/uploads\/2025\/04\/big-cologne-bottles-sizes-yx13-600x600.webp 600w, https:\/\/theperfumebottles.com\/wp-content\/uploads\/2025\/04\/big-cologne-bottles-sizes-yx13-100x100.webp 100w\" sizes=\"(max-width: 500px) 100vw, 500px\" \/><\/p>\n<table style=\"border-collapse: collapse;border: 0;margin-left: auto;margin-right: auto;width: 366.77pt\" border=\"0\" width=\"489\" cellspacing=\"0\" cellpadding=\"0\">\n<tbody>\n<tr style=\"height: 15.00pt\">\n<td class=\"et1\" style=\"height: 15.00pt;width: 141.15pt\" width=\"188\" height=\"20\"><strong>Kapazit\u00e4t<\/strong><\/td>\n<td class=\"et1\" style=\"width: 225.85pt\" width=\"301\">100 ml (3,4 oz)<\/td>\n<\/tr>\n<tr style=\"height: 15.00pt\">\n<td class=\"et1\" style=\"height: 15.00pt\" height=\"20\"><strong>Material<\/strong><\/td>\n<td class=\"et1\">Kristallglas<\/td>\n<\/tr>\n<tr style=\"height: 15.00pt\">\n<td class=\"et1\" style=\"height: 15.00pt\" height=\"20\"><strong>Spr\u00fchart<\/strong><\/td>\n<td class=\"et1\">Zerst\u00e4uber<\/td>\n<\/tr>\n<tr style=\"height: 15.00pt\">\n<td class=\"et1\" style=\"height: 15.00pt\" height=\"20\"><strong>Verf\u00fcgbare Farben<\/strong><\/td>\n<td class=\"et1\">Gold, Silber, Schwarz, Wei\u00df, Holz<\/td>\n<\/tr>\n<\/tbody>\n<\/table>\n<h2>Anwendbare Szenarien vollst\u00e4ndige Strategie<\/h2>\n<ul>\n<li><strong>T\u00e4glicher Gebrauch:<\/strong> Der Inhalt von 100 ml eignet sich zum Mitnehmen und deckt den Bedarf an ganzt\u00e4giger Dufterfrischung.<\/li>\n<li><strong>Weihnachtsgeschenke:<\/strong> exquisite Flasche + ma\u00dfgeschneiderte Verpackung, ist eine Qualit\u00e4t Wahl f\u00fcr Geschenk-Szenen.<\/li>\n<li><strong>Anpassung an mehrere D\u00fcfte:<\/strong> Eau de Toilette, Blumenwasser, K\u00f6lnisch Wasser sind alle kompatibel.<\/li>\n<\/ul>\n<figure id=\"attachment_3128\" aria-describedby=\"caption-attachment-3128\" style=\"width: 500px\" class=\"wp-caption aligncenter\"><img decoding=\"async\" class=\"wp-image-3128\" src=\"https:\/\/theperfumebottles.com\/wp-content\/uploads\/2025\/04\/empty-perfume-bottles-100ml-yx13.webp\" alt=\"leere Parf\u00fcmflaschen 100 ml\" width=\"500\" height=\"500\" srcset=\"https:\/\/theperfumebottles.com\/wp-content\/uploads\/2025\/04\/empty-perfume-bottles-100ml-yx13.webp 1000w, https:\/\/theperfumebottles.com\/wp-content\/uploads\/2025\/04\/empty-perfume-bottles-100ml-yx13-300x300.webp 300w, https:\/\/theperfumebottles.com\/wp-content\/uploads\/2025\/04\/empty-perfume-bottles-100ml-yx13-150x150.webp 150w, https:\/\/theperfumebottles.com\/wp-content\/uploads\/2025\/04\/empty-perfume-bottles-100ml-yx13-768x768.webp 768w, https:\/\/theperfumebottles.com\/wp-content\/uploads\/2025\/04\/empty-perfume-bottles-100ml-yx13-12x12.webp 12w, https:\/\/theperfumebottles.com\/wp-content\/uploads\/2025\/04\/empty-perfume-bottles-100ml-yx13-600x600.webp 600w, https:\/\/theperfumebottles.com\/wp-content\/uploads\/2025\/04\/empty-perfume-bottles-100ml-yx13-100x100.webp 100w\" sizes=\"(max-width: 500px) 100vw, 500px\" \/><figcaption id=\"caption-attachment-3128\" class=\"wp-caption-text\">leere Parf\u00fcmflaschen 100 ml<\/figcaption><\/figure>\n<h2>Vorschl\u00e4ge f\u00fcr die Verpackung<\/h2>\n<p>Eine High-End-Marke hat einmal unser Modell YX1301 (Modell mit kundenspezifischer Gravur) verwendet, um ein Parf\u00fcm in limitierter Auflage auf den Markt zu bringen - das hat nicht nur die Verkaufszahlen erh\u00f6ht, sondern auch heftige Diskussionen in den sozialen Medien ausgel\u00f6st.<\/p>\n<h2>Tipps zur Anpassung:<\/h2>\n<ul>\n<li><strong>Flaschengravur<\/strong>: Markenlogo, exklusiver Slogan, k\u00fcnstlerisches Muster.<\/li>\n<li><strong>Dekoration des Flaschenhalses<\/strong>: Metallring, Band, Verzierung aus Naturmaterial.<\/li>\n<li><strong>Upgrade der Verpackung<\/strong>von der einfachen Pappschachtel bis zur luxuri\u00f6sen Holzschachtel, f\u00fcr unterschiedliche Budgets und Bed\u00fcrfnisse.<\/li>\n<\/ul>\n<p>Gestalten Sie jetzt und machen Sie jede Flasche zu einem Tr\u00e4ger der Markengeschichte!<\/p>","protected":false},"excerpt":{"rendered":"<p>Entdecken Sie unsere individuell gestaltbaren gro\u00dfen Parf\u00fcmflaschen, einschlie\u00dflich leerer Parf\u00fcmflaschen 100ml. Perfekt f\u00fcr Ihre gesch\u00e4ftlichen Bed\u00fcrfnisse mit einzigartigen Designs und Top-Qualit\u00e4t.<\/p>","protected":false},"featured_media":3127,"comment_status":"open","ping_status":"closed","template":"","meta":{"_acf_changed":false,"site-sidebar-layout":"default","site-content-layout":"","ast-site-content-layout":"default","site-content-style":"default","site-sidebar-style":"default","ast-global-header-display":"","ast-banner-title-visibility":"","ast-main-header-display":"","ast-hfb-above-header-display":"","ast-hfb-below-header-display":"","ast-hfb-mobile-header-display":"","site-post-title":"","ast-breadcrumbs-content":"","ast-featured-img":"","footer-sml-layout":"","ast-disable-related-posts":"","theme-transparent-header-meta":"default","adv-header-id-meta":"","stick-header-meta":"","header-above-stick-meta":"","header-main-stick-meta":"","header-below-stick-meta":"","astra-migrate-meta-layouts":"set","ast-page-background-enabled":"default","ast-page-background-meta":{"desktop":{"background-color":"var(--ast-global-color-5)","background-image":"","background-repeat":"repeat","background-position":"center center","background-size":"auto","background-attachment":"scroll","background-type":"","background-media":"","overlay-type":"","overlay-color":"","overlay-opacity":"","overlay-gradient":""},"tablet":{"background-color":"","background-image":"","background-repeat":"repeat","background-position":"center center","background-size":"auto","background-attachment":"scroll","background-type":"","background-media":"","overlay-type":"","overlay-color":"","overlay-opacity":"","overlay-gradient":""},"mobile":{"background-color":"","background-image":"","background-repeat":"repeat","background-position":"center center","background-size":"auto","background-attachment":"scroll","background-type":"","background-media":"","overlay-type":"","overlay-color":"","overlay-opacity":"","overlay-gradient":""}},"ast-content-background-meta":{"desktop":{"background-color":"var(--ast-global-color-4)","background-image":"","background-repeat":"repeat","background-position":"center center","background-size":"auto","background-attachment":"scroll","background-type":"","background-media":"","overlay-type":"","overlay-color":"","overlay-opacity":"","overlay-gradient":""},"tablet":{"background-color":"var(--ast-global-color-4)","background-image":"","background-repeat":"repeat","background-position":"center center","background-size":"auto","background-attachment":"scroll","background-type":"","background-media":"","overlay-type":"","overlay-color":"","overlay-opacity":"","overlay-gradient":""},"mobile":{"background-color":"var(--ast-global-color-4)","background-image":"","background-repeat":"repeat","background-position":"center center","background-size":"auto","background-attachment":"scroll","background-type":"","background-media":"","overlay-type":"","overlay-color":"","overlay-opacity":"","overlay-gradient":""}}},"product_brand":[],"product_cat":[72,91,41],"product_tag":[],"class_list":{"0":"post-3124","1":"product","2":"type-product","3":"status-publish","4":"has-post-thumbnail","6":"product_cat-cosmetic-packaging","7":"product_cat-custom-perfume-bottles","8":"product_cat-perfume-bottles","9":"desktop-align-left","10":"tablet-align-left","11":"mobile-align-left","13":"first","14":"instock","15":"shipping-taxable","16":"product-type-simple"},"acf":[],"jetpack_sharing_enabled":true,"_links":{"self":[{"href":"https:\/\/theperfumebottles.com\/de\/wp-json\/wp\/v2\/product\/3124","targetHints":{"allow":["GET"]}}],"collection":[{"href":"https:\/\/theperfumebottles.com\/de\/wp-json\/wp\/v2\/product"}],"about":[{"href":"https:\/\/theperfumebottles.com\/de\/wp-json\/wp\/v2\/types\/product"}],"replies":[{"embeddable":true,"href":"https:\/\/theperfumebottles.com\/de\/wp-json\/wp\/v2\/comments?post=3124"}],"wp:featuredmedia":[{"embeddable":true,"href":"https:\/\/theperfumebottles.com\/de\/wp-json\/wp\/v2\/media\/3127"}],"wp:attachment":[{"href":"https:\/\/theperfumebottles.com\/de\/wp-json\/wp\/v2\/media?parent=3124"}],"wp:term":[{"taxonomy":"product_brand","embeddable":true,"href":"https:\/\/theperfumebottles.com\/de\/wp-json\/wp\/v2\/product_brand?post=3124"},{"taxonomy":"product_cat","embeddable":true,"href":"https:\/\/theperfumebottles.com\/de\/wp-json\/wp\/v2\/product_cat?post=3124"},{"taxonomy":"product_tag","embeddable":true,"href":"https:\/\/theperfumebottles.com\/de\/wp-json\/wp\/v2\/product_tag?post=3124"}],"curies":[{"name":"wp","href":"https:\/\/api.w.org\/{rel}","templated":true}]}}