{"id":3145,"date":"2025-04-24T05:57:06","date_gmt":"2025-04-24T05:57:06","guid":{"rendered":"https:\/\/theperfumebottles.com\/?post_type=product&#038;p=3145"},"modified":"2026-04-06T15:10:24","modified_gmt":"2026-04-06T07:10:24","slug":"crimped-fancy-perfume-bottles-wholesale","status":"publish","type":"product","link":"https:\/\/theperfumebottles.com\/de\/produkt\/crimped-fancy-perfume-bottles-wholesale\/","title":{"rendered":"50 ml und 100 ml Parf\u00fcmflakons mit B\u00f6rdelverschluss f\u00fcr den Gro\u00dfhandel"},"content":{"rendered":"<p>Diese eleganten Parf\u00fcmflakons im Gro\u00dfhandel zeichnen sich durch ein markantes, quadratisches S\u00e4ulendesign aus, gefertigt aus transparentem Glas. Die Seiten sind mit vertikalen Rillen und einem tiefen, U-f\u00f6rmigen Feld verziert, w\u00e4hrend die Verschl\u00fcsse aus rundem, hochgl\u00e4nzendem Gold- oder Silbermetall bestehen.<\/p>\n<figure id=\"attachment_3146\" aria-describedby=\"caption-attachment-3146\" style=\"width: 500px\" class=\"wp-caption aligncenter\"><img fetchpriority=\"high\" decoding=\"async\" class=\"wp-image-3146\" src=\"https:\/\/theperfumebottles.com\/wp-content\/uploads\/2025\/04\/crimp-perfume-bottles-yx16-pb.webp\" alt=\"Parf\u00fcmflaschen mit B\u00f6rdelverschluss\" width=\"500\" height=\"500\" srcset=\"https:\/\/theperfumebottles.com\/wp-content\/uploads\/2025\/04\/crimp-perfume-bottles-yx16-pb.webp 1000w, https:\/\/theperfumebottles.com\/wp-content\/uploads\/2025\/04\/crimp-perfume-bottles-yx16-pb-300x300.webp 300w, https:\/\/theperfumebottles.com\/wp-content\/uploads\/2025\/04\/crimp-perfume-bottles-yx16-pb-150x150.webp 150w, https:\/\/theperfumebottles.com\/wp-content\/uploads\/2025\/04\/crimp-perfume-bottles-yx16-pb-768x768.webp 768w, https:\/\/theperfumebottles.com\/wp-content\/uploads\/2025\/04\/crimp-perfume-bottles-yx16-pb-12x12.webp 12w, https:\/\/theperfumebottles.com\/wp-content\/uploads\/2025\/04\/crimp-perfume-bottles-yx16-pb-600x600.webp 600w, https:\/\/theperfumebottles.com\/wp-content\/uploads\/2025\/04\/crimp-perfume-bottles-yx16-pb-100x100.webp 100w\" sizes=\"(max-width: 500px) 100vw, 500px\" \/><figcaption id=\"caption-attachment-3146\" class=\"wp-caption-text\">Gro\u00dfhandel mit edlen Parf\u00fcmflaschen<\/figcaption><\/figure>\n<h2>Wichtige Spezifikationen<\/h2>\n<figure id=\"attachment_3148\" aria-describedby=\"caption-attachment-3148\" style=\"width: 500px\" class=\"wp-caption aligncenter\"><img decoding=\"async\" class=\"wp-image-3148\" src=\"https:\/\/theperfumebottles.com\/wp-content\/uploads\/2025\/04\/fancy-perfume-bottles-wholesale-yx16-shape.webp\" alt=\"Gro\u00dfhandel mit edlen Parf\u00fcmflaschen\" width=\"500\" height=\"500\" srcset=\"https:\/\/theperfumebottles.com\/wp-content\/uploads\/2025\/04\/fancy-perfume-bottles-wholesale-yx16-shape.webp 1000w, https:\/\/theperfumebottles.com\/wp-content\/uploads\/2025\/04\/fancy-perfume-bottles-wholesale-yx16-shape-300x300.webp 300w, https:\/\/theperfumebottles.com\/wp-content\/uploads\/2025\/04\/fancy-perfume-bottles-wholesale-yx16-shape-150x150.webp 150w, https:\/\/theperfumebottles.com\/wp-content\/uploads\/2025\/04\/fancy-perfume-bottles-wholesale-yx16-shape-768x768.webp 768w, https:\/\/theperfumebottles.com\/wp-content\/uploads\/2025\/04\/fancy-perfume-bottles-wholesale-yx16-shape-12x12.webp 12w, https:\/\/theperfumebottles.com\/wp-content\/uploads\/2025\/04\/fancy-perfume-bottles-wholesale-yx16-shape-600x600.webp 600w, https:\/\/theperfumebottles.com\/wp-content\/uploads\/2025\/04\/fancy-perfume-bottles-wholesale-yx16-shape-100x100.webp 100w\" sizes=\"(max-width: 500px) 100vw, 500px\" \/><figcaption id=\"caption-attachment-3148\" class=\"wp-caption-text\">Parf\u00fcmflasche mit Quetschverschluss<\/figcaption><\/figure>\n<table>\n<thead>\n<tr>\n<th>Spezifikation<\/th>\n<th>PB-YX1601<\/th>\n<th>PB-YX1602<\/th>\n<\/tr>\n<\/thead>\n<tbody>\n<tr>\n<td>Kapazit\u00e4t<\/td>\n<td>50 ml<\/td>\n<td>100 ml<\/td>\n<\/tr>\n<tr>\n<td>Dimension<\/td>\n<td>38 x 38 x 80 mm<\/td>\n<td>38 \u00d7 38 \u00d7 116 mm<\/td>\n<\/tr>\n<tr>\n<td>Kaliber<\/td>\n<td>15 mm<\/td>\n<td>15 mm<\/td>\n<\/tr>\n<tr>\n<td>Glasfarbe<\/td>\n<td>Transparent<\/td>\n<td>Transparent<\/td>\n<\/tr>\n<tr>\n<td>Pumpe<\/td>\n<td>Gold, Silber, Schwarz<\/td>\n<td>Gold, Silber, Schwarz<\/td>\n<\/tr>\n<tr>\n<td>Dichtungstyp<\/td>\n<td>Crimp-Hals<\/td>\n<td>Crimp-Hals<\/td>\n<\/tr>\n<\/tbody>\n<\/table>\n<h2>Erfolgsgeschichte: Sonderanfertigung einer europ\u00e4ischen Luxusmodemarke<\/h2>\n<p>Ein italienisches Modehaus w\u00e4hlte unsere quadratischen Parf\u00fcmflakons mit B\u00f6rdelverschluss f\u00fcr seine exklusive Parf\u00fcmkreation. Diese zeichnete sich durch einen 18-kar\u00e4tig vergoldeten Verschluss und einen rauchgrauen Glask\u00f6rper aus. Das ma\u00dfgeschneiderte Flakon-Design war ein voller Erfolg: Dank seiner hochwertigen Optik erzielte es einen um 40 % h\u00f6heren Verkaufspreis als vergleichbare Produkte. Die markante Form wurde zu einem zentralen Designelement und sorgte bereits vor Verkaufsstart f\u00fcr 300 % mehr Interesse in den sozialen Medien. Aufbauend auf diesem Erfolg bestellte die Marke weitere 250.000 Flakons f\u00fcr ihre neue Unisex-Duftlinie und limitierte Editionen in Zusammenarbeit mit K\u00fcnstlern.<\/p>\n<h2>Vorschl\u00e4ge zur individuellen Gestaltung von Parf\u00fcmflaschen mit Crimpverschluss<\/h2>\n<ul>\n<li>Material und Oberfl\u00e4chenbeschaffenheit der Kappe: Wir bieten verschiedene Metallkappenoptionen an, die mit vier verschiedenen Oberfl\u00e4chenausf\u00fchrungen erh\u00e4ltlich sind, darunter matte und gl\u00e4nzende sowie geh\u00e4mmert und mit Kristallen besetzte Designs.<\/li>\n<li>Textur- und Mustervariationen: Der Benutzer kann mithilfe von drei Designoptionen verschiedene Seitenwanddesigns erstellen, darunter abgeschr\u00e4gte Designs und geometrische Muster sowie eine Kombination aus glatten Front- und strukturierten Seitenelementen.<\/li>\n<li>U-Nut-Muster: Benutzer k\u00f6nnen individuelle U-Nut-Designs mithilfe von drei verf\u00fcgbaren Designoptionen erstellen, darunter V-f\u00f6rmige Designs und Wellenformen sowie spezifische geometrische Muster, die von ihrer Marke verwendet werden.<\/li>\n<\/ul>","protected":false},"excerpt":{"rendered":"<p>Hochwertige, elegante Parf\u00fcmflakons mit strukturierter Glasoberfl\u00e4che im Gro\u00dfhandel. Die Flakons mit B\u00f6rdelverschluss gew\u00e4hrleisten einen sicheren Verschluss. Preise direkt ab Werk.<\/p>","protected":false},"featured_media":3147,"comment_status":"open","ping_status":"closed","template":"","meta":{"_acf_changed":false,"site-sidebar-layout":"default","site-content-layout":"","ast-site-content-layout":"default","site-content-style":"default","site-sidebar-style":"default","ast-global-header-display":"","ast-banner-title-visibility":"","ast-main-header-display":"","ast-hfb-above-header-display":"","ast-hfb-below-header-display":"","ast-hfb-mobile-header-display":"","site-post-title":"","ast-breadcrumbs-content":"","ast-featured-img":"","footer-sml-layout":"","ast-disable-related-posts":"","theme-transparent-header-meta":"default","adv-header-id-meta":"","stick-header-meta":"","header-above-stick-meta":"","header-main-stick-meta":"","header-below-stick-meta":"","astra-migrate-meta-layouts":"set","ast-page-background-enabled":"default","ast-page-background-meta":{"desktop":{"background-color":"var(--ast-global-color-5)","background-image":"","background-repeat":"repeat","background-position":"center center","background-size":"auto","background-attachment":"scroll","background-type":"","background-media":"","overlay-type":"","overlay-color":"","overlay-opacity":"","overlay-gradient":""},"tablet":{"background-color":"","background-image":"","background-repeat":"repeat","background-position":"center center","background-size":"auto","background-attachment":"scroll","background-type":"","background-media":"","overlay-type":"","overlay-color":"","overlay-opacity":"","overlay-gradient":""},"mobile":{"background-color":"","background-image":"","background-repeat":"repeat","background-position":"center center","background-size":"auto","background-attachment":"scroll","background-type":"","background-media":"","overlay-type":"","overlay-color":"","overlay-opacity":"","overlay-gradient":""}},"ast-content-background-meta":{"desktop":{"background-color":"var(--ast-global-color-4)","background-image":"","background-repeat":"repeat","background-position":"center center","background-size":"auto","background-attachment":"scroll","background-type":"","background-media":"","overlay-type":"","overlay-color":"","overlay-opacity":"","overlay-gradient":""},"tablet":{"background-color":"var(--ast-global-color-4)","background-image":"","background-repeat":"repeat","background-position":"center center","background-size":"auto","background-attachment":"scroll","background-type":"","background-media":"","overlay-type":"","overlay-color":"","overlay-opacity":"","overlay-gradient":""},"mobile":{"background-color":"var(--ast-global-color-4)","background-image":"","background-repeat":"repeat","background-position":"center center","background-size":"auto","background-attachment":"scroll","background-type":"","background-media":"","overlay-type":"","overlay-color":"","overlay-opacity":"","overlay-gradient":""}}},"product_brand":[],"product_cat":[91,72,41],"product_tag":[],"class_list":{"0":"post-3145","1":"product","2":"type-product","3":"status-publish","4":"has-post-thumbnail","6":"product_cat-custom-perfume-bottles","7":"product_cat-cosmetic-packaging","8":"product_cat-perfume-bottles","9":"desktop-align-left","10":"tablet-align-left","11":"mobile-align-left","13":"first","14":"instock","15":"shipping-taxable","16":"product-type-simple"},"acf":[],"jetpack_sharing_enabled":true,"_links":{"self":[{"href":"https:\/\/theperfumebottles.com\/de\/wp-json\/wp\/v2\/product\/3145","targetHints":{"allow":["GET"]}}],"collection":[{"href":"https:\/\/theperfumebottles.com\/de\/wp-json\/wp\/v2\/product"}],"about":[{"href":"https:\/\/theperfumebottles.com\/de\/wp-json\/wp\/v2\/types\/product"}],"replies":[{"embeddable":true,"href":"https:\/\/theperfumebottles.com\/de\/wp-json\/wp\/v2\/comments?post=3145"}],"wp:featuredmedia":[{"embeddable":true,"href":"https:\/\/theperfumebottles.com\/de\/wp-json\/wp\/v2\/media\/3147"}],"wp:attachment":[{"href":"https:\/\/theperfumebottles.com\/de\/wp-json\/wp\/v2\/media?parent=3145"}],"wp:term":[{"taxonomy":"product_brand","embeddable":true,"href":"https:\/\/theperfumebottles.com\/de\/wp-json\/wp\/v2\/product_brand?post=3145"},{"taxonomy":"product_cat","embeddable":true,"href":"https:\/\/theperfumebottles.com\/de\/wp-json\/wp\/v2\/product_cat?post=3145"},{"taxonomy":"product_tag","embeddable":true,"href":"https:\/\/theperfumebottles.com\/de\/wp-json\/wp\/v2\/product_tag?post=3145"}],"curies":[{"name":"wp","href":"https:\/\/api.w.org\/{rel}","templated":true}]}}