{"id":3257,"date":"2025-05-05T09:27:18","date_gmt":"2025-05-05T09:27:18","guid":{"rendered":"https:\/\/theperfumebottles.com\/?post_type=product&#038;p=3257"},"modified":"2025-05-23T13:18:23","modified_gmt":"2025-05-23T05:18:23","slug":"unusual-glass-perfume-spray-bottles-with-faceted-design","status":"publish","type":"product","link":"https:\/\/theperfumebottles.com\/de\/produkt\/unusual-glass-perfume-spray-bottles-with-faceted-design\/","title":{"rendered":"30 ml, 50 ml, 100 ml Ungew\u00f6hnliche Parf\u00fcmzerst\u00e4uber aus Glas mit Facettenschliff"},"content":{"rendered":"<p>Elegante Parf\u00fcmzerst\u00e4uber aus Glas mit facettiertem Design. Ideal f\u00fcr au\u00dfergew\u00f6hnliche Parf\u00fcmflakons und individuelle Duftverpackungen. Kostenlose Muster und schnelle Lieferung. Unsere Kollektion PB-YX23 vereint hochwertige Optik und Funktionalit\u00e4t und ist damit die erste Wahl f\u00fcr exklusive und ma\u00dfgeschneiderte Duftverpackungen. Die aus Premiumglas gefertigten Flakons sind langlebig und edel. Ob Parf\u00fcmverpackung oder Duftprodukt \u2013 sie verleihen jedem Produkt einen hochwertigen und zugleich zeitlosen Look, der Ihre Kunden begeistern wird.<\/p>\n<table style=\"border-collapse: collapse; margin-left: auto; margin-right: auto; width: 162.03pt;\" border=\"0\" width=\"216\" cellspacing=\"0\" cellpadding=\"0\">\n<tbody>\n<tr style=\"height: 13.50pt;\">\n<td style=\"height: 13.50pt; width: 54.00pt;\" width=\"72\" height=\"18\">\n<p><figure id=\"attachment_3263\" aria-describedby=\"caption-attachment-3263\" style=\"width: 300px\" class=\"wp-caption aligncenter\"><img fetchpriority=\"high\" decoding=\"async\" class=\"wp-image-3263 size-medium\" src=\"https:\/\/theperfumebottles.com\/wp-content\/uploads\/2025\/05\/glass-perfume-spray-bottles-YX2301-300x300.webp\" alt=\"Parf\u00fcmzerst\u00e4uber aus Glas\" width=\"300\" height=\"300\" srcset=\"https:\/\/theperfumebottles.com\/wp-content\/uploads\/2025\/05\/glass-perfume-spray-bottles-YX2301-300x300.webp 300w, https:\/\/theperfumebottles.com\/wp-content\/uploads\/2025\/05\/glass-perfume-spray-bottles-YX2301-150x150.webp 150w, https:\/\/theperfumebottles.com\/wp-content\/uploads\/2025\/05\/glass-perfume-spray-bottles-YX2301-768x768.webp 768w, https:\/\/theperfumebottles.com\/wp-content\/uploads\/2025\/05\/glass-perfume-spray-bottles-YX2301-12x12.webp 12w, https:\/\/theperfumebottles.com\/wp-content\/uploads\/2025\/05\/glass-perfume-spray-bottles-YX2301-600x600.webp 600w, https:\/\/theperfumebottles.com\/wp-content\/uploads\/2025\/05\/glass-perfume-spray-bottles-YX2301-100x100.webp 100w, https:\/\/theperfumebottles.com\/wp-content\/uploads\/2025\/05\/glass-perfume-spray-bottles-YX2301.webp 1000w\" sizes=\"(max-width: 300px) 100vw, 300px\" \/><figcaption id=\"caption-attachment-3263\" class=\"wp-caption-text\">30 ml PB-YX2301<\/figcaption><\/figure><\/td>\n<td style=\"width: 54.00pt;\" width=\"72\">\n<p><figure id=\"attachment_3259\" aria-describedby=\"caption-attachment-3259\" style=\"width: 300px\" class=\"wp-caption aligncenter\"><img decoding=\"async\" class=\"wp-image-3259 size-medium\" src=\"https:\/\/theperfumebottles.com\/wp-content\/uploads\/2025\/05\/unusual-perfume-bottles-YX2302-300x300.webp\" alt=\"ungew\u00f6hnliche Parf\u00fcmflakons\" width=\"300\" height=\"300\" srcset=\"https:\/\/theperfumebottles.com\/wp-content\/uploads\/2025\/05\/unusual-perfume-bottles-YX2302-300x300.webp 300w, https:\/\/theperfumebottles.com\/wp-content\/uploads\/2025\/05\/unusual-perfume-bottles-YX2302-150x150.webp 150w, https:\/\/theperfumebottles.com\/wp-content\/uploads\/2025\/05\/unusual-perfume-bottles-YX2302-768x768.webp 768w, https:\/\/theperfumebottles.com\/wp-content\/uploads\/2025\/05\/unusual-perfume-bottles-YX2302-12x12.webp 12w, https:\/\/theperfumebottles.com\/wp-content\/uploads\/2025\/05\/unusual-perfume-bottles-YX2302-600x600.webp 600w, https:\/\/theperfumebottles.com\/wp-content\/uploads\/2025\/05\/unusual-perfume-bottles-YX2302-100x100.webp 100w, https:\/\/theperfumebottles.com\/wp-content\/uploads\/2025\/05\/unusual-perfume-bottles-YX2302.webp 1000w\" sizes=\"(max-width: 300px) 100vw, 300px\" \/><figcaption id=\"caption-attachment-3259\" class=\"wp-caption-text\">50 ml PB-YX2302<\/figcaption><\/figure><\/td>\n<td style=\"width: 54.00pt;\" width=\"72\">\n<p><figure id=\"attachment_3260\" aria-describedby=\"caption-attachment-3260\" style=\"width: 300px\" class=\"wp-caption aligncenter\"><img decoding=\"async\" class=\"wp-image-3260 size-medium\" src=\"https:\/\/theperfumebottles.com\/wp-content\/uploads\/2025\/05\/unusual-perfume-bottles-YX2303-300x300.webp\" alt=\"ungew\u00f6hnliche Parf\u00fcmflakons\" width=\"300\" height=\"300\" srcset=\"https:\/\/theperfumebottles.com\/wp-content\/uploads\/2025\/05\/unusual-perfume-bottles-YX2303-300x300.webp 300w, https:\/\/theperfumebottles.com\/wp-content\/uploads\/2025\/05\/unusual-perfume-bottles-YX2303-150x150.webp 150w, https:\/\/theperfumebottles.com\/wp-content\/uploads\/2025\/05\/unusual-perfume-bottles-YX2303-768x768.webp 768w, https:\/\/theperfumebottles.com\/wp-content\/uploads\/2025\/05\/unusual-perfume-bottles-YX2303-12x12.webp 12w, https:\/\/theperfumebottles.com\/wp-content\/uploads\/2025\/05\/unusual-perfume-bottles-YX2303-600x600.webp 600w, https:\/\/theperfumebottles.com\/wp-content\/uploads\/2025\/05\/unusual-perfume-bottles-YX2303-100x100.webp 100w, https:\/\/theperfumebottles.com\/wp-content\/uploads\/2025\/05\/unusual-perfume-bottles-YX2303.webp 1000w\" sizes=\"(max-width: 300px) 100vw, 300px\" \/><figcaption id=\"caption-attachment-3260\" class=\"wp-caption-text\">100 ml PB-YX2303<\/figcaption><\/figure><\/td>\n<\/tr>\n<\/tbody>\n<\/table>\n<h2>Wichtige Spezifikationen<\/h2>\n<table style=\"border-collapse: collapse; margin-left: auto; margin-right: auto; width: 80%;\" border=\"0\" width=\"80%\" cellspacing=\"0\" cellpadding=\"0\">\n<tbody>\n<tr style=\"height: 13.50pt;\">\n<td style=\"height: 13.50pt; width: 87.00pt;\" width=\"116\" height=\"18\"><strong>Modellnummer<\/strong><\/td>\n<td style=\"width: 76.50pt;\" width=\"102\"><strong>Kaliber<\/strong><\/td>\n<td style=\"width: 90.00pt;\" width=\"120\"><strong>Kapazit\u00e4t<\/strong><\/td>\n<td style=\"width: 157.50pt;\" width=\"210\"><strong>Abmessungen (B x T x H)<\/strong><\/td>\n<td style=\"width: 108.75pt;\" width=\"145\"><strong>Halsart<\/strong><\/td>\n<\/tr>\n<tr style=\"height: 13.50pt;\">\n<td style=\"height: 13.50pt;\" height=\"18\"><strong>PB-YX2301<\/strong><\/td>\n<td>15 mm<\/td>\n<td>30 ml<\/td>\n<td>44 x 47 x 62 mm<\/td>\n<td>Crimp-Hals<\/td>\n<\/tr>\n<tr style=\"height: 13.50pt;\">\n<td style=\"height: 13.50pt;\" height=\"18\"><strong>PB-YX2302<\/strong><\/td>\n<td>15 mm<\/td>\n<td>50 ml<\/td>\n<td>57 x 28 x 75 mm<\/td>\n<td>Crimp-Hals<\/td>\n<\/tr>\n<tr style=\"height: 13.50pt;\">\n<td style=\"height: 13.50pt;\" height=\"18\"><strong>PB-YX2303<\/strong><\/td>\n<td>15 mm<\/td>\n<td>100 ml<\/td>\n<td>67 x 35 x 95 mm<\/td>\n<td>Crimp-Hals<\/td>\n<\/tr>\n<\/tbody>\n<\/table>\n<h2>Hinweise zur Produktverpackung<\/h2>\n<p>Eine kleine, aber erfolgreiche Duftmarke in Europa wollte ihre neu eingef\u00fchrte Nischenparf\u00fcmlinie neu verpacken. Sie ben\u00f6tigten etwas Einzigartiges, das sich im wettbewerbsintensiven Markt deutlich abheben w\u00fcrde. Nachdem sie unsere speziellen Duftflakons entdeckt hatten, entschieden sie sich f\u00fcr die Version PB-YX2302 f\u00fcr 30-ml-Flakons. Sie verwendeten ein Etikett mit Goldfolie und individualisierten die Dekoration am Flaschenhals. Ihr Umsatz stieg innerhalb von drei Monaten um 32 %. Die Kunden sind begeistert von diesem modernen und zugleich klassischen Verpackungsdesign.<\/p>\n<h3>Anpassungstipps<\/h3>\n<ul>\n<li>Farbe: Versuchen Sie es doch einmal mit get\u00f6nten Glasflaschen, zum Beispiel in Braun-Gelb, Blau oder Ros\u00e9gold, um einen besonderen Look zu erzielen.<\/li>\n<li>Design: Drucken Sie Ihr Logo oder Muster direkt auf das Glas mittels Siebdruck oder \u00c4tzverfahren.<\/li>\n<li>Verpackung: Kombinieren Sie den Glasflakon mit einer passenden Geschenkbox f\u00fcr ein hochwertiges Auspackerlebnis.<\/li>\n<\/ul>","protected":false},"excerpt":{"rendered":"<p>Elegante Parf\u00fcmzerst\u00e4uber aus Glas mit facettiertem Design. Ideal f\u00fcr au\u00dfergew\u00f6hnliche Parf\u00fcmflakons und individuelle Duftverpackungen. Kostenlose Muster und schnelle Lieferung.<\/p>","protected":false},"featured_media":3263,"comment_status":"open","ping_status":"closed","template":"","meta":{"_acf_changed":false,"site-sidebar-layout":"default","site-content-layout":"","ast-site-content-layout":"default","site-content-style":"default","site-sidebar-style":"default","ast-global-header-display":"","ast-banner-title-visibility":"","ast-main-header-display":"","ast-hfb-above-header-display":"","ast-hfb-below-header-display":"","ast-hfb-mobile-header-display":"","site-post-title":"","ast-breadcrumbs-content":"","ast-featured-img":"","footer-sml-layout":"","ast-disable-related-posts":"","theme-transparent-header-meta":"default","adv-header-id-meta":"","stick-header-meta":"","header-above-stick-meta":"","header-main-stick-meta":"","header-below-stick-meta":"","astra-migrate-meta-layouts":"set","ast-page-background-enabled":"default","ast-page-background-meta":{"desktop":{"background-color":"var(--ast-global-color-5)","background-image":"","background-repeat":"repeat","background-position":"center center","background-size":"auto","background-attachment":"scroll","background-type":"","background-media":"","overlay-type":"","overlay-color":"","overlay-opacity":"","overlay-gradient":""},"tablet":{"background-color":"","background-image":"","background-repeat":"repeat","background-position":"center center","background-size":"auto","background-attachment":"scroll","background-type":"","background-media":"","overlay-type":"","overlay-color":"","overlay-opacity":"","overlay-gradient":""},"mobile":{"background-color":"","background-image":"","background-repeat":"repeat","background-position":"center center","background-size":"auto","background-attachment":"scroll","background-type":"","background-media":"","overlay-type":"","overlay-color":"","overlay-opacity":"","overlay-gradient":""}},"ast-content-background-meta":{"desktop":{"background-color":"var(--ast-global-color-4)","background-image":"","background-repeat":"repeat","background-position":"center center","background-size":"auto","background-attachment":"scroll","background-type":"","background-media":"","overlay-type":"","overlay-color":"","overlay-opacity":"","overlay-gradient":""},"tablet":{"background-color":"var(--ast-global-color-4)","background-image":"","background-repeat":"repeat","background-position":"center center","background-size":"auto","background-attachment":"scroll","background-type":"","background-media":"","overlay-type":"","overlay-color":"","overlay-opacity":"","overlay-gradient":""},"mobile":{"background-color":"var(--ast-global-color-4)","background-image":"","background-repeat":"repeat","background-position":"center center","background-size":"auto","background-attachment":"scroll","background-type":"","background-media":"","overlay-type":"","overlay-color":"","overlay-opacity":"","overlay-gradient":""}}},"product_brand":[],"product_cat":[72,91,41],"product_tag":[],"class_list":{"0":"post-3257","1":"product","2":"type-product","3":"status-publish","4":"has-post-thumbnail","6":"product_cat-cosmetic-packaging","7":"product_cat-custom-perfume-bottles","8":"product_cat-perfume-bottles","9":"desktop-align-left","10":"tablet-align-left","11":"mobile-align-left","13":"first","14":"instock","15":"shipping-taxable","16":"product-type-simple"},"acf":[],"jetpack_sharing_enabled":true,"_links":{"self":[{"href":"https:\/\/theperfumebottles.com\/de\/wp-json\/wp\/v2\/product\/3257","targetHints":{"allow":["GET"]}}],"collection":[{"href":"https:\/\/theperfumebottles.com\/de\/wp-json\/wp\/v2\/product"}],"about":[{"href":"https:\/\/theperfumebottles.com\/de\/wp-json\/wp\/v2\/types\/product"}],"replies":[{"embeddable":true,"href":"https:\/\/theperfumebottles.com\/de\/wp-json\/wp\/v2\/comments?post=3257"}],"wp:featuredmedia":[{"embeddable":true,"href":"https:\/\/theperfumebottles.com\/de\/wp-json\/wp\/v2\/media\/3263"}],"wp:attachment":[{"href":"https:\/\/theperfumebottles.com\/de\/wp-json\/wp\/v2\/media?parent=3257"}],"wp:term":[{"taxonomy":"product_brand","embeddable":true,"href":"https:\/\/theperfumebottles.com\/de\/wp-json\/wp\/v2\/product_brand?post=3257"},{"taxonomy":"product_cat","embeddable":true,"href":"https:\/\/theperfumebottles.com\/de\/wp-json\/wp\/v2\/product_cat?post=3257"},{"taxonomy":"product_tag","embeddable":true,"href":"https:\/\/theperfumebottles.com\/de\/wp-json\/wp\/v2\/product_tag?post=3257"}],"curies":[{"name":"wp","href":"https:\/\/api.w.org\/{rel}","templated":true}]}}