{"id":3325,"date":"2025-05-14T03:26:10","date_gmt":"2025-05-14T03:26:10","guid":{"rendered":"https:\/\/theperfumebottles.com\/?post_type=product&#038;p=3325"},"modified":"2025-05-23T10:54:00","modified_gmt":"2025-05-23T02:54:00","slug":"premium-perfume-bottles-recyclable-modern-fragrance-bottle-set","status":"publish","type":"product","link":"https:\/\/theperfumebottles.com\/de\/produkt\/premium-perfume-bottles-recyclable-modern-fragrance-bottle-set\/","title":{"rendered":"50-ml- und 100-ml-Set recycelbarer Parf\u00fcmflaschen f\u00fcr Duftmarken"},"content":{"rendered":"<p>Unser PB-YZ06 Parf\u00fcmflaschenset ist eine perfekte Kombination aus Nachhaltigkeit, Stil und Praktikabilit\u00e4t. Unser PB-YZ06 Parf\u00fcmflaschenset kombiniert Nachhaltigkeit, Mode und Praktikabilit\u00e4t. Geeignet zum F\u00fcllen von Parf\u00fcm, EdP, Aqua Floral oder \u00e4therischen \u00d6len usw. Zus\u00e4tzlich k\u00f6nnen unsere voll individualisierten Optionen Ihre Kreativit\u00e4t vollst\u00e4ndig ausdr\u00fccken.<\/p>\n<figure id=\"attachment_3330\" aria-describedby=\"caption-attachment-3330\" style=\"width: 500px\" class=\"wp-caption aligncenter\"><img fetchpriority=\"high\" decoding=\"async\" class=\"wp-image-3330\" src=\"https:\/\/theperfumebottles.com\/wp-content\/uploads\/2025\/05\/perfume-bottles-recyclable-pbyz06.webp\" alt=\"Premium Parf\u00fcmflaschen Recycelbar | Modernes Parf\u00fcmflaschenset\" width=\"500\" height=\"500\" srcset=\"https:\/\/theperfumebottles.com\/wp-content\/uploads\/2025\/05\/perfume-bottles-recyclable-pbyz06.webp 1000w, https:\/\/theperfumebottles.com\/wp-content\/uploads\/2025\/05\/perfume-bottles-recyclable-pbyz06-300x300.webp 300w, https:\/\/theperfumebottles.com\/wp-content\/uploads\/2025\/05\/perfume-bottles-recyclable-pbyz06-150x150.webp 150w, https:\/\/theperfumebottles.com\/wp-content\/uploads\/2025\/05\/perfume-bottles-recyclable-pbyz06-768x768.webp 768w, https:\/\/theperfumebottles.com\/wp-content\/uploads\/2025\/05\/perfume-bottles-recyclable-pbyz06-12x12.webp 12w, https:\/\/theperfumebottles.com\/wp-content\/uploads\/2025\/05\/perfume-bottles-recyclable-pbyz06-600x600.webp 600w, https:\/\/theperfumebottles.com\/wp-content\/uploads\/2025\/05\/perfume-bottles-recyclable-pbyz06-100x100.webp 100w\" sizes=\"(max-width: 500px) 100vw, 500px\" \/><figcaption id=\"caption-attachment-3330\" class=\"wp-caption-text\">Premium Parf\u00fcmflaschenset<\/figcaption><\/figure>\n<h2>Wichtige Spezifikationen<\/h2>\n<table border=\"0\" width=\"80%\" cellspacing=\"0\" cellpadding=\"0\">\n<tbody>\n<tr>\n<td width=\"96\" height=\"18\">Modell<\/td>\n<td width=\"93\">Kapazit\u00e4t<\/td>\n<td width=\"104\">Glasgr\u00f6\u00dfe<\/td>\n<td width=\"128\">Material<\/td>\n<td width=\"211\">Dichtungstyp<\/td>\n<td width=\"225\">Farboptionen<\/td>\n<\/tr>\n<tr>\n<td height=\"18\">PB-YZ0601<\/td>\n<td>50 ml<\/td>\n<td>47 * 81mm<\/td>\n<td>Kristallglas<\/td>\n<td>15mm Crimp-Hals + Sprayer<\/td>\n<td>Transparent + Silber\/Rosa<\/td>\n<\/tr>\n<tr>\n<td height=\"18\">PB-YZ0602<\/td>\n<td>100 ml<\/td>\n<td>59 * 103mm<\/td>\n<td>Kristallglas<\/td>\n<td>15mm Crimp-Hals + Sprayer<\/td>\n<td>Transparent + Silber\/Schwarz<\/td>\n<\/tr>\n<\/tbody>\n<\/table>\n<h2>Vorschl\u00e4ge f\u00fcr die Verpackung<\/h2>\n<p>Die Indie-Marke Bloom &amp; Mist brachte ihre Unisex-Duftkollektion mit unserer Parf\u00fcmflasche PB-YZ0601 (50 ml) auf den Markt. Die Verschl\u00fcsse wurden mit einer ros\u00e9goldenen Oberfl\u00e4che versehen und mit einem minimalistischen Etikett versehen, was zu einer Umsatzsteigerung von 27% im ersten Quartal f\u00fchrte.<\/p>\n<h2>Anpassungstipps:<\/h2>\n<p>Passen Sie die Farben Ihrer Marke an: Wenn Sie eine Gro\u00dfbestellung aufgeben, sollten die Farben der Kappen zu Ihrer Markenidentit\u00e4t passen.<\/p>\n<p>Verschl\u00fcsse: Diese Parf\u00fcmflaschen k\u00f6nnen mit metallischen Spr\u00fchkappen kombiniert werden, um einen luxuri\u00f6sen Look zu erzielen<\/p>\n<p>Ausf\u00fchrungen: W\u00e4hlen Sie eine matte Oberfl\u00e4che f\u00fcr einen minimalistischen Look.<\/p>\n<h2>Warum sollten Sie unsere Parf\u00fcmflaschen w\u00e4hlen?<\/h2>\n<p>Ganz gleich, ob Sie leere Parf\u00fcmflaschen f\u00fcr eine kleine Auflage oder individuelle Kosmetikverpackungen in gro\u00dfen Mengen ben\u00f6tigen, unsere vielseitigen Parf\u00fcmflaschen-Sets bieten Ihnen eine schnelle Bearbeitung, Haltbarkeit und vieles mehr.<\/p>\n<p>Sie brauchen Hilfe? Wir begleiten Sie vom Entwurf bis zur Lieferung! Bestellen Sie Ihr Mehrweg-Parf\u00fcmflaschen-Set noch heute - und profitieren Sie von Gro\u00dfhandelsrabatten bei gewerblichen Gro\u00dfbestellungen!<\/p>","protected":false},"excerpt":{"rendered":"<p>Peppen Sie Ihre Duftmarke mit unserem Parf\u00fcmflaschen-Set auf. Elegante, individuell gestaltbare Parf\u00fcmflaschen f\u00fcr Damenparf\u00fcm, Herrenparf\u00fcm und Duft\u00f6le, die recycelbar sind.<\/p>","protected":false},"featured_media":3333,"comment_status":"open","ping_status":"closed","template":"","meta":{"_acf_changed":false,"site-sidebar-layout":"default","site-content-layout":"","ast-site-content-layout":"default","site-content-style":"default","site-sidebar-style":"default","ast-global-header-display":"","ast-banner-title-visibility":"","ast-main-header-display":"","ast-hfb-above-header-display":"","ast-hfb-below-header-display":"","ast-hfb-mobile-header-display":"","site-post-title":"","ast-breadcrumbs-content":"","ast-featured-img":"","footer-sml-layout":"","ast-disable-related-posts":"","theme-transparent-header-meta":"default","adv-header-id-meta":"","stick-header-meta":"","header-above-stick-meta":"","header-main-stick-meta":"","header-below-stick-meta":"","astra-migrate-meta-layouts":"set","ast-page-background-enabled":"default","ast-page-background-meta":{"desktop":{"background-color":"var(--ast-global-color-5)","background-image":"","background-repeat":"repeat","background-position":"center center","background-size":"auto","background-attachment":"scroll","background-type":"","background-media":"","overlay-type":"","overlay-color":"","overlay-opacity":"","overlay-gradient":""},"tablet":{"background-color":"","background-image":"","background-repeat":"repeat","background-position":"center center","background-size":"auto","background-attachment":"scroll","background-type":"","background-media":"","overlay-type":"","overlay-color":"","overlay-opacity":"","overlay-gradient":""},"mobile":{"background-color":"","background-image":"","background-repeat":"repeat","background-position":"center center","background-size":"auto","background-attachment":"scroll","background-type":"","background-media":"","overlay-type":"","overlay-color":"","overlay-opacity":"","overlay-gradient":""}},"ast-content-background-meta":{"desktop":{"background-color":"var(--ast-global-color-4)","background-image":"","background-repeat":"repeat","background-position":"center center","background-size":"auto","background-attachment":"scroll","background-type":"","background-media":"","overlay-type":"","overlay-color":"","overlay-opacity":"","overlay-gradient":""},"tablet":{"background-color":"var(--ast-global-color-4)","background-image":"","background-repeat":"repeat","background-position":"center center","background-size":"auto","background-attachment":"scroll","background-type":"","background-media":"","overlay-type":"","overlay-color":"","overlay-opacity":"","overlay-gradient":""},"mobile":{"background-color":"var(--ast-global-color-4)","background-image":"","background-repeat":"repeat","background-position":"center center","background-size":"auto","background-attachment":"scroll","background-type":"","background-media":"","overlay-type":"","overlay-color":"","overlay-opacity":"","overlay-gradient":""}}},"product_brand":[],"product_cat":[72,91,37,41],"product_tag":[],"class_list":{"0":"post-3325","1":"product","2":"type-product","3":"status-publish","4":"has-post-thumbnail","6":"product_cat-cosmetic-packaging","7":"product_cat-custom-perfume-bottles","8":"product_cat-uncategorized","9":"product_cat-perfume-bottles","10":"desktop-align-left","11":"tablet-align-left","12":"mobile-align-left","14":"first","15":"instock","16":"shipping-taxable","17":"product-type-simple"},"acf":[],"jetpack_sharing_enabled":true,"_links":{"self":[{"href":"https:\/\/theperfumebottles.com\/de\/wp-json\/wp\/v2\/product\/3325","targetHints":{"allow":["GET"]}}],"collection":[{"href":"https:\/\/theperfumebottles.com\/de\/wp-json\/wp\/v2\/product"}],"about":[{"href":"https:\/\/theperfumebottles.com\/de\/wp-json\/wp\/v2\/types\/product"}],"replies":[{"embeddable":true,"href":"https:\/\/theperfumebottles.com\/de\/wp-json\/wp\/v2\/comments?post=3325"}],"wp:featuredmedia":[{"embeddable":true,"href":"https:\/\/theperfumebottles.com\/de\/wp-json\/wp\/v2\/media\/3333"}],"wp:attachment":[{"href":"https:\/\/theperfumebottles.com\/de\/wp-json\/wp\/v2\/media?parent=3325"}],"wp:term":[{"taxonomy":"product_brand","embeddable":true,"href":"https:\/\/theperfumebottles.com\/de\/wp-json\/wp\/v2\/product_brand?post=3325"},{"taxonomy":"product_cat","embeddable":true,"href":"https:\/\/theperfumebottles.com\/de\/wp-json\/wp\/v2\/product_cat?post=3325"},{"taxonomy":"product_tag","embeddable":true,"href":"https:\/\/theperfumebottles.com\/de\/wp-json\/wp\/v2\/product_tag?post=3325"}],"curies":[{"name":"wp","href":"https:\/\/api.w.org\/{rel}","templated":true}]}}