{"id":3409,"date":"2025-05-23T18:00:18","date_gmt":"2025-05-23T10:00:18","guid":{"rendered":"https:\/\/theperfumebottles.com\/?post_type=product&#038;p=3409"},"modified":"2025-05-26T13:33:07","modified_gmt":"2025-05-26T05:33:07","slug":"10ml-20ml-30ml-refillable-fragrance-bottle-travel-cologne-bottle","status":"publish","type":"product","link":"https:\/\/theperfumebottles.com\/de\/produkt\/10ml-20ml-30ml-refillable-fragrance-bottle-travel-cologne-bottle\/","title":{"rendered":"Nachf\u00fcllbare Parf\u00fcmflasche (10 ml, 20 ml, 30 ml) &amp; Reiseflasche f\u00fcr K\u00f6lnisch Wasser"},"content":{"rendered":"<p>Sind Sie auch auf der Suche nach einem Beh\u00e4lter, der den Duft tragen und die Seele der Marke vermitteln kann? Stellen Sie sich vor: Wenn der Kunde Ihr nachf\u00fcllbares Parf\u00fcmfl\u00e4schchen sanft \u00f6ffnet, flie\u00dft die zarte Glasstruktur zwischen den Fingern hindurch und die bernsteinfarbene Fl\u00fcssigkeit ergie\u00dft sich wie Seide, und jeder Tropfen erz\u00e4hlt Ihre Markengeschichte.<\/p>\n<h2>\nWichtige Spezifikationen<\/h2>\n<table style=\"border-collapse: collapse;margin-left: auto;margin-right: auto;width: 80%\" border=\"0\" width=\"80%\" cellspacing=\"0\" cellpadding=\"0\">\n<tbody>\n<tr style=\"height: 13.50pt\">\n<td style=\"height: 13.50pt;width: 109.50pt\" width=\"146\" height=\"18\"><strong>Kapazit\u00e4t<\/strong><\/td>\n<td style=\"width: 194.25pt\" width=\"259\">10ml, 20ml, 30ml<\/td>\n<\/tr>\n<tr style=\"height: 13.50pt\">\n<td style=\"height: 13.50pt\" height=\"18\"><strong>Material<\/strong><\/td>\n<td>Kristallglas, Metallkappe<\/td>\n<\/tr>\n<tr style=\"height: 13.50pt\">\n<td style=\"height: 13.50pt\" height=\"18\"><strong>Versiegelung<\/strong><\/td>\n<td>Schraubverschluss + Spr\u00fchd\u00fcse<\/td>\n<\/tr>\n<tr style=\"height: 13.50pt\">\n<td style=\"height: 13.50pt\" height=\"18\"><strong>Farbe<\/strong><\/td>\n<td>Vollst\u00e4ndig anpassbar<\/td>\n<\/tr>\n<tr style=\"height: 13.50pt\">\n<td style=\"height: 13.50pt\" height=\"18\"><strong>Form<\/strong><\/td>\n<td>Zylindrisch<\/td>\n<\/tr>\n<tr style=\"height: 13.50pt\">\n<td style=\"height: 13.50pt\" height=\"18\"><strong>Verpackungsart<\/strong><\/td>\n<td>Wiederverwertbare Kosmetikverpackungen<\/td>\n<\/tr>\n<\/tbody>\n<\/table>\n<p><img fetchpriority=\"high\" decoding=\"async\" class=\"wp-image-3402\" src=\"https:\/\/theperfumebottles.com\/wp-content\/uploads\/2025\/05\/travel-cologne-bottle-rb3020.webp\" alt=\"Reise-Parf\u00fcmflasche\" width=\"451\" height=\"451\" srcset=\"https:\/\/theperfumebottles.com\/wp-content\/uploads\/2025\/05\/travel-cologne-bottle-rb3020.webp 1000w, https:\/\/theperfumebottles.com\/wp-content\/uploads\/2025\/05\/travel-cologne-bottle-rb3020-300x300.webp 300w, https:\/\/theperfumebottles.com\/wp-content\/uploads\/2025\/05\/travel-cologne-bottle-rb3020-150x150.webp 150w, https:\/\/theperfumebottles.com\/wp-content\/uploads\/2025\/05\/travel-cologne-bottle-rb3020-768x768.webp 768w, https:\/\/theperfumebottles.com\/wp-content\/uploads\/2025\/05\/travel-cologne-bottle-rb3020-12x12.webp 12w, https:\/\/theperfumebottles.com\/wp-content\/uploads\/2025\/05\/travel-cologne-bottle-rb3020-600x600.webp 600w, https:\/\/theperfumebottles.com\/wp-content\/uploads\/2025\/05\/travel-cologne-bottle-rb3020-100x100.webp 100w\" sizes=\"(max-width: 451px) 100vw, 451px\" \/><\/p>\n<p>&nbsp;<\/p>\n<h2>Erfolgsgeschichte &amp; Tipps zur Anpassung<\/h2>\n<p>Eine Hautpflegemarke, mit der wir zusammengearbeitet haben, steigerte ihre Kundenbindung durch 40%, indem sie diese Glasparf\u00fcmflaschen als Proben in Reisegr\u00f6\u00dfe verwendete. Durch das Angebot von wiederbef\u00fcllbaren Parf\u00fcmflaschen wurde der Abfall reduziert und Wiederholungsk\u00e4ufe gef\u00f6rdert.<\/p>\n<h2>Anpassungstipps<\/h2>\n<ul>\n<li><strong>Flexibilit\u00e4t bei der Gestaltung<\/strong>: F\u00fcgen Sie Ihr Logo per Gravur oder Farbblockierung hinzu, um einen markenspezifischen Look zu schaffen.<\/li>\n<li><strong>Gro\u00dfbestellungen<\/strong>: Bestellen Sie im Gro\u00dfhandel, um sich mit Musterflaschen f\u00fcr Veranstaltungen oder den Einzelhandel einzudecken.<\/li>\n<li><strong>Umweltfreundlicher Rand<\/strong>: Heben Sie das recycelbare Glas und das tragbare Design in Ihrem Marketing hervor, um bewusste Verbraucher anzuziehen.<\/li>\n<\/ul>\n<h2>Lassen Sie die Sch\u00f6nheit des Duftes wahrhaftig erkennen<\/h2>\n<p>Sind Sie auch auf der Suche nach einem Beh\u00e4ltnis, das den Duft tragen und die Seele der Marke vermitteln kann? Stellen Sie sich vor: Wenn der Kunde Ihren Parf\u00fcmflakon sanft \u00f6ffnet, flie\u00dft die zarte Glasstruktur zwischen den Fingern hindurch und die bernsteinfarbene Fl\u00fcssigkeit ergie\u00dft sich wie Seide, und jeder Tropfen erz\u00e4hlt Ihre Markengeschichte.<\/p>\n<p>Wir sind uns bewusst, dass der moderne Verbraucher nicht nur Parf\u00fcm kauft, sondern auch ein intensives Erlebnis. Blick-<\/p>\n<blockquote><p>Auslaufsicheres Design macht Gesch\u00e4ftsreisen elegant und ruhig<\/p>\n<p>Der magnetische Flaschenverschluss interpretiert die Exquisitheit der orientalischen \u00c4sthetik<\/p>\n<p>Matte Textur unterstreicht dezentes High-End-Gef\u00fchl<\/p><\/blockquote>\n<p>Diese Details sagen viel aus: Dies ist kein mittelm\u00e4\u00dfiger Container, sondern ein wandelndes Kunstwerk.<\/p>\n<h2>Beginnen Sie mit Ihrer Idee<\/h2>\n<p>Ben\u00f6tigen Sie einen engagierten Designer, der Ihnen dabei hilft, einen denkw\u00fcrdigen Punkt zu schaffen? Von der Kr\u00fcmmung der Flasche bis zu den Licht- und Schatteneffekten wird unser Team jedes Detail wie ein Kunstwerk gestalten. Erinnern Sie sich an den Kunden, der das Konzept des \"Moonlight Forest\" umsetzen wollte? Wir verwenden Farbverlaufsglas und ein leuchtendes Logo, um ihre Marke auf der Ausstellung hervorzuheben.<\/p>\n<h3>In diesem Moment m\u00fcssen Sie es mir nur sagen:<\/h3>\n<p>Welches Markentemperament wollen Sie vermitteln?<\/p>\n<p>Welche Art von Ber\u00fchrungserlebnis bevorzugt die Kundenzielgruppe?<\/p>\n<p>P.S. Verlassen Sie sich nicht nur auf unser Wort. Probieren Sie zuerst eine Probepartie aus - denn gutes Design beginnt mit einem guten ersten Eindruck.<\/p>","protected":false},"excerpt":{"rendered":"<p>Werten Sie Ihre Marke mit unseren wiederbef\u00fcllbaren Parf\u00fcmflaschen und Reiseparf\u00fcmflaschen auf. Individuelle Glasparf\u00fcmflaschen in kleinen, tragbaren Designs f\u00fcr Gro\u00dfhandels- oder Gro\u00dfbestellungen.<\/p>","protected":false},"featured_media":3399,"comment_status":"open","ping_status":"closed","template":"","meta":{"_acf_changed":false,"site-sidebar-layout":"default","site-content-layout":"","ast-site-content-layout":"default","site-content-style":"default","site-sidebar-style":"default","ast-global-header-display":"","ast-banner-title-visibility":"","ast-main-header-display":"","ast-hfb-above-header-display":"","ast-hfb-below-header-display":"","ast-hfb-mobile-header-display":"","site-post-title":"","ast-breadcrumbs-content":"","ast-featured-img":"","footer-sml-layout":"","ast-disable-related-posts":"","theme-transparent-header-meta":"default","adv-header-id-meta":"","stick-header-meta":"","header-above-stick-meta":"","header-main-stick-meta":"","header-below-stick-meta":"","astra-migrate-meta-layouts":"set","ast-page-background-enabled":"default","ast-page-background-meta":{"desktop":{"background-color":"var(--ast-global-color-5)","background-image":"","background-repeat":"repeat","background-position":"center center","background-size":"auto","background-attachment":"scroll","background-type":"","background-media":"","overlay-type":"","overlay-color":"","overlay-opacity":"","overlay-gradient":""},"tablet":{"background-color":"","background-image":"","background-repeat":"repeat","background-position":"center center","background-size":"auto","background-attachment":"scroll","background-type":"","background-media":"","overlay-type":"","overlay-color":"","overlay-opacity":"","overlay-gradient":""},"mobile":{"background-color":"","background-image":"","background-repeat":"repeat","background-position":"center center","background-size":"auto","background-attachment":"scroll","background-type":"","background-media":"","overlay-type":"","overlay-color":"","overlay-opacity":"","overlay-gradient":""}},"ast-content-background-meta":{"desktop":{"background-color":"var(--ast-global-color-4)","background-image":"","background-repeat":"repeat","background-position":"center center","background-size":"auto","background-attachment":"scroll","background-type":"","background-media":"","overlay-type":"","overlay-color":"","overlay-opacity":"","overlay-gradient":""},"tablet":{"background-color":"var(--ast-global-color-4)","background-image":"","background-repeat":"repeat","background-position":"center center","background-size":"auto","background-attachment":"scroll","background-type":"","background-media":"","overlay-type":"","overlay-color":"","overlay-opacity":"","overlay-gradient":""},"mobile":{"background-color":"var(--ast-global-color-4)","background-image":"","background-repeat":"repeat","background-position":"center center","background-size":"auto","background-attachment":"scroll","background-type":"","background-media":"","overlay-type":"","overlay-color":"","overlay-opacity":"","overlay-gradient":""}}},"product_brand":[],"product_cat":[72,74,90,41],"product_tag":[],"class_list":{"0":"post-3409","1":"product","2":"type-product","3":"status-publish","4":"has-post-thumbnail","6":"product_cat-cosmetic-packaging","7":"product_cat-mini-perfume-bottles","8":"product_cat-refillable-perfume-bottles","9":"product_cat-perfume-bottles","10":"desktop-align-left","11":"tablet-align-left","12":"mobile-align-left","14":"first","15":"instock","16":"shipping-taxable","17":"product-type-simple"},"acf":[],"jetpack_sharing_enabled":true,"_links":{"self":[{"href":"https:\/\/theperfumebottles.com\/de\/wp-json\/wp\/v2\/product\/3409","targetHints":{"allow":["GET"]}}],"collection":[{"href":"https:\/\/theperfumebottles.com\/de\/wp-json\/wp\/v2\/product"}],"about":[{"href":"https:\/\/theperfumebottles.com\/de\/wp-json\/wp\/v2\/types\/product"}],"replies":[{"embeddable":true,"href":"https:\/\/theperfumebottles.com\/de\/wp-json\/wp\/v2\/comments?post=3409"}],"wp:featuredmedia":[{"embeddable":true,"href":"https:\/\/theperfumebottles.com\/de\/wp-json\/wp\/v2\/media\/3399"}],"wp:attachment":[{"href":"https:\/\/theperfumebottles.com\/de\/wp-json\/wp\/v2\/media?parent=3409"}],"wp:term":[{"taxonomy":"product_brand","embeddable":true,"href":"https:\/\/theperfumebottles.com\/de\/wp-json\/wp\/v2\/product_brand?post=3409"},{"taxonomy":"product_cat","embeddable":true,"href":"https:\/\/theperfumebottles.com\/de\/wp-json\/wp\/v2\/product_cat?post=3409"},{"taxonomy":"product_tag","embeddable":true,"href":"https:\/\/theperfumebottles.com\/de\/wp-json\/wp\/v2\/product_tag?post=3409"}],"curies":[{"name":"wp","href":"https:\/\/api.w.org\/{rel}","templated":true}]}}