{"id":4274,"date":"2025-06-27T09:35:18","date_gmt":"2025-06-27T01:35:18","guid":{"rendered":"https:\/\/theperfumebottles.com\/?post_type=product&#038;p=4274"},"modified":"2025-06-27T09:35:20","modified_gmt":"2025-06-27T01:35:20","slug":"custom-bulk-perfume-bottles-glass-packaging-deals","status":"publish","type":"product","link":"https:\/\/theperfumebottles.com\/de\/produkt\/custom-bulk-perfume-bottles-glass-packaging-deals\/","title":{"rendered":"30 ml, 50 ml, 100 ml, kundenspezifische Parf\u00fcmflaschen in gro\u00dfen Mengen \u2013 Angebote f\u00fcr Glasverpackungen"},"content":{"rendered":"<p>Sie m\u00f6chten Parf\u00fcmflaschen in gro\u00dfen Mengen bestellen? Mit unseren unbedruckten Parf\u00fcmflaschen liegen Sie genau richtig! Hervorragende Qualit\u00e4t, schlichtes und elegantes Design \u2013 mit einem Etikett und etwas Dekoration verleihen Sie ihnen das gewisse Etwas. Ob Produkteinf\u00fchrung oder Nachbestellung, alles ganz einfach!<\/p>\n<h2>Wichtige Spezifikationen<\/h2>\n<table style=\"border-collapse: collapse;margin-left: auto;margin-right: auto;width: 80%\" border=\"0\" width=\"80%\" cellspacing=\"0\" cellpadding=\"0\">\n<tbody>\n<tr style=\"height: 13.50pt\">\n<td style=\"height: 13.50pt;width: 103.50pt\" width=\"138\" height=\"18\">Besonderheit<\/td>\n<td style=\"width: 186.75pt\" width=\"249\">Details<\/td>\n<\/tr>\n<tr style=\"height: 13.50pt\">\n<td style=\"height: 13.50pt\" height=\"18\">Material<\/td>\n<td>Kristallglas<\/td>\n<\/tr>\n<tr style=\"height: 13.50pt\">\n<td style=\"height: 13.50pt\" height=\"18\">Form<\/td>\n<td>Rechteckig<\/td>\n<\/tr>\n<tr style=\"height: 13.50pt\">\n<td style=\"height: 13.50pt\" height=\"18\">Kapazit\u00e4t<\/td>\n<td>30 ml \/ 50 ml \/ 100 ml<\/td>\n<\/tr>\n<tr style=\"height: 13.50pt\">\n<td style=\"height: 13.50pt\" height=\"18\">Verschlussart<\/td>\n<td>\n<article class=\"4ever-article\" data-clipboard-cangjie=\"[&quot;root&quot;,{&quot;copyFrom&quot;:&quot;im-native&quot;},[&quot;p&quot;,{},[&quot;span&quot;,{&quot;data-type&quot;:&quot;text&quot;},[&quot;span&quot;,{&quot;data-type&quot;:&quot;leaf&quot;},&quot;Screw neck&quot;]]]]\">Schraubhals + Spr\u00fchd\u00fcse<\/article>\n<\/td>\n<\/tr>\n<tr style=\"height: 13.50pt\">\n<td style=\"height: 13.50pt\" height=\"18\">Anpassung<\/td>\n<td>Alle Farboptionen verf\u00fcgbar<\/td>\n<\/tr>\n<\/tbody>\n<\/table>\n<h2>Eine wahre Erfolgsgeschichte<\/h2>\n<p>Eine exklusive Parf\u00fcmmarke, die einen minimalistischen und stilvollen Duft kreieren m\u00f6chte, w\u00e4hlte unsere unbedruckten Parf\u00fcmflakons als Grundlage und bestellte eine Charge von 50-ml-Flakons. Diese wurden mit ros\u00e9goldenen Verzierungen und zarten Lavendelt\u00f6nen versehen, was ihnen ein besonders edles Aussehen verlieh. Das Ergebnis? Diese limitierte Edition war innerhalb weniger Wochen ausverkauft und wurde in den sozialen Medien mit begeisterten Rezensionen gefeiert.<\/p>\n<h2>Profi-Tipps<\/h2>\n<p>Wenn Ihre Zielkunden die schlichte Sch\u00f6nheit von \u201eWeniger ist mehr\u201c lieben, k\u00f6nnen Sie eine Flasche mit matter Textur und gedeckten Farben w\u00e4hlen; wenn Sie den Luxusmarkt ansprechen, k\u00f6nnen Sie der Flasche einen Metallverschluss hinzuf\u00fcgen und eine tiefe Edelsteinfarbe w\u00e4hlen, um die visuelle Wirkung zu verst\u00e4rken, und die Kunden werden sie auf den ersten Blick nicht vergessen!<\/p>\n<h2>M\u00f6chten Sie Ihren eigenen Parf\u00fcmflakon gestalten?<\/h2>\n<p>Ob Sie eine neue Parf\u00fcmserie auf den Markt bringen oder Ihre bestehende Produktlinie auffrischen m\u00f6chten \u2013 unsere Glasparf\u00fcmflaschen bewahren nicht nur den Stil, sondern wachsen auch flexibel mit Ihrem Absatz. Von der Flaschenfarbe bis zum Verschluss \u2013 Sie k\u00f6nnen alles nach Ihren W\u00fcnschen gestalten! Wenn Ihr Unternehmen w\u00e4chst und Sie Ihre Produktion ausweiten m\u00f6chten, unterst\u00fctzen wir Sie gerne dabei, die passenden Gro\u00dfpackungen (Batch-Parf\u00fcmflaschen) zu finden, die perfekt zu Ihrer Markenvision passen.<\/p>\n<p>Mach mit bei unserem unvergesslichen \u201eParf\u00fcmflakon-Projekt\u201c und gestalte dein Parf\u00fcm schon ab dem Flakon zu einem unvergesslichen Erlebnis!<\/p>\n<p>&nbsp;<\/p>","protected":false},"excerpt":{"rendered":"<p>Hochwertige Parf\u00fcmflaschen in Gro\u00dfpackungen mit eleganten Golddeckeln. Ideal f\u00fcr Duftmarken, DIY-Projekte oder Verpackungsl\u00f6sungen f\u00fcr den Gro\u00dfhandel.<\/p>","protected":false},"featured_media":4277,"comment_status":"open","ping_status":"closed","template":"","meta":{"_acf_changed":false,"site-sidebar-layout":"default","site-content-layout":"","ast-site-content-layout":"default","site-content-style":"default","site-sidebar-style":"default","ast-global-header-display":"","ast-banner-title-visibility":"","ast-main-header-display":"","ast-hfb-above-header-display":"","ast-hfb-below-header-display":"","ast-hfb-mobile-header-display":"","site-post-title":"","ast-breadcrumbs-content":"","ast-featured-img":"","footer-sml-layout":"","ast-disable-related-posts":"","theme-transparent-header-meta":"default","adv-header-id-meta":"","stick-header-meta":"","header-above-stick-meta":"","header-main-stick-meta":"","header-below-stick-meta":"","astra-migrate-meta-layouts":"set","ast-page-background-enabled":"default","ast-page-background-meta":{"desktop":{"background-color":"var(--ast-global-color-5)","background-image":"","background-repeat":"repeat","background-position":"center center","background-size":"auto","background-attachment":"scroll","background-type":"","background-media":"","overlay-type":"","overlay-color":"","overlay-opacity":"","overlay-gradient":""},"tablet":{"background-color":"","background-image":"","background-repeat":"repeat","background-position":"center center","background-size":"auto","background-attachment":"scroll","background-type":"","background-media":"","overlay-type":"","overlay-color":"","overlay-opacity":"","overlay-gradient":""},"mobile":{"background-color":"","background-image":"","background-repeat":"repeat","background-position":"center center","background-size":"auto","background-attachment":"scroll","background-type":"","background-media":"","overlay-type":"","overlay-color":"","overlay-opacity":"","overlay-gradient":""}},"ast-content-background-meta":{"desktop":{"background-color":"var(--ast-global-color-4)","background-image":"","background-repeat":"repeat","background-position":"center center","background-size":"auto","background-attachment":"scroll","background-type":"","background-media":"","overlay-type":"","overlay-color":"","overlay-opacity":"","overlay-gradient":""},"tablet":{"background-color":"var(--ast-global-color-4)","background-image":"","background-repeat":"repeat","background-position":"center center","background-size":"auto","background-attachment":"scroll","background-type":"","background-media":"","overlay-type":"","overlay-color":"","overlay-opacity":"","overlay-gradient":""},"mobile":{"background-color":"var(--ast-global-color-4)","background-image":"","background-repeat":"repeat","background-position":"center center","background-size":"auto","background-attachment":"scroll","background-type":"","background-media":"","overlay-type":"","overlay-color":"","overlay-opacity":"","overlay-gradient":""}}},"product_brand":[],"product_cat":[72,91,41],"product_tag":[],"class_list":{"0":"post-4274","1":"product","2":"type-product","3":"status-publish","4":"has-post-thumbnail","6":"product_cat-cosmetic-packaging","7":"product_cat-custom-perfume-bottles","8":"product_cat-perfume-bottles","9":"desktop-align-left","10":"tablet-align-left","11":"mobile-align-left","13":"first","14":"instock","15":"shipping-taxable","16":"product-type-simple"},"acf":[],"jetpack_sharing_enabled":true,"_links":{"self":[{"href":"https:\/\/theperfumebottles.com\/de\/wp-json\/wp\/v2\/product\/4274","targetHints":{"allow":["GET"]}}],"collection":[{"href":"https:\/\/theperfumebottles.com\/de\/wp-json\/wp\/v2\/product"}],"about":[{"href":"https:\/\/theperfumebottles.com\/de\/wp-json\/wp\/v2\/types\/product"}],"replies":[{"embeddable":true,"href":"https:\/\/theperfumebottles.com\/de\/wp-json\/wp\/v2\/comments?post=4274"}],"wp:featuredmedia":[{"embeddable":true,"href":"https:\/\/theperfumebottles.com\/de\/wp-json\/wp\/v2\/media\/4277"}],"wp:attachment":[{"href":"https:\/\/theperfumebottles.com\/de\/wp-json\/wp\/v2\/media?parent=4274"}],"wp:term":[{"taxonomy":"product_brand","embeddable":true,"href":"https:\/\/theperfumebottles.com\/de\/wp-json\/wp\/v2\/product_brand?post=4274"},{"taxonomy":"product_cat","embeddable":true,"href":"https:\/\/theperfumebottles.com\/de\/wp-json\/wp\/v2\/product_cat?post=4274"},{"taxonomy":"product_tag","embeddable":true,"href":"https:\/\/theperfumebottles.com\/de\/wp-json\/wp\/v2\/product_tag?post=4274"}],"curies":[{"name":"wp","href":"https:\/\/api.w.org\/{rel}","templated":true}]}}