{"id":4463,"date":"2025-07-15T17:46:01","date_gmt":"2025-07-15T09:46:01","guid":{"rendered":"https:\/\/theperfumebottles.com\/?post_type=product&#038;p=4463"},"modified":"2025-07-31T10:58:58","modified_gmt":"2025-07-31T02:58:58","slug":"glass-face-cream-jars-wholesales-custom-skincare-packaging","status":"publish","type":"product","link":"https:\/\/theperfumebottles.com\/de\/produkt\/glass-face-cream-jars-wholesales-custom-skincare-packaging\/","title":{"rendered":"100 g 100 ml Glas-Gesichtscremetiegel Gro\u00dfhandel \u2013 Kundenspezifische Hautpflegeverpackungen"},"content":{"rendered":"<p><span class=\"highlights\" data-v-df95d256=\"\">Unsere Glastiegel f\u00fcr Gesichtscreme sollen Sie bei Ihren Beauty-Verpackungen inspirieren. Egal, ob Sie Inhaber einer Markenmarke sind und nach individuellen Hautpflegeverpackungen suchen oder als H\u00e4ndler Kosmetikverpackungsbeh\u00e4lter in gro\u00dfen Mengen ben\u00f6tigen \u2013 diese Tiegel vereinen Funktionalit\u00e4t und Eleganz.\u00a0<\/span><\/p>\n<h3 data-spm-anchor-id=\"5176.28103460.0.i8.29ab1db83FoVh8\"><strong>Wichtige Spezifikationen<\/strong><\/h3>\n<table style=\"border-collapse: collapse;width: 60%;height: 585px;margin-left: auto;margin-right: auto\" border=\"0\" width=\"144\" cellspacing=\"0\" cellpadding=\"0\">\n<tbody>\n<tr style=\"height: 13.50pt\">\n<td style=\"height: 13.50pt;width: 54.00pt\" width=\"72\" height=\"18\">Besonderheit<\/td>\n<td style=\"width: 54.00pt\" width=\"72\">Details<\/td>\n<\/tr>\n<tr style=\"height: 13.50pt\">\n<td style=\"height: 13.50pt\" height=\"18\">Kapazit\u00e4t<\/td>\n<td>100 g \/ 100 ml<\/td>\n<\/tr>\n<tr style=\"height: 13.50pt\">\n<td style=\"height: 13.50pt\" height=\"18\">Form<\/td>\n<td>Geradseitig<\/td>\n<\/tr>\n<tr style=\"height: 13.50pt\">\n<td style=\"height: 13.50pt\" height=\"18\">Material<\/td>\n<td>Kristallglas<\/td>\n<\/tr>\n<tr style=\"height: 13.50pt\">\n<td style=\"height: 13.50pt\" height=\"18\">Farben<\/td>\n<td>Gr\u00fcn, klar, bernsteinfarben, schwarz (anpassbar)\u2026<\/td>\n<\/tr>\n<tr style=\"height: 13.50pt\">\n<td style=\"height: 13.50pt\" height=\"18\">Anwendungsf\u00e4lle<\/td>\n<td>Gesichtscreme, K\u00f6rperlotion\u2026<\/td>\n<\/tr>\n<\/tbody>\n<\/table>\n<h2><span class=\"highlights\" data-v-df95d256=\"\">Fallstudie<\/span><\/h2>\n<p><span class=\"highlights\" data-v-df95d256=\"\">Eine mittelst\u00e4ndische Hautpflegemarke nutzte unsere gr\u00fcnen 100-g-Tiegel f\u00fcr ihre Anti-Aging-Creme. Das umweltfreundliche Design und die sofort lieferbaren Tiegel erm\u00f6glichten einen erfolgreichen Marktstart innerhalb von zwei Wochen und steigerten die Verk\u00e4ufe \u00fcber die Homepage im ersten Monat um 35 %.<\/span><\/p>","protected":false},"excerpt":{"rendered":"<p>Entdecken Sie Glastiegel f\u00fcr Gesichtscreme \u2013 ideal f\u00fcr individuelle Hautpflegeverpackungen. Langlebig, individuell gestaltbar und umweltfreundlich \u2013 perfekt f\u00fcr Kosmetikverpackungen in gro\u00dfen Mengen.<\/p>","protected":false},"featured_media":4464,"comment_status":"open","ping_status":"closed","template":"","meta":{"_acf_changed":false,"site-sidebar-layout":"default","site-content-layout":"","ast-site-content-layout":"default","site-content-style":"default","site-sidebar-style":"default","ast-global-header-display":"","ast-banner-title-visibility":"","ast-main-header-display":"","ast-hfb-above-header-display":"","ast-hfb-below-header-display":"","ast-hfb-mobile-header-display":"","site-post-title":"","ast-breadcrumbs-content":"","ast-featured-img":"","footer-sml-layout":"","ast-disable-related-posts":"","theme-transparent-header-meta":"default","adv-header-id-meta":"","stick-header-meta":"","header-above-stick-meta":"","header-main-stick-meta":"","header-below-stick-meta":"","astra-migrate-meta-layouts":"set","ast-page-background-enabled":"default","ast-page-background-meta":{"desktop":{"background-color":"var(--ast-global-color-5)","background-image":"","background-repeat":"repeat","background-position":"center center","background-size":"auto","background-attachment":"scroll","background-type":"","background-media":"","overlay-type":"","overlay-color":"","overlay-opacity":"","overlay-gradient":""},"tablet":{"background-color":"","background-image":"","background-repeat":"repeat","background-position":"center center","background-size":"auto","background-attachment":"scroll","background-type":"","background-media":"","overlay-type":"","overlay-color":"","overlay-opacity":"","overlay-gradient":""},"mobile":{"background-color":"","background-image":"","background-repeat":"repeat","background-position":"center center","background-size":"auto","background-attachment":"scroll","background-type":"","background-media":"","overlay-type":"","overlay-color":"","overlay-opacity":"","overlay-gradient":""}},"ast-content-background-meta":{"desktop":{"background-color":"var(--ast-global-color-4)","background-image":"","background-repeat":"repeat","background-position":"center center","background-size":"auto","background-attachment":"scroll","background-type":"","background-media":"","overlay-type":"","overlay-color":"","overlay-opacity":"","overlay-gradient":""},"tablet":{"background-color":"var(--ast-global-color-4)","background-image":"","background-repeat":"repeat","background-position":"center center","background-size":"auto","background-attachment":"scroll","background-type":"","background-media":"","overlay-type":"","overlay-color":"","overlay-opacity":"","overlay-gradient":""},"mobile":{"background-color":"var(--ast-global-color-4)","background-image":"","background-repeat":"repeat","background-position":"center center","background-size":"auto","background-attachment":"scroll","background-type":"","background-media":"","overlay-type":"","overlay-color":"","overlay-opacity":"","overlay-gradient":""}}},"product_brand":[],"product_cat":[72,62,56],"product_tag":[109,110],"class_list":{"0":"post-4463","1":"product","2":"type-product","3":"status-publish","4":"has-post-thumbnail","6":"product_cat-cosmetic-packaging","7":"product_cat-cosmetic-containers","8":"product_cat-cosmetic-jars","9":"product_tag-custom-skincare-packaging","10":"product_tag-glass-face-cream-jars","11":"desktop-align-left","12":"tablet-align-left","13":"mobile-align-left","15":"first","16":"instock","17":"shipping-taxable","18":"product-type-simple"},"acf":[],"jetpack_sharing_enabled":true,"_links":{"self":[{"href":"https:\/\/theperfumebottles.com\/de\/wp-json\/wp\/v2\/product\/4463","targetHints":{"allow":["GET"]}}],"collection":[{"href":"https:\/\/theperfumebottles.com\/de\/wp-json\/wp\/v2\/product"}],"about":[{"href":"https:\/\/theperfumebottles.com\/de\/wp-json\/wp\/v2\/types\/product"}],"replies":[{"embeddable":true,"href":"https:\/\/theperfumebottles.com\/de\/wp-json\/wp\/v2\/comments?post=4463"}],"wp:featuredmedia":[{"embeddable":true,"href":"https:\/\/theperfumebottles.com\/de\/wp-json\/wp\/v2\/media\/4464"}],"wp:attachment":[{"href":"https:\/\/theperfumebottles.com\/de\/wp-json\/wp\/v2\/media?parent=4463"}],"wp:term":[{"taxonomy":"product_brand","embeddable":true,"href":"https:\/\/theperfumebottles.com\/de\/wp-json\/wp\/v2\/product_brand?post=4463"},{"taxonomy":"product_cat","embeddable":true,"href":"https:\/\/theperfumebottles.com\/de\/wp-json\/wp\/v2\/product_cat?post=4463"},{"taxonomy":"product_tag","embeddable":true,"href":"https:\/\/theperfumebottles.com\/de\/wp-json\/wp\/v2\/product_tag?post=4463"}],"curies":[{"name":"wp","href":"https:\/\/api.w.org\/{rel}","templated":true}]}}