{"id":4474,"date":"2025-07-15T17:44:31","date_gmt":"2025-07-15T09:44:31","guid":{"rendered":"https:\/\/theperfumebottles.com\/?post_type=product&#038;p=4474"},"modified":"2026-03-30T17:09:12","modified_gmt":"2026-03-30T09:09:12","slug":"cylindrical-skincare-containers-wholesale","status":"publish","type":"product","link":"https:\/\/theperfumebottles.com\/de\/produkt\/cylindrical-skincare-containers-wholesale\/","title":{"rendered":"Gro\u00dfhandel f\u00fcr zylindrische Hautpflegebeh\u00e4lter (4 oz und 8 oz)"},"content":{"rendered":"<p>Diese Hautpflegebeh\u00e4lter im Gro\u00dfhandel sind als bernsteinfarbene, lichtundurchl\u00e4ssige Tiegel, mattschwarze Pr\u00e4sentationstiegel und transparente Pr\u00e4sentationstiegel erh\u00e4ltlich. Die Tiegel haben eine klare, stromlinienf\u00f6rmige, zylindrische Form und werden mit einem passenden Deckel geliefert.<\/p>\n<h2 data-spm-anchor-id=\"5176.28103460.0.i24.29ab1db83FoVh8\"><strong>Wichtige Spezifikationen<\/strong><\/h2>\n<table style=\"border-collapse: collapse; width: 906px; height: 373px; margin-left: 240px;\" border=\"0\" width=\"144\" cellspacing=\"0\" cellpadding=\"0\">\n<tbody>\n<tr style=\"height: 13.50pt;\">\n<td style=\"height: 13.50pt; width: 54.00pt;\" width=\"72\" height=\"18\">Besonderheit<\/td>\n<td style=\"width: 54.00pt;\" width=\"72\">Details<\/td>\n<\/tr>\n<tr style=\"height: 13.50pt;\">\n<td style=\"height: 13.50pt;\" height=\"18\">Kapazit\u00e4t<\/td>\n<td>4oz \/ 8oz<\/td>\n<\/tr>\n<tr style=\"height: 13.50pt;\">\n<td style=\"height: 13.50pt;\" height=\"18\">Form<\/td>\n<td>Geradseitig<\/td>\n<\/tr>\n<tr style=\"height: 13.50pt;\">\n<td style=\"height: 13.50pt;\" height=\"18\">Versiegelungsmethode<\/td>\n<td>Schraubdeckel (Kunststoff\/Metall\/Holz)<\/td>\n<\/tr>\n<tr style=\"height: 13.50pt;\">\n<td style=\"height: 13.50pt;\" height=\"18\">Material<\/td>\n<td>Kristallglas<\/td>\n<\/tr>\n<tr style=\"height: 13.50pt;\">\n<td style=\"height: 13.50pt;\" height=\"18\">Farben<\/td>\n<td>Bernstein, Schwarz, Klar, Gr\u00fcn, Blau (anpassbar)\u2026<\/td>\n<\/tr>\n<tr style=\"height: 13.50pt;\">\n<td style=\"height: 13.50pt;\" height=\"18\">Anwendungsf\u00e4lle<\/td>\n<td>Gesichtscreme, K\u00f6rperlotion, Augencreme<\/td>\n<\/tr>\n<\/tbody>\n<\/table>\n<h2><span class=\"highlights\" data-v-df95d256=\"\">Erfolgsgeschichte<\/span><\/h2>\n<p>Unsere Kosmetikverpackungen f\u00fcr Cremetiegel \u2013 eine bernsteinfarbene Retinol-Nachtcreme und eine mattschwarze Bambuskohlemaske \u2013 wurden von einer Marke f\u00fcr ganzheitliches Wohlbefinden ausgew\u00e4hlt. Die Tiegel sind mit individuellen Kr\u00e4utermotiven im Siebdruckverfahren bedruckt. Die bernsteinfarbenen Glasbeh\u00e4lter des Retinolprodukts f\u00fchrten zu einer 40-prozentigen Steigerung der Produktstabilit\u00e4t, w\u00e4hrend die mattschwarzen Glasbeh\u00e4lter der Nachtcreme einen um 25 Prozent h\u00f6heren Preis erzielten. Die Marke war sehr erfolgreich und bestellte daraufhin weitere 300.000 Tiegel einer neuen K\u00f6rperlotion- und Kopfhautpflegeserie.<\/p>\n<h2><span class=\"highlights\" data-v-df95d256=\"\">Anpassungsvorschl\u00e4ge<\/span><\/h2>\n<ul>\n<li><strong>Glas- und Etikettengestaltung:<\/strong> Entscheiden Sie sich f\u00fcr klares Glas mit schlichten, minimalistischen Beschriftungen f\u00fcr eine moderne \u00c4sthetik oder w\u00e4hlen Sie schwarzes Glas und Metall-Markenzeichen f\u00fcr ein exklusives, kostspieliges Erscheinungsbild.<\/li>\n<li><strong>Deckelauswahl:<\/strong> Kombinieren Sie die Beh\u00e4lter mit Kunststoffdeckeln oder Metallkappen f\u00fcr ein anspruchsvolles, professionelles Erscheinungsbild.<\/li>\n<li><strong>Vorteile im Gro\u00dfhandel:<\/strong> Profitieren Sie von flexibler Lieferung bei Gro\u00dfbestellungen von Hautpflegeprodukten ab 500 Einheiten.<\/li>\n<\/ul>","protected":false},"excerpt":{"rendered":"<p>Hochwertige Hautpflegeverpackungen im Gro\u00dfhandel mit verschiedenen Oberfl\u00e4chen und sicheren Deckeln. Cremetiegel und Kosmetikverpackungen f\u00fcr Marken. Schneller Versand garantiert z\u00fcgige Lieferung.<\/p>","protected":false},"featured_media":4479,"comment_status":"open","ping_status":"closed","template":"","meta":{"_acf_changed":false,"site-sidebar-layout":"default","site-content-layout":"","ast-site-content-layout":"default","site-content-style":"default","site-sidebar-style":"default","ast-global-header-display":"","ast-banner-title-visibility":"","ast-main-header-display":"","ast-hfb-above-header-display":"","ast-hfb-below-header-display":"","ast-hfb-mobile-header-display":"","site-post-title":"","ast-breadcrumbs-content":"","ast-featured-img":"","footer-sml-layout":"","ast-disable-related-posts":"","theme-transparent-header-meta":"default","adv-header-id-meta":"","stick-header-meta":"","header-above-stick-meta":"","header-main-stick-meta":"","header-below-stick-meta":"","astra-migrate-meta-layouts":"set","ast-page-background-enabled":"default","ast-page-background-meta":{"desktop":{"background-color":"var(--ast-global-color-5)","background-image":"","background-repeat":"repeat","background-position":"center center","background-size":"auto","background-attachment":"scroll","background-type":"","background-media":"","overlay-type":"","overlay-color":"","overlay-opacity":"","overlay-gradient":""},"tablet":{"background-color":"","background-image":"","background-repeat":"repeat","background-position":"center center","background-size":"auto","background-attachment":"scroll","background-type":"","background-media":"","overlay-type":"","overlay-color":"","overlay-opacity":"","overlay-gradient":""},"mobile":{"background-color":"","background-image":"","background-repeat":"repeat","background-position":"center center","background-size":"auto","background-attachment":"scroll","background-type":"","background-media":"","overlay-type":"","overlay-color":"","overlay-opacity":"","overlay-gradient":""}},"ast-content-background-meta":{"desktop":{"background-color":"var(--ast-global-color-4)","background-image":"","background-repeat":"repeat","background-position":"center center","background-size":"auto","background-attachment":"scroll","background-type":"","background-media":"","overlay-type":"","overlay-color":"","overlay-opacity":"","overlay-gradient":""},"tablet":{"background-color":"var(--ast-global-color-4)","background-image":"","background-repeat":"repeat","background-position":"center center","background-size":"auto","background-attachment":"scroll","background-type":"","background-media":"","overlay-type":"","overlay-color":"","overlay-opacity":"","overlay-gradient":""},"mobile":{"background-color":"var(--ast-global-color-4)","background-image":"","background-repeat":"repeat","background-position":"center center","background-size":"auto","background-attachment":"scroll","background-type":"","background-media":"","overlay-type":"","overlay-color":"","overlay-opacity":"","overlay-gradient":""}}},"product_brand":[],"product_cat":[56,62,72],"product_tag":[114,113],"class_list":{"0":"post-4474","1":"product","2":"type-product","3":"status-publish","4":"has-post-thumbnail","6":"product_cat-cosmetic-jars","7":"product_cat-cosmetic-containers","8":"product_cat-cosmetic-packaging","9":"product_tag-cream-jars-cosmetic-packaging","10":"product_tag-skincare-containers-wholesale","11":"desktop-align-left","12":"tablet-align-left","13":"mobile-align-left","15":"first","16":"instock","17":"shipping-taxable","18":"product-type-simple"},"acf":[],"jetpack_sharing_enabled":true,"_links":{"self":[{"href":"https:\/\/theperfumebottles.com\/de\/wp-json\/wp\/v2\/product\/4474","targetHints":{"allow":["GET"]}}],"collection":[{"href":"https:\/\/theperfumebottles.com\/de\/wp-json\/wp\/v2\/product"}],"about":[{"href":"https:\/\/theperfumebottles.com\/de\/wp-json\/wp\/v2\/types\/product"}],"replies":[{"embeddable":true,"href":"https:\/\/theperfumebottles.com\/de\/wp-json\/wp\/v2\/comments?post=4474"}],"wp:featuredmedia":[{"embeddable":true,"href":"https:\/\/theperfumebottles.com\/de\/wp-json\/wp\/v2\/media\/4479"}],"wp:attachment":[{"href":"https:\/\/theperfumebottles.com\/de\/wp-json\/wp\/v2\/media?parent=4474"}],"wp:term":[{"taxonomy":"product_brand","embeddable":true,"href":"https:\/\/theperfumebottles.com\/de\/wp-json\/wp\/v2\/product_brand?post=4474"},{"taxonomy":"product_cat","embeddable":true,"href":"https:\/\/theperfumebottles.com\/de\/wp-json\/wp\/v2\/product_cat?post=4474"},{"taxonomy":"product_tag","embeddable":true,"href":"https:\/\/theperfumebottles.com\/de\/wp-json\/wp\/v2\/product_tag?post=4474"}],"curies":[{"name":"wp","href":"https:\/\/api.w.org\/{rel}","templated":true}]}}