{"id":4615,"date":"2025-07-17T18:00:44","date_gmt":"2025-07-17T10:00:44","guid":{"rendered":"https:\/\/theperfumebottles.com\/?post_type=product&#038;p=4615"},"modified":"2026-04-02T17:11:30","modified_gmt":"2026-04-02T09:11:30","slug":"lotion-glass-jar-set-cosmetic-bottle-with-pump-wholesale","status":"publish","type":"product","link":"https:\/\/theperfumebottles.com\/de\/produkt\/lotion-glass-jar-set-cosmetic-bottle-with-pump-wholesale\/","title":{"rendered":"40ml 120ml Lotion Glastiegel Set \u2013 Kosmetikflasche mit Pumpe Gro\u00dfhandel"},"content":{"rendered":"<p><span class=\"highlights\" data-v-df95d256=\"\">Sie suchen nach Kosmetikverpackungen, die alle Blicke auf sich ziehen? Unser Set aus Beauty-Flasche mit Pumpe und Lotion-Glastiegel ist ein echter Gamechanger f\u00fcr Hautpflegemarken. Das Farbverlaufsdesign \u2013 unten bernsteinfarben, oben t\u00fcrkis \u2013 sorgt f\u00fcr einen farbenfrohen und gleichzeitig eleganten Look, w\u00e4hrend der mattschwarze Deckel ein edles und modernes Finish verleiht. Diese Beauty-Verpackung ist ideal f\u00fcr Seren, \u00d6le oder Cremes und vereint UV-Schutz, Ausgewogenheit und individuelle Gestaltungsm\u00f6glichkeiten.<\/span><\/p>\n<h2>Wichtige Spezifikationen<\/h2>\n<table style=\"border-collapse: collapse; width: 784px; height: 114px; margin-left: 280px;\" border=\"0\" width=\"144\" cellspacing=\"0\" cellpadding=\"0\">\n<tbody>\n<tr style=\"height: 13.50pt;\">\n<td style=\"height: 13.50pt; width: 54.00pt;\" width=\"72\" height=\"18\">Besonderheit<\/td>\n<td style=\"width: 54.00pt;\" width=\"72\">Details<\/td>\n<\/tr>\n<tr style=\"height: 13.50pt;\">\n<td style=\"height: 13.50pt;\" height=\"18\">Kapazit\u00e4t<\/td>\n<td>40 ml, 120 ml<\/td>\n<\/tr>\n<tr style=\"height: 13.50pt;\">\n<td style=\"height: 13.50pt;\" height=\"18\">Form<\/td>\n<td>Geradseitig<\/td>\n<\/tr>\n<tr style=\"height: 13.50pt;\">\n<td style=\"height: 13.50pt;\" height=\"18\">Versiegelung<\/td>\n<td>Pumpe oder Schraubverschluss (anpassbar)<\/td>\n<\/tr>\n<tr style=\"height: 13.50pt;\">\n<td style=\"height: 13.50pt;\" height=\"18\">Material<\/td>\n<td>Kristallglas<\/td>\n<\/tr>\n<tr style=\"height: 13.50pt;\">\n<td style=\"height: 13.50pt;\" height=\"18\">Farbe<\/td>\n<td>Gr\u00fcner Farbverlauf (individuelle Farben erh\u00e4ltlich)<\/td>\n<\/tr>\n<tr style=\"height: 13.50pt;\">\n<td style=\"height: 13.50pt;\" height=\"18\">Anwendungsfall<\/td>\n<td>Serum, Gesichts\u00f6l, K\u00f6rperlotion\u2026<\/td>\n<\/tr>\n<\/tbody>\n<\/table>\n<h2><span class=\"highlights\" data-v-df95d256=\"\">Erfolgsgeschichte<\/span><\/h2>\n<p><span class=\"highlights\" data-v-df95d256=\"\">Eine Luxus-Hautpflegemarke steigerte ihre Gro\u00dfhandelsbestellungen um 50 %, nachdem sie dieses Farbverlauf-Set auf ihrer Homepage pr\u00e4sentiert hatte. Der markante Farbkontrast und die sofortige Verf\u00fcgbarkeit trugen dazu bei, dass sie innerhalb von drei Monaten Gro\u00dfbestellungen von \u00fcber 15 Einzelh\u00e4ndlern erhielt.<\/span><\/p>\n<h2><span class=\"highlights\" data-v-df95d256=\"\">Passen Sie Ihre Bestellung an<\/span><\/h2>\n<ul>\n<li>\n<div class=\"lRu31\" dir=\"ltr\"><span class=\"HwtZe\" lang=\"en\"><span class=\"jCAhz ChMk0b\"><span class=\"ryNqvb\"><strong>Anpassbares Farbverlaufsdesign:<\/strong> Es stehen verschiedene Farbverlaufsoptionen zur Verf\u00fcgung, die zum visuellen Stil Ihrer Marke passen.<\/span><\/span><\/span><\/div>\n<\/li>\n<li>\n<div class=\"lRu31\" dir=\"ltr\"><span class=\"HwtZe\" lang=\"en\"><span class=\"jCAhz\"><span class=\"ryNqvb\"><strong>Verschiedene Pumpenoptionen:<\/strong> Austauschbare Pumpen mit Feinspr\u00fchkopf oder Klappverschluss erh\u00f6hen den Komfort von Lotionflaschen.<\/span><\/span> <\/span><\/div>\n<\/li>\n<li>\n<div class=\"lRu31\" dir=\"ltr\">\n<p><span class=\"HwtZe\" lang=\"en\"><span class=\"jCAhz ChMk0b\"><span class=\"ryNqvb\"><strong>Interaktion mit intelligenter Verpackung:<\/strong> Anpassbare QR-Codes erm\u00f6glichen interaktive Erlebnisse, die die Verpackung mit Ihrer Markengeschichte verbinden.<\/span><\/span><\/span><\/p>\n<div class=\"OvtS8d\"><\/div>\n<div id=\"ow35\"><\/div>\n<\/div>\n<div class=\"UdTY9 WdefRb\" aria-hidden=\"true\" data-location=\"2\">\n<div class=\"kO6q6e\"><\/div>\n<\/div>\n<\/li>\n<\/ul>","protected":false},"excerpt":{"rendered":"<p>Entdecken Sie Kosmetikflaschen-Sets mit Pumpe und Lotion-Glastiegeln f\u00fcr Ihre Hautpflegemarke. UV-Schutzglas mit Farbverlauf und individuellen Verpackungsoptionen.<\/p>","protected":false},"featured_media":4616,"comment_status":"open","ping_status":"closed","template":"","meta":{"_acf_changed":false,"site-sidebar-layout":"default","site-content-layout":"","ast-site-content-layout":"default","site-content-style":"default","site-sidebar-style":"default","ast-global-header-display":"","ast-banner-title-visibility":"","ast-main-header-display":"","ast-hfb-above-header-display":"","ast-hfb-below-header-display":"","ast-hfb-mobile-header-display":"","site-post-title":"","ast-breadcrumbs-content":"","ast-featured-img":"","footer-sml-layout":"","ast-disable-related-posts":"","theme-transparent-header-meta":"default","adv-header-id-meta":"","stick-header-meta":"","header-above-stick-meta":"","header-main-stick-meta":"","header-below-stick-meta":"","astra-migrate-meta-layouts":"set","ast-page-background-enabled":"default","ast-page-background-meta":{"desktop":{"background-color":"var(--ast-global-color-5)","background-image":"","background-repeat":"repeat","background-position":"center center","background-size":"auto","background-attachment":"scroll","background-type":"","background-media":"","overlay-type":"","overlay-color":"","overlay-opacity":"","overlay-gradient":""},"tablet":{"background-color":"","background-image":"","background-repeat":"repeat","background-position":"center center","background-size":"auto","background-attachment":"scroll","background-type":"","background-media":"","overlay-type":"","overlay-color":"","overlay-opacity":"","overlay-gradient":""},"mobile":{"background-color":"","background-image":"","background-repeat":"repeat","background-position":"center center","background-size":"auto","background-attachment":"scroll","background-type":"","background-media":"","overlay-type":"","overlay-color":"","overlay-opacity":"","overlay-gradient":""}},"ast-content-background-meta":{"desktop":{"background-color":"var(--ast-global-color-4)","background-image":"","background-repeat":"repeat","background-position":"center center","background-size":"auto","background-attachment":"scroll","background-type":"","background-media":"","overlay-type":"","overlay-color":"","overlay-opacity":"","overlay-gradient":""},"tablet":{"background-color":"var(--ast-global-color-4)","background-image":"","background-repeat":"repeat","background-position":"center center","background-size":"auto","background-attachment":"scroll","background-type":"","background-media":"","overlay-type":"","overlay-color":"","overlay-opacity":"","overlay-gradient":""},"mobile":{"background-color":"var(--ast-global-color-4)","background-image":"","background-repeat":"repeat","background-position":"center center","background-size":"auto","background-attachment":"scroll","background-type":"","background-media":"","overlay-type":"","overlay-color":"","overlay-opacity":"","overlay-gradient":""}}},"product_brand":[],"product_cat":[236,72,62],"product_tag":[129,120],"class_list":{"0":"post-4615","1":"product","2":"type-product","3":"status-publish","4":"has-post-thumbnail","6":"product_cat-cosmetic-container-set","7":"product_cat-cosmetic-packaging","8":"product_cat-cosmetic-containers","9":"product_tag-cosmetic-bottle-with-pump","10":"product_tag-lotion-glass-jar","11":"desktop-align-left","12":"tablet-align-left","13":"mobile-align-left","15":"first","16":"instock","17":"shipping-taxable","18":"product-type-simple"},"acf":[],"jetpack_sharing_enabled":true,"_links":{"self":[{"href":"https:\/\/theperfumebottles.com\/de\/wp-json\/wp\/v2\/product\/4615","targetHints":{"allow":["GET"]}}],"collection":[{"href":"https:\/\/theperfumebottles.com\/de\/wp-json\/wp\/v2\/product"}],"about":[{"href":"https:\/\/theperfumebottles.com\/de\/wp-json\/wp\/v2\/types\/product"}],"replies":[{"embeddable":true,"href":"https:\/\/theperfumebottles.com\/de\/wp-json\/wp\/v2\/comments?post=4615"}],"wp:featuredmedia":[{"embeddable":true,"href":"https:\/\/theperfumebottles.com\/de\/wp-json\/wp\/v2\/media\/4616"}],"wp:attachment":[{"href":"https:\/\/theperfumebottles.com\/de\/wp-json\/wp\/v2\/media?parent=4615"}],"wp:term":[{"taxonomy":"product_brand","embeddable":true,"href":"https:\/\/theperfumebottles.com\/de\/wp-json\/wp\/v2\/product_brand?post=4615"},{"taxonomy":"product_cat","embeddable":true,"href":"https:\/\/theperfumebottles.com\/de\/wp-json\/wp\/v2\/product_cat?post=4615"},{"taxonomy":"product_tag","embeddable":true,"href":"https:\/\/theperfumebottles.com\/de\/wp-json\/wp\/v2\/product_tag?post=4615"}],"curies":[{"name":"wp","href":"https:\/\/api.w.org\/{rel}","templated":true}]}}