{"id":4625,"date":"2025-07-17T17:59:52","date_gmt":"2025-07-17T09:59:52","guid":{"rendered":"https:\/\/theperfumebottles.com\/?post_type=product&#038;p=4625"},"modified":"2025-08-01T11:04:18","modified_gmt":"2025-08-01T03:04:18","slug":"glass-cosmetic-jars-with-lids-premium-cream-glass-jar-wholesale","status":"publish","type":"product","link":"https:\/\/theperfumebottles.com\/de\/produkt\/glass-cosmetic-jars-with-lids-premium-cream-glass-jar-wholesale\/","title":{"rendered":"20 g 30 g 50 g Kosmetikgl\u00e4ser aus Glas mit Deckel \u2013 Premium Cremeglas Gro\u00dfhandel"},"content":{"rendered":"<p>Suchen Sie Kosmetiktiegel aus Glas mit Deckel, die Robustheit und Eleganz vereinen? Unser cremefarbenes Glastiegel-Set bietet zylindrische Flaschen mit Hochglanzoberfl\u00e4che \u2013 perfekt f\u00fcr Hautpflegeprodukte wie Gesichtscremes und K\u00f6rperlotionen. Die glatte Oberfl\u00e4che und die abgerundeten Kanten sorgen f\u00fcr eine moderne, Spa-\u00e4hnliche \u00c4sthetik, w\u00e4hrend die Kosmetikverpackung daf\u00fcr sorgt, dass Ihre Produkte genauso hochwertig aussehen, wie sie sich anf\u00fchlen.<\/p>\n<h2>Wichtige Spezifikationen<\/h2>\n<table style=\"border-collapse: collapse;width: 80%;height: 106px;margin-left: auto;margin-right: auto\" border=\"0\" width=\"144\" cellspacing=\"0\" cellpadding=\"0\">\n<tbody>\n<tr style=\"height: 13.50pt\">\n<td style=\"height: 13.50pt;width: 54.00pt\" width=\"72\" height=\"18\">Besonderheit<\/td>\n<td style=\"width: 54.00pt\" width=\"72\">Details<\/td>\n<\/tr>\n<tr style=\"height: 13.50pt\">\n<td style=\"height: 13.50pt\" height=\"18\">Kapazit\u00e4t<\/td>\n<td>20 g, 30 g, 50 g<\/td>\n<\/tr>\n<tr style=\"height: 13.50pt\">\n<td style=\"height: 13.50pt\" height=\"18\">Form<\/td>\n<td>Geradseitig<\/td>\n<\/tr>\n<tr style=\"height: 13.50pt\">\n<td style=\"height: 13.50pt\" height=\"18\">Material<\/td>\n<td>Kristallglas<\/td>\n<\/tr>\n<tr style=\"height: 13.50pt\">\n<td style=\"height: 13.50pt\" height=\"18\">Farbe<\/td>\n<td>Wei\u00df, schwarz.. (anpassbar)<\/td>\n<\/tr>\n<tr style=\"height: 13.50pt\">\n<td style=\"height: 13.50pt\" height=\"18\">Anwendungsfall<\/td>\n<td>Gesichtscreme, K\u00f6rperlotion\u2026<\/td>\n<\/tr>\n<\/tbody>\n<\/table>\n<h2><span class=\"highlights\" data-v-df95d256=\"\">Erfolgsgeschichte <\/span><\/h2>\n<p><span class=\"highlights\" data-v-df95d256=\"\">Eine mittelgro\u00dfe Hautpflegemarke steigerte ihren Gro\u00dfhandelsumsatz um 70 %, nachdem sie ihre Cremeglas-Linie in den sozialen Medien pr\u00e4sentiert hatte. Durch den Einsatz von Gro\u00dfverpackungen mit individuell gepr\u00e4gten Etiketten in Gold sicherte sie sich innerhalb von sechs Monaten \u00fcber 30 Einzelhandelspartnerschaften.<\/span><\/p>\n<h2><span class=\"highlights\" data-v-df95d256=\"\"> Passen Sie Ihre Bestellung an<\/span><\/h2>\n<ul>\n<li><span class=\"highlights\" data-v-df95d256=\"\"><strong>Deckelmaterialien:<\/strong> Entscheiden Sie sich f\u00fcr elegante Kunststoffdeckel f\u00fcr hygienische Kosmetikverpackungen oder f\u00fcr Deckel aus geb\u00fcrstetem Metall f\u00fcr einen luxuri\u00f6sen Touch bei Beauty-Verpackungen. <\/span><\/li>\n<li><span class=\"highlights\" data-v-df95d256=\"\"><strong>Farbverl\u00e4ufe:<\/strong> Erg\u00e4nzen Sie die Farbpalette Ihrer Marke mit mattierten Akzenten oder individuellen Gr\u00fcnt\u00f6nen.<\/span><\/li>\n<li><span class=\"highlights\" data-v-df95d256=\"\"><strong>Luxuri\u00f6se Deckeloberfl\u00e4chen:<\/strong> Werten Sie Ihren Cremetiegel aus Glas mit metallischen Deckeloptionen wie Ros\u00e9gold oder Antikkupfer auf, um Ihre Kosmetikverpackung zu veredeln. <\/span><\/li>\n<\/ul>","protected":false},"excerpt":{"rendered":"<p>Kaufen Sie Kosmetiktiegel aus Glas mit Deckel und Cremeglas-Sets f\u00fcr Hautpflegemarken. Langlebige Kosmetikverpackungen mit individuellen Optionen.<\/p>","protected":false},"featured_media":4626,"comment_status":"open","ping_status":"closed","template":"","meta":{"_acf_changed":false,"site-sidebar-layout":"default","site-content-layout":"","ast-site-content-layout":"default","site-content-style":"default","site-sidebar-style":"default","ast-global-header-display":"","ast-banner-title-visibility":"","ast-main-header-display":"","ast-hfb-above-header-display":"","ast-hfb-below-header-display":"","ast-hfb-mobile-header-display":"","site-post-title":"","ast-breadcrumbs-content":"","ast-featured-img":"","footer-sml-layout":"","ast-disable-related-posts":"","theme-transparent-header-meta":"default","adv-header-id-meta":"","stick-header-meta":"","header-above-stick-meta":"","header-main-stick-meta":"","header-below-stick-meta":"","astra-migrate-meta-layouts":"set","ast-page-background-enabled":"default","ast-page-background-meta":{"desktop":{"background-color":"var(--ast-global-color-5)","background-image":"","background-repeat":"repeat","background-position":"center center","background-size":"auto","background-attachment":"scroll","background-type":"","background-media":"","overlay-type":"","overlay-color":"","overlay-opacity":"","overlay-gradient":""},"tablet":{"background-color":"","background-image":"","background-repeat":"repeat","background-position":"center center","background-size":"auto","background-attachment":"scroll","background-type":"","background-media":"","overlay-type":"","overlay-color":"","overlay-opacity":"","overlay-gradient":""},"mobile":{"background-color":"","background-image":"","background-repeat":"repeat","background-position":"center center","background-size":"auto","background-attachment":"scroll","background-type":"","background-media":"","overlay-type":"","overlay-color":"","overlay-opacity":"","overlay-gradient":""}},"ast-content-background-meta":{"desktop":{"background-color":"var(--ast-global-color-4)","background-image":"","background-repeat":"repeat","background-position":"center center","background-size":"auto","background-attachment":"scroll","background-type":"","background-media":"","overlay-type":"","overlay-color":"","overlay-opacity":"","overlay-gradient":""},"tablet":{"background-color":"var(--ast-global-color-4)","background-image":"","background-repeat":"repeat","background-position":"center center","background-size":"auto","background-attachment":"scroll","background-type":"","background-media":"","overlay-type":"","overlay-color":"","overlay-opacity":"","overlay-gradient":""},"mobile":{"background-color":"var(--ast-global-color-4)","background-image":"","background-repeat":"repeat","background-position":"center center","background-size":"auto","background-attachment":"scroll","background-type":"","background-media":"","overlay-type":"","overlay-color":"","overlay-opacity":"","overlay-gradient":""}}},"product_brand":[],"product_cat":[56,72,62],"product_tag":[133,132],"class_list":{"0":"post-4625","1":"product","2":"type-product","3":"status-publish","4":"has-post-thumbnail","6":"product_cat-cosmetic-jars","7":"product_cat-cosmetic-packaging","8":"product_cat-cosmetic-containers","9":"product_tag-cream-glass-jar","10":"product_tag-glass-cosmetic-jars-with-lids","11":"desktop-align-left","12":"tablet-align-left","13":"mobile-align-left","15":"first","16":"instock","17":"shipping-taxable","18":"product-type-simple"},"acf":[],"jetpack_sharing_enabled":true,"_links":{"self":[{"href":"https:\/\/theperfumebottles.com\/de\/wp-json\/wp\/v2\/product\/4625","targetHints":{"allow":["GET"]}}],"collection":[{"href":"https:\/\/theperfumebottles.com\/de\/wp-json\/wp\/v2\/product"}],"about":[{"href":"https:\/\/theperfumebottles.com\/de\/wp-json\/wp\/v2\/types\/product"}],"replies":[{"embeddable":true,"href":"https:\/\/theperfumebottles.com\/de\/wp-json\/wp\/v2\/comments?post=4625"}],"wp:featuredmedia":[{"embeddable":true,"href":"https:\/\/theperfumebottles.com\/de\/wp-json\/wp\/v2\/media\/4626"}],"wp:attachment":[{"href":"https:\/\/theperfumebottles.com\/de\/wp-json\/wp\/v2\/media?parent=4625"}],"wp:term":[{"taxonomy":"product_brand","embeddable":true,"href":"https:\/\/theperfumebottles.com\/de\/wp-json\/wp\/v2\/product_brand?post=4625"},{"taxonomy":"product_cat","embeddable":true,"href":"https:\/\/theperfumebottles.com\/de\/wp-json\/wp\/v2\/product_cat?post=4625"},{"taxonomy":"product_tag","embeddable":true,"href":"https:\/\/theperfumebottles.com\/de\/wp-json\/wp\/v2\/product_tag?post=4625"}],"curies":[{"name":"wp","href":"https:\/\/api.w.org\/{rel}","templated":true}]}}