{"id":4655,"date":"2025-07-18T17:51:02","date_gmt":"2025-07-18T09:51:02","guid":{"rendered":"https:\/\/theperfumebottles.com\/?post_type=product&#038;p=4655"},"modified":"2025-08-01T09:51:27","modified_gmt":"2025-08-01T01:51:27","slug":"lotion-glass-jars-cosmetic-makeup-jars-wholesale","status":"publish","type":"product","link":"https:\/\/theperfumebottles.com\/de\/produkt\/lotion-glass-jars-cosmetic-makeup-jars-wholesale\/","title":{"rendered":"5 g, 10 g, 15 g, 30 g, 50 g, 60 g, 100 g, 120 g, 250 g Lotion-Glastiegel \u2013 Kosmetik-Make-up-Tiegel im Gro\u00dfhandel"},"content":{"rendered":"<p><span class=\"highlights\" data-v-df95d256=\"\">Sie suchen nach nachhaltigen und gleichzeitig \u00e4sthetisch ansprechenden Glastiegeln f\u00fcr Kosmetikprodukte? Diese Glastiegel f\u00fcr Lotionen sind ideal f\u00fcr Hautpflegemarken, die Gesichtscremes, K\u00f6rperlotionen oder Augenpflegeprodukte herstellen. Als Anbieter von Verpackungsmaterialien f\u00fcr die Kosmetikbranche bieten wir Ihnen Glasbeh\u00e4lter mit feiner Nebeloberfl\u00e4che, die auch in gro\u00dfen Mengen versandfertig sind. Ob Sie Kosmetikbeh\u00e4lter f\u00fcr Ihr Verpackungsdesign suchen oder Gro\u00dfhandelsl\u00f6sungen ben\u00f6tigen \u2013 dieses Produkt st\u00e4rkt das Vertrauen in Ihre Kosmetikverpackungen.<\/span><\/p>\n<h2 data-spm-anchor-id=\"5176.28103460.0.i21.29ab1db8HEnSHX\"><strong data-spm-anchor-id=\"5176.28103460.0.i22.29ab1db8HEnSHX\">Wichtige Spezifikationen<\/strong><\/h2>\n<table style=\"margin-left: auto;margin-right: auto;border-collapse: collapse;width: 80%\" border=\"0\" width=\"432\" cellspacing=\"0\" cellpadding=\"0\">\n<tbody>\n<tr style=\"height: 13.50pt\">\n<td style=\"height: 13.50pt;width: 54.00pt\" width=\"72\" height=\"18\">Kapazit\u00e4t<\/td>\n<td style=\"width: 54.00pt\" width=\"72\">Form<\/td>\n<td style=\"width: 54.00pt\" width=\"72\">Versiegelungsmethode<\/td>\n<td style=\"width: 54.00pt\" width=\"72\">Material<\/td>\n<td style=\"width: 54.00pt\" width=\"72\">Farbe<\/td>\n<td style=\"width: 54.00pt\" width=\"72\">Anwendungsfall<\/td>\n<\/tr>\n<tr style=\"height: 13.50pt\">\n<td style=\"height: 13.50pt\" height=\"18\">5 g 10 g 15 g 30 g 50 g 60 g 100 g 120 g 250 g<\/td>\n<td>Geradseitig<\/td>\n<td>Gewinde (Kunststoff\/Metall), je nach Bedarf<\/td>\n<td>Kristallglas<\/td>\n<td>Mattiert, individuell gestaltet..<\/td>\n<td>Augencreme, Lotion\u2026<\/td>\n<\/tr>\n<\/tbody>\n<\/table>\n<h2><span class=\"highlights\" data-v-df95d256=\"\">Erfolgsbeispiel: Die Neugestaltung der Verpackung einer Naturkosmetikmarke <\/span><\/h2>\n<p><span class=\"highlights\" data-v-df95d256=\"\">Eine Hautpflegemarke ben\u00f6tigte Glastiegel f\u00fcr ihre neue Bio-Linie. Wir gestalteten 100-g-Glastiegel mit schwarzen Kunststoffdeckeln und mattierter Oberfl\u00e4che, um den umweltfreundlichen Charakter der Marke zu unterstreichen. Das Ergebnis? Ein Umsatzplus von 250 % bei Kosmetikverpackungen und 5-Sterne-Bewertungen, die die feine Spr\u00fchnebel-Textur lobten.<\/span><\/p>","protected":false},"excerpt":{"rendered":"<p>Robuste, individuell gestaltbare und umweltfreundliche Glastiegel f\u00fcr Kosmetikverpackungen. Ideal f\u00fcr Hautpflegeprodukte und versandfertig in gro\u00dfen Mengen.<\/p>","protected":false},"featured_media":4659,"comment_status":"open","ping_status":"closed","template":"","meta":{"_acf_changed":false,"site-sidebar-layout":"default","site-content-layout":"","ast-site-content-layout":"default","site-content-style":"default","site-sidebar-style":"default","ast-global-header-display":"","ast-banner-title-visibility":"","ast-main-header-display":"","ast-hfb-above-header-display":"","ast-hfb-below-header-display":"","ast-hfb-mobile-header-display":"","site-post-title":"","ast-breadcrumbs-content":"","ast-featured-img":"","footer-sml-layout":"","ast-disable-related-posts":"","theme-transparent-header-meta":"default","adv-header-id-meta":"","stick-header-meta":"","header-above-stick-meta":"","header-main-stick-meta":"","header-below-stick-meta":"","astra-migrate-meta-layouts":"set","ast-page-background-enabled":"default","ast-page-background-meta":{"desktop":{"background-color":"var(--ast-global-color-5)","background-image":"","background-repeat":"repeat","background-position":"center center","background-size":"auto","background-attachment":"scroll","background-type":"","background-media":"","overlay-type":"","overlay-color":"","overlay-opacity":"","overlay-gradient":""},"tablet":{"background-color":"","background-image":"","background-repeat":"repeat","background-position":"center center","background-size":"auto","background-attachment":"scroll","background-type":"","background-media":"","overlay-type":"","overlay-color":"","overlay-opacity":"","overlay-gradient":""},"mobile":{"background-color":"","background-image":"","background-repeat":"repeat","background-position":"center center","background-size":"auto","background-attachment":"scroll","background-type":"","background-media":"","overlay-type":"","overlay-color":"","overlay-opacity":"","overlay-gradient":""}},"ast-content-background-meta":{"desktop":{"background-color":"var(--ast-global-color-4)","background-image":"","background-repeat":"repeat","background-position":"center center","background-size":"auto","background-attachment":"scroll","background-type":"","background-media":"","overlay-type":"","overlay-color":"","overlay-opacity":"","overlay-gradient":""},"tablet":{"background-color":"var(--ast-global-color-4)","background-image":"","background-repeat":"repeat","background-position":"center center","background-size":"auto","background-attachment":"scroll","background-type":"","background-media":"","overlay-type":"","overlay-color":"","overlay-opacity":"","overlay-gradient":""},"mobile":{"background-color":"var(--ast-global-color-4)","background-image":"","background-repeat":"repeat","background-position":"center center","background-size":"auto","background-attachment":"scroll","background-type":"","background-media":"","overlay-type":"","overlay-color":"","overlay-opacity":"","overlay-gradient":""}}},"product_brand":[],"product_cat":[72,62,56],"product_tag":[137,120],"class_list":{"0":"post-4655","1":"product","2":"type-product","3":"status-publish","4":"has-post-thumbnail","6":"product_cat-cosmetic-packaging","7":"product_cat-cosmetic-containers","8":"product_cat-cosmetic-jars","9":"product_tag-glass-makeup-jars","10":"product_tag-lotion-glass-jar","11":"desktop-align-left","12":"tablet-align-left","13":"mobile-align-left","15":"first","16":"instock","17":"shipping-taxable","18":"product-type-simple"},"acf":[],"jetpack_sharing_enabled":true,"_links":{"self":[{"href":"https:\/\/theperfumebottles.com\/de\/wp-json\/wp\/v2\/product\/4655","targetHints":{"allow":["GET"]}}],"collection":[{"href":"https:\/\/theperfumebottles.com\/de\/wp-json\/wp\/v2\/product"}],"about":[{"href":"https:\/\/theperfumebottles.com\/de\/wp-json\/wp\/v2\/types\/product"}],"replies":[{"embeddable":true,"href":"https:\/\/theperfumebottles.com\/de\/wp-json\/wp\/v2\/comments?post=4655"}],"wp:featuredmedia":[{"embeddable":true,"href":"https:\/\/theperfumebottles.com\/de\/wp-json\/wp\/v2\/media\/4659"}],"wp:attachment":[{"href":"https:\/\/theperfumebottles.com\/de\/wp-json\/wp\/v2\/media?parent=4655"}],"wp:term":[{"taxonomy":"product_brand","embeddable":true,"href":"https:\/\/theperfumebottles.com\/de\/wp-json\/wp\/v2\/product_brand?post=4655"},{"taxonomy":"product_cat","embeddable":true,"href":"https:\/\/theperfumebottles.com\/de\/wp-json\/wp\/v2\/product_cat?post=4655"},{"taxonomy":"product_tag","embeddable":true,"href":"https:\/\/theperfumebottles.com\/de\/wp-json\/wp\/v2\/product_tag?post=4655"}],"curies":[{"name":"wp","href":"https:\/\/api.w.org\/{rel}","templated":true}]}}