{"id":4717,"date":"2025-07-21T18:02:38","date_gmt":"2025-07-21T10:02:38","guid":{"rendered":"https:\/\/theperfumebottles.com\/?post_type=product&#038;p=4717"},"modified":"2026-04-02T17:12:44","modified_gmt":"2026-04-02T09:12:44","slug":"skincare-set-30ml-50ml-100ml-120ml-wholesale-cosmetic-jars-with-lids-lotion-bottles","status":"publish","type":"product","link":"https:\/\/theperfumebottles.com\/de\/produkt\/skincare-set-30ml-50ml-100ml-120ml-wholesale-cosmetic-jars-with-lids-lotion-bottles\/","title":{"rendered":"Hautpflege-Set 30 ml 50 ml 100 ml 120 ml Kosmetiktiegel mit Deckel &amp; Lotionflaschen im Gro\u00dfhandel"},"content":{"rendered":"<p><span class=\"highlights\" data-v-df95d256=\"\">Suchen Sie nach luxuri\u00f6sen Glaslotionflaschen im Gro\u00dfhandel? Diese Kosmetiktiegel mit Deckel vereinen schwarzes Glas und goldene Akzente zu einem eleganten, modernen Design. Ideal f\u00fcr Hautpflegemarken, die eine ebenso funktionale wie ansprechende Kosmetikverpackung ben\u00f6tigen. Von Gesichtscremes bis hin zu Seren \u2013 Ihre Beauty-Verpackungen werden mit den hochwertigen, spr\u00fchfesten Pumpspendern und der M\u00f6glichkeit zum Versand gro\u00dfer Mengen garantiert auffallen.<\/span><\/p>\n<h2><span class=\"highlights\" data-v-df95d256=\"\">Wichtige Spezifikationen<\/span><\/h2>\n<table style=\"border-collapse: collapse; width: 80%; margin-left: auto; margin-right: auto;\" border=\"0\" width=\"432\" cellspacing=\"0\" cellpadding=\"0\">\n<tbody>\n<tr style=\"height: 13.50pt;\">\n<td style=\"height: 13.50pt; width: 54.00pt;\" width=\"72\" height=\"18\">Kapazit\u00e4t<\/td>\n<td style=\"width: 54.00pt;\" width=\"72\">Form<\/td>\n<td style=\"width: 54.00pt;\" width=\"72\">Versiegelungsmethoden<\/td>\n<td style=\"width: 54.00pt;\" width=\"72\">Material<\/td>\n<td style=\"width: 54.00pt;\" width=\"72\">Farboptionen<\/td>\n<td style=\"width: 54.00pt;\" width=\"72\">Verwendung<\/td>\n<\/tr>\n<tr style=\"height: 13.50pt;\">\n<td style=\"height: 13.50pt;\" height=\"18\">30 ml<\/td>\n<td class=\"et2\" rowspan=\"4\">Geradseitig<\/td>\n<td class=\"et2\" rowspan=\"4\">Pumpenkopf + goldener Schraubverschluss<\/td>\n<td class=\"et2\" rowspan=\"4\">Glas<\/td>\n<td class=\"et2\" rowspan=\"4\">Mattschwarz<\/td>\n<td class=\"et2\" rowspan=\"4\">Gesichtslotion, Kosmetik\u00f6l<\/td>\n<\/tr>\n<tr style=\"height: 13.50pt;\">\n<td style=\"height: 13.50pt;\" height=\"18\">50 ml<\/td>\n<\/tr>\n<tr style=\"height: 13.50pt;\">\n<td style=\"height: 13.50pt;\" height=\"18\">100 ml<\/td>\n<\/tr>\n<tr style=\"height: 13.50pt;\">\n<td style=\"height: 13.50pt;\" height=\"18\">120 ml<\/td>\n<\/tr>\n<\/tbody>\n<\/table>\n<h2><span class=\"highlights\" data-v-df95d256=\"\">Erfolgsbeispiel: Das Verpackungs-Makeover einer Clean-Beauty-Marke <\/span><\/h2>\n<p><span class=\"highlights\" data-v-df95d256=\"\">Ein Clean-Beauty-Startup ben\u00f6tigte Glasflaschen f\u00fcr Lotionen im Gro\u00dfhandel, die zu seinem minimalistisch-luxuri\u00f6sen Stil passten. Wir lieferten 100-ml-Tiegel in Sanduhrform mit goldenen Schraubverschl\u00fcssen und individuell gestalteten wei\u00dfen Etiketten. Das Ergebnis? Ein Umsatzanstieg von 300 % bei Kosmetiktiegeln mit Deckeln im Gro\u00dfhandel und eine Erw\u00e4hnung auf einem f\u00fchrenden Beauty-Verpackungsblog.<\/span><\/p>\n<h2><span class=\"highlights\" data-v-df95d256=\"\">Tipps zur Personalisierung Ihrer Marke <\/span><\/h2>\n<ul>\n<li><span class=\"highlights\" data-v-df95d256=\"\"><strong>Logo-Design:<\/strong> W\u00e4hlen Sie zwischen matten und gl\u00e4nzenden Oberfl\u00e4chen, die zum Charakter Ihres Logos passen. <\/span><\/li>\n<li><span class=\"highlights\" data-v-df95d256=\"\"><strong>Pumpenvarianten:<\/strong> W\u00e4hlen Sie Pumpenk\u00f6pfe f\u00fcr eine angenehme Spr\u00fchnebelapplikation oder Schraubverschl\u00fcsse f\u00fcr dickfl\u00fcssigere Formulierungen.<\/span><\/li>\n<\/ul>","protected":false},"excerpt":{"rendered":"<p>Entdecken Sie Kosmetiktiegel mit Deckel und Glasflaschen f\u00fcr Ihre Hautpflegelinie im Gro\u00dfhandel. Individuelle Etiketten, schneller Versand und umweltfreundliches Design.<\/p>","protected":false},"featured_media":4720,"comment_status":"open","ping_status":"closed","template":"","meta":{"_acf_changed":false,"site-sidebar-layout":"default","site-content-layout":"","ast-site-content-layout":"default","site-content-style":"default","site-sidebar-style":"default","ast-global-header-display":"","ast-banner-title-visibility":"","ast-main-header-display":"","ast-hfb-above-header-display":"","ast-hfb-below-header-display":"","ast-hfb-mobile-header-display":"","site-post-title":"","ast-breadcrumbs-content":"","ast-featured-img":"","footer-sml-layout":"","ast-disable-related-posts":"","theme-transparent-header-meta":"default","adv-header-id-meta":"","stick-header-meta":"","header-above-stick-meta":"","header-main-stick-meta":"","header-below-stick-meta":"","astra-migrate-meta-layouts":"set","ast-page-background-enabled":"default","ast-page-background-meta":{"desktop":{"background-color":"var(--ast-global-color-5)","background-image":"","background-repeat":"repeat","background-position":"center center","background-size":"auto","background-attachment":"scroll","background-type":"","background-media":"","overlay-type":"","overlay-color":"","overlay-opacity":"","overlay-gradient":""},"tablet":{"background-color":"","background-image":"","background-repeat":"repeat","background-position":"center center","background-size":"auto","background-attachment":"scroll","background-type":"","background-media":"","overlay-type":"","overlay-color":"","overlay-opacity":"","overlay-gradient":""},"mobile":{"background-color":"","background-image":"","background-repeat":"repeat","background-position":"center center","background-size":"auto","background-attachment":"scroll","background-type":"","background-media":"","overlay-type":"","overlay-color":"","overlay-opacity":"","overlay-gradient":""}},"ast-content-background-meta":{"desktop":{"background-color":"var(--ast-global-color-4)","background-image":"","background-repeat":"repeat","background-position":"center center","background-size":"auto","background-attachment":"scroll","background-type":"","background-media":"","overlay-type":"","overlay-color":"","overlay-opacity":"","overlay-gradient":""},"tablet":{"background-color":"var(--ast-global-color-4)","background-image":"","background-repeat":"repeat","background-position":"center center","background-size":"auto","background-attachment":"scroll","background-type":"","background-media":"","overlay-type":"","overlay-color":"","overlay-opacity":"","overlay-gradient":""},"mobile":{"background-color":"var(--ast-global-color-4)","background-image":"","background-repeat":"repeat","background-position":"center center","background-size":"auto","background-attachment":"scroll","background-type":"","background-media":"","overlay-type":"","overlay-color":"","overlay-opacity":"","overlay-gradient":""}}},"product_brand":[],"product_cat":[236,62,72],"product_tag":[152,136],"class_list":{"0":"post-4717","1":"product","2":"type-product","3":"status-publish","4":"has-post-thumbnail","6":"product_cat-cosmetic-container-set","7":"product_cat-cosmetic-containers","8":"product_cat-cosmetic-packaging","9":"product_tag-glass-lotion-bottles-wholesale","10":"product_tag-wholesale-cosmetic-jars-with-lids","11":"desktop-align-left","12":"tablet-align-left","13":"mobile-align-left","15":"first","16":"instock","17":"shipping-taxable","18":"product-type-simple"},"acf":[],"jetpack_sharing_enabled":true,"_links":{"self":[{"href":"https:\/\/theperfumebottles.com\/de\/wp-json\/wp\/v2\/product\/4717","targetHints":{"allow":["GET"]}}],"collection":[{"href":"https:\/\/theperfumebottles.com\/de\/wp-json\/wp\/v2\/product"}],"about":[{"href":"https:\/\/theperfumebottles.com\/de\/wp-json\/wp\/v2\/types\/product"}],"replies":[{"embeddable":true,"href":"https:\/\/theperfumebottles.com\/de\/wp-json\/wp\/v2\/comments?post=4717"}],"wp:featuredmedia":[{"embeddable":true,"href":"https:\/\/theperfumebottles.com\/de\/wp-json\/wp\/v2\/media\/4720"}],"wp:attachment":[{"href":"https:\/\/theperfumebottles.com\/de\/wp-json\/wp\/v2\/media?parent=4717"}],"wp:term":[{"taxonomy":"product_brand","embeddable":true,"href":"https:\/\/theperfumebottles.com\/de\/wp-json\/wp\/v2\/product_brand?post=4717"},{"taxonomy":"product_cat","embeddable":true,"href":"https:\/\/theperfumebottles.com\/de\/wp-json\/wp\/v2\/product_cat?post=4717"},{"taxonomy":"product_tag","embeddable":true,"href":"https:\/\/theperfumebottles.com\/de\/wp-json\/wp\/v2\/product_tag?post=4717"}],"curies":[{"name":"wp","href":"https:\/\/api.w.org\/{rel}","templated":true}]}}