{"id":4990,"date":"2025-07-29T17:27:28","date_gmt":"2025-07-29T09:27:28","guid":{"rendered":"https:\/\/theperfumebottles.com\/?post_type=product&#038;p=4990"},"modified":"2026-03-30T14:38:28","modified_gmt":"2026-03-30T06:38:28","slug":"custom-1-oz-cosmetic-jars-with-lids-wholesale","status":"publish","type":"product","link":"https:\/\/theperfumebottles.com\/de\/produkt\/custom-1-oz-cosmetic-jars-with-lids-wholesale\/","title":{"rendered":"5 g \u2013 80 g Kosmetiktiegel mit Deckel (Gro\u00dfhandel)"},"content":{"rendered":"<p>Es handelt sich um runde Kosmetiktiegel mit einem Fassungsverm\u00f6gen von 30 ml (1 oz), die aus zwei Glasarten gefertigt sind: mattiertem Glas und kristallklarem Glas. Sie werden in zylindrischen Glasflaschen verpackt. Die Tiegel verf\u00fcgen \u00fcber einen Standard-Schraubverschluss und sind mit Metallschraubkappen in Schwarz, Silber oder Gold erh\u00e4ltlich.<\/p>\n<h2><strong data-spm-anchor-id=\"5176.28103460.0.i23.29ab1db81jJxsg\">Wichtige Spezifikationen<\/strong><\/h2>\n<table style=\"border-collapse: collapse; width: 80%; margin-left: auto; margin-right: auto;\" border=\"0\" width=\"360\" cellspacing=\"0\" cellpadding=\"0\">\n<tbody>\n<tr style=\"height: 13.50pt;\">\n<td style=\"height: 13.50pt; width: 54.00pt;\" width=\"72\" height=\"18\">Kapazit\u00e4t<\/td>\n<td style=\"width: 54.00pt;\" width=\"72\">Versiegelungsmethode<\/td>\n<td style=\"width: 54.00pt;\" width=\"72\">Material<\/td>\n<td style=\"width: 54.00pt;\" width=\"72\">Farboptionen<\/td>\n<td style=\"width: 54.00pt;\" width=\"72\">Verwendung<\/td>\n<\/tr>\n<tr style=\"height: 13.50pt;\">\n<td style=\"height: 13.50pt;\" height=\"18\">5 g<\/td>\n<td class=\"et2\" rowspan=\"7\">Gewindehals + Kunststoff-\/Metalldeckel<\/td>\n<td class=\"et2\" rowspan=\"7\">Kristallglas<\/td>\n<td class=\"et2\" rowspan=\"7\">Bernstein-, Matt- und Golddeckel oder nach Ihren W\u00fcnschen<\/td>\n<td class=\"et2\" rowspan=\"7\">Gesichtscreme, K\u00f6rpercreme, Augencreme, Lippencreme\u2026<\/td>\n<\/tr>\n<tr style=\"height: 13.50pt;\">\n<td style=\"height: 13.50pt;\" height=\"18\">10 g<\/td>\n<\/tr>\n<tr style=\"height: 13.50pt;\">\n<td style=\"height: 13.50pt;\" height=\"18\">15 g (0,5 oz)<\/td>\n<\/tr>\n<tr style=\"height: 13.50pt;\">\n<td style=\"height: 13.50pt;\" height=\"18\">20 g<\/td>\n<\/tr>\n<tr style=\"height: 13.50pt;\">\n<td style=\"height: 13.50pt;\" height=\"18\">30 g (1 oz)<\/td>\n<\/tr>\n<tr style=\"height: 13.50pt;\">\n<td style=\"height: 13.50pt;\" height=\"18\">50 g<\/td>\n<\/tr>\n<tr style=\"height: 13.50pt;\">\n<td style=\"height: 13.50pt;\" height=\"18\">80 g<\/td>\n<\/tr>\n<\/tbody>\n<\/table>\n<h2>Erfolgsgeschichte: Sonderanfertigung bei einer US-amerikanischen Bio-Hautpflegemarke<\/h2>\n<p>Unser ma\u00dfgeschneidertes Kosmetikverpackungssystem wurde von einer kalifornischen Bio-Hautpflegemarke ausgew\u00e4hlt, die transparente Glasflaschen mit goldenen Verschl\u00fcssen verwendet. Die personalisierte Verpackungsl\u00f6sung hatte durchschlagende Erfolge: Die Online-Konversionsrate stieg um 20 Prozent, und die hochwertigen Metallverschl\u00fcsse sorgten f\u00fcr einen optimalen Verschluss, der nicht nur die Haltbarkeit der nat\u00fcrlichen \u00e4therischen \u00d6le um 30 Tage verl\u00e4ngerte, sondern auch die Textur des Serums in den transparenten Flaschen perfekt zur Geltung brachte. Aufgrund dieses Erfolgs bestellte die Marke weitere 420.000 Tiegel f\u00fcr die Einf\u00fchrung einer neuen, spezialisierten Hautpflegelinie und eine Partnerschaft mit einem Abo-Box-Anbieter.<\/p>\n<h2>Kundenspezifische Kosmetikverpackungsl\u00f6sungen<\/h2>\n<ul>\n<li>Deckelmaterial und -ausf\u00fchrung: Neben der Wahl zwischen Standardmetall stehen zahlreiche individuelle Farboptionen zur Verf\u00fcgung, wie zum Beispiel Bambus, Kork oder matter Kunststoff.<\/li>\n<li>Sondergr\u00f6\u00dfen: Wir fertigen spezielle, nicht standardm\u00e4\u00dfige Gr\u00f6\u00dfen an (z. B. eine 1,7-Unzen-Reisegr\u00f6\u00dfe).<\/li>\n<li>Innere Versiegelung: F\u00fcr zus\u00e4tzliche Frische kann Aluminiumfolie oder eine Sensorversiegelung unter den Deckel gelegt werden.<\/li>\n<\/ul>","protected":false},"excerpt":{"rendered":"<p>Kosmetiktiegel (30 ml) f\u00fcr Hautpflege und Sch\u00f6nheitsprodukte. Individuelle Kosmetikverpackungen aus UV-Schutzglas, Gro\u00dfhandelspreise, sofort versandfertig.<\/p>","protected":false},"featured_media":4994,"comment_status":"open","ping_status":"closed","template":"","meta":{"_acf_changed":false,"site-sidebar-layout":"default","site-content-layout":"","ast-site-content-layout":"default","site-content-style":"default","site-sidebar-style":"default","ast-global-header-display":"","ast-banner-title-visibility":"","ast-main-header-display":"","ast-hfb-above-header-display":"","ast-hfb-below-header-display":"","ast-hfb-mobile-header-display":"","site-post-title":"","ast-breadcrumbs-content":"","ast-featured-img":"","footer-sml-layout":"","ast-disable-related-posts":"","theme-transparent-header-meta":"default","adv-header-id-meta":"","stick-header-meta":"","header-above-stick-meta":"","header-main-stick-meta":"","header-below-stick-meta":"","astra-migrate-meta-layouts":"set","ast-page-background-enabled":"default","ast-page-background-meta":{"desktop":{"background-color":"var(--ast-global-color-5)","background-image":"","background-repeat":"repeat","background-position":"center center","background-size":"auto","background-attachment":"scroll","background-type":"","background-media":"","overlay-type":"","overlay-color":"","overlay-opacity":"","overlay-gradient":""},"tablet":{"background-color":"","background-image":"","background-repeat":"repeat","background-position":"center center","background-size":"auto","background-attachment":"scroll","background-type":"","background-media":"","overlay-type":"","overlay-color":"","overlay-opacity":"","overlay-gradient":""},"mobile":{"background-color":"","background-image":"","background-repeat":"repeat","background-position":"center center","background-size":"auto","background-attachment":"scroll","background-type":"","background-media":"","overlay-type":"","overlay-color":"","overlay-opacity":"","overlay-gradient":""}},"ast-content-background-meta":{"desktop":{"background-color":"var(--ast-global-color-4)","background-image":"","background-repeat":"repeat","background-position":"center center","background-size":"auto","background-attachment":"scroll","background-type":"","background-media":"","overlay-type":"","overlay-color":"","overlay-opacity":"","overlay-gradient":""},"tablet":{"background-color":"var(--ast-global-color-4)","background-image":"","background-repeat":"repeat","background-position":"center center","background-size":"auto","background-attachment":"scroll","background-type":"","background-media":"","overlay-type":"","overlay-color":"","overlay-opacity":"","overlay-gradient":""},"mobile":{"background-color":"var(--ast-global-color-4)","background-image":"","background-repeat":"repeat","background-position":"center center","background-size":"auto","background-attachment":"scroll","background-type":"","background-media":"","overlay-type":"","overlay-color":"","overlay-opacity":"","overlay-gradient":""}}},"product_brand":[],"product_cat":[56,62,72],"product_tag":[203,202],"class_list":{"0":"post-4990","1":"product","2":"type-product","3":"status-publish","4":"has-post-thumbnail","6":"product_cat-cosmetic-jars","7":"product_cat-cosmetic-containers","8":"product_cat-cosmetic-packaging","9":"product_tag-1-oz-cosmetic-jars","10":"product_tag-custom-cosmetic-packaging","11":"desktop-align-left","12":"tablet-align-left","13":"mobile-align-left","15":"first","16":"instock","17":"shipping-taxable","18":"product-type-simple"},"acf":[],"jetpack_sharing_enabled":true,"_links":{"self":[{"href":"https:\/\/theperfumebottles.com\/de\/wp-json\/wp\/v2\/product\/4990","targetHints":{"allow":["GET"]}}],"collection":[{"href":"https:\/\/theperfumebottles.com\/de\/wp-json\/wp\/v2\/product"}],"about":[{"href":"https:\/\/theperfumebottles.com\/de\/wp-json\/wp\/v2\/types\/product"}],"replies":[{"embeddable":true,"href":"https:\/\/theperfumebottles.com\/de\/wp-json\/wp\/v2\/comments?post=4990"}],"wp:featuredmedia":[{"embeddable":true,"href":"https:\/\/theperfumebottles.com\/de\/wp-json\/wp\/v2\/media\/4994"}],"wp:attachment":[{"href":"https:\/\/theperfumebottles.com\/de\/wp-json\/wp\/v2\/media?parent=4990"}],"wp:term":[{"taxonomy":"product_brand","embeddable":true,"href":"https:\/\/theperfumebottles.com\/de\/wp-json\/wp\/v2\/product_brand?post=4990"},{"taxonomy":"product_cat","embeddable":true,"href":"https:\/\/theperfumebottles.com\/de\/wp-json\/wp\/v2\/product_cat?post=4990"},{"taxonomy":"product_tag","embeddable":true,"href":"https:\/\/theperfumebottles.com\/de\/wp-json\/wp\/v2\/product_tag?post=4990"}],"curies":[{"name":"wp","href":"https:\/\/api.w.org\/{rel}","templated":true}]}}