{"id":5235,"date":"2025-08-06T18:10:47","date_gmt":"2025-08-06T10:10:47","guid":{"rendered":"https:\/\/theperfumebottles.com\/?post_type=product&#038;p=5235"},"modified":"2026-04-02T14:18:01","modified_gmt":"2026-04-02T06:18:01","slug":"frosted-refillable-glass-pump-bottles-wholesale","status":"publish","type":"product","link":"https:\/\/theperfumebottles.com\/de\/produkt\/frosted-refillable-glass-pump-bottles-wholesale\/","title":{"rendered":"Gro\u00dfhandel"},"content":{"rendered":"<p>The lrefillable glass pump bottles have a curved design which makes it a compact glass container that uses frosted glass and soft blue and amber colors to create a clean minimalist appearance. The product is designed for daily skincare use because it comes with a white pump head which delivers smooth dispensing of lotions and serums and facial oils while displaying beautiful design elements.<\/p>\n<h2>Wichtige Spezifikationen<\/h2>\n<p>&nbsp;<\/p>\n<table style=\"border-collapse: collapse; margin-left: auto; margin-right: auto; width: 80%;\" border=\"0\" width=\"612\" cellspacing=\"0\" cellpadding=\"0\">\n<tbody>\n<tr style=\"height: 13.50pt;\">\n<td style=\"height: 13.5pt; width: 150.75pt; text-align: center;\" width=\"201\" height=\"18\">Funktionale Details<\/td>\n<td style=\"width: 308.25pt; text-align: center;\" width=\"411\">Beschreibung<\/td>\n<\/tr>\n<tr style=\"height: 13.50pt;\">\n<td style=\"height: 13.5pt; text-align: center;\" height=\"18\">Kapazit\u00e4t<\/td>\n<td style=\"text-align: center;\">20ml\/30ml<\/td>\n<\/tr>\n<tr style=\"height: 13.50pt;\">\n<td style=\"height: 13.5pt; text-align: center;\" height=\"18\">Form<\/td>\n<td style=\"text-align: center;\">Zylindrisch (kundenspezifisch)<\/td>\n<\/tr>\n<tr style=\"height: 13.50pt;\">\n<td style=\"height: 13.5pt; text-align: center;\" height=\"18\">Farbe<\/td>\n<td style=\"text-align: center;\">Transparent \/ Matt (farblich kundenspezifisch)<\/td>\n<\/tr>\n<tr style=\"height: 13.50pt;\">\n<td style=\"height: 13.5pt; text-align: center;\" height=\"18\">Kappenart<\/td>\n<td style=\"text-align: center;\">Einsetzbarer Pumpenkopf (sicherer Verschluss)<\/td>\n<\/tr>\n<tr style=\"height: 13.50pt;\">\n<td style=\"height: 13.5pt; text-align: center;\" height=\"18\">Gilt f\u00fcr<\/td>\n<td style=\"text-align: center;\">Essenz, Lotion, K\u00f6rperdusche<\/td>\n<\/tr>\n<\/tbody>\n<\/table>\n<h2>Realer Sieg<\/h2>\n<p>Eine kleine Bio-Hautpflegemarke verwendete Plastikpumpflaschen. Ihre Kunden mochten die Formel \u2014 aber nannten die Verpackung \u201everwertbar.\u201c Churn war hoch. Sie wechselten zu unseren refillbaren Glaspumpflaschen mit 30ml und sanftem gr\u00fcnem Schimmer und kundenindividuellen Etiketten. Ergebnis? Wiederkehrende Bestellungen stiegen um 300%. Das war nicht nur ein Verpackungswechsel. Das war ein Treuegespiel. Das k\u00f6nnen starke refillbare Glaspumpflaschenverpackungsl\u00f6sungen leisten.<\/p>\n<h2>Individuelle Vorschl\u00e4ge<\/h2>\n<p>Sie m\u00fcssen sich nicht mit \u201eFertigware\u201c zufrieden geben. Wir helfen Ihnen, die Flaschen-Lotionspumpverpackung anzupassen, um Ihr Markenidentit\u00e4t und Markt zu passen.<\/p>\n<ul>\n<li>Kundenspezifische Farben? Ja. Versuchen Sie rose Gold, ocean blue oder smoky black Glas.<\/li>\n<li>Verschiedene Pumpen? Ersetzen Sie gold f\u00fcr silber, matte schwarz oder eco-composite.<\/li>\n<li>Gro\u00dfhandelsmarke? Wir bieten direkte Drucke, Schrumpfschl\u00e4uche oder vorkontrollierte Optionen.<\/li>\n<li>Brauchen Sie Muster? Wir senden sie schnell. Kein Druck. Nur Klarheit.<\/li>\n<\/ul>\n<p>Ob Sie 1000 oder 50.000 Einheiten ben\u00f6tigen, wir decken Ihr Bedarf an refillbare Glaspumpflaschen \u2014 von Design bis Lieferung.<\/p>","protected":false},"excerpt":{"rendered":"<p>Gro\u00dfhandelsmattes Blau Refillbare Glaspumpflaschen ideal f\u00fcr Seren. Stilvolle L\u00f6sung f\u00fcr Kosmetikmarken, Lieferanten und Verpackungsvertriebe.<\/p>","protected":false},"featured_media":5236,"comment_status":"open","ping_status":"closed","template":"","meta":{"_acf_changed":false,"site-sidebar-layout":"default","site-content-layout":"","ast-site-content-layout":"default","site-content-style":"default","site-sidebar-style":"default","ast-global-header-display":"","ast-banner-title-visibility":"","ast-main-header-display":"","ast-hfb-above-header-display":"","ast-hfb-below-header-display":"","ast-hfb-mobile-header-display":"","site-post-title":"","ast-breadcrumbs-content":"","ast-featured-img":"","footer-sml-layout":"","ast-disable-related-posts":"","theme-transparent-header-meta":"default","adv-header-id-meta":"","stick-header-meta":"","header-above-stick-meta":"","header-main-stick-meta":"","header-below-stick-meta":"","astra-migrate-meta-layouts":"set","ast-page-background-enabled":"default","ast-page-background-meta":{"desktop":{"background-color":"var(--ast-global-color-5)","background-image":"","background-repeat":"repeat","background-position":"center center","background-size":"auto","background-attachment":"scroll","background-type":"","background-media":"","overlay-type":"","overlay-color":"","overlay-opacity":"","overlay-gradient":""},"tablet":{"background-color":"","background-image":"","background-repeat":"repeat","background-position":"center center","background-size":"auto","background-attachment":"scroll","background-type":"","background-media":"","overlay-type":"","overlay-color":"","overlay-opacity":"","overlay-gradient":""},"mobile":{"background-color":"","background-image":"","background-repeat":"repeat","background-position":"center center","background-size":"auto","background-attachment":"scroll","background-type":"","background-media":"","overlay-type":"","overlay-color":"","overlay-opacity":"","overlay-gradient":""}},"ast-content-background-meta":{"desktop":{"background-color":"var(--ast-global-color-4)","background-image":"","background-repeat":"repeat","background-position":"center center","background-size":"auto","background-attachment":"scroll","background-type":"","background-media":"","overlay-type":"","overlay-color":"","overlay-opacity":"","overlay-gradient":""},"tablet":{"background-color":"var(--ast-global-color-4)","background-image":"","background-repeat":"repeat","background-position":"center center","background-size":"auto","background-attachment":"scroll","background-type":"","background-media":"","overlay-type":"","overlay-color":"","overlay-opacity":"","overlay-gradient":""},"mobile":{"background-color":"var(--ast-global-color-4)","background-image":"","background-repeat":"repeat","background-position":"center center","background-size":"auto","background-attachment":"scroll","background-type":"","background-media":"","overlay-type":"","overlay-color":"","overlay-opacity":"","overlay-gradient":""}}},"product_brand":[],"product_cat":[71,72,62],"product_tag":[190,204],"class_list":{"0":"post-5235","1":"product","2":"type-product","3":"status-publish","4":"has-post-thumbnail","6":"product_cat-glass-lotion-bottles","7":"product_cat-cosmetic-packaging","8":"product_cat-cosmetic-containers","9":"product_tag-cosmetic-pots-with-lids","10":"product_tag-frosted-cosmetic-jars","11":"desktop-align-left","12":"tablet-align-left","13":"mobile-align-left","15":"first","16":"instock","17":"shipping-taxable","18":"product-type-simple"},"acf":[],"jetpack_sharing_enabled":true,"_links":{"self":[{"href":"https:\/\/theperfumebottles.com\/de\/wp-json\/wp\/v2\/product\/5235","targetHints":{"allow":["GET"]}}],"collection":[{"href":"https:\/\/theperfumebottles.com\/de\/wp-json\/wp\/v2\/product"}],"about":[{"href":"https:\/\/theperfumebottles.com\/de\/wp-json\/wp\/v2\/types\/product"}],"replies":[{"embeddable":true,"href":"https:\/\/theperfumebottles.com\/de\/wp-json\/wp\/v2\/comments?post=5235"}],"wp:featuredmedia":[{"embeddable":true,"href":"https:\/\/theperfumebottles.com\/de\/wp-json\/wp\/v2\/media\/5236"}],"wp:attachment":[{"href":"https:\/\/theperfumebottles.com\/de\/wp-json\/wp\/v2\/media?parent=5235"}],"wp:term":[{"taxonomy":"product_brand","embeddable":true,"href":"https:\/\/theperfumebottles.com\/de\/wp-json\/wp\/v2\/product_brand?post=5235"},{"taxonomy":"product_cat","embeddable":true,"href":"https:\/\/theperfumebottles.com\/de\/wp-json\/wp\/v2\/product_cat?post=5235"},{"taxonomy":"product_tag","embeddable":true,"href":"https:\/\/theperfumebottles.com\/de\/wp-json\/wp\/v2\/product_tag?post=5235"}],"curies":[{"name":"wp","href":"https:\/\/api.w.org\/{rel}","templated":true}]}}