{"id":5306,"date":"2025-08-11T09:05:47","date_gmt":"2025-08-11T01:05:47","guid":{"rendered":"https:\/\/theperfumebottles.com\/?post_type=product&#038;p=5306"},"modified":"2025-08-11T09:05:49","modified_gmt":"2025-08-11T01:05:49","slug":"10ml-amber-glass-roller-ball-bottles-for-cosmetic-packaging-wholesale","status":"publish","type":"product","link":"https:\/\/theperfumebottles.com\/de\/produkt\/10ml-amber-glass-roller-ball-bottles-for-cosmetic-packaging-wholesale\/","title":{"rendered":"10 ml Braunglas-Rollerballflaschen f\u00fcr Kosmetikverpackungen im Gro\u00dfhandel"},"content":{"rendered":"<p>Wenn Sie einen Beh\u00e4lter suchen, der Ihr Produkt vor UV-Sch\u00e4den sch\u00fctzt und gleichzeitig ein modisches Statement setzt, ist diese Flasche genau das Richtige f\u00fcr Sie.<\/p>\n<h2>Wichtige Spezifikationen<\/h2>\n<table style=\"margin-left: auto;margin-right: auto;border-collapse: collapse;width: 80%\" border=\"0\" width=\"144\" cellspacing=\"0\" cellpadding=\"0\">\n<tbody>\n<tr style=\"height: 13.50pt\">\n<td style=\"height: 13.50pt;width: 54.00pt\" width=\"72\" height=\"18\">Besonderheit<\/td>\n<td style=\"width: 54.00pt\" width=\"72\">Details<\/td>\n<\/tr>\n<tr style=\"height: 13.50pt\">\n<td style=\"height: 13.50pt\" height=\"18\">Kapazit\u00e4t<\/td>\n<td>10 ml<\/td>\n<\/tr>\n<tr style=\"height: 13.50pt\">\n<td style=\"height: 13.50pt\" height=\"18\">Material<\/td>\n<td>Bernsteinfarbenes Kristallglas<\/td>\n<\/tr>\n<tr style=\"height: 13.50pt\">\n<td style=\"height: 13.50pt\" height=\"18\">Dichtungsmechanismus<\/td>\n<td>Roll-On (Edelstahlkugel)<\/td>\n<\/tr>\n<tr style=\"height: 13.50pt\">\n<td style=\"height: 13.50pt\" height=\"18\">Form<\/td>\n<td>Runden<\/td>\n<\/tr>\n<tr style=\"height: 13.50pt\">\n<td style=\"height: 13.50pt\" height=\"18\">Beschlag<\/td>\n<td>Edelstahlrolle + goldene Metallkappe<\/td>\n<\/tr>\n<\/tbody>\n<\/table>\n<h2>Erfolgsgeschichte: Wie eine wachsende Hautpflegemarke die Attraktivit\u00e4t ihrer Kosmetikverpackungen steigerte<\/h2>\n<p>Ein Hautpflegehersteller brachte eine neue Pflegelinie f\u00fcr umweltbewusste Kunden auf den Markt und w\u00e4hlte daf\u00fcr braune Glasfl\u00e4schchen im Lockenwickler-Stil als Verpackung. Durch die Bestellung der Verpackungen in gro\u00dfen Mengen und die Anbringung individueller Etiketten mit Umweltbotschaften konnte das Unternehmen die Verpackungskosten um 20 % senken und gleichzeitig den Umsatz um 60 % steigern. \u201eDie geschwungene Form des Fl\u00e4schchens ist modern und praktisch zugleich\u201c, so der Verpackungsmanager.<\/p>\n<h2>Tipps zur individuellen Anpassung<\/h2>\n<ul>\n<li>Die Kombination des Etiketts mit einer Kr\u00e4uterfarbe, zusammen mit Moosgr\u00fcn, erzeugt einen k\u00fchlen und sanften visuellen Stil; das Hinzuf\u00fcgen metallischer Elemente erzeugt ein hochwertigeres Gef\u00fchl.<\/li>\n<li>Durch die Integration intelligenter Technologie wird die Verpackung mithilfe eines im Flaschenverschluss integrierten QR-Codes nicht nur \u00e4sthetisch ansprechend, sondern auch interaktiv. Nutzer k\u00f6nnen den Code scannen, um auf Anwendungshinweise oder Nachf\u00fcllinformationen zuzugreifen.<\/li>\n<\/ul>","protected":false},"excerpt":{"rendered":"<p>Werten Sie Ihre Kosmetikverpackungen mit Roll-on-Fl\u00e4schchen aus Braunglas auf. 10-ml-Roll-on-Fl\u00e4schchen aus Glas f\u00fcr die Hautpflege, sofort versandfertig. Ideal f\u00fcr Gro\u00dfhandelsbestellungen und Beauty-Verpackungen.<\/p>","protected":false},"featured_media":5307,"comment_status":"open","ping_status":"closed","template":"","meta":{"_acf_changed":false,"site-sidebar-layout":"default","site-content-layout":"","ast-site-content-layout":"default","site-content-style":"default","site-sidebar-style":"default","ast-global-header-display":"","ast-banner-title-visibility":"","ast-main-header-display":"","ast-hfb-above-header-display":"","ast-hfb-below-header-display":"","ast-hfb-mobile-header-display":"","site-post-title":"","ast-breadcrumbs-content":"","ast-featured-img":"","footer-sml-layout":"","ast-disable-related-posts":"","theme-transparent-header-meta":"default","adv-header-id-meta":"","stick-header-meta":"","header-above-stick-meta":"","header-main-stick-meta":"","header-below-stick-meta":"","astra-migrate-meta-layouts":"set","ast-page-background-enabled":"default","ast-page-background-meta":{"desktop":{"background-color":"var(--ast-global-color-5)","background-image":"","background-repeat":"repeat","background-position":"center center","background-size":"auto","background-attachment":"scroll","background-type":"","background-media":"","overlay-type":"","overlay-color":"","overlay-opacity":"","overlay-gradient":""},"tablet":{"background-color":"","background-image":"","background-repeat":"repeat","background-position":"center center","background-size":"auto","background-attachment":"scroll","background-type":"","background-media":"","overlay-type":"","overlay-color":"","overlay-opacity":"","overlay-gradient":""},"mobile":{"background-color":"","background-image":"","background-repeat":"repeat","background-position":"center center","background-size":"auto","background-attachment":"scroll","background-type":"","background-media":"","overlay-type":"","overlay-color":"","overlay-opacity":"","overlay-gradient":""}},"ast-content-background-meta":{"desktop":{"background-color":"var(--ast-global-color-4)","background-image":"","background-repeat":"repeat","background-position":"center center","background-size":"auto","background-attachment":"scroll","background-type":"","background-media":"","overlay-type":"","overlay-color":"","overlay-opacity":"","overlay-gradient":""},"tablet":{"background-color":"var(--ast-global-color-4)","background-image":"","background-repeat":"repeat","background-position":"center center","background-size":"auto","background-attachment":"scroll","background-type":"","background-media":"","overlay-type":"","overlay-color":"","overlay-opacity":"","overlay-gradient":""},"mobile":{"background-color":"var(--ast-global-color-4)","background-image":"","background-repeat":"repeat","background-position":"center center","background-size":"auto","background-attachment":"scroll","background-type":"","background-media":"","overlay-type":"","overlay-color":"","overlay-opacity":"","overlay-gradient":""}}},"product_brand":[],"product_cat":[72,62,57,60],"product_tag":[213,214],"class_list":{"0":"post-5306","1":"product","2":"type-product","3":"status-publish","4":"has-post-thumbnail","6":"product_cat-cosmetic-packaging","7":"product_cat-cosmetic-containers","8":"product_cat-essential-oil-bottles","9":"product_cat-roller-bottles","10":"product_tag-amber-glass-roller-ball-bottles","11":"product_tag-roll-on-glass-bottles","12":"desktop-align-left","13":"tablet-align-left","14":"mobile-align-left","16":"first","17":"instock","18":"shipping-taxable","19":"product-type-simple"},"acf":[],"jetpack_sharing_enabled":true,"_links":{"self":[{"href":"https:\/\/theperfumebottles.com\/de\/wp-json\/wp\/v2\/product\/5306","targetHints":{"allow":["GET"]}}],"collection":[{"href":"https:\/\/theperfumebottles.com\/de\/wp-json\/wp\/v2\/product"}],"about":[{"href":"https:\/\/theperfumebottles.com\/de\/wp-json\/wp\/v2\/types\/product"}],"replies":[{"embeddable":true,"href":"https:\/\/theperfumebottles.com\/de\/wp-json\/wp\/v2\/comments?post=5306"}],"wp:featuredmedia":[{"embeddable":true,"href":"https:\/\/theperfumebottles.com\/de\/wp-json\/wp\/v2\/media\/5307"}],"wp:attachment":[{"href":"https:\/\/theperfumebottles.com\/de\/wp-json\/wp\/v2\/media?parent=5306"}],"wp:term":[{"taxonomy":"product_brand","embeddable":true,"href":"https:\/\/theperfumebottles.com\/de\/wp-json\/wp\/v2\/product_brand?post=5306"},{"taxonomy":"product_cat","embeddable":true,"href":"https:\/\/theperfumebottles.com\/de\/wp-json\/wp\/v2\/product_cat?post=5306"},{"taxonomy":"product_tag","embeddable":true,"href":"https:\/\/theperfumebottles.com\/de\/wp-json\/wp\/v2\/product_tag?post=5306"}],"curies":[{"name":"wp","href":"https:\/\/api.w.org\/{rel}","templated":true}]}}