{"id":5354,"date":"2025-08-08T18:07:05","date_gmt":"2025-08-08T10:07:05","guid":{"rendered":"https:\/\/theperfumebottles.com\/?post_type=product&#038;p=5354"},"modified":"2026-04-01T15:42:44","modified_gmt":"2026-04-01T07:42:44","slug":"bulk-amber-glass-pump-bottles-for-skincare","status":"publish","type":"product","link":"https:\/\/theperfumebottles.com\/de\/produkt\/bulk-amber-glass-pump-bottles-for-skincare\/","title":{"rendered":"Gro\u00dfpackung 20 ml, 30 ml, 40 ml Braunglas-Pumpflaschen f\u00fcr Lotionverpackungen"},"content":{"rendered":"<p>Die bernsteinfarbenen Glaspumpenflaschen bestehen aus klarem bernsteinfarbenem Glas und haben eine kurze zylindrische Form sowie einen wei\u00dfen Pumpspender mit Glaskappe.<\/p>\n<h2>Wichtige Spezifikationen<\/h2>\n<table style=\"border-collapse: collapse; margin-left: auto; margin-right: auto; width: 80%;\" border=\"0\" width=\"445\" cellspacing=\"0\" cellpadding=\"0\">\n<tbody>\n<tr style=\"height: 13.50pt;\">\n<td style=\"height: 13.50pt; width: 136.50pt;\" width=\"182\" height=\"18\">Besonderheit<\/td>\n<td style=\"width: 197.25pt;\" width=\"263\">Detail<\/td>\n<\/tr>\n<tr style=\"height: 13.50pt;\">\n<td style=\"height: 13.50pt;\" height=\"18\">Kapazit\u00e4tsoptionen<\/td>\n<td>20 ml, 30 ml, 40 ml<\/td>\n<\/tr>\n<tr style=\"height: 13.50pt;\">\n<td style=\"height: 13.50pt;\" height=\"18\">Flaschengr\u00f6\u00dfe (ca.)<\/td>\n<td>36 mm Durchmesser, 55\u201382 mm H\u00f6he<\/td>\n<\/tr>\n<tr style=\"height: 13.50pt;\">\n<td style=\"height: 13.50pt;\" height=\"18\">Material<\/td>\n<td>Bernsteinfarbenes Glas<\/td>\n<\/tr>\n<tr style=\"height: 13.50pt;\">\n<td style=\"height: 13.50pt;\" height=\"18\">Schlie\u00dfung<\/td>\n<td>Transparenter Deckel + wei\u00dfe Pumpe<\/td>\n<\/tr>\n<tr style=\"height: 13.50pt;\">\n<td style=\"height: 13.50pt;\" height=\"18\">Ideal f\u00fcr<\/td>\n<td>Hautpflege, Seren, Lotionen<\/td>\n<\/tr>\n<\/tbody>\n<\/table>\n<h2>Erfolgsgeschichte<\/h2>\n<p>Eine kalifornische Kosmetikmarke entschied sich f\u00fcr unsere 100-ml-Leerflasche mit Pumpspender und individualisierte den wei\u00dfen Pumpkopf und den mattierten Glasverschluss. Das individuelle Flaschendesign brachte einen deutlichen Mehrwert: Der pr\u00e4zise Pumpkopf reduzierte die durchschnittliche Verbrauchsmenge um 25 % und verl\u00e4ngerte so die Haltbarkeit des Produkts. Der einzigartige mattierte Verschluss wurde zum Markenzeichen der Marke und f\u00fchrte zu einem Anstieg der Social-Media-Erw\u00e4hnungen um 150 %. Nach diesem Erfolg expandierte das Unternehmen weiter. Zu den Erfolgen z\u00e4hlten die Bestellung von 620.000 Flaschen ihres neuen CBD-Gesichts\u00f6ls und der Abschluss einer Partnerschaft mit einem Anbieter von Beauty-Abo-Boxen.<\/p>\n<h2>Tipps zur Personalisierung, damit Ihre Marke im Regal hervorsticht<\/h2>\n<p>M\u00f6chten Sie, dass Ihre Marke Aufmerksamkeit erregt und Kunden bindet?<\/p>\n<ul>\n<li><strong>Pumpenspitze wechseln:<\/strong> F\u00fcr eine luxuri\u00f6se Atmosph\u00e4re versuchen Sie es mit Schwarz oder Gold.<\/li>\n<li><strong>Clevere Farbe:<\/strong> Bernstein ist eine klassische Wahl. Wenn Sie aber einen individuellen Look w\u00fcnschen, bieten wir Ihnen ma\u00dfgeschneiderte Farbkombinationen an.<\/li>\n<li><strong>Beschriftungsraum:<\/strong> Die schlanke, zylindrische Form bietet Ihnen Raum, Ihre Markengeschichte zu erz\u00e4hlen.<\/li>\n<li><strong>Die richtige Gr\u00f6\u00dfe w\u00e4hlen:<\/strong> W\u00e4hlen Sie 20 ml f\u00fcr Reisegr\u00f6\u00dfen und 40 ml f\u00fcr Premium-Produkte. Die Gr\u00f6\u00dfe sollte auf Ihre Zielgruppe abgestimmt sein.<\/li>\n<\/ul>","protected":false},"excerpt":{"rendered":"<p>Braunglas-Pumpflaschen im klassischen Design mit dichtem Verschluss. Leere Lotionflaschen mit Pumpfunktion, ideal f\u00fcr Gro\u00dfbestellungen. Mengenrabatte verf\u00fcgbar. Schneller Versand.<\/p>","protected":false},"featured_media":5369,"comment_status":"open","ping_status":"closed","template":"","meta":{"_acf_changed":false,"site-sidebar-layout":"default","site-content-layout":"","ast-site-content-layout":"default","site-content-style":"default","site-sidebar-style":"default","ast-global-header-display":"","ast-banner-title-visibility":"","ast-main-header-display":"","ast-hfb-above-header-display":"","ast-hfb-below-header-display":"","ast-hfb-mobile-header-display":"","site-post-title":"","ast-breadcrumbs-content":"","ast-featured-img":"","footer-sml-layout":"","ast-disable-related-posts":"","theme-transparent-header-meta":"default","adv-header-id-meta":"","stick-header-meta":"","header-above-stick-meta":"","header-main-stick-meta":"","header-below-stick-meta":"","astra-migrate-meta-layouts":"set","ast-page-background-enabled":"default","ast-page-background-meta":{"desktop":{"background-color":"var(--ast-global-color-5)","background-image":"","background-repeat":"repeat","background-position":"center center","background-size":"auto","background-attachment":"scroll","background-type":"","background-media":"","overlay-type":"","overlay-color":"","overlay-opacity":"","overlay-gradient":""},"tablet":{"background-color":"","background-image":"","background-repeat":"repeat","background-position":"center center","background-size":"auto","background-attachment":"scroll","background-type":"","background-media":"","overlay-type":"","overlay-color":"","overlay-opacity":"","overlay-gradient":""},"mobile":{"background-color":"","background-image":"","background-repeat":"repeat","background-position":"center center","background-size":"auto","background-attachment":"scroll","background-type":"","background-media":"","overlay-type":"","overlay-color":"","overlay-opacity":"","overlay-gradient":""}},"ast-content-background-meta":{"desktop":{"background-color":"var(--ast-global-color-4)","background-image":"","background-repeat":"repeat","background-position":"center center","background-size":"auto","background-attachment":"scroll","background-type":"","background-media":"","overlay-type":"","overlay-color":"","overlay-opacity":"","overlay-gradient":""},"tablet":{"background-color":"var(--ast-global-color-4)","background-image":"","background-repeat":"repeat","background-position":"center center","background-size":"auto","background-attachment":"scroll","background-type":"","background-media":"","overlay-type":"","overlay-color":"","overlay-opacity":"","overlay-gradient":""},"mobile":{"background-color":"var(--ast-global-color-4)","background-image":"","background-repeat":"repeat","background-position":"center center","background-size":"auto","background-attachment":"scroll","background-type":"","background-media":"","overlay-type":"","overlay-color":"","overlay-opacity":"","overlay-gradient":""}}},"product_brand":[],"product_cat":[71,72,62],"product_tag":[190,204],"class_list":{"0":"post-5354","1":"product","2":"type-product","3":"status-publish","4":"has-post-thumbnail","6":"product_cat-glass-lotion-bottles","7":"product_cat-cosmetic-packaging","8":"product_cat-cosmetic-containers","9":"product_tag-cosmetic-pots-with-lids","10":"product_tag-frosted-cosmetic-jars","11":"desktop-align-left","12":"tablet-align-left","13":"mobile-align-left","15":"first","16":"instock","17":"shipping-taxable","18":"product-type-simple"},"acf":[],"jetpack_sharing_enabled":true,"_links":{"self":[{"href":"https:\/\/theperfumebottles.com\/de\/wp-json\/wp\/v2\/product\/5354","targetHints":{"allow":["GET"]}}],"collection":[{"href":"https:\/\/theperfumebottles.com\/de\/wp-json\/wp\/v2\/product"}],"about":[{"href":"https:\/\/theperfumebottles.com\/de\/wp-json\/wp\/v2\/types\/product"}],"replies":[{"embeddable":true,"href":"https:\/\/theperfumebottles.com\/de\/wp-json\/wp\/v2\/comments?post=5354"}],"wp:featuredmedia":[{"embeddable":true,"href":"https:\/\/theperfumebottles.com\/de\/wp-json\/wp\/v2\/media\/5369"}],"wp:attachment":[{"href":"https:\/\/theperfumebottles.com\/de\/wp-json\/wp\/v2\/media?parent=5354"}],"wp:term":[{"taxonomy":"product_brand","embeddable":true,"href":"https:\/\/theperfumebottles.com\/de\/wp-json\/wp\/v2\/product_brand?post=5354"},{"taxonomy":"product_cat","embeddable":true,"href":"https:\/\/theperfumebottles.com\/de\/wp-json\/wp\/v2\/product_cat?post=5354"},{"taxonomy":"product_tag","embeddable":true,"href":"https:\/\/theperfumebottles.com\/de\/wp-json\/wp\/v2\/product_tag?post=5354"}],"curies":[{"name":"wp","href":"https:\/\/api.w.org\/{rel}","templated":true}]}}