{"id":5404,"date":"2025-08-11T18:02:10","date_gmt":"2025-08-11T10:02:10","guid":{"rendered":"https:\/\/theperfumebottles.com\/?post_type=product&#038;p=5404"},"modified":"2026-04-01T14:48:59","modified_gmt":"2026-04-01T06:48:59","slug":"custom-frosted-empty-lotion-bottle-with-pump-and-gold-lid","status":"publish","type":"product","link":"https:\/\/theperfumebottles.com\/de\/produkt\/custom-frosted-empty-lotion-bottle-with-pump-and-gold-lid\/","title":{"rendered":"Individuell gestaltete, 30 ml gro\u00dfe, mattierte, leere Lotionflasche mit Pumpe und goldenem Deckel"},"content":{"rendered":"<p>Die luxuri\u00f6se, leere Lotionflasche mit Pumpsystem besticht durch ihren geradlinigen Korpus aus mattiertem, milchig-wei\u00dfem Glas. Der elegante goldene Pumpverschluss verleiht der Flasche ein besonders edles und hochwertiges Erscheinungsbild.<\/p>\n<h2>Wichtige Spezifikationen<\/h2>\n<table style=\"border-collapse: collapse; margin-left: auto; margin-right: auto; width: 80%;\" border=\"0\" width=\"445\" cellspacing=\"0\" cellpadding=\"0\">\n<tbody>\n<tr style=\"height: 13.50pt;\">\n<td style=\"height: 13.50pt; width: 136.50pt;\" width=\"182\" height=\"18\">Besonderheit<\/td>\n<td style=\"width: 197.25pt;\" width=\"263\">Detail<\/td>\n<\/tr>\n<tr style=\"height: 13.50pt;\">\n<td style=\"height: 13.50pt;\" height=\"18\">Kapazit\u00e4t<\/td>\n<td>30 ml<\/td>\n<\/tr>\n<tr style=\"height: 13.50pt;\">\n<td style=\"height: 13.50pt;\" height=\"18\">Material<\/td>\n<td>Premiumglas<\/td>\n<\/tr>\n<tr style=\"height: 13.50pt;\">\n<td style=\"height: 13.50pt;\" height=\"18\">Beenden<\/td>\n<td>Mattwei\u00df (mattiert)<\/td>\n<\/tr>\n<tr style=\"height: 13.50pt;\">\n<td style=\"height: 13.50pt;\" height=\"18\">Pumpenfarbe<\/td>\n<td>Gold (anpassbar)<\/td>\n<\/tr>\n<tr style=\"height: 13.50pt;\">\n<td style=\"height: 13.50pt;\" height=\"18\">Form<\/td>\n<td>Zylindrisch<\/td>\n<\/tr>\n<tr style=\"height: 13.50pt;\">\n<td style=\"height: 13.50pt;\" height=\"18\">Schlie\u00dfung<\/td>\n<td>Aufschraubbarer Pumpendeckel<\/td>\n<\/tr>\n<tr style=\"height: 13.50pt;\">\n<td style=\"height: 13.50pt;\" height=\"18\">Verpackungseinheit<\/td>\n<td>20 x 20 x 20 cm Karton<\/td>\n<\/tr>\n<tr style=\"height: 13.50pt;\">\n<td style=\"height: 13.50pt;\" height=\"18\">Am besten geeignet f\u00fcr<\/td>\n<td>Lotionen, Seren, K\u00f6rperpflege<\/td>\n<\/tr>\n<\/tbody>\n<\/table>\n<h2>Erfolgsgeschichte: Sonderanfertigung einer europ\u00e4ischen Luxus-K\u00f6rperpflegemarke<\/h2>\n<p>Eine franz\u00f6sische Premium-K\u00f6rperpflegemarke w\u00e4hlte unsere 200-ml-Lotionflasche mit Pumpe und entwickelte ein individuelles Design mit einem 18-kar\u00e4tig vergoldeten, matten Verschluss und einem speziellen Vakuumpumpenkopf. Die Flasche wurde ein gro\u00dfer Erfolg, da ihre sanfte, matte Oberfl\u00e4che zum zentralen Designelement der Marke avancierte und das Produkt dadurch als 50 % sanfter und luxuri\u00f6ser wahrgenommen wurde. Dank des Vakuumpumpenkopfes blieb die Qualit\u00e4t der \u00e4therischen \u00d6le 40 % l\u00e4nger erhalten, w\u00e4hrend gleichzeitig der Abfall reduziert wurde. Die Marke bestellte zus\u00e4tzlich 300.000 Flaschen, um ihre kommende Duftlinie mit trockenen \u00e4therischen \u00d6len und die limitierte Weihnachtskollektion zu unterst\u00fctzen.<\/p>\n<h2>M\u00f6chten Sie es individuell gestalten? So geht&#039;s.<\/h2>\n<p>Ihre Marke ist nicht generisch. Ihre Flasche sollte es auch nicht sein.<\/p>\n<ul>\n<li>Die Pumpenfarbe \u00e4ndern \u2013 schwarz, silber, ros\u00e9gold? Erledigt.<\/li>\n<li>Passen Sie die Halsh\u00f6he an \u2013 wir k\u00f6nnen sie f\u00fcr eine bessere Etikettenpassung modifizieren.<\/li>\n<li>Erg\u00e4nzen Sie die Ausstattung mit kindersicheren oder abschlie\u00dfbaren Pumpen \u2013 ideal f\u00fcr Babyprodukte.<\/li>\n<li>Ben\u00f6tigen Sie eine andere Gr\u00f6\u00dfe f\u00fcr Ihre leere Lotionflaschenpumpe? Wir bieten auch 15 ml, 50 ml und 100 ml an.<\/li>\n<\/ul>\n<p>Und falls Sie sich Sorgen um Versand oder Lagerung machen \u2013 keine Sorge. Unsere Verpackungsl\u00f6sungen f\u00fcr leere Lotionflaschen mit Pumpverschluss sind stapelbar, sicher und auch in gro\u00dfen Mengen einfach zu handhaben. Wir wissen, dass es Ihnen bei leeren Lotionflaschen mit Pumpverschluss nicht nur um die Flasche selbst geht. Es geht Ihnen um Schnelligkeit, gleichbleibende Qualit\u00e4t und ein ansprechendes Erscheinungsbild vom ersten Tag an.<\/p>","protected":false},"excerpt":{"rendered":"<p>Hochwertige, leere Lotionflasche mit Pumpe aus mattem Glas und edlem Goldverschluss. Ideal f\u00fcr Hautpflegeprodukte. Weltweiter Versand.<\/p>","protected":false},"featured_media":5418,"comment_status":"open","ping_status":"closed","template":"","meta":{"_acf_changed":false,"site-sidebar-layout":"default","site-content-layout":"","ast-site-content-layout":"default","site-content-style":"default","site-sidebar-style":"default","ast-global-header-display":"","ast-banner-title-visibility":"","ast-main-header-display":"","ast-hfb-above-header-display":"","ast-hfb-below-header-display":"","ast-hfb-mobile-header-display":"","site-post-title":"","ast-breadcrumbs-content":"","ast-featured-img":"","footer-sml-layout":"","ast-disable-related-posts":"","theme-transparent-header-meta":"default","adv-header-id-meta":"","stick-header-meta":"","header-above-stick-meta":"","header-main-stick-meta":"","header-below-stick-meta":"","astra-migrate-meta-layouts":"set","ast-page-background-enabled":"default","ast-page-background-meta":{"desktop":{"background-color":"var(--ast-global-color-5)","background-image":"","background-repeat":"repeat","background-position":"center center","background-size":"auto","background-attachment":"scroll","background-type":"","background-media":"","overlay-type":"","overlay-color":"","overlay-opacity":"","overlay-gradient":""},"tablet":{"background-color":"","background-image":"","background-repeat":"repeat","background-position":"center center","background-size":"auto","background-attachment":"scroll","background-type":"","background-media":"","overlay-type":"","overlay-color":"","overlay-opacity":"","overlay-gradient":""},"mobile":{"background-color":"","background-image":"","background-repeat":"repeat","background-position":"center center","background-size":"auto","background-attachment":"scroll","background-type":"","background-media":"","overlay-type":"","overlay-color":"","overlay-opacity":"","overlay-gradient":""}},"ast-content-background-meta":{"desktop":{"background-color":"var(--ast-global-color-4)","background-image":"","background-repeat":"repeat","background-position":"center center","background-size":"auto","background-attachment":"scroll","background-type":"","background-media":"","overlay-type":"","overlay-color":"","overlay-opacity":"","overlay-gradient":""},"tablet":{"background-color":"var(--ast-global-color-4)","background-image":"","background-repeat":"repeat","background-position":"center center","background-size":"auto","background-attachment":"scroll","background-type":"","background-media":"","overlay-type":"","overlay-color":"","overlay-opacity":"","overlay-gradient":""},"mobile":{"background-color":"var(--ast-global-color-4)","background-image":"","background-repeat":"repeat","background-position":"center center","background-size":"auto","background-attachment":"scroll","background-type":"","background-media":"","overlay-type":"","overlay-color":"","overlay-opacity":"","overlay-gradient":""}}},"product_brand":[],"product_cat":[71,72,62],"product_tag":[190,204],"class_list":{"0":"post-5404","1":"product","2":"type-product","3":"status-publish","4":"has-post-thumbnail","6":"product_cat-glass-lotion-bottles","7":"product_cat-cosmetic-packaging","8":"product_cat-cosmetic-containers","9":"product_tag-cosmetic-pots-with-lids","10":"product_tag-frosted-cosmetic-jars","11":"desktop-align-left","12":"tablet-align-left","13":"mobile-align-left","15":"first","16":"instock","17":"shipping-taxable","18":"product-type-simple"},"acf":[],"jetpack_sharing_enabled":true,"_links":{"self":[{"href":"https:\/\/theperfumebottles.com\/de\/wp-json\/wp\/v2\/product\/5404","targetHints":{"allow":["GET"]}}],"collection":[{"href":"https:\/\/theperfumebottles.com\/de\/wp-json\/wp\/v2\/product"}],"about":[{"href":"https:\/\/theperfumebottles.com\/de\/wp-json\/wp\/v2\/types\/product"}],"replies":[{"embeddable":true,"href":"https:\/\/theperfumebottles.com\/de\/wp-json\/wp\/v2\/comments?post=5404"}],"wp:featuredmedia":[{"embeddable":true,"href":"https:\/\/theperfumebottles.com\/de\/wp-json\/wp\/v2\/media\/5418"}],"wp:attachment":[{"href":"https:\/\/theperfumebottles.com\/de\/wp-json\/wp\/v2\/media?parent=5404"}],"wp:term":[{"taxonomy":"product_brand","embeddable":true,"href":"https:\/\/theperfumebottles.com\/de\/wp-json\/wp\/v2\/product_brand?post=5404"},{"taxonomy":"product_cat","embeddable":true,"href":"https:\/\/theperfumebottles.com\/de\/wp-json\/wp\/v2\/product_cat?post=5404"},{"taxonomy":"product_tag","embeddable":true,"href":"https:\/\/theperfumebottles.com\/de\/wp-json\/wp\/v2\/product_tag?post=5404"}],"curies":[{"name":"wp","href":"https:\/\/api.w.org\/{rel}","templated":true}]}}