{"id":5405,"date":"2025-08-11T17:27:27","date_gmt":"2025-08-11T09:27:27","guid":{"rendered":"https:\/\/theperfumebottles.com\/?post_type=product&#038;p=5405"},"modified":"2026-03-30T15:26:17","modified_gmt":"2026-03-30T07:26:17","slug":"essential-oil-roll-on-bottles-in-bulk","status":"publish","type":"product","link":"https:\/\/theperfumebottles.com\/de\/produkt\/essential-oil-roll-on-bottles-in-bulk\/","title":{"rendered":"3\u201330 ml Roll-On-Flaschen mit \u00e4therischen \u00d6len in Gro\u00dfpackungen"},"content":{"rendered":"<p>Sie ben\u00f6tigen Roll-on-Flaschen f\u00fcr \u00e4therische \u00d6le, die nicht nur auffallen, sondern auch optimale Ergebnisse liefern? Unsere Roll-on-Flaschen aus Glas sind speziell f\u00fcr Marken entwickelt, die Wert auf luxuri\u00f6se und gleichzeitig praktische Beh\u00e4lter f\u00fcr \u00e4therische \u00d6le legen.<\/p>\n<h2>Wichtige Spezifikationen<\/h2>\n<table style=\"border-collapse: collapse; width: 80%; margin-left: auto; margin-right: auto;\" border=\"0\" width=\"227\" cellspacing=\"0\" cellpadding=\"0\">\n<tbody>\n<tr style=\"height: 13.50pt;\">\n<td style=\"height: 13.5pt; width: 116.25pt; text-align: center;\" width=\"155\" height=\"18\">Besonderheit<\/td>\n<td style=\"width: 54pt; text-align: center;\" width=\"72\">Details<\/td>\n<\/tr>\n<tr style=\"height: 13.50pt;\">\n<td style=\"height: 13.5pt; text-align: center;\" height=\"18\">Kapazit\u00e4t<\/td>\n<td style=\"text-align: center;\">3 ml, 5 ml, 10 ml, 15 ml, 20 ml, 30 ml<\/td>\n<\/tr>\n<tr style=\"height: 13.50pt;\">\n<td style=\"height: 13.5pt; text-align: center;\" height=\"18\">Material<\/td>\n<td style=\"text-align: center;\">Glas<\/td>\n<\/tr>\n<tr style=\"height: 13.50pt;\">\n<td style=\"height: 13.5pt; text-align: center;\" height=\"18\">Dichtungsmechanismus<\/td>\n<td style=\"text-align: center;\">Schraubverschluss mit Rolle<\/td>\n<\/tr>\n<tr style=\"height: 13.50pt;\">\n<td style=\"height: 13.5pt; text-align: center;\" height=\"18\">Form<\/td>\n<td style=\"text-align: center;\">Runden<\/td>\n<\/tr>\n<tr style=\"height: 13.50pt;\">\n<td style=\"height: 13.5pt; text-align: center;\" height=\"18\">Farbe<\/td>\n<td style=\"text-align: center;\">\u00dcbersichtlich, individuell anpassbar<\/td>\n<\/tr>\n<tr style=\"height: 13.50pt;\">\n<td style=\"height: 13.5pt; text-align: center;\" height=\"18\">Oberfl\u00e4chendruck<\/td>\n<td style=\"text-align: center;\">Anpassbar<\/td>\n<\/tr>\n<\/tbody>\n<\/table>\n<h2>Fallstudie<\/h2>\n<p>Ein Hautpflegeunternehmen, das seinen Umsatz steigern wollte, entschied sich f\u00fcr die Neugestaltung seiner \u00e4therischen \u00d6llinie und w\u00e4hlte unsere 30-ml-Roll-on-Fl\u00e4schchen mit Edelstahlrolle und goldenem Verschluss als Verpackung. Durch die Bestellung im Gro\u00dfhandel und die individuelle Gestaltung der Roll-on-Fl\u00e4schchen in den eigenen Logofarben konnte das Unternehmen die Verpackungskosten deutlich senken und die Zahl der Stammkunden um 65 % steigern.<\/p>\n<h2>Checkliste zur Anpassung<\/h2>\n<ul>\n<li><strong>Glask\u00f6rper<\/strong>Borosilikatglas \/ Braun (bevorzugt) oder andere lichtundurchl\u00e4ssige Farbe \/ Fassungsverm\u00f6gen bestimmen (z. B. 10 ml)<\/li>\n<li><strong>Rollerball<\/strong>Edelstahl (bevorzugt) \/ Kugelgr\u00f6\u00dfe bestimmen (z. B. 5 mm)<\/li>\n<li><strong>Kappe<\/strong>: F\u00fcr eine gute Abdichtung sorgen \/ Farbe und Oberfl\u00e4che ausw\u00e4hlen (z. B. gl\u00e4nzend wei\u00dfe Kappe)<\/li>\n<li><strong>Drucken<\/strong>: Logo- und Textdruck festlegen (z. B. Goldsiebdruck)<\/li>\n<li><strong>Probenpr\u00fcfung<\/strong>Bitte fordern Sie unbedingt ein Blindmuster an, um die Dichtigkeit und die Walzengl\u00e4tte zu testen.<\/li>\n<li><strong>Anbieter<\/strong>: Besprechen Sie Mindestbestellmenge, Preis, Musterlieferzeit und Produktionszyklus.<\/li>\n<\/ul>","protected":false},"excerpt":{"rendered":"<p>Beziehen Sie hochwertige \u00e4therische \u00d6le in Roll-on-Fl\u00e4schchen und 30-ml-Roll-on-Fl\u00e4schchen f\u00fcr Ihre Marke. Ideal f\u00fcr Unternehmen, die hochwertige, individuelle Verpackungen f\u00fcr Gro\u00dfbestellungen suchen.<\/p>","protected":false},"featured_media":6631,"comment_status":"closed","ping_status":"closed","template":"","meta":{"_acf_changed":false,"site-sidebar-layout":"default","site-content-layout":"","ast-site-content-layout":"default","site-content-style":"default","site-sidebar-style":"default","ast-global-header-display":"","ast-banner-title-visibility":"","ast-main-header-display":"","ast-hfb-above-header-display":"","ast-hfb-below-header-display":"","ast-hfb-mobile-header-display":"","site-post-title":"","ast-breadcrumbs-content":"","ast-featured-img":"","footer-sml-layout":"","ast-disable-related-posts":"","theme-transparent-header-meta":"default","adv-header-id-meta":"","stick-header-meta":"","header-above-stick-meta":"","header-main-stick-meta":"","header-below-stick-meta":"","astra-migrate-meta-layouts":"set","ast-page-background-enabled":"default","ast-page-background-meta":{"desktop":{"background-color":"var(--ast-global-color-5)","background-image":"","background-repeat":"repeat","background-position":"center center","background-size":"auto","background-attachment":"scroll","background-type":"","background-media":"","overlay-type":"","overlay-color":"","overlay-opacity":"","overlay-gradient":""},"tablet":{"background-color":"","background-image":"","background-repeat":"repeat","background-position":"center center","background-size":"auto","background-attachment":"scroll","background-type":"","background-media":"","overlay-type":"","overlay-color":"","overlay-opacity":"","overlay-gradient":""},"mobile":{"background-color":"","background-image":"","background-repeat":"repeat","background-position":"center center","background-size":"auto","background-attachment":"scroll","background-type":"","background-media":"","overlay-type":"","overlay-color":"","overlay-opacity":"","overlay-gradient":""}},"ast-content-background-meta":{"desktop":{"background-color":"var(--ast-global-color-4)","background-image":"","background-repeat":"repeat","background-position":"center center","background-size":"auto","background-attachment":"scroll","background-type":"","background-media":"","overlay-type":"","overlay-color":"","overlay-opacity":"","overlay-gradient":""},"tablet":{"background-color":"var(--ast-global-color-4)","background-image":"","background-repeat":"repeat","background-position":"center center","background-size":"auto","background-attachment":"scroll","background-type":"","background-media":"","overlay-type":"","overlay-color":"","overlay-opacity":"","overlay-gradient":""},"mobile":{"background-color":"var(--ast-global-color-4)","background-image":"","background-repeat":"repeat","background-position":"center center","background-size":"auto","background-attachment":"scroll","background-type":"","background-media":"","overlay-type":"","overlay-color":"","overlay-opacity":"","overlay-gradient":""}}},"product_brand":[],"product_cat":[60,62,72,57],"product_tag":[223,222],"class_list":{"0":"post-5405","1":"product","2":"type-product","3":"status-publish","4":"has-post-thumbnail","6":"product_cat-roller-bottles","7":"product_cat-cosmetic-containers","8":"product_cat-cosmetic-packaging","9":"product_cat-essential-oil-bottles","10":"product_tag-essential-oil-roll-on-bottles","11":"product_tag-perfume-roller-bottles","12":"desktop-align-left","13":"tablet-align-left","14":"mobile-align-left","16":"first","17":"instock","18":"shipping-taxable","19":"product-type-simple"},"acf":[],"jetpack_sharing_enabled":true,"_links":{"self":[{"href":"https:\/\/theperfumebottles.com\/de\/wp-json\/wp\/v2\/product\/5405","targetHints":{"allow":["GET"]}}],"collection":[{"href":"https:\/\/theperfumebottles.com\/de\/wp-json\/wp\/v2\/product"}],"about":[{"href":"https:\/\/theperfumebottles.com\/de\/wp-json\/wp\/v2\/types\/product"}],"replies":[{"embeddable":true,"href":"https:\/\/theperfumebottles.com\/de\/wp-json\/wp\/v2\/comments?post=5405"}],"wp:featuredmedia":[{"embeddable":true,"href":"https:\/\/theperfumebottles.com\/de\/wp-json\/wp\/v2\/media\/6631"}],"wp:attachment":[{"href":"https:\/\/theperfumebottles.com\/de\/wp-json\/wp\/v2\/media?parent=5405"}],"wp:term":[{"taxonomy":"product_brand","embeddable":true,"href":"https:\/\/theperfumebottles.com\/de\/wp-json\/wp\/v2\/product_brand?post=5405"},{"taxonomy":"product_cat","embeddable":true,"href":"https:\/\/theperfumebottles.com\/de\/wp-json\/wp\/v2\/product_cat?post=5405"},{"taxonomy":"product_tag","embeddable":true,"href":"https:\/\/theperfumebottles.com\/de\/wp-json\/wp\/v2\/product_tag?post=5405"}],"curies":[{"name":"wp","href":"https:\/\/api.w.org\/{rel}","templated":true}]}}