{"id":5625,"date":"2025-08-14T18:00:02","date_gmt":"2025-08-14T10:00:02","guid":{"rendered":"https:\/\/theperfumebottles.com\/?post_type=product&#038;p=5625"},"modified":"2025-08-25T17:58:23","modified_gmt":"2025-08-25T09:58:23","slug":"wholesale-flat-square-amber-bottles-with-dropper","status":"publish","type":"product","link":"https:\/\/theperfumebottles.com\/de\/produkt\/wholesale-flat-square-amber-bottles-with-dropper\/","title":{"rendered":"Gro\u00dfhandel mit flachen, quadratischen 30-ml-Bernsteinflaschen mit Tropfverschluss"},"content":{"rendered":"<p><span class=\"diff-highlight\">Sind<\/span> <span class=\"diff-highlight\">Sie<\/span> <span class=\"diff-highlight\">suchen<\/span> nach einer stilvollen und <span class=\"diff-highlight\">funktionalen<\/span> M\u00f6glichkeit, Ihre \u00e4therischen \u00d6le <span class=\"diff-highlight\">Serum<\/span>aufzubewahren? <span class=\"diff-highlight\">Unsere Ambergl\u00e4ser mit Pipetten sind<\/span> <span class=\"diff-highlight\">Sie<\/span><span class=\"diff-highlight\">!<\/span> <span class=\"diff-highlight\">ideal<\/span> aus hochwertigem Glas, <span class=\"diff-highlight\">unseren<\/span> <span class=\"diff-highlight\">Ambergl\u00e4sern<\/span> <span class=\"diff-highlight\">Flaschen<\/span> <span class=\"diff-highlight\">die<\/span> <span class=\"diff-highlight\">Leckage<\/span> <span class=\"diff-highlight\">von<\/span> <span class=\"diff-highlight\">sch\u00e4dlichen<\/span> <span class=\"diff-highlight\">UV<\/span> <span class=\"diff-highlight\">Strahlen<\/span> <span class=\"diff-highlight\">Zus\u00e4tzlich<\/span><span class=\"diff-highlight\">.<\/span> <span class=\"diff-highlight\">mit<\/span>, <span class=\"diff-highlight\">Pipette<\/span> <span class=\"diff-highlight\">Leckage<\/span> <span class=\"diff-highlight\">k\u00f6nnen<\/span><span class=\"diff-highlight\">,<\/span> <span class=\"diff-highlight\">Sie<\/span> <span class=\"diff-highlight\">Sie<\/span> <span class=\"diff-highlight\">die<\/span> Leckage <span class=\"diff-highlight\">perfekte<\/span> Menge jedes Mal dosieren.<\/p>\n<h2>Wichtige Spezifikationen<\/h2>\n<table style=\"border-collapse: collapse;margin-left: auto;margin-right: auto;width: 80%\" border=\"0\" width=\"537\" cellspacing=\"0\" cellpadding=\"0\">\n<tbody>\n<tr style=\"height: 13.50pt\">\n<td style=\"height: 13.50pt;width: 111.00pt\" width=\"148\" height=\"18\">Besonderheit<\/td>\n<td style=\"width: 291.75pt\" width=\"389\">Details<\/td>\n<\/tr>\n<tr style=\"height: 13.50pt\">\n<td style=\"height: 13.50pt\" height=\"18\">Verf\u00fcgbare Gr\u00f6\u00dfen<\/td>\n<td>30 ml<\/td>\n<\/tr>\n<tr style=\"height: 13.50pt\">\n<td style=\"height: 13.50pt\" height=\"18\">Material<\/td>\n<td>Hochwertiges Glas<\/td>\n<\/tr>\n<tr style=\"height: 13.50pt\">\n<td style=\"height: 13.50pt\" height=\"18\">Farbe<\/td>\n<td>Standard klar, Amber, Pink (benutzerdefinierte Farboptionen verf\u00fcgbar)<\/td>\n<\/tr>\n<tr style=\"height: 13.50pt\">\n<td style=\"height: 13.50pt\" height=\"18\">Beenden<\/td>\n<td>Klar oder Rauchig (nach Anfrage)<\/td>\n<\/tr>\n<tr style=\"height: 13.50pt\">\n<td style=\"height: 13.50pt\" height=\"18\">Anwendungsfall<\/td>\n<td>Tinkturen, \u00e4therische \u00d6le, Seren<\/td>\n<\/tr>\n<\/tbody>\n<\/table>\n<h2>Erfolgsfall in der Praxis: Von Durcheinander zu Klarer Markenidentit\u00e4t<\/h2>\n<p>Ein nat\u00fcrlicher Hersteller wechselte von klaren Glasflaschen zu 30ml Amber-Tropferflaschen f\u00fcr seine pflanzlichen Tinkturen. Das Amberglas l\u00f6ste Probleme mit der Lichtexposition, indem es die Formel l\u00e4nger frisch hielt. Dar\u00fcber hinaus fanden die Kunden die Amber-Tropferflaschen vertrauensw\u00fcrdiger, mit dem goldenen Ring, der ein Premium-Gef\u00fchl vermittelte, und den flachen Seiten, die den Griff und die Beschriftung erleichterten.<\/p>\n<h2>Clevere Anpassungstipps f\u00fcr Ihre Bestellung<\/h2>\n<p>M\u00f6chten Sie Ihre Marke hervorheben? Versuchen Sie diese Ideen:<\/p>\n<ul>\n<li>Verwenden Sie das Rauchig-Finishing auf Amberglas f\u00fcr ein weicheres, organisches Aussehen\u2014ideal f\u00fcr clean beauty oder \u00d6ko-Linien.<\/li>\n<li>Ersetzen Sie den goldenen Ring durch ein mattem Schwarz oder ge\u00e4tztes Silber, um Ihrem Marken-Gef\u00fchl zu entsprechen.<\/li>\n<li>B\u00fcndeln Sie mehrere Amberflaschen mit Tropfer in einer Markenbox. Ideal f\u00fcr Gro\u00dfhandelsh\u00e4ndler oder Geschenkg\u5957\u88c5.<\/li>\n<\/ul>\n<p>Von Gro\u00dfhandel start-ups bis hin zu gro\u00dfen Distributoren, passen diese Amber-Glasflaschen mit Tropfer zu Ihnen. Sie sind f\u00fcr kleine Testl\u00e4ufe und riesige Mengenbestellungen geeignet\u2014ohne Qualit\u00e4tsstandards zu opfern.<\/p>","protected":false},"excerpt":{"rendered":"<p>Gro\u00dfhandels-\u00c4mphor mit Pipette f\u00fcr \u00e4therische \u00d6le, Seren und Kosmetika. Aus haltbarem Glas, anpassbar, perfekt f\u00fcr Gro\u00dfbestellungen.<\/p>","protected":false},"featured_media":5641,"comment_status":"closed","ping_status":"closed","template":"","meta":{"_acf_changed":false,"site-sidebar-layout":"default","site-content-layout":"","ast-site-content-layout":"default","site-content-style":"default","site-sidebar-style":"default","ast-global-header-display":"","ast-banner-title-visibility":"","ast-main-header-display":"","ast-hfb-above-header-display":"","ast-hfb-below-header-display":"","ast-hfb-mobile-header-display":"","site-post-title":"","ast-breadcrumbs-content":"","ast-featured-img":"","footer-sml-layout":"","ast-disable-related-posts":"","theme-transparent-header-meta":"default","adv-header-id-meta":"","stick-header-meta":"","header-above-stick-meta":"","header-main-stick-meta":"","header-below-stick-meta":"","astra-migrate-meta-layouts":"set","ast-page-background-enabled":"default","ast-page-background-meta":{"desktop":{"background-color":"var(--ast-global-color-5)","background-image":"","background-repeat":"repeat","background-position":"center center","background-size":"auto","background-attachment":"scroll","background-type":"","background-media":"","overlay-type":"","overlay-color":"","overlay-opacity":"","overlay-gradient":""},"tablet":{"background-color":"","background-image":"","background-repeat":"repeat","background-position":"center center","background-size":"auto","background-attachment":"scroll","background-type":"","background-media":"","overlay-type":"","overlay-color":"","overlay-opacity":"","overlay-gradient":""},"mobile":{"background-color":"","background-image":"","background-repeat":"repeat","background-position":"center center","background-size":"auto","background-attachment":"scroll","background-type":"","background-media":"","overlay-type":"","overlay-color":"","overlay-opacity":"","overlay-gradient":""}},"ast-content-background-meta":{"desktop":{"background-color":"var(--ast-global-color-4)","background-image":"","background-repeat":"repeat","background-position":"center center","background-size":"auto","background-attachment":"scroll","background-type":"","background-media":"","overlay-type":"","overlay-color":"","overlay-opacity":"","overlay-gradient":""},"tablet":{"background-color":"var(--ast-global-color-4)","background-image":"","background-repeat":"repeat","background-position":"center center","background-size":"auto","background-attachment":"scroll","background-type":"","background-media":"","overlay-type":"","overlay-color":"","overlay-opacity":"","overlay-gradient":""},"mobile":{"background-color":"var(--ast-global-color-4)","background-image":"","background-repeat":"repeat","background-position":"center center","background-size":"auto","background-attachment":"scroll","background-type":"","background-media":"","overlay-type":"","overlay-color":"","overlay-opacity":"","overlay-gradient":""}}},"product_brand":[],"product_cat":[62,72,57,59],"product_tag":[190,204],"class_list":{"0":"post-5625","1":"product","2":"type-product","3":"status-publish","4":"has-post-thumbnail","6":"product_cat-cosmetic-containers","7":"product_cat-cosmetic-packaging","8":"product_cat-essential-oil-bottles","9":"product_cat-glass-dropper-bottles","10":"product_tag-cosmetic-pots-with-lids","11":"product_tag-frosted-cosmetic-jars","12":"desktop-align-left","13":"tablet-align-left","14":"mobile-align-left","16":"first","17":"instock","18":"shipping-taxable","19":"product-type-simple"},"acf":[],"jetpack_sharing_enabled":true,"_links":{"self":[{"href":"https:\/\/theperfumebottles.com\/de\/wp-json\/wp\/v2\/product\/5625","targetHints":{"allow":["GET"]}}],"collection":[{"href":"https:\/\/theperfumebottles.com\/de\/wp-json\/wp\/v2\/product"}],"about":[{"href":"https:\/\/theperfumebottles.com\/de\/wp-json\/wp\/v2\/types\/product"}],"replies":[{"embeddable":true,"href":"https:\/\/theperfumebottles.com\/de\/wp-json\/wp\/v2\/comments?post=5625"}],"wp:featuredmedia":[{"embeddable":true,"href":"https:\/\/theperfumebottles.com\/de\/wp-json\/wp\/v2\/media\/5641"}],"wp:attachment":[{"href":"https:\/\/theperfumebottles.com\/de\/wp-json\/wp\/v2\/media?parent=5625"}],"wp:term":[{"taxonomy":"product_brand","embeddable":true,"href":"https:\/\/theperfumebottles.com\/de\/wp-json\/wp\/v2\/product_brand?post=5625"},{"taxonomy":"product_cat","embeddable":true,"href":"https:\/\/theperfumebottles.com\/de\/wp-json\/wp\/v2\/product_cat?post=5625"},{"taxonomy":"product_tag","embeddable":true,"href":"https:\/\/theperfumebottles.com\/de\/wp-json\/wp\/v2\/product_tag?post=5625"}],"curies":[{"name":"wp","href":"https:\/\/api.w.org\/{rel}","templated":true}]}}