{"id":5667,"date":"2025-08-14T18:02:15","date_gmt":"2025-08-14T10:02:15","guid":{"rendered":"https:\/\/theperfumebottles.com\/?post_type=product&#038;p=5667"},"modified":"2026-04-01T16:28:16","modified_gmt":"2026-04-01T08:28:16","slug":"mini-dropper-bottles-with-rose-gold-lid-wholesale","status":"publish","type":"product","link":"https:\/\/theperfumebottles.com\/de\/produkt\/mini-dropper-bottles-with-rose-gold-lid-wholesale\/","title":{"rendered":"1-5 ml Mini-Tropffl\u00e4schchen mit ros\u00e9goldenem Deckel (Gro\u00dfhandel)"},"content":{"rendered":"<p>If you\u2019re looking for conversant packing design that is durable for speedy shipping and compact for warehouse storage, these mini dropper bottles are our most elegant solution. They are all made of a cylindrical crystal clear material with rose gold lids, that is portable, chic, and compact, allowing neat stacking and maximum thoughts for presentation and display or storage.<\/p>\n<h2>Wichtige Spezifikationen<\/h2>\n<table style=\"border-collapse: collapse; margin-left: auto; margin-right: auto; width: 80%;\" border=\"0\" width=\"458\" cellspacing=\"0\" cellpadding=\"0\">\n<tbody>\n<tr style=\"height: 13.50pt;\">\n<td style=\"height: 13.50pt; width: 82.50pt;\" width=\"110\" height=\"18\">Besonderheit<\/td>\n<td style=\"width: 261.00pt;\" width=\"348\">Detail<\/td>\n<\/tr>\n<tr style=\"height: 13.50pt;\">\n<td style=\"height: 13.50pt;\" height=\"18\">Kapazit\u00e4t<\/td>\n<td>1 ml, 2 ml, 3 ml, 5 ml<\/td>\n<\/tr>\n<tr style=\"height: 13.50pt;\">\n<td style=\"height: 13.50pt;\" height=\"18\">Material<\/td>\n<td>Borosilikatglas<\/td>\n<\/tr>\n<tr style=\"height: 13.50pt;\">\n<td style=\"height: 13.50pt;\" height=\"18\">Deckelfarbe<\/td>\n<td>Ros\u00e9gold\/Wei\u00df (anpassbar)<\/td>\n<\/tr>\n<tr style=\"height: 13.50pt;\">\n<td style=\"height: 13.50pt;\" height=\"18\">Tropfspitze<\/td>\n<td>Wei\u00df, pr\u00e4zise Steuerung<\/td>\n<\/tr>\n<tr style=\"height: 13.50pt;\">\n<td style=\"height: 13.50pt;\" height=\"18\">Ideal f\u00fcr<\/td>\n<td>Proben f\u00fcr \u00e4therische \u00d6le, Tinkturen, Seren, Parfums<\/td>\n<\/tr>\n<\/tbody>\n<\/table>\n<h2>Erfolg in der Praxis: Wie eine Marke rasant wuchs<\/h2>\n<p>Eine amerikanische Marke suchte nach einer M\u00f6glichkeit, Proben ihrer Tinkturen auf Pop-up-Events anzubieten. Plastikflaschen wirkten billig, gro\u00dfe Flaschen hingegen zu sperrig. Schlie\u00dflich entschied man sich f\u00fcr unsere 5-ml-Mini-Glasfl\u00e4schchen mit Tropfverschluss. 10.000 St\u00fcck wurden auf einer Gesundheitsmesse verschenkt. \u00dcber 70 % der Empf\u00e4nger besuchten innerhalb einer Woche den Onlineshop. Warum? Die Mini-Tropffl\u00e4schchen vermitteln ein hochwertiges Gef\u00fchl. Der pr\u00e4zise Tropfverschluss sorgt f\u00fcr ein Gef\u00fchl der Kontrolle. Und der ros\u00e9goldene Deckel? Er ist nicht nur ein Blickfang, sondern zieht auch die Aufmerksamkeit auf sich.<\/p>\n<h2>Sie m\u00f6chten Ihr Produkt individualisieren? So geht&#039;s.<\/h2>\n<ul>\n<li>Sie m\u00fcssen sich nicht mit dem Standard zufriedengeben. W\u00fcnschen Sie sich eine frostige Textur f\u00fcr ein Spa-Erlebnis? Kein Problem. Bevorzugen Sie einen schwarzen Deckel f\u00fcr einen markanten Look? Ganz einfach. Wir k\u00f6nnen sogar die Wandst\u00e4rke der Glasflaschen anpassen, um zus\u00e4tzlichen Schutz beim Versand zu gew\u00e4hrleisten.<\/li>\n<li>Profi-Tipp: Kombinieren Sie die kleinen Tropfflaschen mit Markenetiketten, und Sie erhalten eine komplette Kollektion, die Sorgfalt und Professionalit\u00e4t ausstrahlt, selbst in ihrer kompakten Gr\u00f6\u00dfe.<\/li>\n<\/ul>","protected":false},"excerpt":{"rendered":"<p>Gro\u00dfhandel: Mini-Tropffl\u00e4schchen (1 ml \u2013 5 ml), robust und individuell gestaltbar, ideal f\u00fcr \u00e4therische \u00d6le und Hautpflegeproben in Reisegr\u00f6\u00dfe. Personalisierung m\u00f6glich.<\/p>","protected":false},"featured_media":7569,"comment_status":"closed","ping_status":"closed","template":"","meta":{"_acf_changed":false,"site-sidebar-layout":"default","site-content-layout":"","ast-site-content-layout":"default","site-content-style":"default","site-sidebar-style":"default","ast-global-header-display":"","ast-banner-title-visibility":"","ast-main-header-display":"","ast-hfb-above-header-display":"","ast-hfb-below-header-display":"","ast-hfb-mobile-header-display":"","site-post-title":"","ast-breadcrumbs-content":"","ast-featured-img":"","footer-sml-layout":"","ast-disable-related-posts":"","theme-transparent-header-meta":"default","adv-header-id-meta":"","stick-header-meta":"","header-above-stick-meta":"","header-main-stick-meta":"","header-below-stick-meta":"","astra-migrate-meta-layouts":"set","ast-page-background-enabled":"default","ast-page-background-meta":{"desktop":{"background-color":"var(--ast-global-color-5)","background-image":"","background-repeat":"repeat","background-position":"center center","background-size":"auto","background-attachment":"scroll","background-type":"","background-media":"","overlay-type":"","overlay-color":"","overlay-opacity":"","overlay-gradient":""},"tablet":{"background-color":"","background-image":"","background-repeat":"repeat","background-position":"center center","background-size":"auto","background-attachment":"scroll","background-type":"","background-media":"","overlay-type":"","overlay-color":"","overlay-opacity":"","overlay-gradient":""},"mobile":{"background-color":"","background-image":"","background-repeat":"repeat","background-position":"center center","background-size":"auto","background-attachment":"scroll","background-type":"","background-media":"","overlay-type":"","overlay-color":"","overlay-opacity":"","overlay-gradient":""}},"ast-content-background-meta":{"desktop":{"background-color":"var(--ast-global-color-4)","background-image":"","background-repeat":"repeat","background-position":"center center","background-size":"auto","background-attachment":"scroll","background-type":"","background-media":"","overlay-type":"","overlay-color":"","overlay-opacity":"","overlay-gradient":""},"tablet":{"background-color":"var(--ast-global-color-4)","background-image":"","background-repeat":"repeat","background-position":"center center","background-size":"auto","background-attachment":"scroll","background-type":"","background-media":"","overlay-type":"","overlay-color":"","overlay-opacity":"","overlay-gradient":""},"mobile":{"background-color":"var(--ast-global-color-4)","background-image":"","background-repeat":"repeat","background-position":"center center","background-size":"auto","background-attachment":"scroll","background-type":"","background-media":"","overlay-type":"","overlay-color":"","overlay-opacity":"","overlay-gradient":""}}},"product_brand":[],"product_cat":[59,72,62,57],"product_tag":[190,204],"class_list":{"0":"post-5667","1":"product","2":"type-product","3":"status-publish","4":"has-post-thumbnail","6":"product_cat-glass-dropper-bottles","7":"product_cat-cosmetic-packaging","8":"product_cat-cosmetic-containers","9":"product_cat-essential-oil-bottles","10":"product_tag-cosmetic-pots-with-lids","11":"product_tag-frosted-cosmetic-jars","12":"desktop-align-left","13":"tablet-align-left","14":"mobile-align-left","16":"first","17":"instock","18":"shipping-taxable","19":"product-type-simple"},"acf":[],"jetpack_sharing_enabled":true,"_links":{"self":[{"href":"https:\/\/theperfumebottles.com\/de\/wp-json\/wp\/v2\/product\/5667","targetHints":{"allow":["GET"]}}],"collection":[{"href":"https:\/\/theperfumebottles.com\/de\/wp-json\/wp\/v2\/product"}],"about":[{"href":"https:\/\/theperfumebottles.com\/de\/wp-json\/wp\/v2\/types\/product"}],"replies":[{"embeddable":true,"href":"https:\/\/theperfumebottles.com\/de\/wp-json\/wp\/v2\/comments?post=5667"}],"wp:featuredmedia":[{"embeddable":true,"href":"https:\/\/theperfumebottles.com\/de\/wp-json\/wp\/v2\/media\/7569"}],"wp:attachment":[{"href":"https:\/\/theperfumebottles.com\/de\/wp-json\/wp\/v2\/media?parent=5667"}],"wp:term":[{"taxonomy":"product_brand","embeddable":true,"href":"https:\/\/theperfumebottles.com\/de\/wp-json\/wp\/v2\/product_brand?post=5667"},{"taxonomy":"product_cat","embeddable":true,"href":"https:\/\/theperfumebottles.com\/de\/wp-json\/wp\/v2\/product_cat?post=5667"},{"taxonomy":"product_tag","embeddable":true,"href":"https:\/\/theperfumebottles.com\/de\/wp-json\/wp\/v2\/product_tag?post=5667"}],"curies":[{"name":"wp","href":"https:\/\/api.w.org\/{rel}","templated":true}]}}