{"id":6374,"date":"2025-09-15T18:04:21","date_gmt":"2025-09-15T10:04:21","guid":{"rendered":"https:\/\/theperfumebottles.com\/?post_type=product&#038;p=6374"},"modified":"2026-03-26T14:54:19","modified_gmt":"2026-03-26T06:54:19","slug":"cosmetic-glass-containers-with-gold-trim-design-bulk","status":"publish","type":"product","link":"https:\/\/theperfumebottles.com\/de\/produkt\/cosmetic-glass-containers-with-gold-trim-design-bulk\/","title":{"rendered":"Kosmetikglasbeh\u00e4lter (30 ml \u2013 130 ml) mit Goldrand, Gro\u00dfpackung"},"content":{"rendered":"<p>Jedes Produkt dieses Kosmetikglas-Sets besticht durch seinen markanten, dreieckigen Boden \u2013 robust, stabil und ein echter Blickfang. Die makellosen wei\u00dfen Flaschen bilden einen sch\u00f6nen Kontrast zu den goldenen Akzenten an Deckel und Mitte und verleihen jedem Tiegel und jeder Flasche eine hochwertige Anmutung. Das Set enth\u00e4lt Cremetiegel und Pumpspender in verschiedenen Gr\u00f6\u00dfen.<\/p>\n<h2>Wichtige Spezifikationen<\/h2>\n<table style=\"border-collapse: collapse; margin-left: auto; margin-right: auto; width: 504.02pt;\" border=\"0\" width=\"672\" cellspacing=\"0\" cellpadding=\"0\">\n<tbody>\n<tr style=\"height: 13.50pt;\">\n<td class=\"et3\" style=\"height: 13.5pt; width: 121.5pt; text-align: center;\" width=\"162\" height=\"18\"><strong>Fassungsverm\u00f6gen (ml)<\/strong><\/td>\n<td class=\"et3\" style=\"width: 76.5pt; text-align: center;\" width=\"102\"><strong>30<\/strong><\/td>\n<td class=\"et3\" style=\"width: 76.5pt; text-align: center;\" width=\"102\"><strong>45<\/strong><\/td>\n<td class=\"et3\" style=\"width: 76.5pt; text-align: center;\" width=\"102\"><strong>50<\/strong><\/td>\n<td class=\"et3\" style=\"width: 76.5pt; text-align: center;\" width=\"102\"><strong>110<\/strong><\/td>\n<td class=\"et3\" style=\"width: 76.5pt; text-align: center;\" width=\"102\"><strong>130<\/strong><\/td>\n<\/tr>\n<tr style=\"height: 13.50pt;\">\n<td class=\"et2\" style=\"height: 13.5pt; text-align: center;\" height=\"18\">Halsdurchmesser (mm)<\/td>\n<td class=\"et2\" style=\"text-align: center;\">46<\/td>\n<td class=\"et2\" style=\"text-align: center;\">46<\/td>\n<td class=\"et2\" style=\"text-align: center;\">17<\/td>\n<td class=\"et2\" style=\"text-align: center;\">20<\/td>\n<td class=\"et2\" style=\"text-align: center;\">20<\/td>\n<\/tr>\n<tr style=\"height: 13.50pt;\">\n<td class=\"et2\" style=\"height: 13.5pt; text-align: center;\" height=\"18\">Durchmesser (mm)<\/td>\n<td class=\"et2\" style=\"text-align: center;\">56<\/td>\n<td class=\"et2\" style=\"text-align: center;\">64<\/td>\n<td class=\"et2\" style=\"text-align: center;\">38<\/td>\n<td class=\"et2\" style=\"text-align: center;\">46<\/td>\n<td class=\"et2\" style=\"text-align: center;\">48<\/td>\n<\/tr>\n<tr style=\"height: 13.50pt;\">\n<td class=\"et2\" style=\"height: 13.5pt; text-align: center;\" height=\"18\">Flaschenh\u00f6he (mm)<\/td>\n<td class=\"et2\" style=\"text-align: center;\">42<\/td>\n<td class=\"et2\" style=\"text-align: center;\">46<\/td>\n<td class=\"et2\" style=\"text-align: center;\">106<\/td>\n<td class=\"et2\" style=\"text-align: center;\">142<\/td>\n<td class=\"et2\" style=\"text-align: center;\">162<\/td>\n<\/tr>\n<tr style=\"height: 13.50pt;\">\n<td class=\"et2\" style=\"height: 13.5pt; text-align: center;\" height=\"18\">Gesamth\u00f6he (mm)<\/td>\n<td class=\"et2\" style=\"text-align: center;\">50<\/td>\n<td class=\"et2\" style=\"text-align: center;\">60<\/td>\n<td class=\"et2\" style=\"text-align: center;\">140<\/td>\n<td class=\"et2\" style=\"text-align: center;\">182<\/td>\n<td class=\"et2\" style=\"text-align: center;\">200<\/td>\n<\/tr>\n<tr style=\"height: 13.50pt;\">\n<td class=\"et2\" style=\"height: 13.5pt; text-align: center;\" height=\"18\">Material<\/td>\n<td class=\"et2\" style=\"text-align: center;\" colspan=\"5\">Kristall<\/td>\n<\/tr>\n<tr style=\"height: 13.50pt;\">\n<td class=\"et2\" style=\"height: 13.50pt;\" height=\"18\">Benutzerdefinierte Optionen<\/td>\n<td class=\"et2\" style=\"text-align: center;\" colspan=\"5\">Oberfl\u00e4chenbehandlung, Farbe, Gr\u00f6\u00dfe, Form, Logo, Zubeh\u00f6r<\/td>\n<\/tr>\n<tr style=\"height: 13.50pt;\">\n<td class=\"et2\" style=\"height: 13.5pt; text-align: center;\" height=\"18\">Ideal f\u00fcr<\/td>\n<td class=\"et2\" style=\"text-align: center;\" colspan=\"5\">Hautpflegesets, Reinigungsgel, Gesichtswasser, Essenzlotion\/-creme<\/td>\n<\/tr>\n<\/tbody>\n<\/table>\n<h2>Erfolgsbeispiel<\/h2>\n<p>Eine der exklusivsten Hautpflegemarken S\u00fcdkoreas entschied sich schlie\u00dflich f\u00fcr unser Set aus wei\u00dfen Glasflaschen und passte es ihren minimalistischen Anspr\u00fcchen an: eine matte, wei\u00dfe Flasche mit einem champagnerfarbenen, galvanisierten Ring, der einen edlen Kontrast bildet; ein speziell entwickelter Pumpspender zur pr\u00e4zisen Dosierung von Lotion und Serum. Dar\u00fcber hinaus pr\u00e4gten wir das Markenlogo per Hei\u00dfpr\u00e4gung auf die Flaschen, um sie langlebig und gleichzeitig hochwertig zu gestalten.<\/p>\n<p>Mit der Einf\u00fchrung der neu gestalteten Verpackung stieg der Umsatz innerhalb von zwei Monaten um 28 Prozent. Der Kunde war mit der Qualit\u00e4t der Verpackung und der positiven Resonanz des Marktes sehr zufrieden, was zu weiteren Bestellungen und der Ausweitung dieser Verpackungsart auf andere Hautpflegeprodukte f\u00fchrte.<\/p>\n<h2>Anpassungstipps<\/h2>\n<p>M\u00f6chten Sie diesen Kosmetikglasbeh\u00e4lter ganz individuell gestalten?<\/p>\n<ul>\n<li>Passen Sie die Gewindel\u00e4nge an \u2013 w\u00e4hlen Sie eine passende Gewindegr\u00f6\u00dfe, um die Gewindel\u00e4nge an Ihre vorhandene Feillinie anzupassen.<\/li>\n<li>\u00c4ndern Sie die Glasfarbe \u2013 Tauschen Sie gegen Glas mit erh\u00f6htem UV-Schutz oder gegen eine kobaltblaue Glasscheibe.<\/li>\n<li>Laser \u2013 Verleiht dem Logo-Glas eine subtile, raffinierte Markenpr\u00e4senz.<\/li>\n<li>Optimieren Sie das Design des Glasrandes \u2013 W\u00e4hlen Sie eine glatte oder geriffelte Kante, um die Dichtigkeit beim Transport in gro\u00dfen Mengen zu verbessern.<\/li>\n<\/ul>\n<p>Hierbei handelt es sich nicht einfach nur um Twics \u2013 es handelt sich um strategische Upgrades, die einen Standardbeh\u00e4lter in das Markenzeichen Ihrer Marke verwandeln.<\/p>","protected":false},"excerpt":{"rendered":"<p>Wei\u00dfe Kosmetikglasbeh\u00e4lter mit goldenen Akzenten. Gro\u00dfhandelssets mit Glasflaschen, geeignet f\u00fcr Cremes, Seren und luxuri\u00f6se Kosmetikverpackungen. Schneller Versand.<\/p>","protected":false},"featured_media":6380,"comment_status":"closed","ping_status":"closed","template":"","meta":{"_acf_changed":false,"site-sidebar-layout":"default","site-content-layout":"","ast-site-content-layout":"default","site-content-style":"default","site-sidebar-style":"default","ast-global-header-display":"","ast-banner-title-visibility":"","ast-main-header-display":"","ast-hfb-above-header-display":"","ast-hfb-below-header-display":"","ast-hfb-mobile-header-display":"","site-post-title":"","ast-breadcrumbs-content":"","ast-featured-img":"","footer-sml-layout":"","ast-disable-related-posts":"","theme-transparent-header-meta":"default","adv-header-id-meta":"","stick-header-meta":"","header-above-stick-meta":"","header-main-stick-meta":"","header-below-stick-meta":"","astra-migrate-meta-layouts":"set","ast-page-background-enabled":"default","ast-page-background-meta":{"desktop":{"background-color":"var(--ast-global-color-5)","background-image":"","background-repeat":"repeat","background-position":"center center","background-size":"auto","background-attachment":"scroll","background-type":"","background-media":"","overlay-type":"","overlay-color":"","overlay-opacity":"","overlay-gradient":""},"tablet":{"background-color":"","background-image":"","background-repeat":"repeat","background-position":"center center","background-size":"auto","background-attachment":"scroll","background-type":"","background-media":"","overlay-type":"","overlay-color":"","overlay-opacity":"","overlay-gradient":""},"mobile":{"background-color":"","background-image":"","background-repeat":"repeat","background-position":"center center","background-size":"auto","background-attachment":"scroll","background-type":"","background-media":"","overlay-type":"","overlay-color":"","overlay-opacity":"","overlay-gradient":""}},"ast-content-background-meta":{"desktop":{"background-color":"var(--ast-global-color-4)","background-image":"","background-repeat":"repeat","background-position":"center center","background-size":"auto","background-attachment":"scroll","background-type":"","background-media":"","overlay-type":"","overlay-color":"","overlay-opacity":"","overlay-gradient":""},"tablet":{"background-color":"var(--ast-global-color-4)","background-image":"","background-repeat":"repeat","background-position":"center center","background-size":"auto","background-attachment":"scroll","background-type":"","background-media":"","overlay-type":"","overlay-color":"","overlay-opacity":"","overlay-gradient":""},"mobile":{"background-color":"var(--ast-global-color-4)","background-image":"","background-repeat":"repeat","background-position":"center center","background-size":"auto","background-attachment":"scroll","background-type":"","background-media":"","overlay-type":"","overlay-color":"","overlay-opacity":"","overlay-gradient":""}}},"product_brand":[],"product_cat":[236,62,72],"product_tag":[226,220],"class_list":{"0":"post-6374","1":"product","2":"type-product","3":"status-publish","4":"has-post-thumbnail","6":"product_cat-cosmetic-container-set","7":"product_cat-cosmetic-containers","8":"product_cat-cosmetic-packaging","9":"product_tag-clear-glass-roller-bottles","10":"product_tag-glass-roll-on-bottles","11":"desktop-align-left","12":"tablet-align-left","13":"mobile-align-left","15":"first","16":"instock","17":"shipping-taxable","18":"product-type-simple"},"acf":[],"jetpack_sharing_enabled":true,"_links":{"self":[{"href":"https:\/\/theperfumebottles.com\/de\/wp-json\/wp\/v2\/product\/6374","targetHints":{"allow":["GET"]}}],"collection":[{"href":"https:\/\/theperfumebottles.com\/de\/wp-json\/wp\/v2\/product"}],"about":[{"href":"https:\/\/theperfumebottles.com\/de\/wp-json\/wp\/v2\/types\/product"}],"replies":[{"embeddable":true,"href":"https:\/\/theperfumebottles.com\/de\/wp-json\/wp\/v2\/comments?post=6374"}],"wp:featuredmedia":[{"embeddable":true,"href":"https:\/\/theperfumebottles.com\/de\/wp-json\/wp\/v2\/media\/6380"}],"wp:attachment":[{"href":"https:\/\/theperfumebottles.com\/de\/wp-json\/wp\/v2\/media?parent=6374"}],"wp:term":[{"taxonomy":"product_brand","embeddable":true,"href":"https:\/\/theperfumebottles.com\/de\/wp-json\/wp\/v2\/product_brand?post=6374"},{"taxonomy":"product_cat","embeddable":true,"href":"https:\/\/theperfumebottles.com\/de\/wp-json\/wp\/v2\/product_cat?post=6374"},{"taxonomy":"product_tag","embeddable":true,"href":"https:\/\/theperfumebottles.com\/de\/wp-json\/wp\/v2\/product_tag?post=6374"}],"curies":[{"name":"wp","href":"https:\/\/api.w.org\/{rel}","templated":true}]}}