{"id":6381,"date":"2025-09-16T10:07:06","date_gmt":"2025-09-16T02:07:06","guid":{"rendered":"https:\/\/theperfumebottles.com\/?post_type=product&#038;p=6381"},"modified":"2025-09-17T11:40:08","modified_gmt":"2025-09-17T03:40:08","slug":"wholesale-beige-glass-cosmetic-bottle-and-cream-jar-set","status":"publish","type":"product","link":"https:\/\/theperfumebottles.com\/de\/produkt\/wholesale-beige-glass-cosmetic-bottle-and-cream-jar-set\/","title":{"rendered":"Gro\u00dfhandels-Set aus beiger Kosmetikflasche und Cremetiegel aus Glas"},"content":{"rendered":"<p>Diese Kollektion aus Kosmetikflaschen und Cremetiegeln aus Glas wird Sie begeistern. Die Flaschen bestechen durch ihren sanften, warmen Beigeton, und die geriffelten Verschl\u00fcsse sorgen f\u00fcr einen angenehmen und eleganten Griff. Feine Goldakzente an Hals und Verschluss verleihen ihnen eine ansprechende und edle Form. Das Hautpflege-Set umfasst Cremetiegel und Pumpspender in verschiedenen Gr\u00f6\u00dfen.<\/p>\n<h2>Wichtige Spezifikationen<\/h2>\n<table style=\"border-collapse: collapse;width: 448.52pt;margin-left: auto;margin-right: auto\" border=\"0\" width=\"598\" cellspacing=\"0\" cellpadding=\"0\">\n<tbody>\n<tr style=\"height: 13.50pt\">\n<td class=\"et2\" style=\"height: 13.50pt;width: 116.25pt\" width=\"155\" height=\"18\">Fassungsverm\u00f6gen (ml)<\/td>\n<td class=\"et3\" style=\"width: 58.50pt\" width=\"78\">15<\/td>\n<td class=\"et3\" style=\"width: 57.75pt\" width=\"77\">25<\/td>\n<td class=\"et3\" style=\"width: 54.00pt\" width=\"72\">40<\/td>\n<td class=\"et3\" style=\"width: 54.00pt\" width=\"72\">45<\/td>\n<td class=\"et3\" style=\"width: 54.00pt\" width=\"72\">105<\/td>\n<td class=\"et3\" style=\"width: 54.00pt\" width=\"72\">130<\/td>\n<\/tr>\n<tr style=\"height: 13.50pt\">\n<td class=\"et2\" style=\"height: 13.50pt\" height=\"18\">Halsdurchmesser (mm)<\/td>\n<td class=\"et3\">46<\/td>\n<td class=\"et3\">46<\/td>\n<td class=\"et3\">52<\/td>\n<td class=\"et3\">20<\/td>\n<td class=\"et3\">20<\/td>\n<td class=\"et3\">20<\/td>\n<\/tr>\n<tr style=\"height: 13.50pt\">\n<td class=\"et2\" style=\"height: 13.50pt\" height=\"18\">Durchmesser (mm)<\/td>\n<td class=\"et3\">58<\/td>\n<td class=\"et3\">58<\/td>\n<td class=\"et3\">64<\/td>\n<td class=\"et3\">41<\/td>\n<td class=\"et3\">42<\/td>\n<td class=\"et3\">42<\/td>\n<\/tr>\n<tr style=\"height: 13.50pt\">\n<td class=\"et2\" style=\"height: 13.50pt\" height=\"18\">Flaschenh\u00f6he (mm)<\/td>\n<td class=\"et3\">33<\/td>\n<td class=\"et3\">37<\/td>\n<td class=\"et3\">41<\/td>\n<td class=\"et3\">87<\/td>\n<td class=\"et3\">127<\/td>\n<td class=\"et3\">142<\/td>\n<\/tr>\n<tr style=\"height: 13.50pt\">\n<td class=\"et2\" style=\"height: 13.50pt\" height=\"18\">Gesamth\u00f6he (mm)<\/td>\n<td class=\"et3\">42<\/td>\n<td class=\"et3\">46<\/td>\n<td class=\"et3\">52<\/td>\n<td class=\"et3\">120<\/td>\n<td class=\"et3\">162<\/td>\n<td class=\"et3\">178<\/td>\n<\/tr>\n<tr style=\"height: 13.50pt\">\n<td class=\"et2\" style=\"height: 13.50pt\" height=\"18\">Material<\/td>\n<td class=\"et3\" colspan=\"6\">Kristall<\/td>\n<\/tr>\n<tr style=\"height: 13.50pt\">\n<td class=\"et2\" style=\"height: 13.50pt\" height=\"18\">Benutzerdefinierte Optionen<\/td>\n<td class=\"et3\" colspan=\"6\">Flaschenform, Flaschen\u00f6ffnung, Farbe, Oberfl\u00e4chenbehandlung, Gr\u00f6\u00dfe, Flaschenverschluss, Zubeh\u00f6r, Logo<\/td>\n<\/tr>\n<tr style=\"height: 13.50pt\">\n<td class=\"et2\" style=\"height: 13.50pt\" height=\"18\">Ideal f\u00fcr<\/td>\n<td class=\"et3\" colspan=\"6\">Reinigungsgel, Serum, Lotion, Creme, Hautpflegesets<\/td>\n<\/tr>\n<\/tbody>\n<\/table>\n<h2>Wie eine Marke ihre Kundenzahl verdoppelte<\/h2>\n<p>Eine Gesundheitsmarke brachte eine neue Cremeserie mit diesem eleganten Glastiegel f\u00fcr Creme und passendem Gesichtswasser auf den Markt. Sie entschied sich f\u00fcr eine 50-ml-Gr\u00f6\u00dfe mit einem griffigen Pumpspender. Innerhalb von drei Monaten zeigte das Kundenfeedback eine unerwartete \u00dcberraschung: 68 % der K\u00e4ufer erw\u00e4hnten die Verpackung in ihren Bewertungen. Kommentare wie \u201eSieht fantastisch aus\u201c und \u201eIch pr\u00e4sentiere sie wie ein Kunstwerk auf meinem Schminktisch\u201c waren h\u00e4ufig zu h\u00f6ren. Die Wiederkaufsrate stieg um 92 %. Der Grund? Das durchdachte Design \u00fcberzeugt die Kunden. Anstatt das Produkt zu verdecken, setzt diese Kosmetikverpackung es gekonnt in Szene.<\/p>\n<h2>Individuelles Hautpflege-Set<\/h2>\n<p>M\u00f6chten Sie diesen Kosmetikglasbeh\u00e4lter einzigartig gestalten?<\/p>\n<ul>\n<li>Passen Sie die Farbe der Glasflasche an \u2013 w\u00e4hlen Sie eine dunklere Farbe f\u00fcr einen besseren UV-Schutz oder eine hellere Farbe f\u00fcr einen sauberen, luftigen Look.<\/li>\n<li>Passen Sie die Rippentiefe der Kappe individuell an \u2013 tiefere Rillen sorgen f\u00fcr mehr Griffigkeit und Halt \u2013 ideal f\u00fcr die Verwendung unter der Dusche.<\/li>\n<li>Die F\u00fcllstandsanzeige wird per Laser markiert \u2013 eine mikroge\u00e4tzte Markierung im Inneren der Flasche erm\u00f6glicht ein pr\u00e4zises Bef\u00fcllen.<\/li>\n<\/ul>\n<p>Diese Anpassungsm\u00f6glichkeiten erlauben Ihnen, Leistung und Aussehen feinabzustimmen \u2013 kein Etikett erforderlich.<\/p>","protected":false},"excerpt":{"rendered":"<p>Elegante, beige Kosmetikflaschen und Cremetiegel aus Glas mit Goldakzenten im Gro\u00dfhandel f\u00fcr hochwertige Verpackungen. Kostenlose Muster und schneller Versand.<\/p>","protected":false},"featured_media":6383,"comment_status":"closed","ping_status":"closed","template":"","meta":{"_acf_changed":false,"site-sidebar-layout":"default","site-content-layout":"","ast-site-content-layout":"default","site-content-style":"default","site-sidebar-style":"default","ast-global-header-display":"","ast-banner-title-visibility":"","ast-main-header-display":"","ast-hfb-above-header-display":"","ast-hfb-below-header-display":"","ast-hfb-mobile-header-display":"","site-post-title":"","ast-breadcrumbs-content":"","ast-featured-img":"","footer-sml-layout":"","ast-disable-related-posts":"","theme-transparent-header-meta":"default","adv-header-id-meta":"","stick-header-meta":"","header-above-stick-meta":"","header-main-stick-meta":"","header-below-stick-meta":"","astra-migrate-meta-layouts":"set","ast-page-background-enabled":"default","ast-page-background-meta":{"desktop":{"background-color":"var(--ast-global-color-5)","background-image":"","background-repeat":"repeat","background-position":"center center","background-size":"auto","background-attachment":"scroll","background-type":"","background-media":"","overlay-type":"","overlay-color":"","overlay-opacity":"","overlay-gradient":""},"tablet":{"background-color":"","background-image":"","background-repeat":"repeat","background-position":"center center","background-size":"auto","background-attachment":"scroll","background-type":"","background-media":"","overlay-type":"","overlay-color":"","overlay-opacity":"","overlay-gradient":""},"mobile":{"background-color":"","background-image":"","background-repeat":"repeat","background-position":"center center","background-size":"auto","background-attachment":"scroll","background-type":"","background-media":"","overlay-type":"","overlay-color":"","overlay-opacity":"","overlay-gradient":""}},"ast-content-background-meta":{"desktop":{"background-color":"var(--ast-global-color-4)","background-image":"","background-repeat":"repeat","background-position":"center center","background-size":"auto","background-attachment":"scroll","background-type":"","background-media":"","overlay-type":"","overlay-color":"","overlay-opacity":"","overlay-gradient":""},"tablet":{"background-color":"var(--ast-global-color-4)","background-image":"","background-repeat":"repeat","background-position":"center center","background-size":"auto","background-attachment":"scroll","background-type":"","background-media":"","overlay-type":"","overlay-color":"","overlay-opacity":"","overlay-gradient":""},"mobile":{"background-color":"var(--ast-global-color-4)","background-image":"","background-repeat":"repeat","background-position":"center center","background-size":"auto","background-attachment":"scroll","background-type":"","background-media":"","overlay-type":"","overlay-color":"","overlay-opacity":"","overlay-gradient":""}}},"product_brand":[],"product_cat":[72,236,62],"product_tag":[226,220],"class_list":{"0":"post-6381","1":"product","2":"type-product","3":"status-publish","4":"has-post-thumbnail","6":"product_cat-cosmetic-packaging","7":"product_cat-cosmetic-container-set","8":"product_cat-cosmetic-containers","9":"product_tag-clear-glass-roller-bottles","10":"product_tag-glass-roll-on-bottles","11":"desktop-align-left","12":"tablet-align-left","13":"mobile-align-left","15":"first","16":"instock","17":"shipping-taxable","18":"product-type-simple"},"acf":[],"jetpack_sharing_enabled":true,"_links":{"self":[{"href":"https:\/\/theperfumebottles.com\/de\/wp-json\/wp\/v2\/product\/6381","targetHints":{"allow":["GET"]}}],"collection":[{"href":"https:\/\/theperfumebottles.com\/de\/wp-json\/wp\/v2\/product"}],"about":[{"href":"https:\/\/theperfumebottles.com\/de\/wp-json\/wp\/v2\/types\/product"}],"replies":[{"embeddable":true,"href":"https:\/\/theperfumebottles.com\/de\/wp-json\/wp\/v2\/comments?post=6381"}],"wp:featuredmedia":[{"embeddable":true,"href":"https:\/\/theperfumebottles.com\/de\/wp-json\/wp\/v2\/media\/6383"}],"wp:attachment":[{"href":"https:\/\/theperfumebottles.com\/de\/wp-json\/wp\/v2\/media?parent=6381"}],"wp:term":[{"taxonomy":"product_brand","embeddable":true,"href":"https:\/\/theperfumebottles.com\/de\/wp-json\/wp\/v2\/product_brand?post=6381"},{"taxonomy":"product_cat","embeddable":true,"href":"https:\/\/theperfumebottles.com\/de\/wp-json\/wp\/v2\/product_cat?post=6381"},{"taxonomy":"product_tag","embeddable":true,"href":"https:\/\/theperfumebottles.com\/de\/wp-json\/wp\/v2\/product_tag?post=6381"}],"curies":[{"name":"wp","href":"https:\/\/api.w.org\/{rel}","templated":true}]}}