{"id":6388,"date":"2025-09-16T10:37:07","date_gmt":"2025-09-16T02:37:07","guid":{"rendered":"https:\/\/theperfumebottles.com\/?post_type=product&#038;p=6388"},"modified":"2025-09-17T11:39:39","modified_gmt":"2025-09-17T03:39:39","slug":"bulk-white-skincare-bottle-and-cream-jars-with-diagonal-texture","status":"publish","type":"product","link":"https:\/\/theperfumebottles.com\/de\/produkt\/bulk-white-skincare-bottle-and-cream-jars-with-diagonal-texture\/","title":{"rendered":"Gro\u00dfpackungen mit Hautpflegeprodukten in Flaschen und Cremetiegeln mit diagonaler Textur"},"content":{"rendered":"<p>Stellen Sie sich vor: Ein makellos wei\u00dfes Hautpflegefl\u00e4schchen mit sanft geschwungenen Kanten. Der Verschluss ist ebenso schlicht wie raffiniert: Ein d\u00fcnner Goldring ziert den Flaschenhals, ein metallischer Akzent den oberen Teil. Dieses Hautpflege-Set enth\u00e4lt Pumpspenderfl\u00e4schchen in verschiedenen Gr\u00f6\u00dfen und einen Tiegel f\u00fcr Gesichtscreme.<\/p>\n<h2>Wichtige Spezifikationen<\/h2>\n<table style=\"border-collapse: collapse;margin-left: auto;margin-right: auto;width: 546.77pt\" border=\"0\" width=\"729\" cellspacing=\"0\" cellpadding=\"0\">\n<tbody>\n<tr style=\"height: 13.50pt\">\n<td class=\"et2\" style=\"height: 13.50pt;width: 117.75pt\" width=\"157\" height=\"18\">Fassungsverm\u00f6gen (ml)<\/td>\n<td class=\"et3\" style=\"width: 119.25pt\" width=\"159\">105<\/td>\n<td class=\"et3\" style=\"width: 119.25pt\" width=\"159\">40<\/td>\n<td class=\"et3\" style=\"width: 96.75pt\" width=\"129\">105<\/td>\n<td class=\"et3\" style=\"width: 93.75pt\" width=\"125\">125<\/td>\n<\/tr>\n<tr style=\"height: 13.50pt\">\n<td class=\"et2\" style=\"height: 13.50pt\" height=\"18\">Halsdurchmesser (mm)<\/td>\n<td class=\"et3\">51<\/td>\n<td class=\"et3\">20<\/td>\n<td class=\"et3\">20<\/td>\n<td class=\"et3\">20<\/td>\n<\/tr>\n<tr style=\"height: 13.50pt\">\n<td class=\"et2\" style=\"height: 13.50pt\" height=\"18\">Durchmesser (mm)<\/td>\n<td class=\"et3\">75<\/td>\n<td class=\"et3\">40<\/td>\n<td class=\"et3\">45<\/td>\n<td class=\"et3\">46<\/td>\n<\/tr>\n<tr style=\"height: 13.50pt\">\n<td class=\"et2\" style=\"height: 13.50pt\" height=\"18\">Flaschenh\u00f6he (mm)<\/td>\n<td class=\"et3\">56<\/td>\n<td class=\"et3\">84<\/td>\n<td class=\"et3\">125<\/td>\n<td class=\"et3\">142<\/td>\n<\/tr>\n<tr style=\"height: 13.50pt\">\n<td class=\"et2\" style=\"height: 13.50pt\" height=\"18\">Material<\/td>\n<td class=\"et3\" colspan=\"4\">Kristall<\/td>\n<\/tr>\n<tr style=\"height: 13.50pt\">\n<td class=\"et2\" style=\"height: 13.50pt\" height=\"18\">benutzerdefinierte Optionen<\/td>\n<td class=\"et3\" colspan=\"4\">Gr\u00f6\u00dfe, Farbe, Flaschenform, Oberfl\u00e4chenbehandlung, Flaschenverschluss, Zubeh\u00f6r, Logo<\/td>\n<\/tr>\n<tr style=\"height: 13.50pt\">\n<td class=\"et2\" style=\"height: 13.50pt\" height=\"18\">Ideal f\u00fcr<\/td>\n<td class=\"et3\" colspan=\"4\">Reinigungsgel, Feuchtigkeitscreme, Serum, Creme, Hautpflegesets<\/td>\n<\/tr>\n<\/tbody>\n<\/table>\n<h2>Wie Marken auch ohne riesiges Werbebudget Regalfl\u00e4che gewinnen k\u00f6nnen<\/h2>\n<p>Eine neue Bio-Produktlinie umfasst nur drei Produkte: ein Serum, eine Tagescreme und eine Feuchtigkeitslotion. Die Seren und die passenden Cremetiegel werden in eleganten Hautpflegeflaschen abgef\u00fcllt. Keine auff\u00e4lligen Logos, nur schlichte wei\u00dfe Beh\u00e4lter mit strukturierten Seiten und goldenen Akzenten. Die Eink\u00e4ufer waren begeistert. Ein Eink\u00e4ufer kommentierte: \u201eEs sieht edel aus, ist aber \u00fcberhaupt nicht protzig.\u201c Innerhalb von vier Monaten war die Linie in zwei gro\u00dfen Boutique-Ketten erh\u00e4ltlich. Der Grund? Weil hochwertige Kosmetikverpackungen langlebig sind \u2013 sie werden Teil des Nutzererlebnisses.<\/p>\n<h2>Wie kann man Kosmetikverpackungen individuell gestalten?<\/h2>\n<p>M\u00f6chten Sie diesen Beh\u00e4lter ganz nach Ihren W\u00fcnschen gestalten? So geht&#039;s \u2013 ganz ohne die Verpackung zu ber\u00fchren:<\/p>\n<ul>\n<li>Passen Sie den Winkel der diagonalen Maserung an \u2013 steilere Linien erzeugen eine dynamischere Wirkung. Weichere Linien erzeugen eine ruhigere Wirkung.<\/li>\n<li>F\u00fcgen Sie eine interne UV-Schutzbeschichtung hinzu \u2013 dies bietet zus\u00e4tzlichen Schutz f\u00fcr instabile Wirkstoffe in Lotionen oder Seren.<\/li>\n<li>Passen Sie Logo- und Branding-Elemente individuell an: Integrieren Sie den Slogan in Ihren Markennamen, Ihr Logo und Ihr Flaschendesign.<\/li>\n<\/ul>\n<p>Mithilfe dieser Anpassungsm\u00f6glichkeiten k\u00f6nnen Sie die Leistung und das Nutzererlebnis von innen heraus optimieren.<\/p>","protected":false},"excerpt":{"rendered":"<p>Elegante wei\u00dfe Hautpflegeflaschen und Sch\u00f6nheitscremetiegel mit diagonaler Textur und goldenen Akzenten, perfekt f\u00fcr Luxusverpackungen und Gro\u00dfhandelsbestellungen.<\/p>","protected":false},"featured_media":6393,"comment_status":"closed","ping_status":"closed","template":"","meta":{"_acf_changed":false,"site-sidebar-layout":"default","site-content-layout":"","ast-site-content-layout":"default","site-content-style":"default","site-sidebar-style":"default","ast-global-header-display":"","ast-banner-title-visibility":"","ast-main-header-display":"","ast-hfb-above-header-display":"","ast-hfb-below-header-display":"","ast-hfb-mobile-header-display":"","site-post-title":"","ast-breadcrumbs-content":"","ast-featured-img":"","footer-sml-layout":"","ast-disable-related-posts":"","theme-transparent-header-meta":"default","adv-header-id-meta":"","stick-header-meta":"","header-above-stick-meta":"","header-main-stick-meta":"","header-below-stick-meta":"","astra-migrate-meta-layouts":"set","ast-page-background-enabled":"default","ast-page-background-meta":{"desktop":{"background-color":"var(--ast-global-color-5)","background-image":"","background-repeat":"repeat","background-position":"center center","background-size":"auto","background-attachment":"scroll","background-type":"","background-media":"","overlay-type":"","overlay-color":"","overlay-opacity":"","overlay-gradient":""},"tablet":{"background-color":"","background-image":"","background-repeat":"repeat","background-position":"center center","background-size":"auto","background-attachment":"scroll","background-type":"","background-media":"","overlay-type":"","overlay-color":"","overlay-opacity":"","overlay-gradient":""},"mobile":{"background-color":"","background-image":"","background-repeat":"repeat","background-position":"center center","background-size":"auto","background-attachment":"scroll","background-type":"","background-media":"","overlay-type":"","overlay-color":"","overlay-opacity":"","overlay-gradient":""}},"ast-content-background-meta":{"desktop":{"background-color":"var(--ast-global-color-4)","background-image":"","background-repeat":"repeat","background-position":"center center","background-size":"auto","background-attachment":"scroll","background-type":"","background-media":"","overlay-type":"","overlay-color":"","overlay-opacity":"","overlay-gradient":""},"tablet":{"background-color":"var(--ast-global-color-4)","background-image":"","background-repeat":"repeat","background-position":"center center","background-size":"auto","background-attachment":"scroll","background-type":"","background-media":"","overlay-type":"","overlay-color":"","overlay-opacity":"","overlay-gradient":""},"mobile":{"background-color":"var(--ast-global-color-4)","background-image":"","background-repeat":"repeat","background-position":"center center","background-size":"auto","background-attachment":"scroll","background-type":"","background-media":"","overlay-type":"","overlay-color":"","overlay-opacity":"","overlay-gradient":""}}},"product_brand":[],"product_cat":[72,236,62],"product_tag":[226,220],"class_list":{"0":"post-6388","1":"product","2":"type-product","3":"status-publish","4":"has-post-thumbnail","6":"product_cat-cosmetic-packaging","7":"product_cat-cosmetic-container-set","8":"product_cat-cosmetic-containers","9":"product_tag-clear-glass-roller-bottles","10":"product_tag-glass-roll-on-bottles","11":"desktop-align-left","12":"tablet-align-left","13":"mobile-align-left","15":"first","16":"instock","17":"shipping-taxable","18":"product-type-simple"},"acf":[],"jetpack_sharing_enabled":true,"_links":{"self":[{"href":"https:\/\/theperfumebottles.com\/de\/wp-json\/wp\/v2\/product\/6388","targetHints":{"allow":["GET"]}}],"collection":[{"href":"https:\/\/theperfumebottles.com\/de\/wp-json\/wp\/v2\/product"}],"about":[{"href":"https:\/\/theperfumebottles.com\/de\/wp-json\/wp\/v2\/types\/product"}],"replies":[{"embeddable":true,"href":"https:\/\/theperfumebottles.com\/de\/wp-json\/wp\/v2\/comments?post=6388"}],"wp:featuredmedia":[{"embeddable":true,"href":"https:\/\/theperfumebottles.com\/de\/wp-json\/wp\/v2\/media\/6393"}],"wp:attachment":[{"href":"https:\/\/theperfumebottles.com\/de\/wp-json\/wp\/v2\/media?parent=6388"}],"wp:term":[{"taxonomy":"product_brand","embeddable":true,"href":"https:\/\/theperfumebottles.com\/de\/wp-json\/wp\/v2\/product_brand?post=6388"},{"taxonomy":"product_cat","embeddable":true,"href":"https:\/\/theperfumebottles.com\/de\/wp-json\/wp\/v2\/product_cat?post=6388"},{"taxonomy":"product_tag","embeddable":true,"href":"https:\/\/theperfumebottles.com\/de\/wp-json\/wp\/v2\/product_tag?post=6388"}],"curies":[{"name":"wp","href":"https:\/\/api.w.org\/{rel}","templated":true}]}}