{"id":6455,"date":"2025-09-18T16:44:11","date_gmt":"2025-09-18T08:44:11","guid":{"rendered":"https:\/\/theperfumebottles.com\/?post_type=product&#038;p=6455"},"modified":"2026-03-26T14:53:28","modified_gmt":"2026-03-26T06:53:28","slug":"glass-skincare-packaging-set-for-brands-bulk","status":"publish","type":"product","link":"https:\/\/theperfumebottles.com\/de\/produkt\/glass-skincare-packaging-set-for-brands-bulk\/","title":{"rendered":"30-125 ml Glasverpackungsset f\u00fcr Hautpflegeprodukte f\u00fcr Marken in gro\u00dfen Mengen"},"content":{"rendered":"<p>Sie w\u00fcnschen sich luxuri\u00f6se Glasbeh\u00e4lter f\u00fcr Ihre Hautpflegeprodukte, die Ihr Budget nicht sprengen? Wir fertigen eine exklusive Kollektion von Glasflaschen in elegantem Schwarz-Farbverlauf mit stilvollen Verschl\u00fcssen \u2013 perfekt f\u00fcr Lotionen, Cremes, Seren und \u00e4therische \u00d6le. Dank UV-Schutz bleiben Ihre Kosmetikprodukte lange frisch. Bei gr\u00f6\u00dferen Bestellmengen bieten wir individuelle Anpassungsm\u00f6glichkeiten, die perfekt zu Ihrer Marke passen.<\/p>\n<h2><strong data-spm-anchor-id=\"5176.28103460.0.i18.29ab2e31QyfPr1\">Wichtige Spezifikationen<\/strong><\/h2>\n<table style=\"border-collapse: collapse; width: 80%; margin-left: auto; margin-right: auto;\" border=\"0\" width=\"648\" cellspacing=\"0\" cellpadding=\"0\">\n<tbody>\n<tr style=\"height: 13.50pt;\">\n<td style=\"height: 13.5pt; text-align: center;\" width=\"72\" height=\"18\">Fassungsverm\u00f6gen (ml)<\/td>\n<td style=\"width: 54pt; text-align: center;\" width=\"72\">Form<\/td>\n<td style=\"width: 54pt; text-align: center;\" width=\"72\">Munddurchmesser (mm)<\/td>\n<td style=\"width: 54pt; text-align: center;\" width=\"72\">Flaschendurchmesser (mm)<\/td>\n<td style=\"width: 54pt; text-align: center;\" width=\"72\">Flaschenh\u00f6he (mm)<\/td>\n<td style=\"width: 54pt; text-align: center;\" width=\"72\">Gesamth\u00f6he mit Kappe (mm)<\/td>\n<td style=\"width: 54pt; text-align: center;\" width=\"72\">Farbe<\/td>\n<td style=\"width: 54pt; text-align: center;\" width=\"72\">Benutzerdefinierte Optionen<\/td>\n<td style=\"width: 54pt; text-align: center;\" width=\"72\">Verwendung<\/td>\n<\/tr>\n<tr style=\"height: 13.50pt;\">\n<td style=\"height: 13.5pt; text-align: center;\" height=\"18\">125<\/td>\n<td class=\"et2\" style=\"text-align: center;\" rowspan=\"4\">Geradseitig<\/td>\n<td style=\"text-align: center;\">20<\/td>\n<td style=\"text-align: center;\">41&#215;41<\/td>\n<td style=\"text-align: center;\">130<\/td>\n<td style=\"text-align: center;\">180<\/td>\n<td class=\"et2\" style=\"text-align: center;\" rowspan=\"6\">Schwarzer Farbverlauf<\/td>\n<td class=\"et2\" style=\"text-align: center;\" rowspan=\"6\">Oberfl\u00e4chenbehandlung, Farbe, Gr\u00f6\u00dfe, Form, Bezug, Zubeh\u00f6r<\/td>\n<td class=\"et2\" style=\"text-align: center;\" rowspan=\"6\">Lotionen, Cremes, Essenzen usw.<\/td>\n<\/tr>\n<tr style=\"height: 13.50pt;\">\n<td style=\"height: 13.5pt; text-align: center;\" height=\"18\">105<\/td>\n<td style=\"text-align: center;\">20<\/td>\n<td style=\"text-align: center;\">41&#215;41<\/td>\n<td style=\"text-align: center;\">150<\/td>\n<td style=\"text-align: center;\">160<\/td>\n<\/tr>\n<tr style=\"height: 13.50pt;\">\n<td style=\"height: 13.5pt; text-align: center;\" height=\"18\">50<\/td>\n<td style=\"text-align: center;\">20<\/td>\n<td style=\"text-align: center;\">37&#215;37<\/td>\n<td style=\"text-align: center;\">88<\/td>\n<td style=\"text-align: center;\">120<\/td>\n<\/tr>\n<tr style=\"height: 13.50pt;\">\n<td style=\"height: 13.5pt; text-align: center;\" height=\"18\">30<\/td>\n<td style=\"text-align: center;\">20<\/td>\n<td style=\"text-align: center;\">37&#215;37<\/td>\n<td style=\"text-align: center;\">75<\/td>\n<td style=\"text-align: center;\">105<\/td>\n<\/tr>\n<tr style=\"height: 13.50pt;\">\n<td style=\"height: 13.5pt; text-align: center;\" height=\"18\">40<\/td>\n<td class=\"et2\" style=\"text-align: center;\" rowspan=\"2\">Quadrat<\/td>\n<td style=\"text-align: center;\">49<\/td>\n<td style=\"text-align: center;\">64&#215;64<\/td>\n<td style=\"text-align: center;\">40<\/td>\n<td style=\"text-align: center;\">52<\/td>\n<\/tr>\n<tr style=\"height: 13.50pt;\">\n<td style=\"height: 13.5pt; text-align: center;\" height=\"18\">30<\/td>\n<td style=\"text-align: center;\">49<\/td>\n<td style=\"text-align: center;\">60&#215;60<\/td>\n<td style=\"text-align: center;\">37<\/td>\n<td style=\"text-align: center;\">50<\/td>\n<\/tr>\n<\/tbody>\n<\/table>\n<h2>Erfolgsgeschichte<\/h2>\n<p>Unsere Verpackung aus schwarzem Glas f\u00fcr Hautpflegeprodukte wurde von einem koreanischen Luxuskosmetikhersteller ausgew\u00e4hlt. Die Verschl\u00fcsse sind ergonomisch geformt und individuell an die Bed\u00fcrfnisse des Kunden angepasst. Zudem verf\u00fcgen sie \u00fcber galvanisierte H\u00e4lse. Das Set enth\u00e4lt au\u00dferdem verschiedene Pumpaufs\u00e4tze und Pipetten in unterschiedlichen Gr\u00f6\u00dfen und ist somit ein vielseitiger Glasbeh\u00e4lter f\u00fcr Hautpflegeprodukte.<\/p>\n<p>Die Verkaufszahlen stiegen in nur zwei Monaten nach der Markteinf\u00fchrung um 36 Prozent, was zu einer weiteren Bestellung von 65.000 Ger\u00e4ten f\u00fchrte, um das Wachstum sowohl online als auch offline zu erm\u00f6glichen.<\/p>\n<h2>Ihr individuelles Anpassungshandbuch<\/h2>\n<ol>\n<li><strong>Farbabstimmung:<\/strong> Tauschen Sie schwarze Farbverl\u00e4ufe gegen individuelle Farbt\u00f6ne, die zu Ihrer Markenpalette passen \u2013 ohne Aufpreis bei gr\u00f6\u00dferen Bestellmengen.<\/li>\n<li><strong>Kappenstile:<\/strong> W\u00e4hlen Sie Goldakzent oder Mattverschluss f\u00fcr eine hochwertige Optik Ihrer Glasflaschen.<\/li>\n<li><strong>Labelintegration:<\/strong> Bringen Sie Ihr Logo auf einem Beh\u00e4lter an \u2013 sofortige Markenwiedererkennung f\u00fcr Kosmetikverpackungen.<\/li>\n<\/ol>","protected":false},"excerpt":{"rendered":"<p>Steigern Sie Ihren Umsatz mit individuell gestalteten, schwarz-wei\u00dfen Glasverpackungen f\u00fcr Ihre Hautpflegeprodukte (Creme &amp; Serum). Hochwertige, langlebige Gro\u00dfhandelsverpackungen, die Frische und Eleganz garantieren.<\/p>","protected":false},"featured_media":6456,"comment_status":"closed","ping_status":"closed","template":"","meta":{"_acf_changed":false,"site-sidebar-layout":"default","site-content-layout":"","ast-site-content-layout":"default","site-content-style":"default","site-sidebar-style":"default","ast-global-header-display":"","ast-banner-title-visibility":"","ast-main-header-display":"","ast-hfb-above-header-display":"","ast-hfb-below-header-display":"","ast-hfb-mobile-header-display":"","site-post-title":"","ast-breadcrumbs-content":"","ast-featured-img":"","footer-sml-layout":"","ast-disable-related-posts":"","theme-transparent-header-meta":"default","adv-header-id-meta":"","stick-header-meta":"","header-above-stick-meta":"","header-main-stick-meta":"","header-below-stick-meta":"","astra-migrate-meta-layouts":"set","ast-page-background-enabled":"default","ast-page-background-meta":{"desktop":{"background-color":"var(--ast-global-color-5)","background-image":"","background-repeat":"repeat","background-position":"center center","background-size":"auto","background-attachment":"scroll","background-type":"","background-media":"","overlay-type":"","overlay-color":"","overlay-opacity":"","overlay-gradient":""},"tablet":{"background-color":"","background-image":"","background-repeat":"repeat","background-position":"center center","background-size":"auto","background-attachment":"scroll","background-type":"","background-media":"","overlay-type":"","overlay-color":"","overlay-opacity":"","overlay-gradient":""},"mobile":{"background-color":"","background-image":"","background-repeat":"repeat","background-position":"center center","background-size":"auto","background-attachment":"scroll","background-type":"","background-media":"","overlay-type":"","overlay-color":"","overlay-opacity":"","overlay-gradient":""}},"ast-content-background-meta":{"desktop":{"background-color":"var(--ast-global-color-4)","background-image":"","background-repeat":"repeat","background-position":"center center","background-size":"auto","background-attachment":"scroll","background-type":"","background-media":"","overlay-type":"","overlay-color":"","overlay-opacity":"","overlay-gradient":""},"tablet":{"background-color":"var(--ast-global-color-4)","background-image":"","background-repeat":"repeat","background-position":"center center","background-size":"auto","background-attachment":"scroll","background-type":"","background-media":"","overlay-type":"","overlay-color":"","overlay-opacity":"","overlay-gradient":""},"mobile":{"background-color":"var(--ast-global-color-4)","background-image":"","background-repeat":"repeat","background-position":"center center","background-size":"auto","background-attachment":"scroll","background-type":"","background-media":"","overlay-type":"","overlay-color":"","overlay-opacity":"","overlay-gradient":""}}},"product_brand":[],"product_cat":[236,62,72],"product_tag":[],"class_list":{"0":"post-6455","1":"product","2":"type-product","3":"status-publish","4":"has-post-thumbnail","6":"product_cat-cosmetic-container-set","7":"product_cat-cosmetic-containers","8":"product_cat-cosmetic-packaging","9":"desktop-align-left","10":"tablet-align-left","11":"mobile-align-left","13":"first","14":"instock","15":"shipping-taxable","16":"product-type-simple"},"acf":[],"jetpack_sharing_enabled":true,"_links":{"self":[{"href":"https:\/\/theperfumebottles.com\/de\/wp-json\/wp\/v2\/product\/6455","targetHints":{"allow":["GET"]}}],"collection":[{"href":"https:\/\/theperfumebottles.com\/de\/wp-json\/wp\/v2\/product"}],"about":[{"href":"https:\/\/theperfumebottles.com\/de\/wp-json\/wp\/v2\/types\/product"}],"replies":[{"embeddable":true,"href":"https:\/\/theperfumebottles.com\/de\/wp-json\/wp\/v2\/comments?post=6455"}],"wp:featuredmedia":[{"embeddable":true,"href":"https:\/\/theperfumebottles.com\/de\/wp-json\/wp\/v2\/media\/6456"}],"wp:attachment":[{"href":"https:\/\/theperfumebottles.com\/de\/wp-json\/wp\/v2\/media?parent=6455"}],"wp:term":[{"taxonomy":"product_brand","embeddable":true,"href":"https:\/\/theperfumebottles.com\/de\/wp-json\/wp\/v2\/product_brand?post=6455"},{"taxonomy":"product_cat","embeddable":true,"href":"https:\/\/theperfumebottles.com\/de\/wp-json\/wp\/v2\/product_cat?post=6455"},{"taxonomy":"product_tag","embeddable":true,"href":"https:\/\/theperfumebottles.com\/de\/wp-json\/wp\/v2\/product_tag?post=6455"}],"curies":[{"name":"wp","href":"https:\/\/api.w.org\/{rel}","templated":true}]}}