{"id":7021,"date":"2025-11-11T13:12:13","date_gmt":"2025-11-11T05:12:13","guid":{"rendered":"https:\/\/theperfumebottles.com\/?post_type=product&#038;p=7021"},"modified":"2025-12-10T11:40:29","modified_gmt":"2025-12-10T03:40:29","slug":"perfume-refill-bottles-wholesaler","status":"publish","type":"product","link":"https:\/\/theperfumebottles.com\/de\/produkt\/perfume-refill-bottles-wholesaler\/","title":{"rendered":"8-ml-Parf\u00fcm-Nachf\u00fcllflaschen im Gro\u00dfhandel f\u00fcr Reisen und den t\u00e4glichen Gebrauch"},"content":{"rendered":"<p>Entdecken Sie unsere wiederbef\u00fcllbaren Glasflakons f\u00fcr Parfums, die Ihre Markenpr\u00e4sentation perfekt in Szene setzen. Jeder Flakon wird so gefertigt, dass Ihr Duft im Mittelpunkt steht und Ihre Kunden gleichzeitig ein \u00e4sthetisch ansprechendes und praktisches Produkt erhalten. Entscheiden Sie sich f\u00fcr Flakons, die Ihre Markengeschichte ganz ohne Worte erz\u00e4hlen.<\/p>\n<h2>Wichtige Spezifikationen<\/h2>\n<table style=\"border-collapse: collapse; width: 80%; margin-left: auto; margin-right: auto;\" border=\"0\" width=\"144\" cellspacing=\"0\" cellpadding=\"0\">\n<tbody>\n<tr style=\"height: 13.50pt;\">\n<td style=\"height: 13.5pt; width: 54pt; text-align: center;\" width=\"72\" height=\"18\">Besonderheit<\/td>\n<td style=\"width: 54pt; text-align: center;\" width=\"72\">Details<\/td>\n<\/tr>\n<tr style=\"height: 13.50pt;\">\n<td style=\"height: 13.5pt; text-align: center;\" height=\"18\">Kapazit\u00e4t<\/td>\n<td style=\"text-align: center;\">8 ml<\/td>\n<\/tr>\n<tr style=\"height: 13.50pt;\">\n<td style=\"height: 13.5pt; text-align: center;\" height=\"18\">Ma\u00dfe<\/td>\n<td style=\"text-align: center;\">1,7 * 8,4 cm<\/td>\n<\/tr>\n<tr style=\"height: 13.50pt;\">\n<td style=\"height: 13.5pt; text-align: center;\" height=\"18\">Flaschenmaterial<\/td>\n<td style=\"text-align: center;\">Transparentes Glas<\/td>\n<\/tr>\n<tr style=\"height: 13.50pt;\">\n<td style=\"height: 13.5pt; text-align: center;\" height=\"18\">Optionen f\u00fcr die Kappe<\/td>\n<td style=\"text-align: center;\">Gold, Silber, Blau, Rosa, Schwarz<\/td>\n<\/tr>\n<tr style=\"height: 13.50pt;\">\n<td style=\"height: 13.5pt; text-align: center;\" height=\"18\">Dichtungstyp<\/td>\n<td style=\"text-align: center;\">Pumpspray<\/td>\n<\/tr>\n<tr style=\"height: 13.50pt;\">\n<td style=\"height: 13.5pt; text-align: center;\" height=\"18\">Am besten geeignet f\u00fcr<\/td>\n<td style=\"text-align: center;\">Parf\u00fcm, \u00e4therische \u00d6le, Duftsprays<\/td>\n<\/tr>\n<\/tbody>\n<\/table>\n<h2>Erfolgsbeispiel<\/h2>\n<p>Einer unserer nachf\u00fcllbaren 8-ml-Parf\u00fcmflakons wurde von einer angesagten Parf\u00fcmmarke f\u00fcr ihre Reise-Set-Kollektion ausgew\u00e4hlt. Der Absatz der Reise-Sets ist innerhalb von nur drei Monaten um 35 % gestiegen \u2013 dank des nachf\u00fcllbaren Designs k\u00f6nnen Kundinnen und Kunden ihre Lieblingsd\u00fcfte immer dabei haben, und die Spr\u00fchd\u00fcse verhindert Auslaufen und sorgt f\u00fcr einen feinen Spr\u00fchnebel.<\/p>\n<h2>Leitfaden zur Anpassung<\/h2>\n<ol>\n<li><strong>Oberfl\u00e4chenbehandlung:<\/strong> Durch verschiedene Oberfl\u00e4chenbehandlungen wie Mattierung, Klarlackierung und Farbverlaufsgalvanisierung lassen sich einzigartige visuelle Effekte erzielen.<\/li>\n<li><strong>Flaschenverschluss-Design:<\/strong> Die Kappen sind individuell anpassbar: Aluminiumkappen, Kunststoffkappen oder Metallkappen, die galvanisiert werden k\u00f6nnen, wahlweise mit gl\u00e4nzender oder matter Oberfl\u00e4che.<\/li>\n<li><strong>Farb- und Logodruck:<\/strong> Es gibt eine Vielzahl von Farben, aus denen Sie die passenden f\u00fcr das Farbschema Ihrer Marke ausw\u00e4hlen k\u00f6nnen, wie zum Beispiel galvanisiertes Gold, Ros\u00e9gold, Silber, Schwarz und Blau.<\/li>\n<\/ol>","protected":false},"excerpt":{"rendered":"<p>Entdecken Sie stilvolle Parf\u00fcmflakons mit Metallverschluss. Unsere wiederbef\u00fcllbaren Parf\u00fcmflakons sind ideal f\u00fcr Reisen, einfach in der Anwendung und umweltfreundlich.<\/p>","protected":false},"featured_media":7191,"comment_status":"open","ping_status":"closed","template":"","meta":{"_acf_changed":false,"site-sidebar-layout":"default","site-content-layout":"","ast-site-content-layout":"default","site-content-style":"default","site-sidebar-style":"default","ast-global-header-display":"","ast-banner-title-visibility":"","ast-main-header-display":"","ast-hfb-above-header-display":"","ast-hfb-below-header-display":"","ast-hfb-mobile-header-display":"","site-post-title":"","ast-breadcrumbs-content":"","ast-featured-img":"","footer-sml-layout":"","ast-disable-related-posts":"","theme-transparent-header-meta":"default","adv-header-id-meta":"","stick-header-meta":"","header-above-stick-meta":"","header-main-stick-meta":"","header-below-stick-meta":"","astra-migrate-meta-layouts":"set","ast-page-background-enabled":"default","ast-page-background-meta":{"desktop":{"background-color":"var(--ast-global-color-5)","background-image":"","background-repeat":"repeat","background-position":"center center","background-size":"auto","background-attachment":"scroll","background-type":"","background-media":"","overlay-type":"","overlay-color":"","overlay-opacity":"","overlay-gradient":""},"tablet":{"background-color":"","background-image":"","background-repeat":"repeat","background-position":"center center","background-size":"auto","background-attachment":"scroll","background-type":"","background-media":"","overlay-type":"","overlay-color":"","overlay-opacity":"","overlay-gradient":""},"mobile":{"background-color":"","background-image":"","background-repeat":"repeat","background-position":"center center","background-size":"auto","background-attachment":"scroll","background-type":"","background-media":"","overlay-type":"","overlay-color":"","overlay-opacity":"","overlay-gradient":""}},"ast-content-background-meta":{"desktop":{"background-color":"var(--ast-global-color-4)","background-image":"","background-repeat":"repeat","background-position":"center center","background-size":"auto","background-attachment":"scroll","background-type":"","background-media":"","overlay-type":"","overlay-color":"","overlay-opacity":"","overlay-gradient":""},"tablet":{"background-color":"var(--ast-global-color-4)","background-image":"","background-repeat":"repeat","background-position":"center center","background-size":"auto","background-attachment":"scroll","background-type":"","background-media":"","overlay-type":"","overlay-color":"","overlay-opacity":"","overlay-gradient":""},"mobile":{"background-color":"var(--ast-global-color-4)","background-image":"","background-repeat":"repeat","background-position":"center center","background-size":"auto","background-attachment":"scroll","background-type":"","background-media":"","overlay-type":"","overlay-color":"","overlay-opacity":"","overlay-gradient":""}}},"product_brand":[],"product_cat":[90,41],"product_tag":[],"class_list":{"0":"post-7021","1":"product","2":"type-product","3":"status-publish","4":"has-post-thumbnail","6":"product_cat-refillable-perfume-bottles","7":"product_cat-perfume-bottles","8":"desktop-align-left","9":"tablet-align-left","10":"mobile-align-left","12":"first","13":"instock","14":"shipping-taxable","15":"product-type-simple"},"acf":[],"jetpack_sharing_enabled":true,"_links":{"self":[{"href":"https:\/\/theperfumebottles.com\/de\/wp-json\/wp\/v2\/product\/7021","targetHints":{"allow":["GET"]}}],"collection":[{"href":"https:\/\/theperfumebottles.com\/de\/wp-json\/wp\/v2\/product"}],"about":[{"href":"https:\/\/theperfumebottles.com\/de\/wp-json\/wp\/v2\/types\/product"}],"replies":[{"embeddable":true,"href":"https:\/\/theperfumebottles.com\/de\/wp-json\/wp\/v2\/comments?post=7021"}],"wp:featuredmedia":[{"embeddable":true,"href":"https:\/\/theperfumebottles.com\/de\/wp-json\/wp\/v2\/media\/7191"}],"wp:attachment":[{"href":"https:\/\/theperfumebottles.com\/de\/wp-json\/wp\/v2\/media?parent=7021"}],"wp:term":[{"taxonomy":"product_brand","embeddable":true,"href":"https:\/\/theperfumebottles.com\/de\/wp-json\/wp\/v2\/product_brand?post=7021"},{"taxonomy":"product_cat","embeddable":true,"href":"https:\/\/theperfumebottles.com\/de\/wp-json\/wp\/v2\/product_cat?post=7021"},{"taxonomy":"product_tag","embeddable":true,"href":"https:\/\/theperfumebottles.com\/de\/wp-json\/wp\/v2\/product_tag?post=7021"}],"curies":[{"name":"wp","href":"https:\/\/api.w.org\/{rel}","templated":true}]}}