{"id":3,"date":"2024-12-05T06:22:48","date_gmt":"2024-12-05T06:22:48","guid":{"rendered":"https:\/\/theperfumebottles.com\/?page_id=3"},"modified":"2025-10-31T10:10:35","modified_gmt":"2025-10-31T02:10:35","slug":"privacy-policy","status":"publish","type":"page","link":"https:\/\/theperfumebottles.com\/es\/privacy-policy\/","title":{"rendered":"pol\u00edtica de privacidad"},"content":{"rendered":"<div data-elementor-type=\"wp-page\" data-elementor-id=\"3\" class=\"elementor elementor-3\" data-elementor-settings=\"{&quot;ha_cmc_init_switcher&quot;:&quot;no&quot;}\" data-elementor-post-type=\"page\">\n\t\t\t\t<div class=\"elementor-element elementor-element-7292605e e-flex e-con-boxed e-con e-parent\" data-id=\"7292605e\" data-element_type=\"container\" data-e-type=\"container\" data-settings=\"{&quot;_ha_eqh_enable&quot;:false}\">\n\t\t\t\t\t<div class=\"e-con-inner\">\n\t\t\t\t<div class=\"elementor-element elementor-element-23aa057f elementor-widget elementor-widget-text-editor\" data-id=\"23aa057f\" data-element_type=\"widget\" data-e-type=\"widget\" data-widget_type=\"text-editor.default\">\n\t\t\t\t<div class=\"elementor-widget-container\">\n\t\t\t\t\t\t\t\t\t<p>Esta Pol\u00edtica de Privacidad describe c\u00f3mo se recopila, se utiliza y se comparte su informaci\u00f3n personal cuando visita o realiza una compra en theperfumebottles.com (el \u201cSitio\u201d).<\/p>\n<p><span style=\"color: #002b5b;\"><strong>PERSONAL INFORMATION WE COLLECT<\/strong><\/span><\/p>\n<p>Cuando visita el Sitio, recopilamos autom\u00e1ticamente cierta informaci\u00f3n sobre su dispositivo, incluyendo informaci\u00f3n sobre su navegador web, direcci\u00f3n IP, zona horaria y algunas de las cookies que se instalan en su dispositivo. Adem\u00e1s, mientras navega por el Sitio, recopilamos informaci\u00f3n sobre las p\u00e1ginas web individuales o productos que visualiza, qu\u00e9 sitios web o t\u00e9rminos de b\u00fasqueda lo referir\u00edan al Sitio, y informaci\u00f3n sobre c\u00f3mo interact\u00faa con el Sitio. A esta informaci\u00f3n recopilada autom\u00e1ticamente nos referimos como \u201cInformaci\u00f3n del Dispositivo\u201d.<\/p>\n<p>Recopilamos Informaci\u00f3n del Dispositivo utilizando las siguientes tecnolog\u00edas:<br \/>\u2013 \u201cCookies\u201d son archivos de datos que se colocan en su dispositivo o computadora y a menudo incluyen un identificador \u00fanico an\u00f3nimo. Para m\u00e1s informaci\u00f3n sobre las cookies y c\u00f3mo deshabilitarlas, visite http:\/\/www.allaboutcookies.org.<br \/>\u2013 \u201cLogs de archivos\u201d rastrean las acciones que ocurren en el Sitio y recopilan datos que incluyen su direcci\u00f3n IP, tipo de navegador, proveedor de servicios de Internet, p\u00e1ginas de referencia\/salida y marcas de fecha\/hora.<br \/>\u2013 \u201cBalizas web\u201d, \u201cetiquetas\u201d y \u201cp\u00edxeles\u201d son archivos electr\u00f3nicos utilizados para registrar informaci\u00f3n sobre c\u00f3mo navega por el Sitio.<\/p>\n<p>Adem\u00e1s, cuando realiza una compra o intenta realizar una compra a trav\u00e9s del Sitio, recopilamos cierta informaci\u00f3n de usted, incluyendo su nombre, direcci\u00f3n de facturaci\u00f3n, direcci\u00f3n de env\u00edo, informaci\u00f3n de pago, direcci\u00f3n de correo electr\u00f3nico y n\u00famero de tel\u00e9fono. A esta informaci\u00f3n nos referimos como \u201cInformaci\u00f3n de Pedido\u201d.<\/p>\n<p>Cuando hablamos de \u201cInformaci\u00f3n Personal\u201d en esta Pol\u00edtica de Privacidad, nos referimos tanto a la Informaci\u00f3n del Dispositivo como a la Informaci\u00f3n de Pedido.<\/p>\n<p><span style=\"color: #002b5b;\"><strong>C\u00d3MO USAMOS SU INFORMACI\u00d3N PERSONAL?<\/strong><\/span><\/p>\n<p>Utilizamos la Informaci\u00f3n de Pedido que recopilamos generalmente para cumplir con cualquier pedido realizado a trav\u00e9s del Sitio (incluyendo el procesamiento de su informaci\u00f3n de pago, la organizaci\u00f3n del env\u00edo y la provisi\u00f3n de facturas y\/o confirmaciones de pedido). Adem\u00e1s, utilizamos esta Informaci\u00f3n de Pedido para:<br \/>\u2013 Comunicarnos con usted;<br \/>\u2013 Filtrar nuestros pedidos en busca de riesgo potencial o fraude; <br \/>\u2013 Cuando est\u00e9 en l\u00ednea con las preferencias que ha compartido con nosotros, proporcionarle informaci\u00f3n o publicidad relacionados con nuestros productos o servicios.<\/p>\n<p>Utilizamos la Informaci\u00f3n del Dispositivo que recopilamos para ayudarnos a filtrar el riesgo potencial y el fraude (en particular, su direcci\u00f3n IP), y m\u00e1s generalmente para mejorar y optimizar nuestro Sitio (por ejemplo, generando an\u00e1lisis sobre c\u00f3mo nuestros clientes navegan e interact\u00faan con el Sitio, y evaluando el \u00e9xito de nuestras campa\u00f1as de marketing y publicidad).<\/p>\n<p><span style=\"color: #002b5b;\"><strong>COMPARTIR SU INFORMACI\u00d3N PERSONAL<\/strong><\/span><\/p>\n<p>Compartimos su Informaci\u00f3n Personal con terceros para ayudarnos a utilizar su Informaci\u00f3n Personal, como se describe anteriormente. <br \/>Utilizamos Google Analytics para ayudarnos a comprender c\u00f3mo nuestros clientes utilizan el Sitio \u2014 puede leer m\u00e1s sobre c\u00f3mo Google utiliza su Informaci\u00f3n Personal aqu\u00ed: https:\/\/www.google.com\/intl\/en\/policies\/privacy\/. Tambi\u00e9n puede optar por no participar en Google Analytics aqu\u00ed: https:\/\/tools.google.com\/dlpage\/gaoptout\/.<\/p>\n<p>Finalmente, tambi\u00e9n podemos compartir su Informaci\u00f3n Personal para cumplir con las leyes y regulaciones aplicables, responder a una orden de subasta, warrant de b\u00fasqueda u otra solicitud legal de informaci\u00f3n que recibamos, o de otra manera proteger nuestros derechos.<\/p>\n<p><span style=\"color: #002b5b;\"><strong>NO SEGUIR<\/strong><\/span><\/p>\n<p>Tenga en cuenta que no modificamos nuestras pr\u00e1cticas de recopilaci\u00f3n y uso de datos del Sitio cuando detectamos una se\u00f1al de No Seguir desde su navegador.<\/p>\n<p><span style=\"color: #002b5b;\"><strong>SUS DERECHOS<\/strong><\/span><\/p>\n<p>Si es residente europeo, tiene el derecho de acceder a la informaci\u00f3n personal que conservamos sobre usted y solicitar que su informaci\u00f3n personal se corrija, actualice o elimine. Si desea ejercer este derecho, cont\u00e1ctenos a trav\u00e9s de la informaci\u00f3n de contacto a continuaci\u00f3n.<\/p>\n<p>Adem\u00e1s, si es residente europeo, le notificamos que estamos procesando su informaci\u00f3n para cumplir con los contratos que podr\u00edamos tener con usted (por ejemplo, si realiza un pedido a trav\u00e9s del Sitio), o de otra manera para perseguir nuestros intereses comerciales leg\u00edtimos enumerados anteriormente. Adem\u00e1s, le notificamos que su informaci\u00f3n se transferir\u00e1 fuera de Europa, incluyendo a Canad\u00e1 y Estados Unidos.<\/p>\n<p><span style=\"color: #002b5b;\"><strong>RETENCI\u00d3N DE DATOS<\/strong><\/span><\/p>\n<p>Cuando realice un pedido a trav\u00e9s del Sitio, conservaremos su Informaci\u00f3n de Pedido para nuestros registros a menos y hasta que nos pida eliminar esta informaci\u00f3n.<\/p>\n<p><span style=\"color: #002b5b;\"><strong>CAMBIOS<\/strong><\/span><\/p>\n<p>Podemos actualizar esta pol\u00edtica de privacidad de vez en cuando para reflejar, por ejemplo, cambios en nuestras pr\u00e1cticas u otras razones operativas, legales o regulatorias.<\/p>\n<p><span style=\"color: #002b5b;\"><strong>MENORES<\/strong><\/span><\/p>\n<p>El Sitio no est\u00e1 destinado a personas menores de 18 a\u00f1os.<\/p>\n<p><span style=\"color: #002b5b;\"><strong>CONTACT US<\/strong><\/span><\/p>\n<p>Si tiene preguntas sobre nuestras pr\u00e1cticas de privacidad o si desea presentar una queja, cont\u00e1ctenos.<\/p>\t\t\t\t\t\t\t\t<\/div>\n\t\t\t\t<\/div>\n\t\t\t\t\t<\/div>\n\t\t\t\t<\/div>\n\t\t\t\t<\/div>","protected":false},"excerpt":{"rendered":"<p>Esta Pol\u00edtica de Privacidad describe c\u00f3mo se recopila, se utiliza y se comparte su informaci\u00f3n personal cuando visita o realiza una compra [\u2026]<\/p>","protected":false},"author":1,"featured_media":0,"parent":0,"menu_order":111,"comment_status":"closed","ping_status":"closed","template":"","meta":{"_acf_changed":false,"site-sidebar-layout":"default","site-content-layout":"","ast-site-content-layout":"default","site-content-style":"default","site-sidebar-style":"default","ast-global-header-display":"","ast-banner-title-visibility":"","ast-main-header-display":"","ast-hfb-above-header-display":"","ast-hfb-below-header-display":"","ast-hfb-mobile-header-display":"","site-post-title":"","ast-breadcrumbs-content":"","ast-featured-img":"","footer-sml-layout":"","ast-disable-related-posts":"","theme-transparent-header-meta":"","adv-header-id-meta":"","stick-header-meta":"","header-above-stick-meta":"","header-main-stick-meta":"","header-below-stick-meta":"","astra-migrate-meta-layouts":"default","ast-page-background-enabled":"default","ast-page-background-meta":{"desktop":{"background-color":"var(--ast-global-color-5)","background-image":"","background-repeat":"repeat","background-position":"center center","background-size":"auto","background-attachment":"scroll","background-type":"","background-media":"","overlay-type":"","overlay-color":"","overlay-opacity":"","overlay-gradient":""},"tablet":{"background-color":"","background-image":"","background-repeat":"repeat","background-position":"center center","background-size":"auto","background-attachment":"scroll","background-type":"","background-media":"","overlay-type":"","overlay-color":"","overlay-opacity":"","overlay-gradient":""},"mobile":{"background-color":"","background-image":"","background-repeat":"repeat","background-position":"center center","background-size":"auto","background-attachment":"scroll","background-type":"","background-media":"","overlay-type":"","overlay-color":"","overlay-opacity":"","overlay-gradient":""}},"ast-content-background-meta":{"desktop":{"background-color":"var(--ast-global-color-4)","background-image":"","background-repeat":"repeat","background-position":"center center","background-size":"auto","background-attachment":"scroll","background-type":"","background-media":"","overlay-type":"","overlay-color":"","overlay-opacity":"","overlay-gradient":""},"tablet":{"background-color":"var(--ast-global-color-4)","background-image":"","background-repeat":"repeat","background-position":"center center","background-size":"auto","background-attachment":"scroll","background-type":"","background-media":"","overlay-type":"","overlay-color":"","overlay-opacity":"","overlay-gradient":""},"mobile":{"background-color":"var(--ast-global-color-4)","background-image":"","background-repeat":"repeat","background-position":"center center","background-size":"auto","background-attachment":"scroll","background-type":"","background-media":"","overlay-type":"","overlay-color":"","overlay-opacity":"","overlay-gradient":""}},"footnotes":""},"class_list":["post-3","page","type-page","status-publish","hentry"],"acf":[],"jetpack_sharing_enabled":true,"_links":{"self":[{"href":"https:\/\/theperfumebottles.com\/es\/wp-json\/wp\/v2\/pages\/3","targetHints":{"allow":["GET"]}}],"collection":[{"href":"https:\/\/theperfumebottles.com\/es\/wp-json\/wp\/v2\/pages"}],"about":[{"href":"https:\/\/theperfumebottles.com\/es\/wp-json\/wp\/v2\/types\/page"}],"author":[{"embeddable":true,"href":"https:\/\/theperfumebottles.com\/es\/wp-json\/wp\/v2\/users\/1"}],"replies":[{"embeddable":true,"href":"https:\/\/theperfumebottles.com\/es\/wp-json\/wp\/v2\/comments?post=3"}],"version-history":[{"count":5,"href":"https:\/\/theperfumebottles.com\/es\/wp-json\/wp\/v2\/pages\/3\/revisions"}],"predecessor-version":[{"id":2216,"href":"https:\/\/theperfumebottles.com\/es\/wp-json\/wp\/v2\/pages\/3\/revisions\/2216"}],"wp:attachment":[{"href":"https:\/\/theperfumebottles.com\/es\/wp-json\/wp\/v2\/media?parent=3"}],"curies":[{"name":"wp","href":"https:\/\/api.w.org\/{rel}","templated":true}]}}