{"id":1698,"date":"2025-01-20T09:14:51","date_gmt":"2025-01-20T09:14:51","guid":{"rendered":"https:\/\/theperfumebottles.com\/?post_type=product&#038;p=1698"},"modified":"2025-05-30T13:11:05","modified_gmt":"2025-05-30T05:11:05","slug":"customizable-glass-perfume-bottles","status":"publish","type":"product","link":"https:\/\/theperfumebottles.com\/es\/product\/customizable-glass-perfume-bottles\/","title":{"rendered":"Frascos de perfume de vidrio plano de 30 ml, 50 ml y 100 ml"},"content":{"rendered":"<p>Este frasco de perfume de cristal plano es tan alto como un edificio moderno, pero sus esquinas redondeadas esconden un encanto cl\u00e1sico. Las tres capacidades de 30\/50\/100 ml van desde equipaje de mano hasta caja de regalo, satisfaciendo las necesidades de m\u00faltiples escenarios. El cristal de 3,5 mm de grosor es como luz de luna solidificada, haciendo que el color de la fragancia parezca una obra de arte. Las opciones de personalizaci\u00f3n, como la serigraf\u00eda, el esmerilado y la pulverizaci\u00f3n de color, permiten que la historia de la marca brille exclusivamente en el frasco. El dise\u00f1o patentado del cabezal del pulverizador permite una pulverizaci\u00f3n precisa, y ya sea para uso personal o como regalo, aporta una sensaci\u00f3n de ceremonia de desembalaje de nivel muse\u00edstico; no es solo un recipiente ideal para fragancias de alta gama, sino tambi\u00e9n una anotaci\u00f3n perfecta de la est\u00e9tica de la vida urbana.<\/p>\n<h2>Especificaciones Clave de Nuestros Frascos de Perfume de Cristal Plano<\/h2>\n<table style=\"border-collapse: collapse;margin-left: auto;margin-right: auto;width: 527.27pt\" border=\"0\" width=\"703\" cellspacing=\"0\" cellpadding=\"0\">\n<tbody>\n<tr style=\"height: 13.50pt\">\n<td class=\"et2\" style=\"height: 13.50pt;width: 165.75pt\" width=\"221\" height=\"18\">Modelo<\/td>\n<td class=\"et2\" style=\"width: 115.50pt\" width=\"154\">PB-BF1701<\/td>\n<td class=\"et2\" style=\"width: 116.25pt\" width=\"155\">PB-BF1702<\/td>\n<td class=\"et2\" style=\"width: 129.75pt\" width=\"173\">PB-BF1703<\/td>\n<\/tr>\n<tr style=\"height: 13.50pt\">\n<td class=\"et2\" style=\"height: 13.50pt\" height=\"18\">Capacidad<\/td>\n<td class=\"et5\">30 ml<\/td>\n<td class=\"et5\">50 ml<\/td>\n<td class=\"et5\">100 ml<\/td>\n<\/tr>\n<tr style=\"height: 13.50pt\">\n<td class=\"et2\" style=\"height: 13.50pt\" height=\"18\">Calibre<\/td>\n<td class=\"et5\">15 mil\u00edmetros<\/td>\n<td class=\"et5\">15 mil\u00edmetros<\/td>\n<td class=\"et5\">15 mil\u00edmetros<\/td>\n<\/tr>\n<tr style=\"height: 13.50pt\">\n<td class=\"et2\" style=\"height: 13.50pt\" height=\"18\">Dimensi\u00f3n del cristal\/mm<\/td>\n<td class=\"et5\">52*28*63<\/td>\n<td class=\"et5\">61*29*72<\/td>\n<td class=\"et5\">81*35*89<\/td>\n<\/tr>\n<tr style=\"height: 13.50pt\">\n<td class=\"et2\" style=\"height: 13.50pt\" height=\"18\">Color<\/td>\n<td class=\"et5\" colspan=\"3\">Transparente<\/td>\n<\/tr>\n<tr style=\"height: 13.50pt\">\n<td class=\"et2\" style=\"height: 13.50pt\" height=\"18\">Forma<\/td>\n<td class=\"et5\" colspan=\"3\">Rect\u00e1ngulo con esquinas redondeadas<\/td>\n<\/tr>\n<tr style=\"height: 13.50pt\">\n<td class=\"et2\" style=\"height: 13.50pt\" height=\"18\">Tratamiento de Superficie<\/td>\n<td class=\"et5\" colspan=\"3\">Grabado en los laterales del cuerpo del cristal y el tap\u00f3n<\/td>\n<\/tr>\n<tr style=\"height: 13.50pt\">\n<td class=\"et2\" style=\"height: 13.50pt\" height=\"18\">Material<\/td>\n<td class=\"et5\" colspan=\"3\">Cristal de alta calidad<\/td>\n<\/tr>\n<\/tbody>\n<\/table>\n<p>As\u00f3ciese con nosotros para obtener frascos de perfume de cristal de alta calidad y soluciones de embalaje de perfume personalizables.<\/p>","protected":false},"excerpt":{"rendered":"<p>Nuestros frascos de perfume de cristal plano ofrecen una exquisita combinaci\u00f3n de sofisticaci\u00f3n, funcionalidad y estilo. Dise\u00f1ados para la industria cosm\u00e9tica, estos frascos de cristal de alta calidad son perfectos para albergar sus fragancias premium. Disponibles en tama\u00f1os de 30 ml, 50 ml y 100 ml, proporcionan una soluci\u00f3n de embalaje vers\u00e1til para perfumes y otros productos l\u00edquidos de alta gama.<\/p>","protected":false},"featured_media":2265,"comment_status":"open","ping_status":"closed","template":"","meta":{"_acf_changed":false,"site-sidebar-layout":"default","site-content-layout":"","ast-site-content-layout":"default","site-content-style":"default","site-sidebar-style":"default","ast-global-header-display":"","ast-banner-title-visibility":"","ast-main-header-display":"","ast-hfb-above-header-display":"","ast-hfb-below-header-display":"","ast-hfb-mobile-header-display":"","site-post-title":"","ast-breadcrumbs-content":"","ast-featured-img":"","footer-sml-layout":"","ast-disable-related-posts":"","theme-transparent-header-meta":"default","adv-header-id-meta":"","stick-header-meta":"","header-above-stick-meta":"","header-main-stick-meta":"","header-below-stick-meta":"","astra-migrate-meta-layouts":"set","ast-page-background-enabled":"default","ast-page-background-meta":{"desktop":{"background-color":"var(--ast-global-color-5)","background-image":"","background-repeat":"repeat","background-position":"center center","background-size":"auto","background-attachment":"scroll","background-type":"","background-media":"","overlay-type":"","overlay-color":"","overlay-opacity":"","overlay-gradient":""},"tablet":{"background-color":"","background-image":"","background-repeat":"repeat","background-position":"center center","background-size":"auto","background-attachment":"scroll","background-type":"","background-media":"","overlay-type":"","overlay-color":"","overlay-opacity":"","overlay-gradient":""},"mobile":{"background-color":"","background-image":"","background-repeat":"repeat","background-position":"center center","background-size":"auto","background-attachment":"scroll","background-type":"","background-media":"","overlay-type":"","overlay-color":"","overlay-opacity":"","overlay-gradient":""}},"ast-content-background-meta":{"desktop":{"background-color":"var(--ast-global-color-4)","background-image":"","background-repeat":"repeat","background-position":"center center","background-size":"auto","background-attachment":"scroll","background-type":"","background-media":"","overlay-type":"","overlay-color":"","overlay-opacity":"","overlay-gradient":""},"tablet":{"background-color":"var(--ast-global-color-4)","background-image":"","background-repeat":"repeat","background-position":"center center","background-size":"auto","background-attachment":"scroll","background-type":"","background-media":"","overlay-type":"","overlay-color":"","overlay-opacity":"","overlay-gradient":""},"mobile":{"background-color":"var(--ast-global-color-4)","background-image":"","background-repeat":"repeat","background-position":"center center","background-size":"auto","background-attachment":"scroll","background-type":"","background-media":"","overlay-type":"","overlay-color":"","overlay-opacity":"","overlay-gradient":""}}},"product_brand":[],"product_cat":[41,72,91],"product_tag":[50,49],"class_list":{"0":"post-1698","1":"product","2":"type-product","3":"status-publish","4":"has-post-thumbnail","6":"product_cat-perfume-bottles","7":"product_cat-cosmetic-packaging","8":"product_cat-custom-perfume-bottles","9":"product_tag-glass-perfume-bottles","10":"product_tag-perfume-bottles","11":"desktop-align-left","12":"tablet-align-left","13":"mobile-align-left","15":"first","16":"instock","17":"shipping-taxable","18":"product-type-simple"},"acf":[],"jetpack_sharing_enabled":true,"_links":{"self":[{"href":"https:\/\/theperfumebottles.com\/es\/wp-json\/wp\/v2\/product\/1698","targetHints":{"allow":["GET"]}}],"collection":[{"href":"https:\/\/theperfumebottles.com\/es\/wp-json\/wp\/v2\/product"}],"about":[{"href":"https:\/\/theperfumebottles.com\/es\/wp-json\/wp\/v2\/types\/product"}],"replies":[{"embeddable":true,"href":"https:\/\/theperfumebottles.com\/es\/wp-json\/wp\/v2\/comments?post=1698"}],"wp:featuredmedia":[{"embeddable":true,"href":"https:\/\/theperfumebottles.com\/es\/wp-json\/wp\/v2\/media\/2265"}],"wp:attachment":[{"href":"https:\/\/theperfumebottles.com\/es\/wp-json\/wp\/v2\/media?parent=1698"}],"wp:term":[{"taxonomy":"product_brand","embeddable":true,"href":"https:\/\/theperfumebottles.com\/es\/wp-json\/wp\/v2\/product_brand?post=1698"},{"taxonomy":"product_cat","embeddable":true,"href":"https:\/\/theperfumebottles.com\/es\/wp-json\/wp\/v2\/product_cat?post=1698"},{"taxonomy":"product_tag","embeddable":true,"href":"https:\/\/theperfumebottles.com\/es\/wp-json\/wp\/v2\/product_tag?post=1698"}],"curies":[{"name":"wp","href":"https:\/\/api.w.org\/{rel}","templated":true}]}}