{"id":1824,"date":"2025-02-10T08:02:56","date_gmt":"2025-02-10T08:02:56","guid":{"rendered":"https:\/\/theperfumebottles.com\/?post_type=product&#038;p=1824"},"modified":"2025-05-29T11:51:05","modified_gmt":"2025-05-29T03:51:05","slug":"100ml-fragrance-bottles-wholesale","status":"publish","type":"product","link":"https:\/\/theperfumebottles.com\/es\/product\/100ml-fragrance-bottles-wholesale\/","title":{"rendered":"Frascos de perfume rectangulares de 3.4 oz al por mayor"},"content":{"rendered":"<p>Te presentamos un frasco de perfume de est\u00e9tica moderna: el PB-BF02, que combina a la perfecci\u00f3n la est\u00e9tica del dise\u00f1o industrial con el arte del perfume. Este frasco de colonia de 90-97 ml (3.4 onzas) adopta una singular forma rectangular curva, que evoca l\u00edneas arquitect\u00f3nicas en el mundo de los perfumes, con modernidad y elegancia a la vez. Al rozarlo con los dedos, la c\u00e1lida textura del vidrio y su elegante contorno curvo te brindar\u00e1n un doble placer sensorial, convirtiendo cada gota de fragancia en una obra de arte digna de coleccionar.<\/p>\n<figure id=\"attachment_1825\" aria-describedby=\"caption-attachment-1825\" style=\"width: 300px\" class=\"wp-caption aligncenter\"><img fetchpriority=\"high\" decoding=\"async\" class=\"size-medium wp-image-1825\" src=\"https:\/\/theperfumebottles.com\/wp-content\/uploads\/2025\/02\/fragrance-bottles-wholesale-300x300.jpg\" alt=\"Frascos de fragancia al por mayor\" width=\"300\" height=\"300\" srcset=\"https:\/\/theperfumebottles.com\/wp-content\/uploads\/2025\/02\/fragrance-bottles-wholesale-300x300.jpg 300w, https:\/\/theperfumebottles.com\/wp-content\/uploads\/2025\/02\/fragrance-bottles-wholesale-150x150.jpg 150w, https:\/\/theperfumebottles.com\/wp-content\/uploads\/2025\/02\/fragrance-bottles-wholesale-768x768.jpg 768w, https:\/\/theperfumebottles.com\/wp-content\/uploads\/2025\/02\/fragrance-bottles-wholesale-12x12.jpg 12w, https:\/\/theperfumebottles.com\/wp-content\/uploads\/2025\/02\/fragrance-bottles-wholesale-600x600.jpg 600w, https:\/\/theperfumebottles.com\/wp-content\/uploads\/2025\/02\/fragrance-bottles-wholesale-100x100.jpg 100w, https:\/\/theperfumebottles.com\/wp-content\/uploads\/2025\/02\/fragrance-bottles-wholesale.jpg 1000w\" sizes=\"(max-width: 300px) 100vw, 300px\" \/><figcaption id=\"caption-attachment-1825\" class=\"wp-caption-text\">Frascos de fragancia al por mayor<\/figcaption><\/figure>\n<h2>Especificaciones clave de las botellas de fragancia PB-BF02 al por mayor<\/h2>\n<table style=\"border-collapse: collapse;margin-left: auto;margin-right: auto;width: 327.77pt\" border=\"0\" width=\"437\" cellspacing=\"0\" cellpadding=\"0\">\n<tbody>\n<tr style=\"height: 18.00pt\">\n<td class=\"et2\" style=\"height: 18.00pt;width: 114.00pt\" width=\"152\" height=\"24\">N\u00famero de modelo<\/td>\n<td class=\"et2\" style=\"width: 213.75pt\" width=\"285\">PB-BF02<\/td>\n<\/tr>\n<tr style=\"height: 18.00pt\">\n<td class=\"et2\" style=\"height: 18.00pt;width: 114.00pt\" width=\"152\" height=\"24\">Capacidad<\/td>\n<td class=\"et2\" style=\"width: 213.75pt\" width=\"285\">100 ml (3,4 oz)<\/td>\n<\/tr>\n<tr style=\"height: 18.00pt\">\n<td class=\"et2\" style=\"height: 18.00pt;width: 114.00pt\" width=\"152\" height=\"24\">Calibre<\/td>\n<td class=\"et2\" style=\"width: 213.75pt\" width=\"285\">15 mil\u00edmetros<\/td>\n<\/tr>\n<tr style=\"height: 18.00pt\">\n<td class=\"et2\" style=\"height: 18.00pt;width: 114.00pt\" width=\"152\" height=\"24\">Dimensi\u00f3n del vidrio<\/td>\n<td class=\"et2\" style=\"width: 213.75pt\" width=\"285\">73 mm * 31 mm * 106 mm<\/td>\n<\/tr>\n<tr style=\"height: 18.00pt\">\n<td class=\"et2\" style=\"height: 18.00pt;width: 114.00pt\" width=\"152\" height=\"24\">Color<\/td>\n<td class=\"et2\" style=\"width: 213.75pt\" width=\"285\">Transparente con tapa negra<\/td>\n<\/tr>\n<tr style=\"height: 18.00pt\">\n<td class=\"et2\" style=\"height: 18.00pt;width: 114.00pt\" width=\"152\" height=\"24\">Material<\/td>\n<td class=\"et2\" style=\"width: 213.75pt\" width=\"285\">Cristal de alta calidad<\/td>\n<\/tr>\n<tr style=\"height: 18.00pt\">\n<td class=\"et2\" style=\"height: 18.00pt;width: 114.00pt\" width=\"152\" height=\"24\">Tipo de sellado<\/td>\n<td class=\"et2\" style=\"width: 213.75pt\" width=\"285\">Pulverizador de bomba + tapa<\/td>\n<\/tr>\n<\/tbody>\n<\/table>\n<h2>Adaptaci\u00f3n de escenas: una variedad de posibilidades desde la vida cotidiana hasta el lujo.<\/h2>\n<ul>\n<li><strong>Desplazamientos urbanos:<\/strong> La capacidad de 90 ml se adapta perfectamente a las necesidades de uso diario, ligera pero no exenta de sentido ritual.<\/li>\n<li><strong>Set de viaje:<\/strong> El tama\u00f1o de la botella cumple con los est\u00e1ndares de transporte de l\u00edquidos de aviaci\u00f3n y la tapa de rosca negra ha pasado la certificaci\u00f3n de seguridad de aviaci\u00f3n internacional.<\/li>\n<li><strong>Escenario empresarial:<\/strong> Los clientes mayoristas pueden elegir diferentes especificaciones para satisfacer las necesidades de todos los escenarios, desde tiendas de conveniencia hasta hoteles de cinco estrellas.<\/li>\n<\/ul>","protected":false},"excerpt":{"rendered":"<p>Presentamos nuestras botellas de fragancia de vidrio PB-BF02 para venta al por mayor, una botella de colonia de 3,4 oz dise\u00f1ada con una elegante forma de rect\u00e1ngulo arqueado que irradia minimalismo moderno.<\/p>","protected":false},"featured_media":2330,"comment_status":"open","ping_status":"closed","template":"","meta":{"_acf_changed":false,"site-sidebar-layout":"default","site-content-layout":"","ast-site-content-layout":"default","site-content-style":"default","site-sidebar-style":"default","ast-global-header-display":"","ast-banner-title-visibility":"","ast-main-header-display":"","ast-hfb-above-header-display":"","ast-hfb-below-header-display":"","ast-hfb-mobile-header-display":"","site-post-title":"","ast-breadcrumbs-content":"","ast-featured-img":"","footer-sml-layout":"","ast-disable-related-posts":"","theme-transparent-header-meta":"default","adv-header-id-meta":"","stick-header-meta":"","header-above-stick-meta":"","header-main-stick-meta":"","header-below-stick-meta":"","astra-migrate-meta-layouts":"set","ast-page-background-enabled":"default","ast-page-background-meta":{"desktop":{"background-color":"var(--ast-global-color-5)","background-image":"","background-repeat":"repeat","background-position":"center center","background-size":"auto","background-attachment":"scroll","background-type":"","background-media":"","overlay-type":"","overlay-color":"","overlay-opacity":"","overlay-gradient":""},"tablet":{"background-color":"","background-image":"","background-repeat":"repeat","background-position":"center center","background-size":"auto","background-attachment":"scroll","background-type":"","background-media":"","overlay-type":"","overlay-color":"","overlay-opacity":"","overlay-gradient":""},"mobile":{"background-color":"","background-image":"","background-repeat":"repeat","background-position":"center center","background-size":"auto","background-attachment":"scroll","background-type":"","background-media":"","overlay-type":"","overlay-color":"","overlay-opacity":"","overlay-gradient":""}},"ast-content-background-meta":{"desktop":{"background-color":"var(--ast-global-color-4)","background-image":"","background-repeat":"repeat","background-position":"center center","background-size":"auto","background-attachment":"scroll","background-type":"","background-media":"","overlay-type":"","overlay-color":"","overlay-opacity":"","overlay-gradient":""},"tablet":{"background-color":"var(--ast-global-color-4)","background-image":"","background-repeat":"repeat","background-position":"center center","background-size":"auto","background-attachment":"scroll","background-type":"","background-media":"","overlay-type":"","overlay-color":"","overlay-opacity":"","overlay-gradient":""},"mobile":{"background-color":"var(--ast-global-color-4)","background-image":"","background-repeat":"repeat","background-position":"center center","background-size":"auto","background-attachment":"scroll","background-type":"","background-media":"","overlay-type":"","overlay-color":"","overlay-opacity":"","overlay-gradient":""}}},"product_brand":[],"product_cat":[41,72],"product_tag":[84],"class_list":{"0":"post-1824","1":"product","2":"type-product","3":"status-publish","4":"has-post-thumbnail","6":"product_cat-perfume-bottles","7":"product_cat-cosmetic-packaging","8":"product_tag-fragrance-bottles","9":"desktop-align-left","10":"tablet-align-left","11":"mobile-align-left","13":"first","14":"instock","15":"shipping-taxable","16":"product-type-simple"},"acf":[],"jetpack_sharing_enabled":true,"_links":{"self":[{"href":"https:\/\/theperfumebottles.com\/es\/wp-json\/wp\/v2\/product\/1824","targetHints":{"allow":["GET"]}}],"collection":[{"href":"https:\/\/theperfumebottles.com\/es\/wp-json\/wp\/v2\/product"}],"about":[{"href":"https:\/\/theperfumebottles.com\/es\/wp-json\/wp\/v2\/types\/product"}],"replies":[{"embeddable":true,"href":"https:\/\/theperfumebottles.com\/es\/wp-json\/wp\/v2\/comments?post=1824"}],"wp:featuredmedia":[{"embeddable":true,"href":"https:\/\/theperfumebottles.com\/es\/wp-json\/wp\/v2\/media\/2330"}],"wp:attachment":[{"href":"https:\/\/theperfumebottles.com\/es\/wp-json\/wp\/v2\/media?parent=1824"}],"wp:term":[{"taxonomy":"product_brand","embeddable":true,"href":"https:\/\/theperfumebottles.com\/es\/wp-json\/wp\/v2\/product_brand?post=1824"},{"taxonomy":"product_cat","embeddable":true,"href":"https:\/\/theperfumebottles.com\/es\/wp-json\/wp\/v2\/product_cat?post=1824"},{"taxonomy":"product_tag","embeddable":true,"href":"https:\/\/theperfumebottles.com\/es\/wp-json\/wp\/v2\/product_tag?post=1824"}],"curies":[{"name":"wp","href":"https:\/\/api.w.org\/{rel}","templated":true}]}}