{"id":1842,"date":"2025-02-13T08:27:09","date_gmt":"2025-02-13T08:27:09","guid":{"rendered":"https:\/\/theperfumebottles.com\/?post_type=product&#038;p=1842"},"modified":"2025-05-29T15:36:33","modified_gmt":"2025-05-29T07:36:33","slug":"wholesale-30ml-glass-lotion-bottles","status":"publish","type":"product","link":"https:\/\/theperfumebottles.com\/es\/product\/wholesale-30ml-glass-lotion-bottles\/","title":{"rendered":"Botellas de loci\u00f3n de vidrio de 30 ml al por mayor"},"content":{"rendered":"<p>Los frascos de loci\u00f3n PB-RY30 (30 ml) combinan una est\u00e9tica moderna con un dise\u00f1o pr\u00e1ctico gracias a sus elegantes curvas y acabado esmerilado. El frasco cuadrado tiene l\u00edneas impecables y el cabezal negro del dosificador es como una paleta silenciosa, que dispensa el l\u00edquido con precisi\u00f3n con una ligera presi\u00f3n, eliminando as\u00ed las molestias del goteo. Ya sea que contenga loci\u00f3n hidratante o esencia concentrada, protege cada gota de ingredientes activos gracias a su dise\u00f1o de sellado perfecto. Para las marcas que buscan la calidad, es un envase elegante para crear una l\u00ednea minimalista de cuidado de la piel; para los mayoristas, es la opci\u00f3n ideal para equilibrar precio y textura. Al destapar el frasco, la refrescante fragancia se acompa\u00f1a del sonido del dosificador, convirtiendo el cuidado de la piel en un delicado autocuidado.<\/p>\n<h2>Especificaciones clave de estas botellas de loci\u00f3n de vidrio<\/h2>\n<table style=\"border-collapse: collapse;margin-left: auto;margin-right: auto;width: 330.02pt\" border=\"0\" width=\"440\" cellspacing=\"0\" cellpadding=\"0\">\n<tbody>\n<tr style=\"height: 13.50pt\">\n<td style=\"height: 13.50pt;width: 111.00pt\" width=\"148\" height=\"18\">N\u00famero de modelo<\/td>\n<td style=\"width: 219.00pt\" width=\"292\">PB-RY30<\/td>\n<\/tr>\n<tr style=\"height: 13.50pt\">\n<td style=\"height: 13.50pt\" height=\"18\">Tipo de sellado<\/td>\n<td>Pulverizador de bomba<\/td>\n<\/tr>\n<tr style=\"height: 13.50pt\">\n<td style=\"height: 13.50pt\" height=\"18\">Material<\/td>\n<td>Vidrio y PET<\/td>\n<\/tr>\n<tr style=\"height: 13.50pt\">\n<td style=\"height: 13.50pt\" height=\"18\">Uso<\/td>\n<td>Embalaje cosm\u00e9tico<\/td>\n<\/tr>\n<tr style=\"height: 13.50pt\">\n<td style=\"height: 13.50pt\" height=\"18\">Color<\/td>\n<td>Vidrio transparente con tapa negra\/blanca.<\/td>\n<\/tr>\n<tr style=\"height: 13.50pt\">\n<td style=\"height: 13.50pt\" height=\"18\">Forma<\/td>\n<td>Cuadrado<\/td>\n<\/tr>\n<tr style=\"height: 13.50pt\">\n<td style=\"height: 13.50pt\" height=\"18\">Capacidad<\/td>\n<td>30 ml<\/td>\n<\/tr>\n<tr style=\"height: 13.50pt\">\n<td style=\"height: 13.50pt\" height=\"18\">T\u00e9rminos de pago<\/td>\n<td>30% Dep\u00f3sito T\/T<\/td>\n<\/tr>\n<tr style=\"height: 13.50pt\">\n<td style=\"height: 13.50pt\" height=\"18\">Embalaje<\/td>\n<td>palletes de madera y cajas<\/td>\n<\/tr>\n<\/tbody>\n<\/table>\n<h2>Ideal para Diversos Cosm\u00e9ticos<\/h2>\n<p>Esta botella de pompa de 30ml es tu compa\u00f1ero \u00edntimo para cosm\u00e9ticos \u2013 la botella transparente es adecuada para una variedad de f\u00f3rmulas como lociones, extractos, aceites esenciales, etc. La forma cuadrada y la cabeza de la pompa suave permiten la dispensaci\u00f3n precisa de l\u00edquido cada vez que presionas. El tama\u00f1o peque\u00f1o es adecuado para viajes y tambi\u00e9n puede contener pruebas de nuevos productos, permitiendo a los clientes experimentar f\u00e1cilmente el encanto de tus productos.<\/p>\n<h2>Colabora con Nosotros para tus Necesidades de Embalaje de Cosm\u00e9ticos<\/h2>\n<p>Como socio enfocado en el embalaje, proporcionamos una gama completa de soluciones desde botellas de pompa de vidrio hasta botellas de spray. Ya sea que necesites comprar en gran cantidad o personalizar, el equipo profesional se te matchear\u00e1 con la soluci\u00f3n de embalaje m\u00e1s adecuada. Cont\u00e1ctanos ahora y deja que esta elegante botella peque\u00f1a inyecte soluciones pr\u00e1cticas y estilosas en tus productos!<\/p>","protected":false},"excerpt":{"rendered":"<p>Presentamos nuestras exclusivas botellas de loci\u00f3n de vidrio, una elegante y vers\u00e1til botella de pompa de 30ml dise\u00f1ada para satisfacer las diversas necesidades de la industria cosm\u00e9tica.<\/p>","protected":false},"featured_media":1845,"comment_status":"open","ping_status":"closed","template":"","meta":{"_acf_changed":false,"site-sidebar-layout":"default","site-content-layout":"","ast-site-content-layout":"default","site-content-style":"default","site-sidebar-style":"default","ast-global-header-display":"","ast-banner-title-visibility":"","ast-main-header-display":"","ast-hfb-above-header-display":"","ast-hfb-below-header-display":"","ast-hfb-mobile-header-display":"","site-post-title":"","ast-breadcrumbs-content":"","ast-featured-img":"","footer-sml-layout":"","ast-disable-related-posts":"","theme-transparent-header-meta":"default","adv-header-id-meta":"","stick-header-meta":"","header-above-stick-meta":"","header-main-stick-meta":"","header-below-stick-meta":"","astra-migrate-meta-layouts":"set","ast-page-background-enabled":"default","ast-page-background-meta":{"desktop":{"background-color":"var(--ast-global-color-5)","background-image":"","background-repeat":"repeat","background-position":"center center","background-size":"auto","background-attachment":"scroll","background-type":"","background-media":"","overlay-type":"","overlay-color":"","overlay-opacity":"","overlay-gradient":""},"tablet":{"background-color":"","background-image":"","background-repeat":"repeat","background-position":"center center","background-size":"auto","background-attachment":"scroll","background-type":"","background-media":"","overlay-type":"","overlay-color":"","overlay-opacity":"","overlay-gradient":""},"mobile":{"background-color":"","background-image":"","background-repeat":"repeat","background-position":"center center","background-size":"auto","background-attachment":"scroll","background-type":"","background-media":"","overlay-type":"","overlay-color":"","overlay-opacity":"","overlay-gradient":""}},"ast-content-background-meta":{"desktop":{"background-color":"var(--ast-global-color-4)","background-image":"","background-repeat":"repeat","background-position":"center center","background-size":"auto","background-attachment":"scroll","background-type":"","background-media":"","overlay-type":"","overlay-color":"","overlay-opacity":"","overlay-gradient":""},"tablet":{"background-color":"var(--ast-global-color-4)","background-image":"","background-repeat":"repeat","background-position":"center center","background-size":"auto","background-attachment":"scroll","background-type":"","background-media":"","overlay-type":"","overlay-color":"","overlay-opacity":"","overlay-gradient":""},"mobile":{"background-color":"var(--ast-global-color-4)","background-image":"","background-repeat":"repeat","background-position":"center center","background-size":"auto","background-attachment":"scroll","background-type":"","background-media":"","overlay-type":"","overlay-color":"","overlay-opacity":"","overlay-gradient":""}}},"product_brand":[],"product_cat":[62,72,71],"product_tag":[87,86],"class_list":{"0":"post-1842","1":"product","2":"type-product","3":"status-publish","4":"has-post-thumbnail","6":"product_cat-cosmetic-containers","7":"product_cat-cosmetic-packaging","8":"product_cat-glass-lotion-bottles","9":"product_tag-glass-bottles","10":"product_tag-lotion-bottles","11":"desktop-align-left","12":"tablet-align-left","13":"mobile-align-left","15":"first","16":"instock","17":"shipping-taxable","18":"product-type-simple"},"acf":[],"jetpack_sharing_enabled":true,"_links":{"self":[{"href":"https:\/\/theperfumebottles.com\/es\/wp-json\/wp\/v2\/product\/1842","targetHints":{"allow":["GET"]}}],"collection":[{"href":"https:\/\/theperfumebottles.com\/es\/wp-json\/wp\/v2\/product"}],"about":[{"href":"https:\/\/theperfumebottles.com\/es\/wp-json\/wp\/v2\/types\/product"}],"replies":[{"embeddable":true,"href":"https:\/\/theperfumebottles.com\/es\/wp-json\/wp\/v2\/comments?post=1842"}],"wp:featuredmedia":[{"embeddable":true,"href":"https:\/\/theperfumebottles.com\/es\/wp-json\/wp\/v2\/media\/1845"}],"wp:attachment":[{"href":"https:\/\/theperfumebottles.com\/es\/wp-json\/wp\/v2\/media?parent=1842"}],"wp:term":[{"taxonomy":"product_brand","embeddable":true,"href":"https:\/\/theperfumebottles.com\/es\/wp-json\/wp\/v2\/product_brand?post=1842"},{"taxonomy":"product_cat","embeddable":true,"href":"https:\/\/theperfumebottles.com\/es\/wp-json\/wp\/v2\/product_cat?post=1842"},{"taxonomy":"product_tag","embeddable":true,"href":"https:\/\/theperfumebottles.com\/es\/wp-json\/wp\/v2\/product_tag?post=1842"}],"curies":[{"name":"wp","href":"https:\/\/api.w.org\/{rel}","templated":true}]}}